{"id":25492,"date":"2025-10-25T00:19:34","date_gmt":"2025-10-24T16:19:34","guid":{"rendered":"https:\/\/www.vape4wholesale.com\/?post_type=product&#038;p=25492"},"modified":"2026-03-30T11:15:26","modified_gmt":"2026-03-30T03:15:26","slug":"vozol-rave-40000-puffs-jednorazovy-vape-velkoobchod","status":"publish","type":"product","link":"https:\/\/www.vape4wholesale.com\/cs\/product\/vozol-rave-40000-puffs-disposable-vape-wholesale","title":{"rendered":"Vozol Rave 40000 Puffs Jednor\u00e1zov\u00fd velkoobchodn\u00ed prodej Vape"},"content":{"rendered":"<p class=\"ds-markdown-paragraph\">Na str\u00e1nk\u00e1ch <a title=\"Vozol\" href=\"\/cs\/product_brand\/vozol\/\" target=\"_blank\" rel=\"noopener\"><strong>Vozol<\/strong><\/a> Rave 40000 Puffs Disposable Vape je za\u0159\u00edzen\u00ed navr\u017een\u00e9 tak, aby nov\u011b definovalo z\u00e1\u017eitek z vapov\u00e1n\u00ed. Je to prvn\u00ed jednor\u00e1zov\u00fd vape na sv\u011bt\u011b, kter\u00fd je vybaven p\u0159evratn\u00fdm 270\u00b0 senzorov\u00fdm displejem, kter\u00fd poskytuje jasn\u00fd p\u0159ehled o stavu baterie a e-liquidu z jak\u00e9hokoli \u00fahlu. Je poh\u00e1n\u011bn pokro\u010dil\u00fdmi \u010dipy Dual MCU a spir\u00e1lkami Dual Mesh, kter\u00e9 zaru\u010duj\u00ed bohatou chu\u0165 a hustou produkci p\u00e1ry. D\u00edky masivn\u00ed p\u0159edpln\u011bn\u00e9 n\u00e1plni o objemu 35 ml e-liquidu a dob\u00edjec\u00ed baterii s dlouhou \u017eivotnost\u00ed 1000 mAh je zkonstruov\u00e1n tak, aby vydr\u017eel neuv\u011b\u0159iteln\u00fdch a\u017e 40 000 potah\u016f, \u010d\u00edm\u017e nastavuje nov\u00fd standard v\u00fdkonu a \u017eivotnosti.<\/p>\n<p class=\"ds-markdown-paragraph\">Vozol Rave 40000 je vybaven inovativn\u00edmi funkcemi, kter\u00e9 v\u00e1m umo\u017en\u00ed m\u00edt v\u0161e pod kontrolou. P\u0159ep\u00ednejte mezi dv\u011bma re\u017eimy v\u00fdkonu - zvolte re\u017eim Regular pro pln\u00fdch 40 000 potah\u016f nebo re\u017eim Surge pro intenzivn\u011bj\u0161\u00ed z\u00e1\u017eitek z 25 000 potah\u016f. Pozvedn\u011bte jakoukoli p\u0159\u00edle\u017eitost pomoc\u00ed re\u017eimu Beat-Synced Party Mode, kdy LED sv\u011btla tan\u010d\u00ed v rytmu va\u0161\u00ed hudby. Animace Eclipse Vaping na displeji vytv\u00e1\u0159\u00ed podmaniv\u00fd vizu\u00e1ln\u00ed efekt p\u0159i ka\u017ed\u00e9m pou\u017eit\u00ed. D\u00edky pokro\u010dil\u00e9 technologii S.I.L.C m\u00e1te jistotu plynul\u00e9ho a konzistentn\u00edho potahu, zat\u00edmco d\u00edky mo\u017enosti superrychl\u00e9ho nab\u00edjen\u00ed se 80% nabije za pouh\u00fdch 20 minut, \u010d\u00edm\u017e se minimalizuj\u00ed prostoje.<\/p>\n<h2 class=\"ds-markdown-paragraph\"><strong>Vozol Rave 40000 Kl\u00ed\u010dov\u00e9 funkce a inovace<\/strong><\/h2>\n<ul>\n<li>\n<p class=\"ds-markdown-paragraph\">Prvn\u00ed displej s \u00fahlem sn\u00edm\u00e1n\u00ed 270\u00b0 na sv\u011bt\u011b: \u00da\u017easn\u00fd LED displej, kter\u00fd intuitivn\u011b zobrazuje stav baterie a e-liquidu z jak\u00e9hokoli \u00fahlu. U\u017e \u017e\u00e1dn\u00e9 h\u00e1d\u00e1n\u00ed - v\u017edy zn\u00e1te sv\u016fj stav.<\/p>\n<\/li>\n<li>\n<p class=\"ds-markdown-paragraph\">Dva inteligentn\u00ed re\u017eimy nap\u00e1jen\u00ed: P\u0159izp\u016fsobte si intenzitu vapov\u00e1n\u00ed.<\/p>\n<ul>\n<li>\n<p class=\"ds-markdown-paragraph\">B\u011b\u017en\u00fd re\u017eim: Pro konzistentn\u00ed a dlouhotrvaj\u00edc\u00ed z\u00e1\u017eitek s pln\u00fdm po\u010dtem 40 000 potah\u016f.<\/p>\n<\/li>\n<li>\n<p class=\"ds-markdown-paragraph\">Re\u017eim p\u0159ep\u011bt\u00ed: Pro intenzivn\u011bj\u0161\u00ed chu\u0165 a produkci p\u00e1ry nab\u00edz\u00ed a\u017e 25 000 potah\u016f.<\/p>\n<\/li>\n<\/ul>\n<\/li>\n<li>\n<p class=\"ds-markdown-paragraph\">P\u00e1rty re\u017eim s rytmickou synchronizac\u00ed: Nechte se ovl\u00e1dnout hudbou! Integrovan\u00e1 sv\u011btla LED se synchronizuj\u00ed s rytmem okol\u00ed a prom\u011bn\u00ed ka\u017ed\u00e9 sezen\u00ed v \u017eivou p\u00e1rty.<\/p>\n<\/li>\n<li>\n<p class=\"ds-markdown-paragraph\">80% Nab\u00edjen\u00ed za 20 minut: U\u017e nikdy nebudete dlouho \u010dekat na vapov\u00e1n\u00ed. Na\u0161e pokro\u010dil\u00e1 technologie rychl\u00e9ho nab\u00edjen\u00ed v\u00e1s dostane zp\u011bt na v\u00fdkon 80% za pouh\u00fdch 20 minut.<\/p>\n<\/li>\n<li>\n<p class=\"ds-markdown-paragraph\">Pokro\u010dil\u00e1 intern\u00ed technologie:<\/p>\n<ul>\n<li>\n<p class=\"ds-markdown-paragraph\">Dvojit\u00e1 s\u00ed\u0165ov\u00e1 c\u00edvka: Zaji\u0161\u0165uje bohat\u0161\u00ed chu\u0165 a hust\u0161\u00ed oblaky p\u00e1ry p\u0159i ka\u017ed\u00e9m pot\u00e1hnut\u00ed.<\/p>\n<\/li>\n<li>\n<p class=\"ds-markdown-paragraph\">Du\u00e1ln\u00ed \u010dip MCU: Poskytuje vynikaj\u00edc\u00ed v\u00fdpo\u010detn\u00ed v\u00fdkon pro bezprobl\u00e9mov\u00fd provoz v\u0161ech pokro\u010dil\u00fdch funkc\u00ed.<\/p>\n<\/li>\n<li>\n<p class=\"ds-markdown-paragraph\">S.I.L.C Tech: Zaru\u010duje hladk\u00fd, konzistentn\u00ed a nepropustn\u00fd vaping.<\/p>\n<\/li>\n<\/ul>\n<\/li>\n<li>\n<p class=\"ds-markdown-paragraph\">Animace Eclipse Vaping: Vychutnejte si poutav\u00e9 vizu\u00e1ln\u00ed zobrazen\u00ed na LED displeji p\u0159i ka\u017ed\u00e9m \u0161luknut\u00ed, d\u00edky kter\u00e9mu bude v\u00e1\u0161 vaping skute\u010dn\u011b filmov\u00fd.<\/p>\n<\/li>\n<\/ul>\n<h2><strong>Dostupn\u00e9 p\u0159\u00edchut\u011b<\/strong><\/h2>\n<p>1. Blue Razz Ice<br \/>\n2. Bor\u016fvkov\u00e1 zmrzlina<br \/>\n3. Bor\u016fvkov\u00fd meloun<br \/>\n4. Cherry Cola<br \/>\n5. T\u0159e\u0161\u0148ov\u00e1 jahoda<br \/>\n6. Chladiv\u00e1 m\u00e1ta<br \/>\n7. Dvojit\u00e9 jablko<br \/>\n8. Ban\u00e1n s dra\u010d\u00edm ovocem<br \/>\n9. Hroznov\u00fd led<br \/>\n10. Kiwi a mu\u010denka<br \/>\n11. L\u00e1ska 777<br \/>\n12. Mango Ice<br \/>\n13. Mango Peach<br \/>\n14. Broskvov\u00fd led<br \/>\n15. Broskvovo-malinov\u00e1 limon\u00e1da<br \/>\n16. Jahodov\u00e1 zmrzlina<br \/>\n17. Jahodov\u00e9 kiwi<br \/>\n18. Jahodov\u00e9 mango<br \/>\n19. Jahodov\u00fd meloun<br \/>\n20. Broskev s jahodami<br \/>\n21. Melounov\u00e1 \u017ev\u00fdka\u010dka<br \/>\n22. Melounov\u00fd led<br \/>\n23. Meloun Razz Rancher<\/p>\n<h2 class=\"ds-markdown-paragraph\"><strong>Podrobnosti o balen\u00ed<\/strong><\/h2>\n<p class=\"ds-markdown-paragraph\">Zobrazovac\u00ed box: 10 kus\u016f<br \/>\nHlavn\u00ed karton: 200 kus\u016f<br \/>\nHmotnost kartonu: 25,5 kg<br \/>\nRozm\u011bry kartonu: 560 x 265 x 365 mm<\/p>\n<figure id=\"attachment_25527\" aria-describedby=\"caption-attachment-25527\" style=\"width: 800px\" class=\"wp-caption alignnone\"><img loading=\"lazy\" decoding=\"async\" class=\"wp-image-25527 size-full\" title=\"Vozol Rave 40000 Puffs Vape na jedno pou\u017eit\u00ed Blue Razz Ice\" src=\"https:\/\/www.vape4wholesale.com\/wp-content\/uploads\/2025\/10\/Vozol-Rave-40000-Puffs-Disposable-Vape_Blue-Razz-Ice.webp\" alt=\"Vozol Rave 40000 Puffs Vape na jedno pou\u017eit\u00ed Blue Razz Ice\" width=\"800\" height=\"800\" srcset=\"https:\/\/www.vape4wholesale.com\/wp-content\/uploads\/2025\/10\/Vozol-Rave-40000-Puffs-Disposable-Vape_Blue-Razz-Ice.webp 800w, https:\/\/www.vape4wholesale.com\/wp-content\/uploads\/2025\/10\/Vozol-Rave-40000-Puffs-Disposable-Vape_Blue-Razz-Ice-247x247.webp 247w, https:\/\/www.vape4wholesale.com\/wp-content\/uploads\/2025\/10\/Vozol-Rave-40000-Puffs-Disposable-Vape_Blue-Razz-Ice-100x100.webp 100w, https:\/\/www.vape4wholesale.com\/wp-content\/uploads\/2025\/10\/Vozol-Rave-40000-Puffs-Disposable-Vape_Blue-Razz-Ice-510x510.webp 510w, https:\/\/www.vape4wholesale.com\/wp-content\/uploads\/2025\/10\/Vozol-Rave-40000-Puffs-Disposable-Vape_Blue-Razz-Ice-300x300.webp 300w, https:\/\/www.vape4wholesale.com\/wp-content\/uploads\/2025\/10\/Vozol-Rave-40000-Puffs-Disposable-Vape_Blue-Razz-Ice-150x150.webp 150w, https:\/\/www.vape4wholesale.com\/wp-content\/uploads\/2025\/10\/Vozol-Rave-40000-Puffs-Disposable-Vape_Blue-Razz-Ice-768x768.webp 768w, https:\/\/www.vape4wholesale.com\/wp-content\/uploads\/2025\/10\/Vozol-Rave-40000-Puffs-Disposable-Vape_Blue-Razz-Ice-12x12.webp 12w, https:\/\/www.vape4wholesale.com\/wp-content\/uploads\/2025\/10\/Vozol-Rave-40000-Puffs-Disposable-Vape_Blue-Razz-Ice-64x64.webp 64w\" sizes=\"auto, (max-width: 800px) 100vw, 800px\" \/><figcaption id=\"caption-attachment-25527\" class=\"wp-caption-text\">Vozol Rave 40000 Puffs Jednor\u00e1zov\u00fd velkoobchodn\u00ed prodej Vape<\/figcaption><\/figure>\n<h2>PRO\u010c MY?<\/h2>\r\n<ul>\r\n<li>Skute\u010dn\u00fd, d\u016fv\u011bryhodn\u00fd a profesion\u00e1ln\u00ed zdroj vape.<\/li>\r\n<li>100% Origin\u00e1ln\u00ed z\u00e1ruka: Odm\u00edt\u00e1me pad\u011blky.<\/li>\r\n<li>100% Z\u00e1ruka dod\u00e1n\u00ed: Pou\u017e\u00edv\u00e1me nejlep\u0161\u00ed zp\u016fsob dopravy, abychom zajistili, \u017ee objedn\u00e1vku 100% obdr\u017e\u00edte.<\/li>\r\n<li>Po odesl\u00e1n\u00ed v\u00e1m poskytneme sledovac\u00ed \u010d\u00edslo a p\u0159epravn\u00ed \u0161t\u00edtek a budeme pro v\u00e1s sledovat zbo\u017e\u00ed, dokud ho nepodep\u00ed\u0161ete.<\/li>\r\n<li>\u017d\u00e1dn\u00e9 celn\u00ed probl\u00e9my, \u017e\u00e1dn\u00e1 cla<\/li>\r\n<\/ul>","protected":false},"excerpt":{"rendered":"<p><b><span style=\"color: #00a859;\">Free shipping<\/span>\u00a0from Europe warehouse, 7-15 working days delivery time.<\/b><\/p>\r\n<div class=\"wsppc_div_block woocommerce_before_add_to_cart_form\">\r\n<p><strong>Clear customs before delivery &amp; 100% Delivery Guarantee<\/strong><\/p>\r\n<\/div>","protected":false},"featured_media":25530,"comment_status":"open","ping_status":"closed","template":"","meta":[],"pwb-brand":[1276],"product_cat":[938],"product_tag":[22,24,933,1016,1137],"class_list":{"0":"post-25492","1":"product","2":"type-product","3":"status-publish","4":"has-post-thumbnail","6":"pwb-brand-vozol","7":"product_cat-europe-warehouse","8":"product_tag-disposable","9":"product_tag-wholesale","10":"product_tag-35-0ml","11":"product_tag-40000-puffs","12":"product_tag-vozol","13":"product_shipping_class-eu-warehouse","15":"first","16":"instock","17":"featured","18":"shipping-taxable","19":"purchasable","20":"product-type-variable"},"aioseo_notices":[],"brands":[{"id":1276,"name":"Vozol","slug":"vozol"}],"_links":{"self":[{"href":"https:\/\/www.vape4wholesale.com\/cs\/wp-json\/wp\/v2\/product\/25492","targetHints":{"allow":["GET"]}}],"collection":[{"href":"https:\/\/www.vape4wholesale.com\/cs\/wp-json\/wp\/v2\/product"}],"about":[{"href":"https:\/\/www.vape4wholesale.com\/cs\/wp-json\/wp\/v2\/types\/product"}],"replies":[{"embeddable":true,"href":"https:\/\/www.vape4wholesale.com\/cs\/wp-json\/wp\/v2\/comments?post=25492"}],"wp:featuredmedia":[{"embeddable":true,"href":"https:\/\/www.vape4wholesale.com\/cs\/wp-json\/wp\/v2\/media\/25530"}],"wp:attachment":[{"href":"https:\/\/www.vape4wholesale.com\/cs\/wp-json\/wp\/v2\/media?parent=25492"}],"wp:term":[{"taxonomy":"pwb-brand","embeddable":true,"href":"https:\/\/www.vape4wholesale.com\/cs\/wp-json\/wp\/v2\/pwb-brand?post=25492"},{"taxonomy":"product_cat","embeddable":true,"href":"https:\/\/www.vape4wholesale.com\/cs\/wp-json\/wp\/v2\/product_cat?post=25492"},{"taxonomy":"product_tag","embeddable":true,"href":"https:\/\/www.vape4wholesale.com\/cs\/wp-json\/wp\/v2\/product_tag?post=25492"}],"curies":[{"name":"wp","href":"https:\/\/api.w.org\/{rel}","templated":true}]}}