{"id":25425,"date":"2025-10-24T01:05:24","date_gmt":"2025-10-23T17:05:24","guid":{"rendered":"https:\/\/www.vape4wholesale.com\/?post_type=product&#038;p=25425"},"modified":"2026-03-19T19:06:00","modified_gmt":"2026-03-19T11:06:00","slug":"vozol-star-40000-puffs-jednorazove-vape-velkoobchod","status":"publish","type":"product","link":"https:\/\/www.vape4wholesale.com\/cs\/product\/vozol-star-40000-puffs-disposable-vape-wholesale","title":{"rendered":"Vozol Star 40000 Puffs Jednor\u00e1zov\u00fd velkoobchodn\u00ed prodej Vape"},"content":{"rendered":"<p class=\"ds-markdown-paragraph\">Na str\u00e1nk\u00e1ch <a title=\"Vozol\" href=\"\/cs\/product_brand\/vozol\/\" target=\"_blank\" rel=\"noopener\"><strong>Vozol<\/strong><\/a> Jednor\u00e1zov\u00fd vape Star 40000 Puffs nastavuje nov\u00fd standard pro dlouhou \u017eivotnost a pohodl\u00ed ve sv\u011bt\u011b jednor\u00e1zov\u00fdch vap\u016f. Je navr\u017een tak, aby poskytoval nev\u00eddan\u00fd z\u00e1\u017eitek, a kombinuje obrovskou kapacitu 20 ml p\u0159edpln\u011bn\u00e9ho e-liquidu s robustn\u00ed integrovanou bateri\u00ed o kapacit\u011b 1000 mAh, kter\u00e1 v\u00e1m zajist\u00ed a\u017e neuv\u011b\u0159iteln\u00fdch 40 000 potah\u016f. Vyberte si svou dokonalou intenzitu s mo\u017enost\u00ed volby s\u00edly nikotinu 20 mg\/ml nebo 50 mg\/ml.<\/p>\n<p class=\"ds-markdown-paragraph\">P\u0159izp\u016fsoben\u00ed m\u00e1te na dosah ruky d\u00edky inovativn\u00edmu syst\u00e9mu dvou re\u017eim\u016f. P\u0159ep\u00ednejte mezi re\u017eimem \u201cRegular\u201d pro del\u0161\u00ed a plynulej\u0161\u00ed potahov\u00e1n\u00ed nebo aktivujte re\u017eim \u201cSurge\u201d pro v\u011bt\u0161\u00ed a siln\u011bj\u0161\u00ed mraky. Tato v\u0161estrannost v\u00e1m umo\u017en\u00ed p\u0159izp\u016fsobit vapov\u00e1n\u00ed va\u0161\u00ed n\u00e1lad\u011b a preferenc\u00edm, \u010d\u00edm\u017e z\u00edsk\u00e1te plnou kontrolu.<\/p>\n<p class=\"ds-markdown-paragraph\">Krom\u011b v\u00fdkonu se Vozol Star m\u016f\u017ee pochlubit propracovan\u00fdm a praktick\u00fdm designem. Jeho t\u011blo m\u00e1 jedine\u010dnou strukturu p\u0159ipom\u00ednaj\u00edc\u00ed k\u00e1men, kter\u00e1 zaji\u0161\u0165uje v\u00fdrazn\u00fd vzhled a bezpe\u010dn\u00e9 uchopen\u00ed. Pod\u00e9l za\u0159\u00edzen\u00ed se t\u00e1hne p\u0159ehledn\u00fd vertik\u00e1ln\u00ed displej, kter\u00fd v re\u00e1ln\u00e9m \u010dase zobrazuje \u00fadaje o stavu va\u0161eho e-liquidu a baterie. Pro maxim\u00e1ln\u00ed hygienu a ochranu je za\u0159\u00edzen\u00ed vybaveno speci\u00e1ln\u00edm prachot\u011bsn\u00fdm uz\u00e1v\u011brem, kter\u00fd udr\u017euje n\u00e1ustek v \u010distot\u011b, kdy\u017e se nepou\u017e\u00edv\u00e1.<\/p>\n<h2 class=\"ds-markdown-paragraph\"><strong>Vozol Star 40000 Puffs Jednor\u00e1zov\u00e9 vape Kl\u00ed\u010dov\u00e9 vlastnosti<\/strong><\/h2>\n<ol>\n<li class=\"ds-markdown-paragraph\">Masivn\u00ed po\u010det puf\u016f: Vychutnejte si prodlou\u017een\u00fd z\u00e1\u017eitek z vapov\u00e1n\u00ed s a\u017e 40 000 \u0161luky z jednoho za\u0159\u00edzen\u00ed.<\/li>\n<li class=\"ds-markdown-paragraph\">Vysok\u00e1 kapacita: P\u0159edem napln\u011bn\u00e1 35 ml e-liquidu a nap\u00e1jen\u00e1 spolehlivou bateri\u00ed o kapacit\u011b 1000 mAh.<\/li>\n<li class=\"ds-markdown-paragraph\">Dva re\u017eimy vapingu: P\u0159izp\u016fsobte si sv\u016fj z\u00e1sah d\u00edky dv\u011bma r\u016fzn\u00fdm re\u017eim\u016fm.\u00a0<strong>B\u011b\u017en\u00fd re\u017eim<\/strong>: Pro del\u0161\u00ed a hlad\u0161\u00ed vdechov\u00e1n\u00ed &amp; <strong>Re\u017eim p\u0159ep\u011bt\u00ed<\/strong>: Pro v\u011bt\u0161\u00ed a intenzivn\u011bj\u0161\u00ed mraky.<\/li>\n<li class=\"ds-markdown-paragraph\">Jedine\u010dn\u00fd design s kamennou strukturou: M\u00e1 v\u00fdrazn\u00e9 a stylov\u00e9 t\u011blo s texturou p\u0159ipom\u00ednaj\u00edc\u00ed k\u00e1men, co\u017e zaji\u0161\u0165uje prvot\u0159\u00eddn\u00ed vzhled a pocit.<\/li>\n<li class=\"ds-markdown-paragraph\">Vertik\u00e1ln\u00ed displej po cel\u00e9 d\u00e9lce: Na elegantn\u00edm vertik\u00e1ln\u011b orientovan\u00e9m displeji, kter\u00fd se t\u00e1hne pod\u00e9l cel\u00e9ho za\u0159\u00edzen\u00ed, jsou v re\u00e1ln\u00e9m \u010dase k dispozici jasn\u00e9 informace o stavu e-liquidu a kapacit\u011b baterie.<\/li>\n<li class=\"ds-markdown-paragraph\">Hygienick\u00fd prachot\u011bsn\u00fd uz\u00e1v\u011br: Dod\u00e1v\u00e1 se s jedine\u010dn\u00fdm ochrann\u00fdm uz\u00e1v\u011brem. Kdy\u017e n\u00e1ustek nepou\u017e\u00edv\u00e1te, jednodu\u0161e jej zakryjte, aby z\u016fstal \u010dist\u00fd a bez prachu a ne\u010distot.<\/li>\n<\/ol>\n<h2><strong>Rychl\u00e9 informace<\/strong><\/h2>\n<ul>\n<li class=\"ds-markdown-paragraph\"><strong>Pufy:<\/strong>\u00a0A\u017e 40000<\/li>\n<li class=\"ds-markdown-paragraph\"><strong>Kapacita e-liquidu:<\/strong> 35 ml (p\u0159edpln\u011bn\u00e9)<\/li>\n<li class=\"ds-markdown-paragraph\"><strong>Baterie:<\/strong>\u00a01000mAh dob\u00edjec\u00ed<\/li>\n<li class=\"ds-markdown-paragraph\"><strong>S\u00edla nikotinu:<\/strong>\u00a020 mg\/ml nebo 50 mg\/ml<\/li>\n<li class=\"ds-markdown-paragraph\"><strong>Re\u017eimy:<\/strong>\u00a0Du\u00e1ln\u00ed re\u017eim (b\u011b\u017en\u00fd a p\u0159ep\u011b\u0165ov\u00fd)<\/li>\n<li class=\"ds-markdown-paragraph\"><strong>Design:<\/strong>\u00a0Jedine\u010dn\u00e9 t\u011blo s kamennou strukturou<\/li>\n<li class=\"ds-markdown-paragraph\"><strong>Zobrazen\u00ed:<\/strong>\u00a0Vertik\u00e1ln\u00ed obrazovka pro nap\u00e1jen\u00ed e-liquidu a baterie<\/li>\n<li class=\"ds-markdown-paragraph\"><strong>Funkce:<\/strong>\u00a0Hygienick\u00fd n\u00e1ustek s prachot\u011bsn\u00fdm uz\u00e1v\u011brem<\/li>\n<\/ul>\n<h2 class=\"ds-markdown-paragraph\"><strong>Vozol Star 40000 <\/strong><strong>Dostupn\u00e9 p\u0159\u00edchut\u011b<\/strong><\/h2>\n<p>1. Blue Razz Ice<br \/>\n2. Bor\u016fvkov\u00e1 zmrzlina<br \/>\n3. Bor\u016fvkov\u00e1 m\u00e1ta<br \/>\n4. Bor\u016fvkov\u00fd meloun<br \/>\n5. Cherimoya Grapefruitov\u00e9 bobule<br \/>\n6. Cherry Cola<br \/>\n7. Hroznov\u00fd led<br \/>\n8. Mango Ice<br \/>\n9. Mango Peach<br \/>\n10. Melounov\u00e1 \u017ev\u00fdka\u010dka<br \/>\n11. Melounov\u00fd led<br \/>\n12. Broskvov\u00fd led<br \/>\n13. Kysel\u00fd jable\u010dn\u00fd led<br \/>\n14. Jahodov\u00e1 zmrzlina<br \/>\n15. Jahodov\u00e9 kiwi<br \/>\n16. Jahodov\u00fd meloun<br \/>\n17. Broskev s jahodami<br \/>\n18. Vzbull<br \/>\n19. Melounov\u00e1 \u017ev\u00fdka\u010dka<br \/>\n20. Meloun Hroznov\u00e9 v\u00edno Boysenberry<br \/>\n21. Melounov\u00fd led<br \/>\n22. Vodn\u00ed meloun s kyselou broskv\u00ed<br \/>\n23. B\u00edl\u00e1 broskev malina<\/p>\n<h2><strong>Podrobnosti o balen\u00ed<\/strong><\/h2>\n<p>1 ks\/jedna mal\u00e1 krabi\u010dka<br \/>\n10 kus\u016f \/ zobrazovac\u00ed box<br \/>\n200 ks\/karton<\/p>\n<figure id=\"attachment_25462\" aria-describedby=\"caption-attachment-25462\" style=\"width: 800px\" class=\"wp-caption alignnone\"><img loading=\"lazy\" decoding=\"async\" class=\"size-full wp-image-25462\" title=\"Vozol Star 40000 Jednor\u00e1zov\u00fd velkoobchodn\u00ed vape Peach Ice\" src=\"https:\/\/www.vape4wholesale.com\/wp-content\/uploads\/2025\/10\/Vozol-Star-40000-Disposable-Vape-Wholesale_Peach-Ice.webp\" alt=\"Vozol Star 40000 Jednor\u00e1zov\u00fd velkoobchodn\u00ed vape Peach Ice\" width=\"800\" height=\"800\" srcset=\"https:\/\/www.vape4wholesale.com\/wp-content\/uploads\/2025\/10\/Vozol-Star-40000-Disposable-Vape-Wholesale_Peach-Ice.webp 800w, https:\/\/www.vape4wholesale.com\/wp-content\/uploads\/2025\/10\/Vozol-Star-40000-Disposable-Vape-Wholesale_Peach-Ice-247x247.webp 247w, https:\/\/www.vape4wholesale.com\/wp-content\/uploads\/2025\/10\/Vozol-Star-40000-Disposable-Vape-Wholesale_Peach-Ice-100x100.webp 100w, https:\/\/www.vape4wholesale.com\/wp-content\/uploads\/2025\/10\/Vozol-Star-40000-Disposable-Vape-Wholesale_Peach-Ice-510x510.webp 510w, https:\/\/www.vape4wholesale.com\/wp-content\/uploads\/2025\/10\/Vozol-Star-40000-Disposable-Vape-Wholesale_Peach-Ice-300x300.webp 300w, https:\/\/www.vape4wholesale.com\/wp-content\/uploads\/2025\/10\/Vozol-Star-40000-Disposable-Vape-Wholesale_Peach-Ice-150x150.webp 150w, https:\/\/www.vape4wholesale.com\/wp-content\/uploads\/2025\/10\/Vozol-Star-40000-Disposable-Vape-Wholesale_Peach-Ice-768x768.webp 768w, https:\/\/www.vape4wholesale.com\/wp-content\/uploads\/2025\/10\/Vozol-Star-40000-Disposable-Vape-Wholesale_Peach-Ice-12x12.webp 12w, https:\/\/www.vape4wholesale.com\/wp-content\/uploads\/2025\/10\/Vozol-Star-40000-Disposable-Vape-Wholesale_Peach-Ice-64x64.webp 64w\" sizes=\"auto, (max-width: 800px) 100vw, 800px\" \/><figcaption id=\"caption-attachment-25462\" class=\"wp-caption-text\">Vozol Star 40000 Jednor\u00e1zov\u00fd velkoobchodn\u00ed prodej Vape<\/figcaption><\/figure>\n<h2>PRO\u010c MY?<\/h2>\r\n<ul>\r\n<li>Skute\u010dn\u00fd, d\u016fv\u011bryhodn\u00fd a profesion\u00e1ln\u00ed zdroj vape.<\/li>\r\n<li>100% Origin\u00e1ln\u00ed z\u00e1ruka: Odm\u00edt\u00e1me pad\u011blky.<\/li>\r\n<li>100% Z\u00e1ruka dod\u00e1n\u00ed: Pou\u017e\u00edv\u00e1me nejlep\u0161\u00ed zp\u016fsob dopravy, abychom zajistili, \u017ee objedn\u00e1vku 100% obdr\u017e\u00edte.<\/li>\r\n<li>Po odesl\u00e1n\u00ed v\u00e1m poskytneme sledovac\u00ed \u010d\u00edslo a p\u0159epravn\u00ed \u0161t\u00edtek a budeme pro v\u00e1s sledovat zbo\u017e\u00ed, dokud ho nepodep\u00ed\u0161ete.<\/li>\r\n<li>\u017d\u00e1dn\u00e9 celn\u00ed probl\u00e9my, \u017e\u00e1dn\u00e1 cla<\/li>\r\n<\/ul>","protected":false},"excerpt":{"rendered":"<p><b><span style=\"color: #00a859;\">Free shipping<\/span>\u00a0from Europe warehouse, 7-15 working days delivery time.<\/b><\/p>\r\n<div class=\"wsppc_div_block woocommerce_before_add_to_cart_form\">\r\n<p><strong>Clear customs before delivery &amp; 100% Delivery Guarantee<\/strong><\/p>\r\n<\/div>","protected":false},"featured_media":25465,"comment_status":"open","ping_status":"closed","template":"","meta":[],"pwb-brand":[1276],"product_cat":[938],"product_tag":[22,24,933,1016,1137],"class_list":{"0":"post-25425","1":"product","2":"type-product","3":"status-publish","4":"has-post-thumbnail","6":"pwb-brand-vozol","7":"product_cat-europe-warehouse","8":"product_tag-disposable","9":"product_tag-wholesale","10":"product_tag-35-0ml","11":"product_tag-40000-puffs","12":"product_tag-vozol","13":"product_shipping_class-eu-warehouse","15":"first","16":"instock","17":"featured","18":"shipping-taxable","19":"purchasable","20":"product-type-variable"},"aioseo_notices":[],"brands":[{"id":1276,"name":"Vozol","slug":"vozol"}],"_links":{"self":[{"href":"https:\/\/www.vape4wholesale.com\/cs\/wp-json\/wp\/v2\/product\/25425","targetHints":{"allow":["GET"]}}],"collection":[{"href":"https:\/\/www.vape4wholesale.com\/cs\/wp-json\/wp\/v2\/product"}],"about":[{"href":"https:\/\/www.vape4wholesale.com\/cs\/wp-json\/wp\/v2\/types\/product"}],"replies":[{"embeddable":true,"href":"https:\/\/www.vape4wholesale.com\/cs\/wp-json\/wp\/v2\/comments?post=25425"}],"wp:featuredmedia":[{"embeddable":true,"href":"https:\/\/www.vape4wholesale.com\/cs\/wp-json\/wp\/v2\/media\/25465"}],"wp:attachment":[{"href":"https:\/\/www.vape4wholesale.com\/cs\/wp-json\/wp\/v2\/media?parent=25425"}],"wp:term":[{"taxonomy":"pwb-brand","embeddable":true,"href":"https:\/\/www.vape4wholesale.com\/cs\/wp-json\/wp\/v2\/pwb-brand?post=25425"},{"taxonomy":"product_cat","embeddable":true,"href":"https:\/\/www.vape4wholesale.com\/cs\/wp-json\/wp\/v2\/product_cat?post=25425"},{"taxonomy":"product_tag","embeddable":true,"href":"https:\/\/www.vape4wholesale.com\/cs\/wp-json\/wp\/v2\/product_tag?post=25425"}],"curies":[{"name":"wp","href":"https:\/\/api.w.org\/{rel}","templated":true}]}}