{"id":25392,"date":"2025-10-23T12:09:24","date_gmt":"2025-10-23T04:09:24","guid":{"rendered":"https:\/\/www.vape4wholesale.com\/?post_type=product&#038;p=25392"},"modified":"2026-03-15T22:37:40","modified_gmt":"2026-03-15T14:37:40","slug":"uwin-randm-tornado-beat-35k-jednorazove-vape","status":"publish","type":"product","link":"https:\/\/www.vape4wholesale.com\/cs\/product\/uwin-randm-tornado-beat-35k-disposable-vape","title":{"rendered":"Uwin RandM Tornado Beat 35K Vape na jedno pou\u017eit\u00ed"},"content":{"rendered":"<p class=\"ds-markdown-paragraph\">Na str\u00e1nk\u00e1ch <a title=\"UWIN\" href=\"https:\/\/www.vape4wholesale.com\/cs\/product_brand\/uwin\/\" target=\"_blank\" rel=\"noopener\"><strong>Uwin<\/strong><\/a> Jednor\u00e1zov\u00fd vape RandM Tornado Beat 35K posune v\u00e1\u0161 z\u00e1\u017eitek z vapingu na vy\u0161\u0161\u00ed \u00farove\u0148 d\u00edky plynul\u00e9 synchronizaci z\u00e1\u0159iv\u00fdch sv\u011btel RGB do rytmu va\u0161\u00ed hudby. D\u00edky chytr\u00e9mu senzoru ve spodn\u00ed \u010d\u00e1sti se prom\u011bn\u00ed v dynamickou sv\u011btelnou show, co\u017e z n\u011bj d\u011bl\u00e1 dokonal\u00fd dopln\u011bk na ve\u010d\u00edrky, do klub\u016f a na jak\u00e1koli no\u010dn\u00ed setk\u00e1n\u00ed, kde chcete vytvo\u0159it nezapomenutelnou atmosf\u00e9ru.<\/p>\n<p class=\"ds-markdown-paragraph\">Krom\u011b jedine\u010dn\u00e9 sv\u011bteln\u00e9 funkce je Tornado Beat 35K navr\u017een pro v\u00fdjime\u010dn\u00fd v\u00fdkon a dlouhou \u017eivotnost. Poskytuje masivn\u00ed v\u00fddr\u017e 35 000 potah\u016f, kterou zaji\u0161\u0165uje spolehliv\u00e1 850mAh dob\u00edjec\u00ed baterie s praktick\u00fdm portem typu C. Pokro\u010dil\u00e1 mesh spir\u00e1lka v\u00e1m zajist\u00ed bohatou chu\u0165 a hust\u00e9 mraky p\u00e1ry p\u0159i ka\u017ed\u00e9m pou\u017eit\u00ed. Vyberte si z 16 lahodn\u00fdch p\u0159\u00edchut\u00ed a p\u0159izp\u016fsobte si p\u0159\u00edjem nikotinu d\u00edky mo\u017enostem 0%, 2%, 3% nebo 5%, kter\u00e9 dokonale vyhovuj\u00ed va\u0161im preferenc\u00edm.<\/p>\n<h2><strong>Uwin RandM Tornado Beat 35K Kl\u00ed\u010dov\u00e9 vlastnosti<\/strong><\/h2>\n<ul>\n<li>\n<p class=\"ds-markdown-paragraph\"><strong>\ud83c\udfb5 Osv\u011btlen\u00ed Beat-Sync RGB:<\/strong>\u00a0Vestav\u011bn\u00fd spodn\u00ed sn\u00edma\u010d detekuje hudbu a nech\u00e1 z\u00e1\u0159iv\u00e1 sv\u011btla RGB blikat do rytmu, \u010d\u00edm\u017e prom\u011bn\u00ed v\u00e1\u0161 vape v dynamickou sv\u011btelnou show.<\/p>\n<\/li>\n<li>\n<p class=\"ds-markdown-paragraph\"><strong>\ud83d\ude80 Po\u010det masivn\u00edch puf\u016f:<\/strong>\u00a0Vychutnejte si del\u0161\u00ed vapingov\u00fd z\u00e1\u017eitek s neuv\u011b\u0159iteln\u00fdmi 35 000 potahy na jedno za\u0159\u00edzen\u00ed.<\/p>\n<\/li>\n<li>\n<p class=\"ds-markdown-paragraph\"><strong>\ud83c\udfb6 Ide\u00e1ln\u00ed pro no\u010dn\u00ed \u017eivot:<\/strong>\u00a0Jsou speci\u00e1ln\u011b navr\u017eeny tak, aby umocnily z\u00e1\u017eitek z va\u0161\u00ed p\u00e1rty. Ide\u00e1ln\u00ed pro ve\u010dery v barech, klubech nebo setk\u00e1n\u00ed s p\u0159\u00e1teli.<\/p>\n<\/li>\n<li>\n<p class=\"ds-markdown-paragraph\"><strong>\ud83d\udd0b Dob\u00edjec\u00ed a dlouhotrvaj\u00edc\u00ed:<\/strong>\u00a0Je vybaven bateri\u00ed s kapacitou 850 mAh a praktick\u00fdm portem typu C pro rychl\u00e9 dob\u00edjen\u00ed, tak\u017ee va\u0161e za\u0159\u00edzen\u00ed vydr\u017e\u00ed i ty nejdel\u0161\u00ed noci.<\/p>\n<\/li>\n<li>\n<p class=\"ds-markdown-paragraph\"><strong>\ud83c\udf6c 12 lahodn\u00fdch chut\u00ed:<\/strong>\u00a0\u0160irok\u00e9 spektrum chut\u00ed, z nich\u017e si vybere ka\u017ed\u00fd.<\/p>\n<\/li>\n<li>\n<p class=\"ds-markdown-paragraph\"><strong>\u2601\ufe0f Superior Mesh Coil:<\/strong>\u00a0Pokro\u010dil\u00e1 technologie mesh spir\u00e1lek p\u0159in\u00e1\u0161\u00ed bohat\u0161\u00ed chu\u0165 a hust\u0161\u00ed mraky p\u00e1ry p\u0159i ka\u017ed\u00e9m potahu.<\/p>\n<\/li>\n<li>\n<p class=\"ds-markdown-paragraph\"><strong>\ud83e\udded V\u00edce mo\u017enost\u00ed nikotinu:<\/strong>\u00a0K dispozici jsou varianty s nikotinem 0%, 2%, 3% a 5% podle va\u0161ich preferenc\u00ed.<\/p>\n<\/li>\n<\/ul>\n<h2><strong>Rychl\u00e9 specifikace produktu<\/strong><\/h2>\n<ol>\n<li class=\"ds-markdown-paragraph\">Pufy: P\u0159ibli\u017en\u011b 35 000<\/li>\n<li class=\"ds-markdown-paragraph\">Baterie: 850mAh kobaltov\u00e1 dob\u00edjec\u00ed baterie<\/li>\n<li class=\"ds-markdown-paragraph\">Nab\u00edjec\u00ed port: Type-C<\/li>\n<li class=\"ds-markdown-paragraph\">C\u00edvka: C\u00edvka ze s\u00ed\u0165oviny<\/li>\n<li class=\"ds-markdown-paragraph\">S\u00edla nikotinu: 0%, 2%, 3%, 5%<\/li>\n<li class=\"ds-markdown-paragraph\">Dostupn\u00e9 p\u0159\u00edchut\u011b: 12<\/li>\n<li class=\"ds-markdown-paragraph\">Osv\u011btlen\u00ed: RGB sv\u011btla s hudebn\u00edm senzorem<\/li>\n<\/ol>\n<h2><strong>Uwin RandM Tornado Beat 35K dostupn\u00fdch p\u0159\u00edchut\u00ed<\/strong><\/h2>\n<p>1.Blueberry Raspberry<br \/>\n2.Strawberry Watermelon<br \/>\n3.Blueberry On Ice<br \/>\n4.Watermelon Ice<br \/>\n5.Summer Peach Ice<br \/>\n6.Cherry Ice<br \/>\n7.Strawberry Raspberry Cherry Ice<br \/>\n8.Kiwi Passion Fruit Guava<br \/>\n9.Jahodov\u00fd led<br \/>\n10.Cherry Cola<br \/>\n11.Sm\u00ed\u0161en\u00e9 bobule<br \/>\n12.Pan Modr\u00fd<\/p>\n<h2 class=\"ds-markdown-paragraph\"><strong>Podrobnosti o balen\u00ed<\/strong><\/h2>\n<p class=\"ds-markdown-paragraph\">1 ks\/jedin\u00e1 krabice<br \/>\n10 ks \/ zobrazovac\u00ed box<br \/>\nPo\u010det kus\u016f v kartonu: 160 ks<br \/>\nHmotnost kartonu: 20 kg<br \/>\nVelikost kartonu: 41,2 x 33,2 x 32,5 cm<\/p>\n<figure id=\"attachment_25405\" aria-describedby=\"caption-attachment-25405\" style=\"width: 1000px\" class=\"wp-caption alignnone\"><img loading=\"lazy\" decoding=\"async\" class=\"size-full wp-image-25405\" title=\"Uwin RandM Tornado porazil 35K Blueberry On Ice\" src=\"https:\/\/www.vape4wholesale.com\/wp-content\/uploads\/2025\/10\/Uwin-RandM-Tornado-Beat-35K_Blueberry-On-Ice.webp\" alt=\"Uwin RandM Tornado porazil 35K Blueberry On Ice\" width=\"1000\" height=\"1000\" srcset=\"https:\/\/www.vape4wholesale.com\/wp-content\/uploads\/2025\/10\/Uwin-RandM-Tornado-Beat-35K_Blueberry-On-Ice.webp 1000w, https:\/\/www.vape4wholesale.com\/wp-content\/uploads\/2025\/10\/Uwin-RandM-Tornado-Beat-35K_Blueberry-On-Ice-247x247.webp 247w, https:\/\/www.vape4wholesale.com\/wp-content\/uploads\/2025\/10\/Uwin-RandM-Tornado-Beat-35K_Blueberry-On-Ice-100x100.webp 100w, https:\/\/www.vape4wholesale.com\/wp-content\/uploads\/2025\/10\/Uwin-RandM-Tornado-Beat-35K_Blueberry-On-Ice-510x510.webp 510w, https:\/\/www.vape4wholesale.com\/wp-content\/uploads\/2025\/10\/Uwin-RandM-Tornado-Beat-35K_Blueberry-On-Ice-300x300.webp 300w, https:\/\/www.vape4wholesale.com\/wp-content\/uploads\/2025\/10\/Uwin-RandM-Tornado-Beat-35K_Blueberry-On-Ice-150x150.webp 150w, https:\/\/www.vape4wholesale.com\/wp-content\/uploads\/2025\/10\/Uwin-RandM-Tornado-Beat-35K_Blueberry-On-Ice-768x768.webp 768w, https:\/\/www.vape4wholesale.com\/wp-content\/uploads\/2025\/10\/Uwin-RandM-Tornado-Beat-35K_Blueberry-On-Ice-12x12.webp 12w, https:\/\/www.vape4wholesale.com\/wp-content\/uploads\/2025\/10\/Uwin-RandM-Tornado-Beat-35K_Blueberry-On-Ice-64x64.webp 64w\" sizes=\"auto, (max-width: 1000px) 100vw, 1000px\" \/><figcaption id=\"caption-attachment-25405\" class=\"wp-caption-text\">Uwin RandM Tornado Beat 35K Vape na jedno pou\u017eit\u00ed<\/figcaption><\/figure>\n<h2>PRO\u010c MY?<\/h2>\r\n<ul>\r\n<li>Skute\u010dn\u00fd, d\u016fv\u011bryhodn\u00fd a profesion\u00e1ln\u00ed zdroj vape.<\/li>\r\n<li>100% Origin\u00e1ln\u00ed z\u00e1ruka: Odm\u00edt\u00e1me pad\u011blky.<\/li>\r\n<li>100% Z\u00e1ruka dod\u00e1n\u00ed: Pou\u017e\u00edv\u00e1me nejlep\u0161\u00ed zp\u016fsob dopravy, abychom zajistili, \u017ee objedn\u00e1vku 100% obdr\u017e\u00edte.<\/li>\r\n<li>Po odesl\u00e1n\u00ed v\u00e1m poskytneme sledovac\u00ed \u010d\u00edslo a p\u0159epravn\u00ed \u0161t\u00edtek a budeme pro v\u00e1s sledovat zbo\u017e\u00ed, dokud ho nepodep\u00ed\u0161ete.<\/li>\r\n<li>\u017d\u00e1dn\u00e9 celn\u00ed probl\u00e9my, \u017e\u00e1dn\u00e1 cla<\/li>\r\n<\/ul>","protected":false},"excerpt":{"rendered":"<div class=\"wsppc_div_block woocommerce_before_add_to_cart_form\">\r\n<p><strong><span style=\"color: #00a859;\">Clear customs<\/span> before delivery &amp; 100% Delivery Guarantee, Delivery in 19~25 days around.\u00a0<\/strong><\/p>\r\n<\/div>","protected":false},"featured_media":25417,"comment_status":"open","ping_status":"closed","template":"","meta":[],"pwb-brand":[1274],"product_cat":[873],"product_tag":[22,24,692,936,1023],"class_list":{"0":"post-25392","1":"product","2":"type-product","3":"status-publish","4":"has-post-thumbnail","6":"pwb-brand-uwin","7":"product_cat-above-20k-puffs","8":"product_tag-disposable","9":"product_tag-wholesale","10":"product_tag-25-0ml","11":"product_tag-uwin","12":"product_tag-35000-puffs","13":"wcpa_has_options","15":"first","16":"instock","17":"featured","18":"shipping-taxable","19":"purchasable","20":"product-type-variable"},"aioseo_notices":[],"brands":[{"id":1274,"name":"Uwin","slug":"uwin"}],"_links":{"self":[{"href":"https:\/\/www.vape4wholesale.com\/cs\/wp-json\/wp\/v2\/product\/25392","targetHints":{"allow":["GET"]}}],"collection":[{"href":"https:\/\/www.vape4wholesale.com\/cs\/wp-json\/wp\/v2\/product"}],"about":[{"href":"https:\/\/www.vape4wholesale.com\/cs\/wp-json\/wp\/v2\/types\/product"}],"replies":[{"embeddable":true,"href":"https:\/\/www.vape4wholesale.com\/cs\/wp-json\/wp\/v2\/comments?post=25392"}],"wp:featuredmedia":[{"embeddable":true,"href":"https:\/\/www.vape4wholesale.com\/cs\/wp-json\/wp\/v2\/media\/25417"}],"wp:attachment":[{"href":"https:\/\/www.vape4wholesale.com\/cs\/wp-json\/wp\/v2\/media?parent=25392"}],"wp:term":[{"taxonomy":"pwb-brand","embeddable":true,"href":"https:\/\/www.vape4wholesale.com\/cs\/wp-json\/wp\/v2\/pwb-brand?post=25392"},{"taxonomy":"product_cat","embeddable":true,"href":"https:\/\/www.vape4wholesale.com\/cs\/wp-json\/wp\/v2\/product_cat?post=25392"},{"taxonomy":"product_tag","embeddable":true,"href":"https:\/\/www.vape4wholesale.com\/cs\/wp-json\/wp\/v2\/product_tag?post=25392"}],"curies":[{"name":"wp","href":"https:\/\/api.w.org\/{rel}","templated":true}]}}