{"id":25378,"date":"2025-10-23T11:13:34","date_gmt":"2025-10-23T03:13:34","guid":{"rendered":"https:\/\/www.vape4wholesale.com\/?post_type=product&#038;p=25378"},"modified":"2026-03-15T22:36:59","modified_gmt":"2026-03-15T14:36:59","slug":"uwin-3v1-tornado-60k-jednorazovy-vape-velkoobchod","status":"publish","type":"product","link":"https:\/\/www.vape4wholesale.com\/cs\/product\/uwin-3in1-tornado-60k-disposable-vape-wholesale","title":{"rendered":"Uwin 3v1 Tornado 60K Jednor\u00e1zov\u00fd velkoobchodn\u00ed prodej Vape"},"content":{"rendered":"<p class=\"ds-markdown-paragraph\">Na str\u00e1nk\u00e1ch <a title=\"UWIN\" href=\"https:\/\/www.vape4wholesale.com\/cs\/product_brand\/uwin\/\" target=\"_blank\" rel=\"noopener\"><strong>Uwin<\/strong> <\/a>Jednor\u00e1zov\u00fd vape 3v1 Tornado 60K navr\u017een\u00fd pro neb\u00fdval\u00fd v\u00fdkon a styl. Tento v\u00fdkonn\u00fd stroj je navr\u017een tak, aby vydr\u017eel ohromuj\u00edc\u00edch 60 000 potah\u016f, co\u017e zaru\u010duje dlouhotrvaj\u00edc\u00ed spokojenost. Jeho v\u00fdzna\u010dnou vlastnost\u00ed je nav\u00edc inovativn\u00ed syst\u00e9m troj\u00ed p\u0159\u00edchuti, kter\u00fd v\u00e1m umo\u017en\u00ed vychutnat si t\u0159i r\u016fzn\u00e9 chu\u0165ov\u00e9 profily v jedin\u00e9m elegantn\u00edm za\u0159\u00edzen\u00ed. Odv\u00e1\u017en\u00fd estetick\u00fd vzhled, kter\u00fd se vyzna\u010duje pr\u016fhledn\u00fdm t\u011blem odhaluj\u00edc\u00edm majest\u00e1tn\u00ed znak lva pod pl\u00e1\u0161t\u011bm, dokonale dopl\u0148uje jeho v\u00fdkonn\u00e9 schopnosti, tak\u017ee je vizu\u00e1ln\u011b v\u00fdraznou volbou pro ka\u017ed\u00e9ho vapera.<\/p>\n<p class=\"ds-markdown-paragraph\">Uwin Tornado 60K je zkonstruov\u00e1n s ohledem na u\u017eivatelsk\u00e9 pohodl\u00ed a vynikaj\u00edc\u00ed v\u00fdkon, a to od p\u016fsobiv\u00e9ho exteri\u00e9ru a\u017e po vnit\u0159n\u00ed konstrukci. Je vybaven pokro\u010dilou s\u00ed\u0165ovou spir\u00e1lkou, kter\u00e1 d\u016fsledn\u011b produkuje bohat\u0161\u00ed chu\u0165 a hust\u0161\u00ed mraky p\u00e1ry od prvn\u00edho potahu a\u017e po ten posledn\u00ed. Integrovan\u00e1 dob\u00edjec\u00ed baterie o kapacit\u011b 650 mAh, vybaven\u00e1 modern\u00edm portem typu C, nav\u00edc zaru\u010duje, \u017ee v\u00e1m nikdy ne\u010dekan\u011b nedojde energie. Pro lep\u0161\u00ed kontrolu a pohodl\u00ed v\u00e1m inteligentn\u00ed LCD displej p\u0159ehledn\u011b zobrazuje zb\u00fdvaj\u00edc\u00ed mno\u017estv\u00ed e-liquidu a baterie, \u010d\u00edm\u017e eliminuje jak\u00e9koli dohady a zaji\u0161\u0165uje bezprobl\u00e9mov\u00fd vaping.<\/p>\n<p class=\"ds-markdown-paragraph\">Nakonec Uwin 3v1 Tornado 60K \u00fasp\u011b\u0161n\u011b kombinuje obrovskou kapacitu, v\u0161estrann\u00e9 mo\u017enosti ochucen\u00ed a robustn\u00ed technologii v jednom impozantn\u00edm balen\u00ed. S v\u00fdb\u011brem s\u00edly nikotinu od 0% do 5% dokonale vyhov\u00ed jak p\u0159\u00edle\u017eitostn\u00fdm u\u017eivatel\u016fm, tak t\u011bm, kte\u0159\u00ed hledaj\u00ed siln\u011bj\u0161\u00ed po\u017eitek. Nab\u00eddkou v\u00fdjime\u010dn\u00e9 hodnoty, \u00fa\u017easn\u00e9ho designu a bezkonkuren\u010dn\u00ed \u017eivotnosti se proto toto za\u0159\u00edzen\u00ed etabluje jako hlavn\u00ed volba pro vapery, kte\u0159\u00ed cht\u011bj\u00ed ovl\u00e1dnout svou rutinu bez kompromis\u016f.<\/p>\n<h2><strong>Uwin 3v1 Tornado 60K Kl\u00ed\u010dov\u00e9 vlastnosti<\/strong><\/h2>\n<ol>\n<li>3 p\u0159\u00edchut\u011b v 1 za\u0159\u00edzen\u00ed: Ztrojn\u00e1sobte sv\u016fj po\u017eitek! Ka\u017ed\u00e9 za\u0159\u00edzen\u00ed je dod\u00e1v\u00e1no s p\u0159edpln\u011bn\u00fdmi t\u0159emi r\u016fzn\u00fdmi p\u0159\u00edchut\u011bmi e-liquidu, kter\u00e9 nab\u00edzej\u00ed rozmanitost a jedine\u010dn\u00fd z\u00e1\u017eitek z vapov\u00e1n\u00ed bez nutnosti m\u011bnit za\u0159\u00edzen\u00ed.<\/li>\n<li>\u00da\u017easn\u00fd pr\u016fhledn\u00fd design: Uka\u017ete vnit\u0159n\u00ed fungov\u00e1n\u00ed d\u00edky pr\u016fhledn\u00e9mu t\u011blu. V\u00fdrazn\u00e1 grafika lva pod pr\u016fhledn\u00fdm pl\u00e1\u0161t\u011bm je v\u00fdrazn\u00fdm stylov\u00fdm prvkem.<\/li>\n<li>Masivn\u00ed 60 000 Puffs: Zkonstruov\u00e1no pro extr\u00e9mn\u011b dlouhou \u017eivotnost, kter\u00e1 zajist\u00ed, \u017ee va\u0161e vapov\u00e1n\u00ed bude trvat d\u00e9le ne\u017e kdykoli p\u0159edt\u00edm.<\/li>\n<li>Dob\u00edjec\u00ed baterie s kapacitou 650 mAh: Je vybavena spolehlivou kobaltovou bateri\u00ed a praktick\u00fdm portem typu C pro rychl\u00e9 a snadn\u00e9 dob\u00edjen\u00ed. Nikdy v\u00e1m nedojde energie uprost\u0159ed sezen\u00ed.<\/li>\n<li>Pokro\u010dil\u00e1 technologie Mesh Coil: Na\u0161e s\u00ed\u0165ov\u00e1 c\u00edvka zaji\u0161\u0165uje rychlej\u0161\u00ed zah\u0159\u00edv\u00e1n\u00ed, bohat\u0161\u00ed chu\u0165 a hust\u0161\u00ed oblaky p\u00e1ry pro vynikaj\u00edc\u00ed chu\u0165ov\u00fd z\u00e1\u017eitek.<\/li>\n<li>Chytr\u00fd displej LCD: D\u00edky integrovan\u00e9mu digit\u00e1ln\u00edmu displeji m\u016f\u017eete na prvn\u00ed pohled sledovat hladinu e-liquidu a nabit\u00ed baterie.<\/li>\n<li>V\u00edce mo\u017enost\u00ed volby nikotinu: Vyberte si z \u0159ady \u00farovn\u00ed nikotinu podle sv\u00fdch preferenc\u00ed: 0%, 2%, 3% nebo 5%.<\/li>\n<\/ol>\n<p>&nbsp;<\/p>\n<h2><strong>Rychl\u00e9 specifikace produktu<\/strong><\/h2>\n<ul>\n<li>Pufy: P\u0159ibli\u017en\u011b 60 000<\/li>\n<li>Baterie: 650mAh kobaltov\u00e1 dob\u00edjec\u00ed baterie (nab\u00edjen\u00ed Type-C)<\/li>\n<li>Coil: Mesh Coil<\/li>\n<li>Zobrazen\u00ed: LCD displej pro e-liquid a indik\u00e1tor nap\u00e1jen\u00ed<\/li>\n<li>S\u00edla nikotinu: 0%, 2%, 3%, 5% (vyberte z rozbalovac\u00edho seznamu)<\/li>\n<li>Velikost v\u00fdrobku: 47 x 47 x 116 mm<\/li>\n<li>Mo\u017enosti p\u0159\u00edchut\u00ed: K dispozici je 12 jedine\u010dn\u00fdch trojkombinac\u00ed p\u0159\u00edchut\u00ed.<\/li>\n<\/ul>\n<p>&nbsp;<\/p>\n<h2><strong>Uwin 3v1 Tornado 60K Dostupn\u00e9 p\u0159\u00edchut\u011b<\/strong><\/h2>\n<p>1# Cherry Ice \/ Strawberry Red Bull \/ Blueberry Raspberry<br \/>\n2# Bor\u016fvkov\u00fd led \/ Jahodov\u00fd meloun \/ Jahodov\u00fd malinov\u00fd t\u0159e\u0161\u0148ov\u00fd led\/<br \/>\n3# R\u016f\u017eov\u00e1 limon\u00e1da \/ Vanilkov\u00fd led \/ Jahodovo-malinov\u00e9 bonbony<br \/>\n4# Strawberry Kiwi \/ Love 66 \/ Blue Razz Ice<br \/>\n5# Citronov\u00e1 limetka \/ Jahoda Ban\u00e1n \/ Sm\u00ed\u0161en\u00e9 ovoce<br \/>\n6# Watermelon Ice \/ Cola Ice \/ Mr Blue<br \/>\n7# Summer Peach Ice \/ Blueberry Raspberry \/ Strawberry Red Bull<br \/>\n8# kiwi mu\u010denka guava \/ broskev mango \/ malina meloun<br \/>\n9# Red Bull \/ Cherry Ice \/ Lemon Lime<br \/>\n10# Jahodov\u00fd led \/ Letn\u00ed broskvov\u00fd led \/ Hroznov\u00fd led<br \/>\n11# Mixed Berry \/ Dragon Fruit Ice Jahoda \/ Watermelon Bubblegum<br \/>\n12# T\u0159e\u0161\u0148ov\u00e1 cola \/ Jahodov\u00e1 vanilkov\u00e1 cola \/ Hroznov\u00e9 bobule<\/p>\n<h2><strong>Podrobnosti o balen\u00ed<\/strong><\/h2>\n<ul>\n<li>Jednotka: 1 x za\u0159\u00edzen\u00ed Uwin 3v1 Tornado 60K<\/li>\n<li>Box: 10 za\u0159\u00edzen\u00ed v krabici<\/li>\n<li>Karton: 160 za\u0159\u00edzen\u00ed v kartonu (16 krabic)<\/li>\n<li>Hmotnost kartonu: 21,5 kg<\/li>\n<\/ul>\n<figure id=\"attachment_25371\" aria-describedby=\"caption-attachment-25371\" style=\"width: 1000px\" class=\"wp-caption alignnone\"><img loading=\"lazy\" decoding=\"async\" class=\"wp-image-25371 size-full\" title=\"Uwin Uwin 3v1 Tornado 60K Triple Vape na jedno pou\u017eit\u00ed\" src=\"https:\/\/www.vape4wholesale.com\/wp-content\/uploads\/2025\/10\/Uwin-Tornado-Triple-60K-Disposable-Vape_6.webp\" alt=\"Uwin Uwin 3v1 Tornado 60K Triple Vape na jedno pou\u017eit\u00ed\" width=\"1000\" height=\"1000\" srcset=\"https:\/\/www.vape4wholesale.com\/wp-content\/uploads\/2025\/10\/Uwin-Tornado-Triple-60K-Disposable-Vape_6.webp 1000w, https:\/\/www.vape4wholesale.com\/wp-content\/uploads\/2025\/10\/Uwin-Tornado-Triple-60K-Disposable-Vape_6-247x247.webp 247w, https:\/\/www.vape4wholesale.com\/wp-content\/uploads\/2025\/10\/Uwin-Tornado-Triple-60K-Disposable-Vape_6-100x100.webp 100w, https:\/\/www.vape4wholesale.com\/wp-content\/uploads\/2025\/10\/Uwin-Tornado-Triple-60K-Disposable-Vape_6-510x510.webp 510w, https:\/\/www.vape4wholesale.com\/wp-content\/uploads\/2025\/10\/Uwin-Tornado-Triple-60K-Disposable-Vape_6-300x300.webp 300w, https:\/\/www.vape4wholesale.com\/wp-content\/uploads\/2025\/10\/Uwin-Tornado-Triple-60K-Disposable-Vape_6-150x150.webp 150w, https:\/\/www.vape4wholesale.com\/wp-content\/uploads\/2025\/10\/Uwin-Tornado-Triple-60K-Disposable-Vape_6-768x768.webp 768w, https:\/\/www.vape4wholesale.com\/wp-content\/uploads\/2025\/10\/Uwin-Tornado-Triple-60K-Disposable-Vape_6-12x12.webp 12w, https:\/\/www.vape4wholesale.com\/wp-content\/uploads\/2025\/10\/Uwin-Tornado-Triple-60K-Disposable-Vape_6-64x64.webp 64w\" sizes=\"auto, (max-width: 1000px) 100vw, 1000px\" \/><figcaption id=\"caption-attachment-25371\" class=\"wp-caption-text\">Uwin Tornado Triple 60K Jednor\u00e1zov\u00fd velkoobchodn\u00ed prodej Vape<\/figcaption><\/figure>\n<h2>PRO\u010c MY?<\/h2>\r\n<ul>\r\n<li>Skute\u010dn\u00fd, d\u016fv\u011bryhodn\u00fd a profesion\u00e1ln\u00ed zdroj vape.<\/li>\r\n<li>100% Origin\u00e1ln\u00ed z\u00e1ruka: Odm\u00edt\u00e1me pad\u011blky.<\/li>\r\n<li>100% Z\u00e1ruka dod\u00e1n\u00ed: Pou\u017e\u00edv\u00e1me nejlep\u0161\u00ed zp\u016fsob dopravy, abychom zajistili, \u017ee objedn\u00e1vku 100% obdr\u017e\u00edte.<\/li>\r\n<li>Po odesl\u00e1n\u00ed v\u00e1m poskytneme sledovac\u00ed \u010d\u00edslo a p\u0159epravn\u00ed \u0161t\u00edtek a budeme pro v\u00e1s sledovat zbo\u017e\u00ed, dokud ho nepodep\u00ed\u0161ete.<\/li>\r\n<li>\u017d\u00e1dn\u00e9 celn\u00ed probl\u00e9my, \u017e\u00e1dn\u00e1 cla<\/li>\r\n<\/ul>","protected":false},"excerpt":{"rendered":"<div class=\"wsppc_div_block woocommerce_before_add_to_cart_form\">\r\n<p><strong><span style=\"color: #00a859;\">Clear customs<\/span> before delivery &amp; 100% Delivery Guarantee, Delivery in 19~25 days around.\u00a0<\/strong><\/p>\r\n<\/div>","protected":false},"featured_media":25371,"comment_status":"open","ping_status":"closed","template":"","meta":[],"pwb-brand":[1274],"product_cat":[873],"product_tag":[1114,22,24,936,1081],"class_list":{"0":"post-25378","1":"product","2":"type-product","3":"status-publish","4":"has-post-thumbnail","6":"pwb-brand-uwin","7":"product_cat-above-20k-puffs","8":"product_tag-60000-puffs","9":"product_tag-disposable","10":"product_tag-wholesale","11":"product_tag-uwin","12":"product_tag-50-0ml","13":"wcpa_has_options","15":"first","16":"instock","17":"featured","18":"shipping-taxable","19":"purchasable","20":"product-type-variable"},"aioseo_notices":[],"brands":[{"id":1274,"name":"Uwin","slug":"uwin"}],"_links":{"self":[{"href":"https:\/\/www.vape4wholesale.com\/cs\/wp-json\/wp\/v2\/product\/25378","targetHints":{"allow":["GET"]}}],"collection":[{"href":"https:\/\/www.vape4wholesale.com\/cs\/wp-json\/wp\/v2\/product"}],"about":[{"href":"https:\/\/www.vape4wholesale.com\/cs\/wp-json\/wp\/v2\/types\/product"}],"replies":[{"embeddable":true,"href":"https:\/\/www.vape4wholesale.com\/cs\/wp-json\/wp\/v2\/comments?post=25378"}],"wp:featuredmedia":[{"embeddable":true,"href":"https:\/\/www.vape4wholesale.com\/cs\/wp-json\/wp\/v2\/media\/25371"}],"wp:attachment":[{"href":"https:\/\/www.vape4wholesale.com\/cs\/wp-json\/wp\/v2\/media?parent=25378"}],"wp:term":[{"taxonomy":"pwb-brand","embeddable":true,"href":"https:\/\/www.vape4wholesale.com\/cs\/wp-json\/wp\/v2\/pwb-brand?post=25378"},{"taxonomy":"product_cat","embeddable":true,"href":"https:\/\/www.vape4wholesale.com\/cs\/wp-json\/wp\/v2\/product_cat?post=25378"},{"taxonomy":"product_tag","embeddable":true,"href":"https:\/\/www.vape4wholesale.com\/cs\/wp-json\/wp\/v2\/product_tag?post=25378"}],"curies":[{"name":"wp","href":"https:\/\/api.w.org\/{rel}","templated":true}]}}