{"id":25336,"date":"2025-10-23T00:03:28","date_gmt":"2025-10-22T16:03:28","guid":{"rendered":"https:\/\/www.vape4wholesale.com\/?post_type=product&#038;p=25336"},"modified":"2026-02-23T03:11:20","modified_gmt":"2026-02-22T19:11:20","slug":"waspe-aiviou-6v1-150k-jednorazovy-vape-velkoobchod","status":"publish","type":"product","link":"https:\/\/www.vape4wholesale.com\/cs\/product\/waspe-aiviou-6in1-150k-disposable-vape-wholesale","title":{"rendered":"Waspe Aiviou 6v1 150K jednor\u00e1zov\u00fd velkoobchod Vape"},"content":{"rendered":"<p class=\"ds-markdown-paragraph\">na <a title=\"Waspe\" href=\"https:\/\/www.vape4wholesale.com\/cs\/product_brand\/waspe\/\" target=\"_blank\" rel=\"noopener\"><strong>Waspe<\/strong><\/a> Jednor\u00e1zov\u00e9 vape za\u0159\u00edzen\u00ed Aiviou 6v1 150K nab\u00edz\u00ed p\u016fsobiv\u00fdch 150 000 potah\u016f. Tento syst\u00e9m v\u0161e v jednom je p\u0159edem napln\u011bn 64 ml e-liquidu a je nap\u00e1jen spolehlivou 650mAh dob\u00edjec\u00ed bateri\u00ed s pohodln\u00fdm nab\u00edjen\u00edm typu C. Jeho u\u017eivatelsky p\u0159\u00edv\u011btiv\u00fd design je vybaven p\u0159ehledn\u00fdm LED displejem, kter\u00fd v\u00e1s informuje o zb\u00fdvaj\u00edc\u00edm mno\u017estv\u00ed e-liquidu a energii baterie, a to v\u0161e je ulo\u017eeno v elegantn\u00edm p\u0159enosn\u00e9m t\u011ble o hmotnosti pouh\u00fdch 140 g.<\/p>\n<p class=\"ds-markdown-paragraph\">Charakteristick\u00fdm rysem Aiviou je revolu\u010dn\u00ed syst\u00e9m p\u0159\u00edchut\u00ed 6 v 1. Obsahuje t\u0159i nez\u00e1visl\u00e9 1,0ohm mesh spir\u00e1lky a e-liquid pody. Jednoduch\u00fdm ot\u00e1\u010den\u00edm n\u00e1ustku m\u016f\u017eete plynule p\u0159ep\u00ednat mezi vapov\u00e1n\u00edm z libovoln\u00e9ho jednoho podu pro \u010distou chu\u0165 nebo z libovoln\u00fdch dvou pod\u016f sou\u010dasn\u011b pro vytvo\u0159en\u00ed vlastn\u00ed chu\u0165ov\u00e9 sm\u011bsi, kter\u00e1 nab\u00edz\u00ed cyklus \u0161esti r\u016fzn\u00fdch re\u017eim\u016f (A-AB-B-BC-C-CA).<\/p>\n<p class=\"ds-markdown-paragraph\">Pra\u010dka Waspe Aiviou je navr\u017eena pro vynikaj\u00edc\u00ed a dlouhotrvaj\u00edc\u00ed z\u00e1\u017eitek a kombinuje vysokou kapacitu s inovativn\u00ed technologi\u00ed. Vyberte si preferovanou s\u00edlu nikotinu (0%, 2% nebo 5%) a vychutnejte si konzistentn\u00ed, aromatickou produkci p\u00e1ry z trojit\u00e9 s\u00ed\u0165ov\u00e9 spir\u00e1lky. Toto za\u0159\u00edzen\u00ed je ide\u00e1ln\u00ed volbou pro vapery, kte\u0159\u00ed hledaj\u00ed maxim\u00e1ln\u00ed pohodl\u00ed, masivn\u00ed po\u010det \u0161luk\u016f a nekone\u010dn\u00e9 mo\u017enosti chuti v jedin\u00e9m, d\u016fmysln\u00e9m balen\u00ed.<\/p>\n<h2 class=\"ds-markdown-paragraph\"><strong>Waspe Aiviou 6v1 150K Kl\u00ed\u010dov\u00e9 vlastnosti<\/strong><\/h2>\n<ul>\n<li>Masivn\u00ed 150 000 Puffs: Zkonstruov\u00e1no pro v\u00fdjime\u010dnou \u017eivotnost, kter\u00e1 eliminuje pot\u0159ebu \u010dast\u00e9 v\u00fdm\u011bny.<\/li>\n<li>Revolu\u010dn\u00ed syst\u00e9m p\u0159\u00edchut\u00ed 6 v 1: Aiviou. Oto\u010dn\u00fd n\u00e1ustek umo\u017e\u0148uje p\u0159ep\u00ednat mezi t\u0159emi jednotliv\u00fdmi p\u0159\u00edchut\u011bmi nebo kombinovat libovoln\u00e9 dv\u011b p\u0159\u00edchut\u011b pro vytvo\u0159en\u00ed vlastn\u00ed sm\u011bsi. Cyklus (A-AB-B-BC-C-CA) nab\u00edz\u00ed \u0161est r\u016fzn\u00fdch re\u017eim\u016f vapov\u00e1n\u00ed.<\/li>\n<li>Trojit\u00e9 nez\u00e1visl\u00e9 pody: Obsahuje t\u0159i samostatn\u00e9 1,0ohmov\u00e9 mesh c\u00edvky, ka\u017edou s vlastn\u00ed komorou na e-liquid.<\/li>\n<li>Vysok\u00e1 kapacita e-kapaliny: P\u0159edem napln\u011bn\u00fd celkem 64 ml pr\u00e9miov\u00e9ho e-liquidu.<\/li>\n<li>V\u00edce mo\u017enost\u00ed volby nikotinu: K dispozici jsou varianty nikotinu 0%, 2% a 5% podle va\u0161ich preferenc\u00ed.<\/li>\n<li>U\u017eivatelsky p\u0159\u00edv\u011btiv\u00fd LED displej: P\u0159ehledn\u011b monitoruje zb\u00fdvaj\u00edc\u00ed hladinu e-liquidu a \u017eivotnost baterie.<\/li>\n<li>Spolehliv\u00e1 650mAh baterie a nab\u00edjen\u00ed typu C: Nab\u00edjen\u00ed p\u0159es USB typu C: Vestav\u011bn\u00e1 dob\u00edjec\u00ed baterie s kapacitou 650 mAh a modern\u00ed nab\u00edjen\u00ed p\u0159es USB typu C pro rychl\u00e9 a pohodln\u00e9 dob\u00edjen\u00ed.<\/li>\n<\/ul>\n<h2 class=\"ds-markdown-paragraph\"><strong>Rychl\u00e9 specifikace<\/strong><\/h2>\n<ol>\n<li class=\"ds-markdown-paragraph\">Pufy: 150 000<\/li>\n<li class=\"ds-markdown-paragraph\">Mesh c\u00edvka: 1,0ohm x 3<\/li>\n<li class=\"ds-markdown-paragraph\">Celkov\u00fd objem E-liquidu: 64 ml<\/li>\n<li class=\"ds-markdown-paragraph\">Nikotin: 0% \/ 2% \/ 5%<\/li>\n<li class=\"ds-markdown-paragraph\">Baterie: 650 mAh (dob\u00edjec\u00ed)<\/li>\n<li class=\"ds-markdown-paragraph\">Nab\u00edjec\u00ed port: Type-C<\/li>\n<li class=\"ds-markdown-paragraph\">Zobrazen\u00ed: LED pro E-liquid &amp; Battery<\/li>\n<li class=\"ds-markdown-paragraph\">Hmotnost v\u00fdrobku: 140 g<\/li>\n<li class=\"ds-markdown-paragraph\">Velikost v\u00fdrobku: 53 x 46 x 138 mm<\/li>\n<\/ol>\n<h2 class=\"ds-markdown-paragraph\"><strong>Jak se <\/strong><strong>Waspe Aiviou 6v1 150K <\/strong><strong>Syst\u00e9m funguje<\/strong><\/h2>\n<p class=\"ds-markdown-paragraph\">Jednodu\u0161e oto\u010dte n\u00e1ustkem a zvolte po\u017eadovan\u00fd re\u017eim. M\u016f\u017eete vapovat z libovoln\u00e9 ze t\u0159\u00ed samostatn\u00fdch kapsl\u00ed pro \u010distou chu\u0165, nebo z kombinace dvou kapsl\u00ed pro jedine\u010dnou, vrstvenou chu\u0165. Toto plynul\u00e9 p\u0159ep\u00edn\u00e1n\u00ed mezi t\u0159emi jednotliv\u00fdmi a t\u0159emi dvojit\u00fdmi kapslemi vytv\u00e1\u0159\u00ed \u0161est r\u016fzn\u00fdch z\u00e1\u017eitk\u016f (A, AB, B, BC, C, CA).<\/p>\n<h2><strong>Dostupn\u00e9 p\u0159\u00edchut\u011b<\/strong><\/h2>\n<ol>\n<li>Melounov\u00fd led a citronov\u00e1 limetka a citronov\u00e1 broskev<\/li>\n<li>Bor\u016fvkov\u00fd led a jahodov\u00fd kiwi &amp; t\u0159e\u0161\u0148ov\u00fd jahodov\u00fd led<\/li>\n<li>Red Bull Ice &amp; Raspberry Pomp &amp; Sour Mango Strawberry<\/li>\n<li>Jahodov\u00fd meloun &amp; \u0161\u0165avnat\u00fd broskvov\u00fd led &amp; trojit\u00fd bobulov\u00fd led<\/li>\n<li>T\u0159e\u0161\u0148ov\u00e1 cola Ice &amp; jahoda Red Bull Ice &amp; meloun Raspberry<\/li>\n<li>Hroznov\u00fd led &amp; Blue Razz T\u0159e\u0161\u0148ov\u00fd a jahodov\u00fd led<\/li>\n<li>Sm\u00ed\u0161en\u00e9 bobule &amp; Black Dragon Ice &amp; Strawberry Cherry Cola<\/li>\n<li>\u0160umiv\u00fd kolov\u00fd led a energetick\u00fd n\u00e1poj a t\u0159e\u0161\u0148ov\u00fd led<\/li>\n<li>Jahoda Ban\u00e1n a kiwi Meloun a kokosov\u00e1 jahoda<\/li>\n<li>Red Bull Cola Ice &amp; Strawberry Raspberry Cherry &amp; Blackberry Dragon Fruit<\/li>\n<li>Jahodov\u00fd melounov\u00fd led &amp; kysel\u00fd mangov\u00fd led &amp; jahodov\u00fd hroznov\u00fd led<\/li>\n<li>Melounov\u00e1 mu\u010denka a ostru\u017einy Led a jablko Kiwi<\/li>\n<\/ol>\n<h2><strong>Podrobnosti o balen\u00ed<\/strong><\/h2>\n<ul>\n<li>Hmotnost v\u00fdrobku: 140 g\/ks<\/li>\n<li>Velikost v\u00fdrobku: 53*46*138 mm<\/li>\n<li>Mno\u017estv\u00ed: 160 ks\/ks, 10 ks\/box<\/li>\n<li>Celkov\u00e1 hmotnost: 23 kg<\/li>\n<\/ul>\n<figure id=\"attachment_25362\" aria-describedby=\"caption-attachment-25362\" style=\"width: 800px\" class=\"wp-caption alignnone\"><img loading=\"lazy\" decoding=\"async\" class=\"size-full wp-image-25362\" title=\"Waspe Aiviou 6v1 150K jednor\u00e1zov\u00e1 vape #1\" src=\"https:\/\/www.vape4wholesale.com\/wp-content\/uploads\/2025\/10\/Waspe-Aiviou-6in1-150K-Disposable-Vape_1-1.webp\" alt=\"Waspe Aiviou 6v1 150K jednor\u00e1zov\u00e1 vape #1\" width=\"800\" height=\"800\" srcset=\"https:\/\/www.vape4wholesale.com\/wp-content\/uploads\/2025\/10\/Waspe-Aiviou-6in1-150K-Disposable-Vape_1-1.webp 800w, https:\/\/www.vape4wholesale.com\/wp-content\/uploads\/2025\/10\/Waspe-Aiviou-6in1-150K-Disposable-Vape_1-1-247x247.webp 247w, https:\/\/www.vape4wholesale.com\/wp-content\/uploads\/2025\/10\/Waspe-Aiviou-6in1-150K-Disposable-Vape_1-1-100x100.webp 100w, https:\/\/www.vape4wholesale.com\/wp-content\/uploads\/2025\/10\/Waspe-Aiviou-6in1-150K-Disposable-Vape_1-1-510x510.webp 510w, https:\/\/www.vape4wholesale.com\/wp-content\/uploads\/2025\/10\/Waspe-Aiviou-6in1-150K-Disposable-Vape_1-1-300x300.webp 300w, https:\/\/www.vape4wholesale.com\/wp-content\/uploads\/2025\/10\/Waspe-Aiviou-6in1-150K-Disposable-Vape_1-1-150x150.webp 150w, https:\/\/www.vape4wholesale.com\/wp-content\/uploads\/2025\/10\/Waspe-Aiviou-6in1-150K-Disposable-Vape_1-1-768x768.webp 768w, https:\/\/www.vape4wholesale.com\/wp-content\/uploads\/2025\/10\/Waspe-Aiviou-6in1-150K-Disposable-Vape_1-1-12x12.webp 12w, https:\/\/www.vape4wholesale.com\/wp-content\/uploads\/2025\/10\/Waspe-Aiviou-6in1-150K-Disposable-Vape_1-1-64x64.webp 64w\" sizes=\"auto, (max-width: 800px) 100vw, 800px\" \/><figcaption id=\"caption-attachment-25362\" class=\"wp-caption-text\">Waspe Aiviou 6v1 150K jednor\u00e1zov\u00fd velkoobchod Vape<\/figcaption><\/figure>\n<h2>PRO\u010c MY?<\/h2>\r\n<ul>\r\n<li>Skute\u010dn\u00fd, d\u016fv\u011bryhodn\u00fd a profesion\u00e1ln\u00ed zdroj vape.<\/li>\r\n<li>100% Origin\u00e1ln\u00ed z\u00e1ruka: Odm\u00edt\u00e1me pad\u011blky.<\/li>\r\n<li>100% Z\u00e1ruka dod\u00e1n\u00ed: Pou\u017e\u00edv\u00e1me nejlep\u0161\u00ed zp\u016fsob dopravy, abychom zajistili, \u017ee objedn\u00e1vku 100% obdr\u017e\u00edte.<\/li>\r\n<li>Po odesl\u00e1n\u00ed v\u00e1m poskytneme sledovac\u00ed \u010d\u00edslo a p\u0159epravn\u00ed \u0161t\u00edtek a budeme pro v\u00e1s sledovat zbo\u017e\u00ed, dokud ho nepodep\u00ed\u0161ete.<\/li>\r\n<li>\u017d\u00e1dn\u00e9 celn\u00ed probl\u00e9my, \u017e\u00e1dn\u00e1 cla<\/li>\r\n<\/ul>","protected":false},"excerpt":{"rendered":"<div class=\"wsppc_div_block woocommerce_before_add_to_cart_form\">\r\n<p><strong><span style=\"color: #00a859;\">Vy\u010distit celnici<\/span> p\u0159ed dod\u00e1n\u00edm &amp; 100% Z\u00e1ruka doru\u010den\u00ed, doru\u010den\u00ed p\u0159ibli\u017en\u011b za 19\u201325 dn\u00ed.\u00a0<\/strong><\/p>\r\n<\/div>","protected":false},"featured_media":25357,"comment_status":"open","ping_status":"closed","template":"","meta":[],"pwb-brand":[1272],"product_cat":[873],"product_tag":[22,24,999,1246,1248],"class_list":{"0":"post-25336","1":"product","2":"type-product","3":"status-publish","4":"has-post-thumbnail","6":"pwb-brand-waspe","7":"product_cat-above-20k-puffs","8":"product_tag-disposable","9":"product_tag-wholesale","10":"product_tag-waspe","11":"product_tag-64-0ml","12":"product_tag-150000-puffs","13":"wcpa_has_options","15":"first","16":"instock","17":"featured","18":"shipping-taxable","19":"purchasable","20":"product-type-variable"},"aioseo_notices":[],"brands":[{"id":1272,"name":"Waspe","slug":"waspe"}],"_links":{"self":[{"href":"https:\/\/www.vape4wholesale.com\/cs\/wp-json\/wp\/v2\/product\/25336","targetHints":{"allow":["GET"]}}],"collection":[{"href":"https:\/\/www.vape4wholesale.com\/cs\/wp-json\/wp\/v2\/product"}],"about":[{"href":"https:\/\/www.vape4wholesale.com\/cs\/wp-json\/wp\/v2\/types\/product"}],"replies":[{"embeddable":true,"href":"https:\/\/www.vape4wholesale.com\/cs\/wp-json\/wp\/v2\/comments?post=25336"}],"wp:featuredmedia":[{"embeddable":true,"href":"https:\/\/www.vape4wholesale.com\/cs\/wp-json\/wp\/v2\/media\/25357"}],"wp:attachment":[{"href":"https:\/\/www.vape4wholesale.com\/cs\/wp-json\/wp\/v2\/media?parent=25336"}],"wp:term":[{"taxonomy":"pwb-brand","embeddable":true,"href":"https:\/\/www.vape4wholesale.com\/cs\/wp-json\/wp\/v2\/pwb-brand?post=25336"},{"taxonomy":"product_cat","embeddable":true,"href":"https:\/\/www.vape4wholesale.com\/cs\/wp-json\/wp\/v2\/product_cat?post=25336"},{"taxonomy":"product_tag","embeddable":true,"href":"https:\/\/www.vape4wholesale.com\/cs\/wp-json\/wp\/v2\/product_tag?post=25336"}],"curies":[{"name":"wp","href":"https:\/\/api.w.org\/{rel}","templated":true}]}}