{"id":25326,"date":"2025-10-22T21:57:30","date_gmt":"2025-10-22T13:57:30","guid":{"rendered":"https:\/\/www.vape4wholesale.com\/?post_type=product&#038;p=25326"},"modified":"2026-01-26T13:38:15","modified_gmt":"2026-01-26T13:38:15","slug":"fihp-multi-120k-6v1-jednorazovy-vape-velkoobchod","status":"publish","type":"product","link":"https:\/\/www.vape4wholesale.com\/cs\/product\/fihp-multi-120k-6in1-disposable-vape-wholesale","title":{"rendered":"FIHP MULTI 120K 6v1 Jednor\u00e1zov\u00fd velkoobchodn\u00ed prodej Vape"},"content":{"rendered":"<p class=\"ds-markdown-paragraph\">Na str\u00e1nk\u00e1ch <a title=\"FIHP\" href=\"https:\/\/www.vape4wholesale.com\/cs\/product_brand\/fihp\/\" target=\"_blank\" rel=\"noopener\"><strong>FIHP<\/strong> <\/a>Jednor\u00e1zov\u00e1 vape MULTI 120K 6v1 nov\u011b definuje pohodl\u00ed a rozmanitost a nab\u00edz\u00ed revolu\u010dn\u00ed z\u00e1\u017eitek z vapov\u00e1n\u00ed \u0161est v jednom v jedin\u00e9m za\u0159\u00edzen\u00ed. Srdcem jeho inovace je jednoduch\u00fd, ale geni\u00e1ln\u00ed design: oto\u010dn\u00fd vrchn\u00ed n\u00e1ustek, kter\u00fd umo\u017e\u0148uje plynule p\u0159ep\u00ednat mezi \u0161esti r\u016fzn\u00fdmi p\u0159\u00edchut\u011bmi. Ka\u017ed\u00e1 p\u0159\u00edchu\u0165 je um\u00edst\u011bna ve vlastn\u00edm nez\u00e1visl\u00e9m e-liquidov\u00e9m podu, co\u017e z tohoto za\u0159\u00edzen\u00ed \u010din\u00ed skute\u010dn\u00fd multifunk\u010dn\u00ed p\u0159\u00edstroj a ide\u00e1ln\u00ed volbu pro n\u00e1ro\u010dn\u00e9 vapery, kte\u0159\u00ed se nikdy necht\u011bj\u00ed spokojit pouze s jednou chut\u00ed.<\/p>\n<p class=\"ds-markdown-paragraph\">Toto v\u00fdkonn\u00e9 za\u0159\u00edzen\u00ed, navr\u017een\u00e9 pro vynikaj\u00edc\u00ed v\u00fdkon a dlouhou \u017eivotnost, poskytuje p\u016fsobiv\u00fdch 120 000 potah\u016f a je poh\u00e1n\u011bno 0,9ohm spir\u00e1lkou s dvojitou m\u0159\u00ed\u017ekou, kter\u00e1 zaru\u010duje bohatou chu\u0165 a trvale hustou produkci p\u00e1ry. Je napln\u011bn 64 ml vysoce kvalitn\u00edho e-liquidu, kter\u00fd je k dispozici v s\u00edle nikotinu 2% nebo 5% podle va\u0161ich preferenc\u00ed. Integrovan\u00e1 dob\u00edjec\u00ed baterie o kapacit\u011b 650 mAh, podpo\u0159en\u00e1 modern\u00edm nab\u00edjec\u00edm portem typu C, zajist\u00ed, \u017ee va\u0161e za\u0159\u00edzen\u00ed bude v\u017edy p\u0159ipraveno k pou\u017eit\u00ed, zat\u00edmco inteligentn\u00ed LED displej v\u00e1s bude pohodln\u011b informovat o stavu baterie a e-liquidu.<\/p>\n<h2 class=\"ds-markdown-paragraph\"><strong>FIHP MULTI 120K 6v1 Kl\u00ed\u010dov\u00e9 vlastnosti<\/strong><\/h2>\n<ul>\n<li>Revolu\u010dn\u00ed syst\u00e9m 6 v 1: Z\u00e1kladn\u00ed inovace modelu FIHP MULTI 120K. Obsahuje \u0161est nez\u00e1visl\u00fdch e-liquid\u016f uvnit\u0159 za\u0159\u00edzen\u00ed. Jednoduch\u00fdm ot\u00e1\u010den\u00edm vrchn\u00edho n\u00e1ustku m\u016f\u017eete bez n\u00e1mahy p\u0159ep\u00ednat mezi sv\u00fdmi obl\u00edben\u00fdmi p\u0159\u00edchut\u011bmi. Jedn\u00e1 se o skute\u010dn\u00e9 za\u0159\u00edzen\u00ed s v\u00edce p\u0159\u00edchut\u011bmi, nikoliv pouze s nam\u00edchan\u00fdm e-liquidem.<\/li>\n<li>Masivn\u00ed po\u010det puf\u016f: Vychutnejte si del\u0161\u00ed vapingov\u00fd z\u00e1\u017eitek s p\u016fsobivou kapacitou 120 000 potah\u016f z jednoho za\u0159\u00edzen\u00ed.<\/li>\n<li>Dvojit\u00e1 mesh spir\u00e1lka a pr\u00e9miov\u00fd e-liquid: D\u00edky pokro\u010dil\u00e9 0,9ohmov\u00e9 spir\u00e1lce Dual Mesh je zaji\u0161t\u011bna bohat\u00e1 chu\u0165 a hust\u00e1 produkce p\u00e1ry z 64 ml vysoce kvalitn\u00edho e-liquidu.<\/li>\n<li>Dob\u00edjec\u00ed baterie s kapacitou 650 mAh: Podporov\u00e1na spolehliv\u00fdm nab\u00edjec\u00edm portem typu C pro rychl\u00e9 a pohodln\u00e9 dob\u00edjen\u00ed.<\/li>\n<li>Chytr\u00fd LED displej: Pro bezstarostn\u00fd vaping m\u016f\u017eete na prvn\u00ed pohled sledovat v\u00fddr\u017e baterie a hladinu e-liquidu.<\/li>\n<li>V\u00edce sil nikotinu: K dispozici jsou varianty s nikotinem 2% (20 mg) a 5% (50 mg), kter\u00e9 vyhovuj\u00ed va\u0161im preferenc\u00edm.<\/li>\n<\/ul>\n<h2 class=\"ds-markdown-paragraph\"><strong>Rychl\u00e9 specifikace<\/strong><\/h2>\n<ul>\n<li>Podpora Puffs: 120 000<\/li>\n<li>P\u0159\u00edchut\u011b: 6 v 1 v\u00edce p\u0159\u00edchut\u00ed (prost\u0159ednictv\u00edm oto\u010dn\u00e9ho n\u00e1ustku)<\/li>\n<li>C\u00edvka: 0,9ohm, Dual Mesh<\/li>\n<li>Kapacita e-liquidu: 64 ml (v 6 samostatn\u00fdch kapsl\u00edch)<\/li>\n<li>S\u00edla nikotinu: 2% nebo 5%<\/li>\n<li>Baterie: 650 mAh (dob\u00edjec\u00ed)<\/li>\n<li>Nab\u00edjec\u00ed port: Type-C<\/li>\n<li>Zobrazen\u00ed: LED indik\u00e1tor baterie a e-liquidu<\/li>\n<li>Velikost v\u00fdrobku: 44 x 44 x 112 mm<\/li>\n<\/ul>\n<h2 class=\"ds-markdown-paragraph\"><strong>FIHP MULTI 120K 6v1 Dostupn\u00e9 p\u0159\u00edchut\u011b<\/strong><\/h2>\n<p>01# Melounov\u00fd led \/ Red Bull \/ Jahodov\u00e9 kiwi \/ Bor\u016fvkov\u00fd led \/ Citronov\u00e1 limetka \/ Jahodov\u00fd meloun<\/p>\n<p>02# Jahoda Ban\u00e1n \/ Dvojit\u00e9 jablko \/ Malina Meloun \/ Kysel\u00e9 mango Ananas \/ Tropick\u00e9 ovoce \/ Citron Broskev<\/p>\n<p>03# Ananasov\u00fd kokos \/ Blue Razz \/ Sm\u00ed\u0161en\u00e9 bobule \/ Mango Broskev \/ Bor\u016fvka Malina \/ Jahoda Vanilkov\u00e1 kola<\/p>\n<p>04# Broskvov\u00fd led \/ Trojit\u00fd meloun \/ Hroznov\u00fd led \/ \u010cern\u00fd drak \/ \u0160umiv\u00fd t\u0159e\u0161\u0148ov\u00fd led \/ Gumov\u00fd medv\u00eddek<\/p>\n<p>05# Rainbow Candy \/ Cherry Cola Ice \/ Love 666 \/ Mango Ice \/ Blueberry Cotton Candy \/ Peach Ice<\/p>\n<p>06# Aloe li\u010di led \/ r\u016f\u017eov\u00fd citron \/ ledovcov\u00fd led \/ borovicov\u00e1 m\u00e1ta \/ \u010dern\u00fd ryb\u00edz led \/ meloun citron<\/p>\n<h2 class=\"ds-markdown-paragraph\"><strong>Podrobnosti o balen\u00ed<\/strong><\/h2>\n<p>1 ks\/jedin\u00e1 krabi\u010dka<br \/>\n10 ks \/ zobrazovac\u00ed box<br \/>\n160 ks\/karton 540 x 440 x 260 mm<br \/>\n27 kg\/karton<\/p>\n<figure id=\"attachment_25327\" aria-describedby=\"caption-attachment-25327\" style=\"width: 1000px\" class=\"wp-caption alignnone\"><img loading=\"lazy\" decoding=\"async\" class=\"wp-image-25327 size-full\" title=\"FIHP MULTI 120K 6v1 Jednor\u00e1zov\u00fd velkoobchodn\u00ed prodej Vape\" src=\"https:\/\/www.vape4wholesale.com\/wp-content\/uploads\/2025\/10\/FIHP-MULTI-12K-6in1-Disposable-Vape-Wholesale.webp\" alt=\"FIHP MULTI 120K 6v1 Jednor\u00e1zov\u00fd velkoobchodn\u00ed prodej Vape\" width=\"1000\" height=\"767\" srcset=\"https:\/\/www.vape4wholesale.com\/wp-content\/uploads\/2025\/10\/FIHP-MULTI-12K-6in1-Disposable-Vape-Wholesale.webp 1000w, https:\/\/www.vape4wholesale.com\/wp-content\/uploads\/2025\/10\/FIHP-MULTI-12K-6in1-Disposable-Vape-Wholesale-510x391.webp 510w, https:\/\/www.vape4wholesale.com\/wp-content\/uploads\/2025\/10\/FIHP-MULTI-12K-6in1-Disposable-Vape-Wholesale-300x230.webp 300w, https:\/\/www.vape4wholesale.com\/wp-content\/uploads\/2025\/10\/FIHP-MULTI-12K-6in1-Disposable-Vape-Wholesale-768x589.webp 768w, https:\/\/www.vape4wholesale.com\/wp-content\/uploads\/2025\/10\/FIHP-MULTI-12K-6in1-Disposable-Vape-Wholesale-16x12.webp 16w, https:\/\/www.vape4wholesale.com\/wp-content\/uploads\/2025\/10\/FIHP-MULTI-12K-6in1-Disposable-Vape-Wholesale-64x49.webp 64w\" sizes=\"auto, (max-width: 1000px) 100vw, 1000px\" \/><figcaption id=\"caption-attachment-25327\" class=\"wp-caption-text\">FIHP MULTI 120K 6v1 Jednor\u00e1zov\u00fd velkoobchodn\u00ed prodej Vape<\/figcaption><\/figure>\n<h2>PRO\u010c MY?<\/h2>\r\n<ul>\r\n<li>Skute\u010dn\u00fd, d\u016fv\u011bryhodn\u00fd a profesion\u00e1ln\u00ed zdroj vape.<\/li>\r\n<li>100% Origin\u00e1ln\u00ed z\u00e1ruka: Odm\u00edt\u00e1me pad\u011blky.<\/li>\r\n<li>100% Z\u00e1ruka dod\u00e1n\u00ed: Pou\u017e\u00edv\u00e1me nejlep\u0161\u00ed zp\u016fsob dopravy, abychom zajistili, \u017ee objedn\u00e1vku 100% obdr\u017e\u00edte.<\/li>\r\n<li>Po odesl\u00e1n\u00ed v\u00e1m poskytneme sledovac\u00ed \u010d\u00edslo a p\u0159epravn\u00ed \u0161t\u00edtek a budeme pro v\u00e1s sledovat zbo\u017e\u00ed, dokud ho nepodep\u00ed\u0161ete.<\/li>\r\n<li>\u017d\u00e1dn\u00e9 celn\u00ed probl\u00e9my, \u017e\u00e1dn\u00e1 cla<\/li>\r\n<\/ul>","protected":false},"excerpt":{"rendered":"<div class=\"wsppc_div_block woocommerce_before_add_to_cart_form\">\r\n<p><strong><span style=\"color: #00a859;\">Vy\u010distit celnici<\/span> p\u0159ed dod\u00e1n\u00edm &amp; 100% Z\u00e1ruka doru\u010den\u00ed, doru\u010den\u00ed p\u0159ibli\u017en\u011b za 19\u201325 dn\u00ed.\u00a0<\/strong><\/p>\r\n<\/div>","protected":false},"featured_media":25325,"comment_status":"open","ping_status":"closed","template":"","meta":[],"pwb-brand":[1279],"product_cat":[873],"product_tag":[24,878,1219,1246,22],"class_list":{"0":"post-25326","1":"product","2":"type-product","3":"status-publish","4":"has-post-thumbnail","6":"pwb-brand-fihp","7":"product_cat-above-20k-puffs","8":"product_tag-wholesale","9":"product_tag-fihp","10":"product_tag-120000-puffs","11":"product_tag-64-0ml","12":"product_tag-disposable","13":"wcpa_has_options","15":"first","16":"instock","17":"shipping-taxable","18":"purchasable","19":"product-type-variable"},"aioseo_notices":[],"brands":[{"id":1279,"name":"FIHP","slug":"fihp"}],"_links":{"self":[{"href":"https:\/\/www.vape4wholesale.com\/cs\/wp-json\/wp\/v2\/product\/25326","targetHints":{"allow":["GET"]}}],"collection":[{"href":"https:\/\/www.vape4wholesale.com\/cs\/wp-json\/wp\/v2\/product"}],"about":[{"href":"https:\/\/www.vape4wholesale.com\/cs\/wp-json\/wp\/v2\/types\/product"}],"replies":[{"embeddable":true,"href":"https:\/\/www.vape4wholesale.com\/cs\/wp-json\/wp\/v2\/comments?post=25326"}],"wp:featuredmedia":[{"embeddable":true,"href":"https:\/\/www.vape4wholesale.com\/cs\/wp-json\/wp\/v2\/media\/25325"}],"wp:attachment":[{"href":"https:\/\/www.vape4wholesale.com\/cs\/wp-json\/wp\/v2\/media?parent=25326"}],"wp:term":[{"taxonomy":"pwb-brand","embeddable":true,"href":"https:\/\/www.vape4wholesale.com\/cs\/wp-json\/wp\/v2\/pwb-brand?post=25326"},{"taxonomy":"product_cat","embeddable":true,"href":"https:\/\/www.vape4wholesale.com\/cs\/wp-json\/wp\/v2\/product_cat?post=25326"},{"taxonomy":"product_tag","embeddable":true,"href":"https:\/\/www.vape4wholesale.com\/cs\/wp-json\/wp\/v2\/product_tag?post=25326"}],"curies":[{"name":"wp","href":"https:\/\/api.w.org\/{rel}","templated":true}]}}