{"id":25297,"date":"2025-10-22T20:54:47","date_gmt":"2025-10-22T12:54:47","guid":{"rendered":"https:\/\/www.vape4wholesale.com\/?post_type=product&#038;p=25297"},"modified":"2026-01-26T13:38:20","modified_gmt":"2026-01-26T13:38:20","slug":"fihp-60000-3v1-trojite-prichute-jednorazovy-vape-velkoobchod","status":"publish","type":"product","link":"https:\/\/www.vape4wholesale.com\/cs\/product\/fihp-60000-3in1-triple-flavors-disposable-vape-wholesale","title":{"rendered":"FIHP 60000 3v1 Triple Flavors Jednor\u00e1zov\u00fd velkoobchod Vape"},"content":{"rendered":"<p class=\"ds-markdown-paragraph\">Na str\u00e1nk\u00e1ch <a title=\"FIHP\" href=\"https:\/\/www.vape4wholesale.com\/cs\/product_brand\/fihp\/\" target=\"_blank\" rel=\"noopener\"><strong>FIHP<\/strong><\/a> 60000 jednor\u00e1zov\u00fdch \u0161luk\u00e1tek 3v1 Triple Flavors nastavuje nov\u00fd standard pro dlouhou \u017eivotnost a chu\u0165, proto\u017ee poskytuje bezkonkuren\u010dn\u00edch 60 000 potah\u016f z jedin\u00e9ho za\u0159\u00edzen\u00ed. Je p\u0159edpln\u011bn masivn\u00edm 54ml e-liquidu, kter\u00fd je k dispozici v s\u00edle nikotinu 2% nebo 5% dle va\u0161eho v\u00fdb\u011bru. Srdcem tohoto z\u00e1\u017eitku je pokro\u010dil\u00e1 spir\u00e1lka Dual Mesh (0,9ohm), kter\u00e1 odborn\u011b odpa\u0159uje jedine\u010dn\u00fd e-liquid Triple Flavor a vytv\u00e1\u0159\u00ed bohatou, komplexn\u00ed a trvale uspokojuj\u00edc\u00ed p\u00e1ru od za\u010d\u00e1tku a\u017e do konce.<\/p>\n<p class=\"ds-markdown-paragraph\">Za\u0159\u00edzen\u00ed je navr\u017eeno pro maxim\u00e1ln\u00ed pohodl\u00ed a v\u00fdkon a je vybaveno robustn\u00ed dob\u00edjec\u00ed bateri\u00ed s kapacitou 650 mAh a modern\u00edm nab\u00edjec\u00edm portem typu C, kter\u00fd v\u00e1m zajist\u00ed energii, kdykoli ji budete pot\u0159ebovat. Integrovan\u00fd LED displej poskytuje p\u0159ehlednou kontrolu stavu baterie v re\u00e1ln\u00e9m \u010dase, tak\u017ee v\u00e1s nikdy nezasko\u010d\u00ed. D\u00edky elegantn\u00edmu a ergonomick\u00e9mu designu o rozm\u011brech 42*42*110 mm je pozoruhodn\u011b p\u0159enosn\u00e1 a z\u00e1rove\u0148 dostate\u010dn\u011b v\u00fdkonn\u00e1, aby se stala va\u0161\u00edm celodenn\u00edm spole\u010dn\u00edkem p\u0159i vapov\u00e1n\u00ed.<\/p>\n<h2 class=\"ds-markdown-paragraph\"><strong>FIHP 60000 3v1 Triple Flavors Vape Kl\u00ed\u010dov\u00e9 vlastnosti<\/strong><\/h2>\n<ul>\n<li class=\"ds-markdown-paragraph\">Masivn\u00ed 60 000 Puffs: Navr\u017eeno pro extr\u00e9mn\u011b dlouhou \u017eivotnost, kter\u00e1 eliminuje pot\u0159ebu \u010dast\u00e9 v\u00fdm\u011bny.<\/li>\n<li class=\"ds-markdown-paragraph\">Trojit\u00fd chu\u0165ov\u00fd z\u00e1\u017eitek: Vychutnejte si dynamick\u00fd a komplexn\u00ed chu\u0165ov\u00fd profil, kter\u00fd se vyv\u00edj\u00ed s ka\u017ed\u00fdm \u0161lukem.<\/li>\n<li class=\"ds-markdown-paragraph\">Technologie Dual Mesh Coil (0,9ohm): Na\u0161e pokro\u010dil\u00e1 spir\u00e1lka s dvojitou m\u0159\u00ed\u017ekou zaji\u0161\u0165uje rychlej\u0161\u00ed \u017ehaven\u00ed, bohat\u0161\u00ed chu\u0165 a hust\u0161\u00ed produkci p\u00e1ry.<\/li>\n<li class=\"ds-markdown-paragraph\">Velk\u00fd 54ml p\u0159edpln\u011bn\u00fd e-liquid: P\u0159edpln\u011bn\u00fd velkorys\u00fd 54ml vysoce kvalitn\u00edho soln\u00e9ho nikotinov\u00e9ho e-liquidu. Vyberte si podle sv\u00fdch preferenc\u00ed s\u00edlu nikotinu 2% nebo 5%.<\/li>\n<li class=\"ds-markdown-paragraph\">Integrovan\u00e1 baterie s kapacitou 650 mAh: Poskytuje dostatek energie po celou dobu \u017eivotnosti za\u0159\u00edzen\u00ed.<\/li>\n<li class=\"ds-markdown-paragraph\">Rychl\u00e9 dob\u00edjen\u00ed Type-C: D\u00edky modern\u00edmu nab\u00edjec\u00edmu portu USB typu C se m\u016f\u017eete rychle vr\u00e1tit k vapov\u00e1n\u00ed.<\/li>\n<li class=\"ds-markdown-paragraph\">P\u0159ehledn\u00fd LED displej: Snadno sledujte stav nabit\u00ed baterie, aby v\u00e1s nic nep\u0159ekvapilo.<\/li>\n<\/ul>\n<h2><strong>Rychl\u00e9 specifikace produktu<\/strong><\/h2>\n<p>Kapacita pufu: P\u0159ibli\u017en\u011b 60 000 puf\u016f<br \/>\nKapacita e-liquidu: 54 ml (p\u0159edpln\u011bn\u00fd)<br \/>\nS\u00edla nikotinu: 2% nebo 5%<br \/>\nBaterie: 650 mAh dob\u00edjec\u00ed<br \/>\nNab\u00edjec\u00ed port: Type-C<br \/>\nC\u00edvka: Dual Mesh Coil, 0,9ohm<br \/>\nZobrazen\u00ed: LED indik\u00e1tor baterie<br \/>\nRozm\u011bry v\u00fdrobku: 42 x 42 x 110 mm<br \/>\nChu\u0165: Trojit\u00e1 p\u0159\u00edchu\u0165<br \/>\nInformace o p\u0159eprav\u011b (pro velkoobchodn\u00edky):<br \/>\nVelikost kartonu: 470 x 390 x 260 mm<br \/>\nMno\u017estv\u00ed v kartonu: 160 ks<br \/>\nHrub\u00e1 hmotnost jednoho kartonu: 21,5 kg<\/p>\n<h2 class=\"ds-markdown-paragraph\"><strong>FIHP 60000 3v1 Troj\u00ed p\u0159\u00edchut\u011b k dispozici<\/strong><\/h2>\n<p>01# Melounov\u00fd led a Red Bull a jahodov\u00e9 kiwi<br \/>\n02# Citronov\u00e1 limetka a jahoda Meloun a bor\u016fvkov\u00fd led<br \/>\n03# Jahodov\u00fd ban\u00e1n a dvojit\u00e9 jablko a malinov\u00fd meloun<br \/>\n04# Jahoda Kiwi a kysel\u00e9 mango Ananas a Red Bull<br \/>\n05# Tropick\u00e9 ovoce a jahody Meloun a citron Broskev<br \/>\n06# Ananasov\u00fd kokos &amp; Blue Razz &amp; Jahodov\u00fd ban\u00e1n<br \/>\n07# Jahoda malina a trojit\u00fd meloun a kysel\u00e9 mango ananas<br \/>\n08# Sm\u00ed\u0161en\u00e9 bobule a maliny Meloun a mango Broskev<br \/>\n09# Bor\u016fvka malina a jahoda Vanilkov\u00e1 kola a citronov\u00e1 limetka<br \/>\n10# Melounov\u00fd led &amp; broskvov\u00e9 bobule &amp; trojit\u00fd meloun<\/p>\n<h2><strong>Podrobnosti o balen\u00ed<\/strong><\/h2>\n<p>1 ks\/jedin\u00e1 krabi\u010dka<br \/>\n10 ks \/ zobrazovac\u00ed box<br \/>\n160 ks\/karton (rozm\u011br kartonu: 470 x 390 x 260 mm)<br \/>\nHrub\u00e1 hmotnost jednoho kartonu: 21,5 kg<\/p>\n<figure id=\"attachment_25311\" aria-describedby=\"caption-attachment-25311\" style=\"width: 800px\" class=\"wp-caption alignnone\"><img loading=\"lazy\" decoding=\"async\" class=\"wp-image-25311 size-full\" title=\"FIHP 60000 3v1 Triple Flavors jednor\u00e1zov\u00fd Vape 1\" src=\"https:\/\/www.vape4wholesale.com\/wp-content\/uploads\/2025\/10\/FIHP-60000-3in1-Triple-Flavors-Disposable-Vape_1.webp\" alt=\"FIHP 60000 3v1 Triple Flavors jednor\u00e1zov\u00fd Vape 1\" width=\"800\" height=\"800\" srcset=\"https:\/\/www.vape4wholesale.com\/wp-content\/uploads\/2025\/10\/FIHP-60000-3in1-Triple-Flavors-Disposable-Vape_1.webp 800w, https:\/\/www.vape4wholesale.com\/wp-content\/uploads\/2025\/10\/FIHP-60000-3in1-Triple-Flavors-Disposable-Vape_1-247x247.webp 247w, https:\/\/www.vape4wholesale.com\/wp-content\/uploads\/2025\/10\/FIHP-60000-3in1-Triple-Flavors-Disposable-Vape_1-100x100.webp 100w, https:\/\/www.vape4wholesale.com\/wp-content\/uploads\/2025\/10\/FIHP-60000-3in1-Triple-Flavors-Disposable-Vape_1-510x510.webp 510w, https:\/\/www.vape4wholesale.com\/wp-content\/uploads\/2025\/10\/FIHP-60000-3in1-Triple-Flavors-Disposable-Vape_1-300x300.webp 300w, https:\/\/www.vape4wholesale.com\/wp-content\/uploads\/2025\/10\/FIHP-60000-3in1-Triple-Flavors-Disposable-Vape_1-150x150.webp 150w, https:\/\/www.vape4wholesale.com\/wp-content\/uploads\/2025\/10\/FIHP-60000-3in1-Triple-Flavors-Disposable-Vape_1-768x768.webp 768w, https:\/\/www.vape4wholesale.com\/wp-content\/uploads\/2025\/10\/FIHP-60000-3in1-Triple-Flavors-Disposable-Vape_1-12x12.webp 12w, https:\/\/www.vape4wholesale.com\/wp-content\/uploads\/2025\/10\/FIHP-60000-3in1-Triple-Flavors-Disposable-Vape_1-64x64.webp 64w\" sizes=\"auto, (max-width: 800px) 100vw, 800px\" \/><figcaption id=\"caption-attachment-25311\" class=\"wp-caption-text\">FIHP 60000 3v1 Triple Flavors Jednor\u00e1zov\u00e9 Vape<\/figcaption><\/figure>\n<h2>PRO\u010c MY?<\/h2>\r\n<ul>\r\n<li>Skute\u010dn\u00fd, d\u016fv\u011bryhodn\u00fd a profesion\u00e1ln\u00ed zdroj vape.<\/li>\r\n<li>100% Origin\u00e1ln\u00ed z\u00e1ruka: Odm\u00edt\u00e1me pad\u011blky.<\/li>\r\n<li>100% Z\u00e1ruka dod\u00e1n\u00ed: Pou\u017e\u00edv\u00e1me nejlep\u0161\u00ed zp\u016fsob dopravy, abychom zajistili, \u017ee objedn\u00e1vku 100% obdr\u017e\u00edte.<\/li>\r\n<li>Po odesl\u00e1n\u00ed v\u00e1m poskytneme sledovac\u00ed \u010d\u00edslo a p\u0159epravn\u00ed \u0161t\u00edtek a budeme pro v\u00e1s sledovat zbo\u017e\u00ed, dokud ho nepodep\u00ed\u0161ete.<\/li>\r\n<li>\u017d\u00e1dn\u00e9 celn\u00ed probl\u00e9my, \u017e\u00e1dn\u00e1 cla<\/li>\r\n<\/ul>","protected":false},"excerpt":{"rendered":"<div class=\"wsppc_div_block woocommerce_before_add_to_cart_form\">\r\n<p><strong><span style=\"color: #00a859;\">Clear customs<\/span> before delivery &amp; 100% Delivery Guarantee, Delivery in 19~25 days around.\u00a0<\/strong><\/p>\r\n<\/div>","protected":false},"featured_media":25316,"comment_status":"open","ping_status":"closed","template":"","meta":[],"pwb-brand":[1279],"product_cat":[873],"product_tag":[22,24,878,1114,1115],"class_list":{"0":"post-25297","1":"product","2":"type-product","3":"status-publish","4":"has-post-thumbnail","6":"pwb-brand-fihp","7":"product_cat-above-20k-puffs","8":"product_tag-disposable","9":"product_tag-wholesale","10":"product_tag-fihp","11":"product_tag-60000-puffs","12":"product_tag-54-0ml","13":"wcpa_has_options","15":"first","16":"instock","17":"shipping-taxable","18":"purchasable","19":"product-type-variable"},"aioseo_notices":[],"brands":[{"id":1279,"name":"FIHP","slug":"fihp"}],"_links":{"self":[{"href":"https:\/\/www.vape4wholesale.com\/cs\/wp-json\/wp\/v2\/product\/25297","targetHints":{"allow":["GET"]}}],"collection":[{"href":"https:\/\/www.vape4wholesale.com\/cs\/wp-json\/wp\/v2\/product"}],"about":[{"href":"https:\/\/www.vape4wholesale.com\/cs\/wp-json\/wp\/v2\/types\/product"}],"replies":[{"embeddable":true,"href":"https:\/\/www.vape4wholesale.com\/cs\/wp-json\/wp\/v2\/comments?post=25297"}],"wp:featuredmedia":[{"embeddable":true,"href":"https:\/\/www.vape4wholesale.com\/cs\/wp-json\/wp\/v2\/media\/25316"}],"wp:attachment":[{"href":"https:\/\/www.vape4wholesale.com\/cs\/wp-json\/wp\/v2\/media?parent=25297"}],"wp:term":[{"taxonomy":"pwb-brand","embeddable":true,"href":"https:\/\/www.vape4wholesale.com\/cs\/wp-json\/wp\/v2\/pwb-brand?post=25297"},{"taxonomy":"product_cat","embeddable":true,"href":"https:\/\/www.vape4wholesale.com\/cs\/wp-json\/wp\/v2\/product_cat?post=25297"},{"taxonomy":"product_tag","embeddable":true,"href":"https:\/\/www.vape4wholesale.com\/cs\/wp-json\/wp\/v2\/product_tag?post=25297"}],"curies":[{"name":"wp","href":"https:\/\/api.w.org\/{rel}","templated":true}]}}