{"id":25248,"date":"2025-10-21T23:39:42","date_gmt":"2025-10-21T15:39:42","guid":{"rendered":"https:\/\/www.vape4wholesale.com\/?post_type=product&#038;p=25248"},"modified":"2026-01-26T13:38:22","modified_gmt":"2026-01-26T13:38:22","slug":"fumot-tornado-35k-jednorazovy-vape-velkoobchod","status":"publish","type":"product","link":"https:\/\/www.vape4wholesale.com\/cs\/product\/fumot-tornado-35k-disposable-vape-wholesale","title":{"rendered":"Fumot Tornado 35K Jednor\u00e1zov\u00fd velkoobchodn\u00ed prodej Vape"},"content":{"rendered":"<p class=\"ds-markdown-paragraph\">Na str\u00e1nk\u00e1ch <a title=\"Fumot\" href=\"https:\/\/www.vape4wholesale.com\/cs\/product_brand\/fumot\/\" target=\"_blank\" rel=\"noopener\"><strong>Fumot<\/strong> <\/a>Tornado 35K, navr\u017een\u00e9 spole\u010dnost\u00ed Randm, nov\u011b definuje pohodl\u00ed d\u00edky inovativn\u00edmu chytr\u00e9mu displeji - funkci, kter\u00e1 se u jednor\u00e1zov\u00fdch vap\u016f vyskytuje jen z\u0159\u00eddka. Tento intuitivn\u00ed displej umo\u017e\u0148uje v re\u00e1ln\u00e9m \u010dase sledovat \u00farove\u0148 oleje a energie baterie, tak\u017ee budete v\u017edy informov\u00e1ni. Krom\u011b chytr\u00fdch funkc\u00ed nab\u00edz\u00ed i personalizovan\u00fd smyslov\u00fd z\u00e1\u017eitek d\u00edky dynamick\u00fdm sv\u011btl\u016fm RGB, kter\u00e9 cyklicky st\u0159\u00eddaj\u00ed p\u011bt r\u016fzn\u00fdch barev a efekt\u016f.<\/p>\n<p class=\"ds-markdown-paragraph\">Srdcem v\u00fdkonu je pokro\u010dil\u00e1 technologie 1,2\u03a9 spir\u00e1lky s dvojitou m\u0159\u00ed\u017ekou, kter\u00e1 zaru\u010duje rovnom\u011brn\u00e9 \u017ehaven\u00ed pro konzistentn\u011b bohatou chu\u0165 a hustou p\u00e1ru od prvn\u00edho potahu a\u017e po ten posledn\u00ed. O pohon tohoto z\u00e1\u017eitku se star\u00e1 robustn\u00ed vestav\u011bn\u00e1 dob\u00edjec\u00ed baterie s kapacitou 700 mAh, kter\u00e1 je podporov\u00e1na modern\u00edm nab\u00edjen\u00edm typu C pro rychl\u00e9 a pohodln\u00e9 dob\u00edjen\u00ed. Tato kombinace p\u0159in\u00e1\u0161\u00ed jak v\u00fdjime\u010dnou chu\u0165, tak spolehliv\u00fd a dlouhotrvaj\u00edc\u00ed v\u00fdkon.<\/p>\n<p class=\"ds-markdown-paragraph\">Tornado 35K je k dispozici v p\u016fsobiv\u00e9 \u0161k\u00e1le 38 podmaniv\u00fdch p\u0159\u00edchut\u00ed, kter\u00e9 uspokoj\u00ed ka\u017ed\u00e9ho z\u00e1kazn\u00edka. Pro dal\u0161\u00ed p\u0159izp\u016fsoben\u00ed va\u0161eho vapov\u00e1n\u00ed si m\u016f\u017eete vybrat ze dvou mo\u017enost\u00ed koncentrace nikotinov\u00e9 soli: 2% a 5%. Toto za\u0159\u00edzen\u00ed mistrovsky kombinuje \u0161pi\u010dkovou technologii s rozs\u00e1hl\u00fdm v\u00fdb\u011brem, co\u017e z n\u011bj \u010din\u00ed dokonal\u00e9 \u0159e\u0161en\u00ed vapingu \"v\u0161e v jednom\".<\/p>\n<h2 class=\"ds-markdown-paragraph\"><strong>Fumot Tornado 35K Kl\u00ed\u010dov\u00e9 vlastnosti<\/strong><\/h2>\n<ul>\n<li>\n<p class=\"ds-markdown-paragraph\"><strong>Chytr\u00fd displej:<\/strong>\u00a0M\u011bjte p\u0159ehled o sv\u00fdch pot\u0159eb\u00e1ch pro vaping na prvn\u00ed pohled. Na displeji se v re\u00e1ln\u00e9m \u010dase zobrazuje stav e-liquidu a energie baterie, tak\u017ee v\u00e1s nikdy nic nep\u0159ekvap\u00ed.<\/p>\n<\/li>\n<li>\n<p class=\"ds-markdown-paragraph\"><strong>Technologie Dual Mesh Coil:<\/strong>\u00a0Je vybaven 1,2\u03a9 spir\u00e1lkou s dvojitou m\u0159\u00ed\u017ekou pro rovnom\u011brn\u00e9 \u017ehaven\u00ed, kter\u00e1 poskytuje konzistentn\u011b bohatou chu\u0165 a hustou p\u00e1ru od prvn\u00edho potahu a\u017e po posledn\u00ed.<\/p>\n<\/li>\n<li>\n<p class=\"ds-markdown-paragraph\"><strong>Vysokokapacitn\u00ed dob\u00edjec\u00ed baterie:<\/strong>\u00a0Vestav\u011bn\u00e1 baterie s kapacitou 700 mAh, kterou lze dob\u00edjet pomoc\u00ed modern\u00edho nab\u00edjen\u00ed typu C, umo\u017e\u0148uje del\u0161\u00ed pou\u017e\u00edv\u00e1n\u00ed a zaji\u0161\u0165uje, \u017ee je za\u0159\u00edzen\u00ed v\u017edy p\u0159ipraveno, kdy\u017e jste vy.<\/p>\n<\/li>\n<li>\n<p class=\"ds-markdown-paragraph\"><strong>Dynamick\u00e9 osv\u011btlen\u00ed RGB:<\/strong>\u00a0P\u0159izp\u016fsobte si sv\u00e9 za\u0159\u00edzen\u00ed pomoc\u00ed 5 r\u016fzn\u00fdch barev a efekt\u016f sv\u011btla RGB, kter\u00e9 dodaj\u00ed va\u0161emu vapov\u00e1n\u00ed stylov\u00fd n\u00e1dech.<\/p>\n<\/li>\n<li>\n<p class=\"ds-markdown-paragraph\"><strong>Rozs\u00e1hl\u00fd v\u00fdb\u011br p\u0159\u00edchut\u00ed:<\/strong>\u00a0S 38 lahodn\u00fdmi chut\u011bmi a mo\u017enost\u00ed volby mezi 2% nebo 5% nikotinov\u00e9 soli je Tornado 35K ide\u00e1ln\u00ed pro ka\u017edou chu\u0165.<\/p>\n<\/li>\n<\/ul>\n<h2 class=\"ds-markdown-paragraph\"><strong>Specifikace produktu<\/strong><\/h2>\n<ul>\n<li>\n<p class=\"ds-markdown-paragraph\">Hladiny nikotinov\u00e9 soli: 2% a 5%<\/p>\n<\/li>\n<li>\n<p class=\"ds-markdown-paragraph\">C\u00edvka: 1,2\u03a9 Dual Mesh<\/p>\n<\/li>\n<li>\n<p class=\"ds-markdown-paragraph\">Baterie: 700mAh dob\u00edjec\u00ed<\/p>\n<\/li>\n<li>\n<p class=\"ds-markdown-paragraph\">Nab\u00edjen\u00ed: Port typu C<\/p>\n<\/li>\n<li>\n<p class=\"ds-markdown-paragraph\">Zobrazen\u00ed: Inteligentn\u00ed obrazovka (indik\u00e1tor oleje a nap\u00e1jen\u00ed)<\/p>\n<\/li>\n<li>\n<p class=\"ds-markdown-paragraph\">Osv\u011btlen\u00ed: V\u00edcebarevn\u00e9 RGB<\/p>\n<\/li>\n<\/ul>\n<h2 class=\"ds-markdown-paragraph\"><strong>Fumot Tornado 35K dostupn\u00e9 p\u0159\u00edchut\u011b<\/strong><\/h2>\n<div>1. Jahodov\u00fd meloun<br \/>\n2. R\u016f\u017eov\u00e1 limon\u00e1da<br \/>\n3. Melounov\u00fd led<br \/>\n4. Bor\u016fvka malina<br \/>\n5. Mexiko Mango Ice<br \/>\n6. Blue Razz Ice<br \/>\n7. Cool Mint<br \/>\n8. Ledov\u00fd pop<br \/>\n9. Hroznov\u00fd citron<br \/>\n10. Broskvov\u00fd meloun s mangem<br \/>\n11. Sour Apple Pop<br \/>\n12. Kiwi Mu\u010denka Ovoce Guava<br \/>\n13. T\u0159e\u0161\u0148ov\u00e1 bomba<br \/>\n14. \u0160\u0165avnat\u00e1 broskvov\u00e1 zmrzlina<br \/>\n15. B\u00edl\u00fd gumov\u00fd led<br \/>\n16. Blueberry Bubblegum<br \/>\n17. Fanta<br \/>\n18. Sv\u011b\u017e\u00ed mentolov\u00e9 mojito<br \/>\n19. Zelen\u00fd \u010daj Cactus Lemon<br \/>\n20. Plody aloe citronov\u00e9<br \/>\n21. Broskvov\u00fd jable\u010dn\u00fd led<br \/>\n22. Zelen\u00fd hroznov\u00fd meloun<br \/>\n23. Zelen\u00e9 jablko Citrusov\u00fd mentol<br \/>\n24. Cherry Cola<br \/>\n25. Pan Modr\u00fd<br \/>\n26. Letn\u00ed broskvov\u00fd led<br \/>\n27. Jahodov\u00e1 zmrzlina<br \/>\n28. Broskvov\u00e9 bobule<br \/>\n29. Broskvov\u00e9 mango<br \/>\n30. Cherry Berry<br \/>\n31. Vi\u0161\u0148ov\u00e1 broskvov\u00e1 limon\u00e1da<br \/>\n32. Bor\u016fvka t\u0159e\u0161e\u0148 brusinka<br \/>\n33. Jahodov\u00e1 malinov\u00e1 t\u0159e\u0161\u0148ov\u00e1 zmrzlina<br \/>\n34. Broskvov\u00fd mango ananas<br \/>\n35. \u010cern\u00fd led<br \/>\n36. Jahodov\u00e9 kiwi<br \/>\n37. Lady Killer<br \/>\n38. L\u00e1ska 66<br \/>\n39. Gumov\u00fd medv\u00eddek Blue Razz<\/div>\n<div><\/div>\n<h2><strong>Balen\u00ed Deteils<\/strong><\/h2>\n<ul>\n<li>1 ks\/jedin\u00e1 krabi\u010dka<\/li>\n<li>10 ks \/ zobrazovac\u00ed box<\/li>\n<li>180 ks\/karton<\/li>\n<\/ul>\n<div>\n<figure id=\"attachment_25246\" aria-describedby=\"caption-attachment-25246\" style=\"width: 800px\" class=\"wp-caption alignnone\"><img loading=\"lazy\" decoding=\"async\" class=\"size-full wp-image-25246\" title=\"Fumot Tornado 35000 Vape na jedno pou\u017eit\u00ed\" src=\"https:\/\/www.vape4wholesale.com\/wp-content\/uploads\/2025\/10\/Fumot-Tornado-35000-Disposable-Vape.webp\" alt=\"Fumot Tornado 35000 Vape na jedno pou\u017eit\u00ed\" width=\"800\" height=\"800\" srcset=\"https:\/\/www.vape4wholesale.com\/wp-content\/uploads\/2025\/10\/Fumot-Tornado-35000-Disposable-Vape.webp 800w, https:\/\/www.vape4wholesale.com\/wp-content\/uploads\/2025\/10\/Fumot-Tornado-35000-Disposable-Vape-247x247.webp 247w, https:\/\/www.vape4wholesale.com\/wp-content\/uploads\/2025\/10\/Fumot-Tornado-35000-Disposable-Vape-100x100.webp 100w, https:\/\/www.vape4wholesale.com\/wp-content\/uploads\/2025\/10\/Fumot-Tornado-35000-Disposable-Vape-510x510.webp 510w, https:\/\/www.vape4wholesale.com\/wp-content\/uploads\/2025\/10\/Fumot-Tornado-35000-Disposable-Vape-300x300.webp 300w, https:\/\/www.vape4wholesale.com\/wp-content\/uploads\/2025\/10\/Fumot-Tornado-35000-Disposable-Vape-150x150.webp 150w, https:\/\/www.vape4wholesale.com\/wp-content\/uploads\/2025\/10\/Fumot-Tornado-35000-Disposable-Vape-768x768.webp 768w, https:\/\/www.vape4wholesale.com\/wp-content\/uploads\/2025\/10\/Fumot-Tornado-35000-Disposable-Vape-12x12.webp 12w, https:\/\/www.vape4wholesale.com\/wp-content\/uploads\/2025\/10\/Fumot-Tornado-35000-Disposable-Vape-64x64.webp 64w\" sizes=\"auto, (max-width: 800px) 100vw, 800px\" \/><figcaption id=\"caption-attachment-25246\" class=\"wp-caption-text\">Fumot Tornado 35000 Vape na jedno pou\u017eit\u00ed<\/figcaption><\/figure>\n<h2>PRO\u010c MY?<\/h2>\r\n<ul>\r\n<li>Skute\u010dn\u00fd, d\u016fv\u011bryhodn\u00fd a profesion\u00e1ln\u00ed zdroj vape.<\/li>\r\n<li>100% Origin\u00e1ln\u00ed z\u00e1ruka: Odm\u00edt\u00e1me pad\u011blky.<\/li>\r\n<li>100% Z\u00e1ruka dod\u00e1n\u00ed: Pou\u017e\u00edv\u00e1me nejlep\u0161\u00ed zp\u016fsob dopravy, abychom zajistili, \u017ee objedn\u00e1vku 100% obdr\u017e\u00edte.<\/li>\r\n<li>Po odesl\u00e1n\u00ed v\u00e1m poskytneme sledovac\u00ed \u010d\u00edslo a p\u0159epravn\u00ed \u0161t\u00edtek a budeme pro v\u00e1s sledovat zbo\u017e\u00ed, dokud ho nepodep\u00ed\u0161ete.<\/li>\r\n<li>\u017d\u00e1dn\u00e9 celn\u00ed probl\u00e9my, \u017e\u00e1dn\u00e1 cla<\/li>\r\n<\/ul>\n<\/div>","protected":false},"excerpt":{"rendered":"<div class=\"wsppc_div_block woocommerce_before_add_to_cart_form\">\r\n<p><strong><span style=\"color: #00a859;\">Clear customs<\/span> before delivery &amp; 100% Delivery Guarantee, Delivery in 19~25 days around.\u00a0<\/strong><\/p>\r\n<\/div>","protected":false},"featured_media":25246,"comment_status":"open","ping_status":"closed","template":"","meta":[],"pwb-brand":[1269],"product_cat":[873],"product_tag":[592,933,1023,22,24],"class_list":{"0":"post-25248","1":"product","2":"type-product","3":"status-publish","4":"has-post-thumbnail","6":"pwb-brand-fumot","7":"product_cat-above-20k-puffs","8":"product_tag-fumot","9":"product_tag-35-0ml","10":"product_tag-35000-puffs","11":"product_tag-disposable","12":"product_tag-wholesale","13":"wcpa_has_options","15":"first","16":"instock","17":"featured","18":"shipping-taxable","19":"purchasable","20":"product-type-variable"},"aioseo_notices":[],"brands":[{"id":1269,"name":"Fumot","slug":"fumot"}],"_links":{"self":[{"href":"https:\/\/www.vape4wholesale.com\/cs\/wp-json\/wp\/v2\/product\/25248","targetHints":{"allow":["GET"]}}],"collection":[{"href":"https:\/\/www.vape4wholesale.com\/cs\/wp-json\/wp\/v2\/product"}],"about":[{"href":"https:\/\/www.vape4wholesale.com\/cs\/wp-json\/wp\/v2\/types\/product"}],"replies":[{"embeddable":true,"href":"https:\/\/www.vape4wholesale.com\/cs\/wp-json\/wp\/v2\/comments?post=25248"}],"wp:featuredmedia":[{"embeddable":true,"href":"https:\/\/www.vape4wholesale.com\/cs\/wp-json\/wp\/v2\/media\/25246"}],"wp:attachment":[{"href":"https:\/\/www.vape4wholesale.com\/cs\/wp-json\/wp\/v2\/media?parent=25248"}],"wp:term":[{"taxonomy":"pwb-brand","embeddable":true,"href":"https:\/\/www.vape4wholesale.com\/cs\/wp-json\/wp\/v2\/pwb-brand?post=25248"},{"taxonomy":"product_cat","embeddable":true,"href":"https:\/\/www.vape4wholesale.com\/cs\/wp-json\/wp\/v2\/product_cat?post=25248"},{"taxonomy":"product_tag","embeddable":true,"href":"https:\/\/www.vape4wholesale.com\/cs\/wp-json\/wp\/v2\/product_tag?post=25248"}],"curies":[{"name":"wp","href":"https:\/\/api.w.org\/{rel}","templated":true}]}}