{"id":25164,"date":"2025-10-21T11:22:55","date_gmt":"2025-10-21T03:22:55","guid":{"rendered":"https:\/\/www.vape4wholesale.com\/?post_type=product&#038;p=25164"},"modified":"2026-01-27T15:47:12","modified_gmt":"2026-01-27T15:47:12","slug":"happ-bar-mt50000-jednorazovy-vape-velkoobchod","status":"publish","type":"product","link":"https:\/\/www.vape4wholesale.com\/cs\/produkt\/happ-bar-mt50000-jednorazovy-vape-velkoobchod","title":{"rendered":"Happ Bar MT50000 Jednor\u00e1zov\u00fd velkoobchodn\u00ed prodej Vape"},"content":{"rendered":"<p class=\"ds-markdown-paragraph\">Na str\u00e1nk\u00e1ch\u00a0<a title=\"Happ Bar\" href=\"https:\/\/www.vape4wholesale.com\/cs\/product_brand\/happ-bar\/\" target=\"_blank\" rel=\"noopener\"><strong>Happ Bar<\/strong><\/a> MT50000 je revolu\u010dn\u00ed jednor\u00e1zov\u00e9 vape za\u0159\u00edzen\u00ed navr\u017een\u00e9 pro bezkonkuren\u010dn\u00ed v\u00fddr\u017e a v\u00fdkon. S ohromuj\u00edc\u00ed v\u00fddr\u017e\u00ed 50 000 potah\u016f je toto za\u0159\u00edzen\u00ed vyrobeno tak, aby vydr\u017eelo a nab\u00edzelo v\u00fdjime\u010dn\u00fd z\u00e1\u017eitek z vapov\u00e1n\u00ed bez nutnosti \u010dast\u00e9 v\u00fdm\u011bny.<\/p>\n<p class=\"ds-markdown-paragraph\">Happ Bar MT50000 je vybaven velkorysou kapacitou 45 ml p\u0159edpln\u011bn\u00e9ho e-liquidu a v\u00fdkonnou dob\u00edjec\u00ed bateri\u00ed o kapacit\u011b 650 mAh (p\u0159es praktick\u00fd port typu C), tak\u017ee si u\u017eijete konzistentn\u00ed chu\u0165 a produkci p\u00e1ry od prvn\u00edho potahu a\u017e do posledn\u00edho. Integrovan\u00e1 1,0ohmov\u00e1 spir\u00e1lka zaji\u0161\u0165uje hladk\u00e9 a uspokojiv\u00e9 potahov\u00e1n\u00ed, dokonale vyv\u00e1\u017een\u00e9 pro intenzitu chuti i objem p\u00e1ry.<\/p>\n<p class=\"ds-markdown-paragraph\">Vyberte si preferovanou s\u00edlu nikotinu 2% nebo 5%, kter\u00e1 odpov\u00edd\u00e1 va\u0161emu osobn\u00edmu stylu vapov\u00e1n\u00ed. Za\u0159\u00edzen\u00ed je tak\u00e9 vybaveno praktick\u00fdm LCD displejem, kter\u00fd v re\u00e1ln\u00e9m \u010dase zobrazuje v\u00fddr\u017e baterie a hladinu e-liquidu, tak\u017ee m\u00e1te v\u0161e v\u017edy pod kontrolou.<\/p>\n<p class=\"ds-markdown-paragraph\">Z 15 zaj\u00edmav\u00fdch p\u0159\u00edchut\u00ed si vybere ka\u017ed\u00fd. A\u0165 u\u017e tou\u017e\u00edte po ovocn\u00fdch, ledov\u00fdch nebo klasick\u00fdch profilech, Happ Bar MT50000 p\u0159in\u00e1\u0161\u00ed bohatou a trvalou chu\u0165 v ka\u017ed\u00e9m \u0161luku.<\/p>\n<h2 class=\"ds-markdown-paragraph\"><strong>Happ Bar MT50000 Vlastnosti<\/strong><\/h2>\n<ul>\n<li class=\"ds-markdown-paragraph\">\u2705\u00a0<strong>50 000 puff\u016f<\/strong>\u00a0- Mimo\u0159\u00e1dn\u011b dlouh\u00e1 \u017eivotnost<\/li>\n<li class=\"ds-markdown-paragraph\">\u2705\u00a0<strong>Mo\u017enosti nikotinu:<\/strong>\u00a02% nebo 5%<\/li>\n<li class=\"ds-markdown-paragraph\">\u2705\u00a0<strong>Nab\u00edjec\u00ed baterie 650 mAh<\/strong> - Podporovan\u00e9 nab\u00edjen\u00ed typu C<\/li>\n<li class=\"ds-markdown-paragraph\">\u2705\u00a0<strong>Kapacita 45 ml e-kapaliny<\/strong><\/li>\n<li class=\"ds-markdown-paragraph\">\u2705\u00a0<strong>1,0ohmov\u00e1 c\u00edvka<\/strong>\u00a0- Optimalizov\u00e1no pro v\u00fdrobu chut\u00ed a cloud\u016f<\/li>\n<li class=\"ds-markdown-paragraph\">\u2705\u00a0<strong>LCD displej<\/strong>\u00a0- Zobrazuje stav baterie a e-liquidu<\/li>\n<li class=\"ds-markdown-paragraph\">\u2705\u00a0<strong>15 dostupn\u00fdch p\u0159\u00edchut\u00ed<\/strong>\u00a0- Rozmanitost pro ka\u017ed\u00fd vkus<\/li>\n<\/ul>\n<h2><strong>Dostupn\u00e9 p\u0159\u00edchut\u011b<\/strong><\/h2>\n<ol>\n<li>Jahodov\u00e1 zmrzlina<\/li>\n<li>Jahodov\u00e9 kiwi<\/li>\n<li>Modr\u00e1 jahodov\u00e1 zmrzlina<\/li>\n<li>Melounov\u00fd led<\/li>\n<li>Ananasov\u00fd kokosov\u00fd limetkov\u00fd rum<\/li>\n<li>Black Dragon Strawberry<\/li>\n<li>T\u0159e\u0161\u0148ov\u00e1 bomba<\/li>\n<li>Letn\u00ed sen<\/li>\n<li>Vodn\u00ed meloun Kokos<\/li>\n<li>Jahodov\u00fd ban\u00e1n<\/li>\n<li>L\u00e1ska 66<\/li>\n<li>Broskvov\u00e9 krupobit\u00ed<\/li>\n<li>Citronov\u00e9 krupobit\u00ed<\/li>\n<li>Cola Ice<\/li>\n<li>Kokosov\u00fd r\u00e1j<\/li>\n<\/ol>\n<h2><strong>Podrobnosti o balen\u00ed<\/strong><\/h2>\n<ul>\n<li>1\/ Jednotliv\u00e1 krabice<\/li>\n<li>10\/ Displaybox<\/li>\n<li>100\/karton<\/li>\n<\/ul>\n<figure id=\"attachment_25165\" aria-describedby=\"caption-attachment-25165\" style=\"width: 800px\" class=\"wp-caption alignnone\"><img loading=\"lazy\" decoding=\"async\" class=\"size-full wp-image-25165\" title=\"Happ Bar MT50000 jednor\u00e1zov\u00fd obal na vape\" src=\"https:\/\/www.vape4wholesale.com\/wp-content\/uploads\/2025\/10\/Happ-Bar-MT50000-Disposable-Vape_Packing-Box.webp\" alt=\"Happ Bar MT50000 jednor\u00e1zov\u00fd obal na vape\" width=\"800\" height=\"800\" srcset=\"https:\/\/www.vape4wholesale.com\/wp-content\/uploads\/2025\/10\/Happ-Bar-MT50000-Disposable-Vape_Packing-Box.webp 800w, https:\/\/www.vape4wholesale.com\/wp-content\/uploads\/2025\/10\/Happ-Bar-MT50000-Disposable-Vape_Packing-Box-247x247.webp 247w, https:\/\/www.vape4wholesale.com\/wp-content\/uploads\/2025\/10\/Happ-Bar-MT50000-Disposable-Vape_Packing-Box-100x100.webp 100w, https:\/\/www.vape4wholesale.com\/wp-content\/uploads\/2025\/10\/Happ-Bar-MT50000-Disposable-Vape_Packing-Box-510x510.webp 510w, https:\/\/www.vape4wholesale.com\/wp-content\/uploads\/2025\/10\/Happ-Bar-MT50000-Disposable-Vape_Packing-Box-300x300.webp 300w, https:\/\/www.vape4wholesale.com\/wp-content\/uploads\/2025\/10\/Happ-Bar-MT50000-Disposable-Vape_Packing-Box-150x150.webp 150w, https:\/\/www.vape4wholesale.com\/wp-content\/uploads\/2025\/10\/Happ-Bar-MT50000-Disposable-Vape_Packing-Box-768x768.webp 768w, https:\/\/www.vape4wholesale.com\/wp-content\/uploads\/2025\/10\/Happ-Bar-MT50000-Disposable-Vape_Packing-Box-12x12.webp 12w, https:\/\/www.vape4wholesale.com\/wp-content\/uploads\/2025\/10\/Happ-Bar-MT50000-Disposable-Vape_Packing-Box-64x64.webp 64w\" sizes=\"auto, (max-width: 800px) 100vw, 800px\" \/><figcaption id=\"caption-attachment-25165\" class=\"wp-caption-text\">Happ Bar MT50000 jednor\u00e1zov\u00fd obal na vape<\/figcaption><\/figure>\n<figure id=\"attachment_25166\" aria-describedby=\"caption-attachment-25166\" style=\"width: 1000px\" class=\"wp-caption alignnone\"><img loading=\"lazy\" decoding=\"async\" class=\"size-full wp-image-25166\" title=\"Happ Bar MT50000 Jednor\u00e1zov\u00fd velkoobchodn\u00ed prodej Vape\" src=\"https:\/\/www.vape4wholesale.com\/wp-content\/uploads\/2025\/10\/Happ-Bar-MT50000-Disposable-Vape-Wholesale.webp\" alt=\"Happ Bar MT50000 Jednor\u00e1zov\u00fd velkoobchodn\u00ed prodej Vape\" width=\"1000\" height=\"560\" srcset=\"https:\/\/www.vape4wholesale.com\/wp-content\/uploads\/2025\/10\/Happ-Bar-MT50000-Disposable-Vape-Wholesale.webp 1000w, https:\/\/www.vape4wholesale.com\/wp-content\/uploads\/2025\/10\/Happ-Bar-MT50000-Disposable-Vape-Wholesale-510x286.webp 510w, https:\/\/www.vape4wholesale.com\/wp-content\/uploads\/2025\/10\/Happ-Bar-MT50000-Disposable-Vape-Wholesale-300x168.webp 300w, https:\/\/www.vape4wholesale.com\/wp-content\/uploads\/2025\/10\/Happ-Bar-MT50000-Disposable-Vape-Wholesale-768x430.webp 768w, https:\/\/www.vape4wholesale.com\/wp-content\/uploads\/2025\/10\/Happ-Bar-MT50000-Disposable-Vape-Wholesale-18x10.webp 18w, https:\/\/www.vape4wholesale.com\/wp-content\/uploads\/2025\/10\/Happ-Bar-MT50000-Disposable-Vape-Wholesale-64x36.webp 64w\" sizes=\"auto, (max-width: 1000px) 100vw, 1000px\" \/><figcaption id=\"caption-attachment-25166\" class=\"wp-caption-text\">Happ Bar MT50000 Jednor\u00e1zov\u00fd velkoobchodn\u00ed prodej Vape<\/figcaption><\/figure>\n<h2>PRO\u010c MY?<\/h2>\r\n<ul>\r\n<li>Skute\u010dn\u00fd, d\u016fv\u011bryhodn\u00fd a profesion\u00e1ln\u00ed zdroj vape.<\/li>\r\n<li>100% Origin\u00e1ln\u00ed z\u00e1ruka: Odm\u00edt\u00e1me pad\u011blky.<\/li>\r\n<li>100% Z\u00e1ruka dod\u00e1n\u00ed: Pou\u017e\u00edv\u00e1me nejlep\u0161\u00ed zp\u016fsob dopravy, abychom zajistili, \u017ee objedn\u00e1vku 100% obdr\u017e\u00edte.<\/li>\r\n<li>Po odesl\u00e1n\u00ed v\u00e1m poskytneme sledovac\u00ed \u010d\u00edslo a p\u0159epravn\u00ed \u0161t\u00edtek a budeme pro v\u00e1s sledovat zbo\u017e\u00ed, dokud ho nepodep\u00ed\u0161ete.<\/li>\r\n<li>\u017d\u00e1dn\u00e9 celn\u00ed probl\u00e9my, \u017e\u00e1dn\u00e1 cla<\/li>\r\n<\/ul>","protected":false},"excerpt":{"rendered":"<p><b><span style=\"color: #00a859;\">Free shipping<\/span>\u00a0from Europe warehouse, 7-15 working days delivery time.<\/b><\/p>\r\n<div class=\"wsppc_div_block woocommerce_before_add_to_cart_form\">\r\n<p><strong>Clear customs before delivery &amp; 100% Delivery Guarantee<\/strong><\/p>\r\n<\/div>","protected":false},"featured_media":25183,"comment_status":"open","ping_status":"closed","template":"","meta":[],"pwb-brand":[1267],"product_cat":[938],"product_tag":[22,24,964,1035,1082],"class_list":{"0":"post-25164","1":"product","2":"type-product","3":"status-publish","4":"has-post-thumbnail","6":"pwb-brand-happ-bar","7":"product_cat-europe-warehouse","8":"product_tag-disposable","9":"product_tag-wholesale","10":"product_tag-45-0ml","11":"product_tag-happ-bar","12":"product_tag-50000-puffs","13":"product_shipping_class-eu-warehouse","14":"wcpa_has_options","16":"first","17":"instock","18":"featured","19":"shipping-taxable","20":"purchasable","21":"product-type-variable"},"aioseo_notices":[],"brands":[{"id":1267,"name":"Happ Bar","slug":"happ-bar"}],"_links":{"self":[{"href":"https:\/\/www.vape4wholesale.com\/cs\/wp-json\/wp\/v2\/product\/25164","targetHints":{"allow":["GET"]}}],"collection":[{"href":"https:\/\/www.vape4wholesale.com\/cs\/wp-json\/wp\/v2\/product"}],"about":[{"href":"https:\/\/www.vape4wholesale.com\/cs\/wp-json\/wp\/v2\/types\/product"}],"replies":[{"embeddable":true,"href":"https:\/\/www.vape4wholesale.com\/cs\/wp-json\/wp\/v2\/comments?post=25164"}],"wp:featuredmedia":[{"embeddable":true,"href":"https:\/\/www.vape4wholesale.com\/cs\/wp-json\/wp\/v2\/media\/25183"}],"wp:attachment":[{"href":"https:\/\/www.vape4wholesale.com\/cs\/wp-json\/wp\/v2\/media?parent=25164"}],"wp:term":[{"taxonomy":"pwb-brand","embeddable":true,"href":"https:\/\/www.vape4wholesale.com\/cs\/wp-json\/wp\/v2\/pwb-brand?post=25164"},{"taxonomy":"product_cat","embeddable":true,"href":"https:\/\/www.vape4wholesale.com\/cs\/wp-json\/wp\/v2\/product_cat?post=25164"},{"taxonomy":"product_tag","embeddable":true,"href":"https:\/\/www.vape4wholesale.com\/cs\/wp-json\/wp\/v2\/product_tag?post=25164"}],"curies":[{"name":"wp","href":"https:\/\/api.w.org\/{rel}","templated":true}]}}