{"id":24550,"date":"2025-09-13T17:15:09","date_gmt":"2025-09-13T09:15:09","guid":{"rendered":"https:\/\/www.vape4wholesale.com\/?post_type=product&#038;p=24550"},"modified":"2026-01-26T13:38:27","modified_gmt":"2026-01-26T13:38:27","slug":"bang-legenda-120k-5v1-jednorazovy-vape-velkoobchod","status":"publish","type":"product","link":"https:\/\/www.vape4wholesale.com\/cs\/product\/bang-legend-120k-5in1-disposable-vape-wholesale","title":{"rendered":"Bang Legend 120K 5v1 Jednor\u00e1zov\u00fd velkoobchodn\u00ed prodej Vape"},"content":{"rendered":"<p>Bang Legend 120K 5v1 je nov\u00fd kr\u00e1l jednor\u00e1zov\u00fdch vap\u016f s ultra dlouhou v\u00fddr\u017e\u00ed, kter\u00fd poskytuje a\u017e 120 000 potah\u016f s bezkonkuren\u010dn\u00ed rozmanitost\u00ed chut\u00ed a v\u00fdkonem. Ka\u017ed\u00e9 za\u0159\u00edzen\u00ed je vybaveno nastaviteln\u00fdmi p\u0159\u00edchut\u011bmi 5 v 1, kter\u00e9 umo\u017e\u0148uj\u00ed okam\u017eit\u00e9 p\u0159ep\u00edn\u00e1n\u00ed mezi p\u011bti pr\u00e9miov\u00fdmi sm\u011bsmi pro poka\u017ed\u00e9 \u010derstvou chu\u0165. D\u00edky nastaviteln\u00e9mu airflow, inteligentn\u00edmu LED displeji a rychl\u00e9mu dob\u00edjen\u00ed Type-C je tento v\u00fdkonn\u00fd p\u0159\u00edstroj ur\u010den pro vapery, kte\u0159\u00ed vy\u017eaduj\u00ed pohodl\u00ed i p\u0159izp\u016fsoben\u00ed. Od sladk\u00e9ho ovoce a\u017e po ledov\u011b chladn\u00e9 v\u00fdbuchy, ka\u017ed\u00e9 \u0161luknut\u00ed je hladk\u00e9, aromatick\u00e9 a uspokojuj\u00edc\u00ed.<\/p>\n<h2><strong>Kl\u00ed\u010dov\u00e9 vlastnosti Bang Legend 120K 5v1<\/strong><\/h2>\n<ul>\n<li>Masivn\u00edch 120 000 puf\u016f - Navr\u017eeno pro extr\u00e9mn\u011b dlouhou \u017eivotnost.<\/li>\n<li>Nastaviteln\u00e9 p\u0159\u00edchut\u011b 5 v 1 - p\u0159ep\u00ednejte mezi p\u011bti p\u0159\u00edchut\u011bmi v jednom za\u0159\u00edzen\u00ed.<\/li>\n<li>Nastaviteln\u00fd pr\u016ftok vzduchu - p\u0159izp\u016fsobte si hustotu p\u00e1ry podle sv\u00fdch preferenc\u00ed.<\/li>\n<li>Chytr\u00fd LED displej - zobrazuje \u017eivotnost baterie a \u00farove\u0148 e-liquidu.<\/li>\n<li>Dob\u00edjen\u00ed p\u0159es Type-C - Rychl\u00e9 a efektivn\u00ed nab\u00edjen\u00ed.<\/li>\n<li>Technologie Premium Mesh Coil - lep\u0161\u00ed pod\u00e1n\u00ed chuti a produkce p\u00e1ry.<\/li>\n<\/ul>\n<h2><strong>Sady p\u0159\u00edchut\u00ed<\/strong><\/h2>\n<ul>\n<li><strong>Sada p\u0159\u00edchut\u00ed 1<\/strong><\/li>\n<\/ul>\n<p>P\u0159\u00edchut\u011b 5v1: Energy Drink, bor\u016fvka t\u0159e\u0161e\u0148, jablko hrozen, meloun dra\u010d\u00ed ovoce, mamba<br \/>\nK dispozici je 5 p\u0159\u00edchut\u00ed:<\/p>\n<p>Energetick\u00fd n\u00e1poj - Odv\u00e1\u017en\u00fd a perliv\u00fd n\u00e1poj se sladko-trpk\u00fdm n\u00e1dechem pro okam\u017eit\u00e9 osv\u011b\u017een\u00ed.<br \/>\nBor\u016fvka s t\u0159e\u0161n\u00ed - \u0160\u0165avnat\u00e9 bor\u016fvky se snoub\u00ed se zral\u00fdmi t\u0159e\u0161n\u011bmi a vytv\u00e1\u0159ej\u00ed tak \u0161\u0165avnat\u00e9 bobulov\u00e9 duo.<br \/>\nApple Grape - K\u0159upav\u00e9 zelen\u00e9 jablko se m\u00eds\u00ed se sladk\u00fdmi fialov\u00fdmi hrozny a vytv\u00e1\u0159\u00ed jemnou ovocnou rovnov\u00e1hu.<br \/>\nDra\u010d\u00ed ovoce meloun - sladk\u00e9 tropick\u00e9 dra\u010d\u00ed ovoce se \u0161\u0165avnatou melounovou sv\u011b\u017eest\u00ed.<br \/>\nMamba - Exotick\u00e1 ovocn\u00e1 cukrov\u00e1 vata s tropick\u00fdm n\u00e1dechem.<\/p>\n<ul>\n<li><strong>Sada p\u0159\u00edchut\u00ed 2<\/strong><\/li>\n<\/ul>\n<p>P\u0159\u00edchut\u011b 5v1: Energetick\u00fd n\u00e1poj, broskvov\u00fd led, mangov\u00fd led, brusinkov\u00fd hrozen, \u010dern\u00fd ryb\u00edz<br \/>\nK dispozici je 5 p\u0159\u00edchut\u00ed:<\/p>\n<p>Energetick\u00fd n\u00e1poj - Sladk\u00fd a \u0161umiv\u00fd s povzbuzuj\u00edc\u00edm n\u00e1dechem.<br \/>\nPeach Ice - \u0160\u0165avnat\u00e1 broskev s mraziv\u00fdm mentolov\u00fdm z\u00e1v\u011brem.<br \/>\nMango Ice - Tropick\u00e9 mango chlazen\u00e9 ledovou jemnost\u00ed.<br \/>\nCranberry Grape - trpk\u00e1 brusinka se sladkou harmoni\u00ed hrozn\u016f.<br \/>\n\u010cern\u00fd ryb\u00edz - Odv\u00e1\u017en\u00fd, pikantn\u00ed \u010dern\u00fd ryb\u00edz s bohatou bobulovou hloubkou.<\/p>\n<ul>\n<li><strong>Sada p\u0159\u00edchut\u00ed 3<\/strong><\/li>\n<\/ul>\n<p>P\u0159\u00edchut\u011b 5v1: , broskev mango meloun, t\u0159e\u0161\u0148ov\u00e1 kola, hroznov\u00e9 ostru\u017einy led, mango broskev meru\u0148ka<br \/>\nK dispozici je 5 p\u0159\u00edchut\u00ed:<\/p>\n<p>Bor\u016fvky a maliny - sladk\u00e9 bor\u016fvky sm\u00edchan\u00e9 s pikantn\u00edmi malinami.<br \/>\nBroskvovo-mangov\u00fd meloun - \u0161\u0165avnat\u00e1 broskev, tropick\u00e9 mango a osv\u011b\u017euj\u00edc\u00ed meloun.<br \/>\nCherry Coke - Klasick\u00e1 cola s p\u0159\u00edchut\u00ed sladk\u00fdch t\u0159e\u0161n\u00ed.<br \/>\nGrape Blackberry Ice - Sladk\u00e9 hroznov\u00e9 v\u00edno s ledov\u011b trpk\u00fdmi ostru\u017einami.<br \/>\nMango Peach Apricot - hedv\u00e1bn\u00e9 tropick\u00e9 trio manga, broskv\u00ed a merun\u011bk.<\/p>\n<ul>\n<li><strong>Sada p\u0159\u00edchut\u00ed 4<\/strong><\/li>\n<\/ul>\n<p>P\u0159\u00edchut\u011b 5v1: , Black Dragon Ice, Rainbow Candy, Fuji Ice, Watermelon Sour Peach.<br \/>\nK dispozici je 5 p\u0159\u00edchut\u00ed:<\/p>\n<p>Bor\u016fvka malina - \u0160\u0165avnat\u00e1 bobulov\u00e1 sladkost s pikantn\u00edm n\u00e1dechem.<br \/>\nBlack Dragon Ice - Odv\u00e1\u017en\u00e9, tajemn\u00e9 tmav\u00e9 ovoce s chladiv\u00fdm n\u00e1dechem.<br \/>\nRainbow Candy - Sladk\u00e9 ovocn\u00e9 bonbony.<br \/>\nFuji Ice - K\u0159upav\u00e9 jablko Fuji s ledovou p\u0159\u00edchut\u00ed.<br \/>\nWatermelon Sour Peach - Sladk\u00fd meloun s pikantn\u00ed broskvovou kyselost\u00ed.<\/p>\n<ul>\n<li><strong>Sada p\u0159\u00edchut\u00ed 5<\/strong><\/li>\n<\/ul>\n<p>P\u0159\u00edchut\u011b 5v1: , Kiwi Passion Fruit Guava, Triple Melon, Peach Pineapple, Passionate Kiss.<br \/>\nK dispozici je 5 p\u0159\u00edchut\u00ed:<\/p>\n<p>Bor\u016fvkov\u00fd led - \u010derstv\u00e9 bor\u016fvky vychlazen\u00e9 k dokonalosti.<br \/>\nKiwi Passion Fruit Guava - exotick\u00e9 trio pikantn\u00edho kiwi, tropick\u00e9 maracuji a kr\u00e9mov\u00e9 guavy.<br \/>\nTrojit\u00fd meloun - T\u0159i odr\u016fdy meloun\u016f pro \u0161\u0165avnatou letn\u00ed sm\u011bs.<br \/>\nPeach Pineapple - Sladk\u00e1 broskev s tropick\u00fdm ananasov\u00fdm jasem.<br \/>\nV\u00e1\u0161niv\u00fd polibek - romantick\u00e1 sm\u011bs tropick\u00e9ho ovoce s n\u00e1dechem sladkosti.<\/p>\n<ul>\n<li><strong>Sada p\u0159\u00edchut\u00ed 6<\/strong><\/li>\n<\/ul>\n<p>P\u0159\u00edchut\u011b 5v1: Lotosov\u00e9 ovoce Mango Meloun, Mu\u010denka Kiwi Limetka, Kysel\u00e9 jablko Malina.<br \/>\nK dispozici je 5 p\u0159\u00edchut\u00ed:<\/p>\n<p>Bor\u016fvkov\u00e1 zmrzlina - Sladk\u00e9, ledov\u00e9 bor\u016fvkov\u00e9 pot\u011b\u0161en\u00ed.<br \/>\nWatermelon Bubble Gum - \u0160\u0165avnat\u00fd meloun se sladkou cukrovou nostalgi\u00ed.<br \/>\nSour Apple Raspberry - K\u0159upav\u00e9 jablko s pikantn\u00ed malinovou p\u0159\u00edchut\u00ed.<br \/>\nLotus Fruit Mango Melon - Kv\u011btinov\u00fd lotos s tropick\u00fdm mangem a melounem.<br \/>\nPassion Fruit Kiwi Lime - pikantn\u00ed marakuja s kiwi a pikantn\u00ed limetkou.<\/p>\n<ul>\n<li><strong>Sada p\u0159\u00edchut\u00ed 7<\/strong><\/li>\n<\/ul>\n<p>P\u0159\u00edchut\u011b 5v1: Hru\u0161ka s jablkem, Bor\u016fvka s m\u00e1tou, Letn\u00ed \u010das.<br \/>\nK dispozici je 5 p\u0159\u00edchut\u00ed:<\/p>\n<p>Watermelon Ice - osv\u011b\u017euj\u00edc\u00ed ledov\u00fd meloun.<br \/>\nMixed Berries - sm\u011bs zral\u00fdch sladk\u00fdch bobul\u00ed.<br \/>\nApple Pear - K\u0159upav\u00e9 jablko s jemnou hru\u0161kou.<br \/>\nBor\u016fvkov\u00e1 m\u00e1ta - \u0160\u0165avnat\u00e9 bor\u016fvky s p\u0159\u00edchut\u00ed m\u00e1ty.<br \/>\nSummer Time - sez\u00f3nn\u00ed sm\u011bs tropick\u00e9ho ovoce s chladiv\u00fdm z\u00e1v\u011brem.<\/p>\n<ul>\n<li><strong>Sada p\u0159\u00edchut\u00ed 8<\/strong><\/li>\n<\/ul>\n<p>P\u0159\u00edchut\u011b 5v1: , jahodov\u00e9 mango, kalifornsk\u00e1 t\u0159e\u0161e\u0148, bor\u016fvkov\u00fd broskvov\u00fd led, bobulov\u00fd led.<br \/>\nK dispozici je 5 p\u0159\u00edchut\u00ed:<\/p>\n<p>Watermelon Ice - klasick\u00e1 ledov\u00e1 p\u0159\u00edchu\u0165 melounu.<br \/>\nStrawberry Mango - Sladk\u00e9 jahody sm\u00edchan\u00e9 se \u0161\u0165avnat\u00fdm mangem.<br \/>\nCalifornia Cherry - v\u00fdrazn\u00e1, na slunci vyzr\u00e1l\u00e1 t\u0159e\u0161\u0148ov\u00e1 sladkost.<br \/>\nBlueberry Peach Ice - Ovocn\u00e9 bor\u016fvky a broskve s mraziv\u00fdm n\u00e1dechem.<br \/>\nBerry Ice - sm\u011bs bobul\u00ed s ledov\u00fdm chladem.<\/p>\n<ul>\n<li><strong>Sada p\u0159\u00edchut\u00ed 9<\/strong><\/li>\n<\/ul>\n<p>P\u0159\u00edchut\u011b 5v1: , hroznov\u00fd led, \u010derven\u00e9 mojito, ban\u00e1nov\u00fd led, citronov\u00e1 limetka.<br \/>\nK dispozici je 5 p\u0159\u00edchut\u00ed:<\/p>\n<p>Jahodov\u00fd meloun - Sladk\u00e9 jahody a \u0161\u0165avnat\u00fd meloun.<br \/>\nGrape Ice - K\u0159upav\u00fd hroznov\u00fd s chladiv\u00fdm mentolov\u00fdm n\u00e1dechem.<br \/>\nRed Mojito - Ovocn\u00e1 koktejlov\u00e1 sm\u011bs s m\u00e1tovou sv\u011b\u017eest\u00ed.<br \/>\nBan\u00e1nov\u00fd led - kr\u00e9mov\u00fd ban\u00e1n s chladiv\u00fdm v\u00fddechem.<br \/>\nLemon Lime - jisk\u0159iv\u00fd citrusov\u00fd n\u00e1dech.<\/p>\n<ul>\n<li><strong>Sada p\u0159\u00edchut\u00ed 10<\/strong><\/li>\n<\/ul>\n<p>P\u0159\u00edchut\u011b 5v1: , Cantaloupe Apple, Cola Ice, Mango Peach, Love 66<br \/>\nK dispozici je 5 p\u0159\u00edchut\u00ed:<\/p>\n<p>Jahodov\u00fd meloun - klasick\u00e9 sladk\u00e9 a \u0161\u0165avnat\u00e9 duo.<br \/>\nCantaloupe Apple - Hladk\u00fd meloun s k\u0159upav\u00fdm jablkem.<br \/>\nCola Ice - \u0161umiv\u00e1 cola s mraziv\u00fdm n\u00e1dechem.<br \/>\nMango Peach - tropick\u00e9 mango s jemnou broskv\u00ed.<br \/>\nLove 66 - Exotick\u00fd ovocn\u00fd koktejl s n\u00e1dechem sv\u011b\u017eesti.<\/p>\n<ul>\n<li><strong>Sada p\u0159\u00edchut\u00ed 11<\/strong><\/li>\n<\/ul>\n<p>P\u0159\u00edchut\u011b 5v1: Jahoda kiwi, jahoda ban\u00e1n, li\u010di led, meloun bobule, mu\u010denka mango.<br \/>\nK dispozici je 5 p\u0159\u00edchut\u00ed:<\/p>\n<p>Strawberry Kiwi - Sladk\u00e9 jahody s pikantn\u00edm kiwi.<br \/>\nJahodov\u00fd ban\u00e1n - kr\u00e9mov\u00fd ban\u00e1n se \u0161\u0165avnat\u00fdmi jahodami.<br \/>\nLychee Ice - Exotick\u00e9 li\u010di s chladiv\u00fdm v\u00e1nkem.<br \/>\nWatermelon Berry - \u0160\u0165avnat\u00fd meloun se sladk\u00fdmi bobulemi.<br \/>\nPassion Fruit Mango - pikantn\u00ed mu\u010denka s tropick\u00fdm mangem.<\/p>\n<ul>\n<li><strong>Sada p\u0159\u00edchut\u00ed 12<\/strong><\/li>\n<\/ul>\n<p>P\u0159\u00edchut\u011b 5v1: , bor\u016fvkov\u00fd meloun, medv\u011bd\u00ed fond\u00e1n, bor\u016fvkov\u00e1 \u017ev\u00fdka\u010dka, kysel\u00e9 mango s ananasem.<br \/>\nK dispozici je 5 p\u0159\u00edchut\u00ed:<\/p>\n<p>Jahodov\u00e9 kiwi - sladk\u00e9 a pikantn\u00ed ovocn\u00e9 duo.<br \/>\nBor\u016fvkov\u00fd meloun - \u010derstv\u00e9 bor\u016fvky se \u0161\u0165avnat\u00fdm melounem<br \/>\nBear Fudge - Sladk\u00e9 gumov\u00e9 bonbony s kr\u00e9movou p\u0159\u00edchut\u00ed.<br \/>\nBor\u016fvkov\u00e1 \u017ev\u00fdka\u010dka - bobulov\u00e9 cukrov\u00ed.<br \/>\nSour Mango Pineapple - tropick\u00e1 sladkost s pikantn\u00edm n\u00e1dechem.<\/p>\n<h2><strong>Podrobnosti o balen\u00ed<\/strong><\/h2>\n<ul>\n<li class=\"ds-markdown-paragraph\">Hmotnost jednoho za\u0159\u00edzen\u00ed: 180 g<\/li>\n<li class=\"ds-markdown-paragraph\">Konfigurace: 10 ks\/krabice<\/li>\n<li class=\"ds-markdown-paragraph\">Celkov\u00e1 hrub\u00e1 hmotnost\/100 ks: 18,5 kg<\/li>\n<li class=\"ds-markdown-paragraph\">Rozm\u011bry: Rozm\u011bry: 45,5 \u00d7 45 \u00d7 16 cm<\/li>\n<\/ul>\n<figure id=\"attachment_24536\" aria-describedby=\"caption-attachment-24536\" style=\"width: 800px\" class=\"wp-caption alignnone\"><img loading=\"lazy\" decoding=\"async\" class=\"size-full wp-image-24536\" title=\"Bang Legend 120K 5v1 Jednor\u00e1zov\u00fd velkoobchodn\u00ed vape 11\" src=\"https:\/\/www.vape4wholesale.com\/wp-content\/uploads\/2025\/09\/Bang-Legend-120K-5in1-Disposable-Vape-Wholesale_11.webp\" alt=\"Bang Legend 120K 5v1 Jednor\u00e1zov\u00fd velkoobchodn\u00ed vape 11\" width=\"800\" height=\"800\" srcset=\"https:\/\/www.vape4wholesale.com\/wp-content\/uploads\/2025\/09\/Bang-Legend-120K-5in1-Disposable-Vape-Wholesale_11.webp 800w, https:\/\/www.vape4wholesale.com\/wp-content\/uploads\/2025\/09\/Bang-Legend-120K-5in1-Disposable-Vape-Wholesale_11-247x247.webp 247w, https:\/\/www.vape4wholesale.com\/wp-content\/uploads\/2025\/09\/Bang-Legend-120K-5in1-Disposable-Vape-Wholesale_11-100x100.webp 100w, https:\/\/www.vape4wholesale.com\/wp-content\/uploads\/2025\/09\/Bang-Legend-120K-5in1-Disposable-Vape-Wholesale_11-510x510.webp 510w, https:\/\/www.vape4wholesale.com\/wp-content\/uploads\/2025\/09\/Bang-Legend-120K-5in1-Disposable-Vape-Wholesale_11-300x300.webp 300w, https:\/\/www.vape4wholesale.com\/wp-content\/uploads\/2025\/09\/Bang-Legend-120K-5in1-Disposable-Vape-Wholesale_11-150x150.webp 150w, https:\/\/www.vape4wholesale.com\/wp-content\/uploads\/2025\/09\/Bang-Legend-120K-5in1-Disposable-Vape-Wholesale_11-768x768.webp 768w, https:\/\/www.vape4wholesale.com\/wp-content\/uploads\/2025\/09\/Bang-Legend-120K-5in1-Disposable-Vape-Wholesale_11-12x12.webp 12w, https:\/\/www.vape4wholesale.com\/wp-content\/uploads\/2025\/09\/Bang-Legend-120K-5in1-Disposable-Vape-Wholesale_11-64x64.webp 64w\" sizes=\"auto, (max-width: 800px) 100vw, 800px\" \/><figcaption id=\"caption-attachment-24536\" class=\"wp-caption-text\">Bang Legend 120K 5v1 Jednor\u00e1zov\u00fd velkoobchodn\u00ed prodej Vape<\/figcaption><\/figure>\n<h2>PRO\u010c MY?<\/h2>\r\n<ul>\r\n<li>Skute\u010dn\u00fd, d\u016fv\u011bryhodn\u00fd a profesion\u00e1ln\u00ed zdroj vape.<\/li>\r\n<li>100% Origin\u00e1ln\u00ed z\u00e1ruka: Odm\u00edt\u00e1me pad\u011blky.<\/li>\r\n<li>100% Z\u00e1ruka dod\u00e1n\u00ed: Pou\u017e\u00edv\u00e1me nejlep\u0161\u00ed zp\u016fsob dopravy, abychom zajistili, \u017ee objedn\u00e1vku 100% obdr\u017e\u00edte.<\/li>\r\n<li>Po odesl\u00e1n\u00ed v\u00e1m poskytneme sledovac\u00ed \u010d\u00edslo a p\u0159epravn\u00ed \u0161t\u00edtek a budeme pro v\u00e1s sledovat zbo\u017e\u00ed, dokud ho nepodep\u00ed\u0161ete.<\/li>\r\n<li>\u017d\u00e1dn\u00e9 celn\u00ed probl\u00e9my, \u017e\u00e1dn\u00e1 cla<\/li>\r\n<\/ul>","protected":false},"excerpt":{"rendered":"<div class=\"wsppc_div_block woocommerce_before_add_to_cart_form\">\r\n<p><strong><span style=\"color: #00a859;\">Vy\u010distit celnici<\/span> p\u0159ed dod\u00e1n\u00edm &amp; 100% Z\u00e1ruka doru\u010den\u00ed, doru\u010den\u00ed p\u0159ibli\u017en\u011b za 19\u201325 dn\u00ed.\u00a0<\/strong><\/p>\r\n<\/div>","protected":false},"featured_media":24543,"comment_status":"open","ping_status":"closed","template":"","meta":[],"pwb-brand":[1275],"product_cat":[873],"product_tag":[22,24,249,1081,1219],"class_list":{"0":"post-24550","1":"product","2":"type-product","3":"status-publish","4":"has-post-thumbnail","6":"pwb-brand-bang","7":"product_cat-above-20k-puffs","8":"product_tag-disposable","9":"product_tag-wholesale","10":"product_tag-bang","11":"product_tag-50-0ml","12":"product_tag-120000-puffs","13":"wcpa_has_options","15":"first","16":"instock","17":"featured","18":"shipping-taxable","19":"purchasable","20":"product-type-variable"},"aioseo_notices":[],"brands":[{"id":1275,"name":"Bang","slug":"bang"}],"_links":{"self":[{"href":"https:\/\/www.vape4wholesale.com\/cs\/wp-json\/wp\/v2\/product\/24550","targetHints":{"allow":["GET"]}}],"collection":[{"href":"https:\/\/www.vape4wholesale.com\/cs\/wp-json\/wp\/v2\/product"}],"about":[{"href":"https:\/\/www.vape4wholesale.com\/cs\/wp-json\/wp\/v2\/types\/product"}],"replies":[{"embeddable":true,"href":"https:\/\/www.vape4wholesale.com\/cs\/wp-json\/wp\/v2\/comments?post=24550"}],"wp:featuredmedia":[{"embeddable":true,"href":"https:\/\/www.vape4wholesale.com\/cs\/wp-json\/wp\/v2\/media\/24543"}],"wp:attachment":[{"href":"https:\/\/www.vape4wholesale.com\/cs\/wp-json\/wp\/v2\/media?parent=24550"}],"wp:term":[{"taxonomy":"pwb-brand","embeddable":true,"href":"https:\/\/www.vape4wholesale.com\/cs\/wp-json\/wp\/v2\/pwb-brand?post=24550"},{"taxonomy":"product_cat","embeddable":true,"href":"https:\/\/www.vape4wholesale.com\/cs\/wp-json\/wp\/v2\/product_cat?post=24550"},{"taxonomy":"product_tag","embeddable":true,"href":"https:\/\/www.vape4wholesale.com\/cs\/wp-json\/wp\/v2\/product_tag?post=24550"}],"curies":[{"name":"wp","href":"https:\/\/api.w.org\/{rel}","templated":true}]}}