{"id":23936,"date":"2024-03-04T15:04:46","date_gmt":"2024-03-04T07:04:46","guid":{"rendered":"https:\/\/www.vape4wholesale.com\/?post_type=product&#038;p=23936"},"modified":"2026-01-27T15:04:13","modified_gmt":"2026-01-27T15:04:13","slug":"bang-king-smart-screen-15000-puffs-jednorazovy-vape-velkoobchod","status":"publish","type":"product","link":"https:\/\/www.vape4wholesale.com\/cs\/product\/bang-king-smart-screen-15000-puffs-disposable-vape-wholesale","title":{"rendered":"Bang King Smart Screen 15000 Puffs Jednor\u00e1zov\u00fd velkoobchodn\u00ed prodej Vape"},"content":{"rendered":"<p>Bang King Smart screen 15000 puff\u016f Jednor\u00e1zov\u00fd vape je \u0161pi\u010dkov\u00e9 vapovac\u00ed za\u0159\u00edzen\u00ed s objemem 25 ml pro del\u0161\u00ed pou\u017e\u00edv\u00e1n\u00ed. Je k dispozici v koncentrac\u00edch nikotinu 0%, 2%, 3% a 5%, tak\u017ee vyhov\u00ed r\u016fzn\u00fdm preferenc\u00edm. Za\u0159\u00edzen\u00ed se m\u016f\u017ee pochlubit v\u00fdkonnou 650mAh bateri\u00ed, kter\u00e1 nab\u00edz\u00ed zna\u010dnou kapacitu vapov\u00e1n\u00ed 15 000 potah\u016f. D\u00edky pohodln\u00e9mu dob\u00edjen\u00ed pomoc\u00ed C-Type a displeji zobrazuj\u00edc\u00edmu \u00farove\u0148 nabit\u00ed i e-liquidu si u\u017eivatel\u00e9 mohou vychutnat bezprobl\u00e9mov\u00fd z\u00e1\u017eitek. Za\u0159\u00edzen\u00ed je vybaveno 1,0\u03a9 s\u00ed\u0165ov\u00fdm j\u00e1drem pro \u00fa\u010dinn\u00fd odpor \u017ehavic\u00edho dr\u00e1tu. Bang King Smart screen 15000 potah\u016f p\u0159in\u00e1\u0161\u00ed propracovan\u00e9 a u\u017eivatelsky p\u0159\u00edv\u011btiv\u00e9 \u0159e\u0161en\u00ed vapingu.<\/p>\n<h2 class=\"second-title\">Bang King Smart Screen 15000 Puffs Vape Rychl\u00e9 informace<\/h2>\n<ul>\n<li>\n<div>Objem tekutiny: 25 ml<\/div>\n<\/li>\n<li>\n<div>Koncentrace nikotinu: 0% 2% 3% 5%<\/div>\n<\/li>\n<li>\n<div>Baterie: 650 mAh<\/div>\n<\/li>\n<li>\n<div>Kapacita vapingu: 15 000 puff\u016f<\/div>\n<\/li>\n<li>\n<div>Nab\u00edjec\u00ed typ C<\/div>\n<\/li>\n<li>\n<div>Displej nabit\u00e9ho a e-liquidu<\/div>\n<\/li>\n<li>\n<div>Odpor topn\u00e9ho dr\u00e1tu: 1,0\u03a9 j\u00e1dro s\u00edt\u011b<\/div>\n<\/li>\n<\/ul>\n<h2>Seznam p\u0159\u00edchut\u00ed<\/h2>\n<p>1.Blueberry Freeze<br \/>\n2.Berry Blast<br \/>\n3.Blueberry Cherry Lemon<br \/>\n4.Peach Freeze<br \/>\n5.Grape Freeze<br \/>\n6.Peach Blueraz<br \/>\n7.Sour Apple Blueberry<br \/>\n8.Troiple Fruit<br \/>\n9.Lush Ice (melounov\u00fd led)<br \/>\n10.Strawberry Watermelon<\/p>\n<div>\n<figure id=\"attachment_23937\" aria-describedby=\"caption-attachment-23937\" style=\"width: 800px\" class=\"wp-caption alignnone\"><img loading=\"lazy\" decoding=\"async\" class=\"size-full wp-image-23937\" title=\"Bang King Smart Screen 15000 Puffs Vape na jedno pou\u017eit\u00ed\" src=\"https:\/\/www.vape4wholesale.com\/wp-content\/uploads\/2025\/08\/Bang-King-Smart-Screen-15000-Puffs-Disposable-Vape.webp\" alt=\"Bang King Smart Screen 15000 Puffs Vape na jedno pou\u017eit\u00ed\" width=\"800\" height=\"727\" srcset=\"https:\/\/www.vape4wholesale.com\/wp-content\/uploads\/2025\/08\/Bang-King-Smart-Screen-15000-Puffs-Disposable-Vape.webp 800w, https:\/\/www.vape4wholesale.com\/wp-content\/uploads\/2025\/08\/Bang-King-Smart-Screen-15000-Puffs-Disposable-Vape-510x463.webp 510w, https:\/\/www.vape4wholesale.com\/wp-content\/uploads\/2025\/08\/Bang-King-Smart-Screen-15000-Puffs-Disposable-Vape-300x273.webp 300w, https:\/\/www.vape4wholesale.com\/wp-content\/uploads\/2025\/08\/Bang-King-Smart-Screen-15000-Puffs-Disposable-Vape-768x698.webp 768w, https:\/\/www.vape4wholesale.com\/wp-content\/uploads\/2025\/08\/Bang-King-Smart-Screen-15000-Puffs-Disposable-Vape-13x12.webp 13w, https:\/\/www.vape4wholesale.com\/wp-content\/uploads\/2025\/08\/Bang-King-Smart-Screen-15000-Puffs-Disposable-Vape-64x58.webp 64w\" sizes=\"auto, (max-width: 800px) 100vw, 800px\" \/><figcaption id=\"caption-attachment-23937\" class=\"wp-caption-text\">Bang King Smart Screen 15000 Puffs Vape na jedno pou\u017eit\u00ed<\/figcaption><\/figure>\n<p><img loading=\"lazy\" decoding=\"async\" class=\"size-full wp-image-23948\" title=\"Bang King Smart Screen 15000 Puffs Vape na jedno pou\u017eit\u00ed 11\" src=\"https:\/\/www.vape4wholesale.com\/wp-content\/uploads\/2025\/08\/Bang-King-Smart-Screen-15000-Puffs-Disposable-Vape_11.webp\" alt=\"Bang King Smart Screen 15000 Puffs Vape na jedno pou\u017eit\u00ed 11\" width=\"800\" height=\"1000\" srcset=\"https:\/\/www.vape4wholesale.com\/wp-content\/uploads\/2025\/08\/Bang-King-Smart-Screen-15000-Puffs-Disposable-Vape_11.webp 800w, https:\/\/www.vape4wholesale.com\/wp-content\/uploads\/2025\/08\/Bang-King-Smart-Screen-15000-Puffs-Disposable-Vape_11-510x638.webp 510w, https:\/\/www.vape4wholesale.com\/wp-content\/uploads\/2025\/08\/Bang-King-Smart-Screen-15000-Puffs-Disposable-Vape_11-240x300.webp 240w, https:\/\/www.vape4wholesale.com\/wp-content\/uploads\/2025\/08\/Bang-King-Smart-Screen-15000-Puffs-Disposable-Vape_11-768x960.webp 768w, https:\/\/www.vape4wholesale.com\/wp-content\/uploads\/2025\/08\/Bang-King-Smart-Screen-15000-Puffs-Disposable-Vape_11-10x12.webp 10w, https:\/\/www.vape4wholesale.com\/wp-content\/uploads\/2025\/08\/Bang-King-Smart-Screen-15000-Puffs-Disposable-Vape_11-64x80.webp 64w\" sizes=\"auto, (max-width: 800px) 100vw, 800px\" \/><\/p>\n<h2>PRO\u010c MY?<\/h2>\r\n<ul>\r\n<li>Skute\u010dn\u00fd, d\u016fv\u011bryhodn\u00fd a profesion\u00e1ln\u00ed zdroj vape.<\/li>\r\n<li>100% Origin\u00e1ln\u00ed z\u00e1ruka: Odm\u00edt\u00e1me pad\u011blky.<\/li>\r\n<li>100% Z\u00e1ruka dod\u00e1n\u00ed: Pou\u017e\u00edv\u00e1me nejlep\u0161\u00ed zp\u016fsob dopravy, abychom zajistili, \u017ee objedn\u00e1vku 100% obdr\u017e\u00edte.<\/li>\r\n<li>Po odesl\u00e1n\u00ed v\u00e1m poskytneme sledovac\u00ed \u010d\u00edslo a p\u0159epravn\u00ed \u0161t\u00edtek a budeme pro v\u00e1s sledovat zbo\u017e\u00ed, dokud ho nepodep\u00ed\u0161ete.<\/li>\r\n<li>\u017d\u00e1dn\u00e9 celn\u00ed probl\u00e9my, \u017e\u00e1dn\u00e1 cla<\/li>\r\n<\/ul>\n<\/div>","protected":false},"excerpt":{"rendered":"<div class=\"wsppc_div_block woocommerce_before_add_to_cart_form\">\r\n<p><strong><span style=\"color: #00a859;\">Clear customs<\/span> before delivery &amp; 100% Delivery Guarantee, Delivery in 19~25 days around.\u00a0<\/strong><\/p>\r\n<\/div>","protected":false},"featured_media":23946,"comment_status":"open","ping_status":"closed","template":"","meta":[],"pwb-brand":[1275],"product_cat":[872],"product_tag":[22,24,249,684,692],"class_list":{"0":"post-23936","1":"product","2":"type-product","3":"status-publish","4":"has-post-thumbnail","6":"pwb-brand-bang","7":"product_cat-15k-20k-puffs","8":"product_tag-disposable","9":"product_tag-wholesale","10":"product_tag-bang","11":"product_tag-15000-puffs","12":"product_tag-25-0ml","13":"wcpa_has_options","15":"first","16":"instock","17":"shipping-taxable","18":"purchasable","19":"product-type-variable"},"aioseo_notices":[],"brands":[{"id":1275,"name":"Bang","slug":"bang"}],"_links":{"self":[{"href":"https:\/\/www.vape4wholesale.com\/cs\/wp-json\/wp\/v2\/product\/23936","targetHints":{"allow":["GET"]}}],"collection":[{"href":"https:\/\/www.vape4wholesale.com\/cs\/wp-json\/wp\/v2\/product"}],"about":[{"href":"https:\/\/www.vape4wholesale.com\/cs\/wp-json\/wp\/v2\/types\/product"}],"replies":[{"embeddable":true,"href":"https:\/\/www.vape4wholesale.com\/cs\/wp-json\/wp\/v2\/comments?post=23936"}],"wp:featuredmedia":[{"embeddable":true,"href":"https:\/\/www.vape4wholesale.com\/cs\/wp-json\/wp\/v2\/media\/23946"}],"wp:attachment":[{"href":"https:\/\/www.vape4wholesale.com\/cs\/wp-json\/wp\/v2\/media?parent=23936"}],"wp:term":[{"taxonomy":"pwb-brand","embeddable":true,"href":"https:\/\/www.vape4wholesale.com\/cs\/wp-json\/wp\/v2\/pwb-brand?post=23936"},{"taxonomy":"product_cat","embeddable":true,"href":"https:\/\/www.vape4wholesale.com\/cs\/wp-json\/wp\/v2\/product_cat?post=23936"},{"taxonomy":"product_tag","embeddable":true,"href":"https:\/\/www.vape4wholesale.com\/cs\/wp-json\/wp\/v2\/product_tag?post=23936"}],"curies":[{"name":"wp","href":"https:\/\/api.w.org\/{rel}","templated":true}]}}