{"id":23613,"date":"2025-07-23T00:46:15","date_gmt":"2025-07-22T16:46:15","guid":{"rendered":"https:\/\/www.vape4wholesale.com\/?post_type=product&#038;p=23613"},"modified":"2026-04-15T17:53:00","modified_gmt":"2026-04-15T09:53:00","slug":"happ-bar-gr50000-jednorazovy-vape-velkoobchod","status":"publish","type":"product","link":"https:\/\/www.vape4wholesale.com\/cs\/product\/happ-bar-gr50000-disposable-vape-wholesale","title":{"rendered":"Happ Bar GR50000 Jednor\u00e1zov\u00fd velkoobchodn\u00ed prodej Vape"},"content":{"rendered":"<p class=\"ds-markdown-paragraph\"><strong><a title=\"Happ Bar\" href=\"\/cs\/product_brand\/happ-bar\/\" target=\"_blank\" rel=\"noopener\">Happ Bar<\/a> GR50000<\/strong>\u00a0je inovativn\u00ed jednor\u00e1zov\u00e9 vape za\u0159\u00edzen\u00ed s p\u0159evratn\u00fdm syst\u00e9mem dvou p\u0159\u00edchut\u00ed 2 v 1. D\u00edky jedine\u010dn\u00e9mu tla\u010d\u00edtku pro p\u0159ep\u00edn\u00e1n\u00ed p\u0159\u00edchut\u00ed um\u00edst\u011bn\u00e9mu mezi ob\u011bma mo\u017enostmi si u\u017eivatel\u00e9 mohou vychutnat dv\u011b r\u016fzn\u00e9 p\u0159\u00edchut\u011b sou\u010dasn\u011b - jde o prvn\u00ed inovaci v oboru.<\/p>\n<p class=\"ds-markdown-paragraph\">Zachov\u00e1v\u00e1 si charakteristick\u00fd design \u0159ady GR a py\u0161n\u00ed se ergonomickou prohlubn\u00ed uprost\u0159ed pro v\u011bt\u0161\u00ed pohodl\u00ed p\u0159i dr\u017een\u00ed. Integrovan\u00fd displej pod st\u0159edovou \u010d\u00e1st\u00ed poskytuje p\u0159esn\u00e9 \u00fadaje o stavu e-liquidu a baterie v re\u00e1ln\u00e9m \u010dase. Na zadn\u00ed stran\u011b se nach\u00e1z\u00ed ovlada\u010d pro nastaven\u00ed p\u0159\u00edchut\u011b, kter\u00fd umo\u017e\u0148uje plynul\u00e9 p\u0159ep\u00edn\u00e1n\u00ed mezi chut\u011bmi.<\/p>\n<p>\u0160luk\u00e1tko Happ Bar GR50000 je navr\u017eeno pro dlouhou \u017eivotnost a v\u0161estrannost a poskytuje impozantn\u00ed v\u00fddr\u017e 50 000 potah\u016f, kter\u00e9 zaji\u0161\u0165uje dob\u00edjec\u00ed baterie s kapacitou 650 mAh (podporuje nab\u00edjen\u00ed typu C). Jeho dva 23ml tanky na e-liquid (celkem 46ml) nab\u00edzej\u00ed prodlou\u017een\u00e9 pou\u017e\u00edv\u00e1n\u00ed, zat\u00edmco 1,0\u03a9 mesh spir\u00e1lka zaji\u0161\u0165uje bohatou a konzistentn\u00ed produkci chuti.<\/p>\n<h2 class=\"ds-markdown-paragraph\"><strong>Happ Bar GR50000 Jednor\u00e1zov\u00fd Vape Rychl\u00e9 informace<\/strong><\/h2>\n<ul>\n<li class=\"ds-markdown-paragraph\"><strong>Pufy:<\/strong>\u00a050,000<\/li>\n<li class=\"ds-markdown-paragraph\"><strong>Nikotin:<\/strong> 2% \/ 5%<\/li>\n<li class=\"ds-markdown-paragraph\"><strong>Baterie:<\/strong>\u00a0650 mAh (dob\u00edjec\u00ed typ C)<\/li>\n<li class=\"ds-markdown-paragraph\"><strong>E-liquid:<\/strong> 23 ml + 23 ml (dv\u011b n\u00e1dr\u017ee)<\/li>\n<li class=\"ds-markdown-paragraph\"><strong>C\u00edvka:<\/strong> Du\u00e1ln\u00ed 1,0\u03a9 mesh c\u00edvka<\/li>\n<li class=\"ds-markdown-paragraph\"><strong>P\u0159\u00edchut\u011b:<\/strong> 12 p\u00e1r\u016f<\/li>\n<li class=\"ds-markdown-paragraph\"><strong>Inovace:<\/strong>\u00a0Sou\u010dasn\u00fd vaping 2 v 1 s dv\u011bma p\u0159\u00edchut\u011bmi<\/li>\n<li class=\"ds-markdown-paragraph\"><strong>Zobrazen\u00ed:<\/strong>\u00a0Indik\u00e1tor e-liquidu a baterie<\/li>\n<li class=\"ds-markdown-paragraph\"><strong>Design:<\/strong>\u00a0Ergonomick\u00e1 rukoje\u0165 s ovl\u00e1d\u00e1n\u00edm chuti<\/li>\n<\/ul>\n<h2><strong>Dostupn\u00e9 p\u0159\u00edchut\u011b<\/strong><\/h2>\n<p>Melounov\u00fd led \/ jahodov\u00fd ban\u00e1n<br \/>\nHroznov\u00fd led \/ Jahodov\u00e9 kiwi<br \/>\nCola Ice \/ Fizzy Cherry<br \/>\nJahodov\u00fd led \/ Mango Broskev Meloun<br \/>\nTropick\u00e9 ovoce \/ Jahoda a meloun<br \/>\nRed Bull \/ Cool Mint<br \/>\nJahodov\u00e1 vanilkov\u00e1 kola \/ Ananasov\u00fd kokos<br \/>\nVodn\u00ed meloun malina \/ Love 66<br \/>\nPan Modr\u00fd \/ Lemon Ice<br \/>\nJahoda malina t\u0159e\u0161e\u0148 \/ Monster Peach<br \/>\nBlack Dragon Ice \/ Peach Ice<br \/>\nBroskev Mango Ananas \/ Vanilkov\u00fd led<\/p>\n<figure id=\"attachment_23641\" aria-describedby=\"caption-attachment-23641\" style=\"width: 1616px\" class=\"wp-caption alignnone\"><img loading=\"lazy\" decoding=\"async\" class=\"size-full wp-image-23641\" title=\"Happ Bar GR50000 Jednor\u00e1zov\u00fd velkoobchodn\u00ed vape 14\" src=\"https:\/\/www.vape4wholesale.com\/wp-content\/uploads\/2025\/07\/Happ-Bar-GR50000-Disposable-Vape-Wholesale_14.webp\" alt=\"Happ Bar GR50000 Jednor\u00e1zov\u00fd velkoobchodn\u00ed vape 14\" width=\"1616\" height=\"800\" srcset=\"https:\/\/www.vape4wholesale.com\/wp-content\/uploads\/2025\/07\/Happ-Bar-GR50000-Disposable-Vape-Wholesale_14.webp 1616w, https:\/\/www.vape4wholesale.com\/wp-content\/uploads\/2025\/07\/Happ-Bar-GR50000-Disposable-Vape-Wholesale_14-510x252.webp 510w, https:\/\/www.vape4wholesale.com\/wp-content\/uploads\/2025\/07\/Happ-Bar-GR50000-Disposable-Vape-Wholesale_14-300x149.webp 300w, https:\/\/www.vape4wholesale.com\/wp-content\/uploads\/2025\/07\/Happ-Bar-GR50000-Disposable-Vape-Wholesale_14-1024x507.webp 1024w, https:\/\/www.vape4wholesale.com\/wp-content\/uploads\/2025\/07\/Happ-Bar-GR50000-Disposable-Vape-Wholesale_14-768x380.webp 768w, https:\/\/www.vape4wholesale.com\/wp-content\/uploads\/2025\/07\/Happ-Bar-GR50000-Disposable-Vape-Wholesale_14-1536x760.webp 1536w, https:\/\/www.vape4wholesale.com\/wp-content\/uploads\/2025\/07\/Happ-Bar-GR50000-Disposable-Vape-Wholesale_14-18x9.webp 18w, https:\/\/www.vape4wholesale.com\/wp-content\/uploads\/2025\/07\/Happ-Bar-GR50000-Disposable-Vape-Wholesale_14-64x32.webp 64w\" sizes=\"auto, (max-width: 1616px) 100vw, 1616px\" \/><figcaption id=\"caption-attachment-23641\" class=\"wp-caption-text\">Happ Bar GR50000 Jednor\u00e1zov\u00fd velkoobchodn\u00ed prodej Vape<\/figcaption><\/figure>\n<h2>PRO\u010c MY?<\/h2>\r\n<ul>\r\n<li>Skute\u010dn\u00fd, d\u016fv\u011bryhodn\u00fd a profesion\u00e1ln\u00ed zdroj vape.<\/li>\r\n<li>100% Origin\u00e1ln\u00ed z\u00e1ruka: Odm\u00edt\u00e1me pad\u011blky.<\/li>\r\n<li>100% Z\u00e1ruka dod\u00e1n\u00ed: Pou\u017e\u00edv\u00e1me nejlep\u0161\u00ed zp\u016fsob dopravy, abychom zajistili, \u017ee objedn\u00e1vku 100% obdr\u017e\u00edte.<\/li>\r\n<li>Po odesl\u00e1n\u00ed v\u00e1m poskytneme sledovac\u00ed \u010d\u00edslo a p\u0159epravn\u00ed \u0161t\u00edtek a budeme pro v\u00e1s sledovat zbo\u017e\u00ed, dokud ho nepodep\u00ed\u0161ete.<\/li>\r\n<li>\u017d\u00e1dn\u00e9 celn\u00ed probl\u00e9my, \u017e\u00e1dn\u00e1 cla<\/li>\r\n<\/ul>","protected":false},"excerpt":{"rendered":"<p><b><span style=\"color: #00a859;\">Free shipping<\/span>\u00a0from Europe warehouse, 7-15 working days delivery time.<\/b><\/p>\r\n<div class=\"wsppc_div_block woocommerce_before_add_to_cart_form\">\r\n<p><strong>Clear customs before delivery &amp; 100% Delivery Guarantee<\/strong><\/p>\r\n<\/div>","protected":false},"featured_media":23640,"comment_status":"open","ping_status":"closed","template":"","meta":[],"pwb-brand":[1267],"product_cat":[938],"product_tag":[1035,1082,1210,22,24],"class_list":{"0":"post-23613","1":"product","2":"type-product","3":"status-publish","4":"has-post-thumbnail","6":"pwb-brand-happ-bar","7":"product_cat-europe-warehouse","8":"product_tag-happ-bar","9":"product_tag-50000-puffs","10":"product_tag-46-0ml","11":"product_tag-disposable","12":"product_tag-wholesale","13":"product_shipping_class-eu-warehouse","14":"wcpa_has_options","16":"first","17":"instock","18":"featured","19":"shipping-taxable","20":"purchasable","21":"product-type-variable"},"aioseo_notices":[],"brands":[{"id":1267,"name":"Happ Bar","slug":"happ-bar"}],"_links":{"self":[{"href":"https:\/\/www.vape4wholesale.com\/cs\/wp-json\/wp\/v2\/product\/23613","targetHints":{"allow":["GET"]}}],"collection":[{"href":"https:\/\/www.vape4wholesale.com\/cs\/wp-json\/wp\/v2\/product"}],"about":[{"href":"https:\/\/www.vape4wholesale.com\/cs\/wp-json\/wp\/v2\/types\/product"}],"replies":[{"embeddable":true,"href":"https:\/\/www.vape4wholesale.com\/cs\/wp-json\/wp\/v2\/comments?post=23613"}],"wp:featuredmedia":[{"embeddable":true,"href":"https:\/\/www.vape4wholesale.com\/cs\/wp-json\/wp\/v2\/media\/23640"}],"wp:attachment":[{"href":"https:\/\/www.vape4wholesale.com\/cs\/wp-json\/wp\/v2\/media?parent=23613"}],"wp:term":[{"taxonomy":"pwb-brand","embeddable":true,"href":"https:\/\/www.vape4wholesale.com\/cs\/wp-json\/wp\/v2\/pwb-brand?post=23613"},{"taxonomy":"product_cat","embeddable":true,"href":"https:\/\/www.vape4wholesale.com\/cs\/wp-json\/wp\/v2\/product_cat?post=23613"},{"taxonomy":"product_tag","embeddable":true,"href":"https:\/\/www.vape4wholesale.com\/cs\/wp-json\/wp\/v2\/product_tag?post=23613"}],"curies":[{"name":"wp","href":"https:\/\/api.w.org\/{rel}","templated":true}]}}