{"id":23402,"date":"2025-07-08T23:28:12","date_gmt":"2025-07-08T15:28:12","guid":{"rendered":"https:\/\/www.vape4wholesale.com\/?post_type=product&#038;p=23402"},"modified":"2026-02-04T14:28:40","modified_gmt":"2026-02-04T14:28:40","slug":"razz-bar-15000-puffs-jednorazovy-vape-velkoobchod","status":"publish","type":"product","link":"https:\/\/www.vape4wholesale.com\/cs\/produkt\/razz-bar-15000-puffs-jednorazovy-vape-velkoobchod","title":{"rendered":"Razz Bar 15000 Puffs Jednor\u00e1zov\u00e9 Vape Velkoobchod"},"content":{"rendered":"<p>Na str\u00e1nk\u00e1ch <strong><a title=\"Bar Razz\" href=\"https:\/\/www.vape4wholesale.com\/cs\/product_brand\/bar-razz\/\" target=\"_blank\" rel=\"noopener\">Bar Razz<\/a> 15000<\/strong> Jednor\u00e1zov\u00e9 vape Puffs je <span style=\"color: #555555; font-size: 14.4px;\">elegantn\u00ed velkokapacitn\u00ed jednor\u00e1zov\u00fd vape navr\u017een\u00fd pro bezkonkuren\u010dn\u00ed pohodl\u00ed a v\u00fdkon. <\/span>Razz Bar je vybaven vestav\u011bnou bateri\u00ed s kapacitou 650 mAh a rychl\u00fdm nab\u00edjen\u00edm p\u0159es USB typu C, tak\u017ee zaji\u0161\u0165uje dlouhodob\u00e9 pou\u017e\u00edv\u00e1n\u00ed bez kompromis\u016f. Nemus\u00edte se b\u00e1t, \u017ee v\u00e1m dojde energie - sta\u010d\u00ed dob\u00edt a m\u016f\u017eete si u\u017e\u00edvat.<\/p>\n<p class=\"ds-markdown-paragraph\"><strong>Masivn\u00ed kapacita 26 ml e-liquidu<\/strong><br \/>\nTento jednor\u00e1zov\u00fd vape s p\u016fsobivou 26ml p\u0159edpln\u011bnou n\u00e1dr\u017e\u00ed vydr\u017e\u00ed a\u017e 15 000 plynul\u00fdch a aromatick\u00fdch potah\u016f, tak\u017ee je ide\u00e1ln\u00ed pro celodenn\u00ed vaping.<\/p>\n<p class=\"ds-markdown-paragraph\"><strong>16 vynikaj\u00edc\u00edch chut\u00ed<\/strong><br \/>\nDop\u0159ejte si bohatou, uspokojivou chu\u0165 s 16 pr\u00e9miov\u00fdmi p\u0159\u00edchut\u011bmi. A\u0165 u\u017e tou\u017e\u00edte po ovocn\u00fdch, ledov\u00fdch nebo dezertem inspirovan\u00fdch t\u00f3nech, Razz Bar nab\u00edz\u00ed individu\u00e1ln\u00ed z\u00e1\u017eitek p\u0159i ka\u017ed\u00e9m vdechnut\u00ed.<\/p>\n<p class=\"ds-markdown-paragraph\"><strong>Elegantn\u00ed, p\u0159enosn\u00fd a bezprobl\u00e9mov\u00fd<\/strong><br \/>\nKompaktn\u00ed a p\u0159esto v\u00fdkonn\u00fd Razz Bar 15000 kombinuje maxim\u00e1ln\u00ed prakti\u010dnost s v\u00fdjime\u010dnou produkc\u00ed p\u00e1ry. \u017d\u00e1dn\u00e9 dopl\u0148ov\u00e1n\u00ed, \u017e\u00e1dn\u00e1 \u00fadr\u017eba - jen \u010dist\u00e9 pohodl\u00ed na jedno pou\u017eit\u00ed.<\/p>\n<h2 class=\"ds-markdown-paragraph\">Razz Bar 15000 Puffs jednor\u00e1zov\u00e9 Vape Rychl\u00e9 informace<\/h2>\n<p class=\"ds-markdown-paragraph\">\u2714 15 000 puf\u016f - mimo\u0159\u00e1dn\u011b dlouhotrvaj\u00edc\u00ed po\u017eitek<br \/>\n\u2714 4 \u00farovn\u011b proud\u011bn\u00ed vzduchu<br \/>\n\u2714 Odpor c\u00edvky: 1,0\u03a9<br \/>\n\u2714 Nab\u00edjec\u00ed baterie 650 mAh - rychl\u00e9 nab\u00edjen\u00ed p\u0159es USB typu C<br \/>\n\u2714 26 ml p\u0159edpln\u011bn\u00e9 e-tekutiny - \u017e\u00e1dn\u00e9 \u00faniky, \u017e\u00e1dn\u00fd nepo\u0159\u00e1dek<br \/>\n\u2714 16 p\u0159\u00edchut\u00ed - bohat\u00e9, v\u00fdrazn\u00e9 a hladk\u00e9<br \/>\n\u2714 Aktivace kreslen\u00edm - snadn\u00e9 pou\u017eit\u00ed, \u017e\u00e1dn\u00e1 tla\u010d\u00edtka<\/p>\n<h2>Flaovrs K dispozici<\/h2>\n<p>1.Raspberry fudge<br \/>\n2.Jahodov\u00fd led<br \/>\n3.Red Bull ice<br \/>\n4.Kiwi Passion Fruit Guava<br \/>\n5.Mamba<br \/>\n6.Blueberry ice<br \/>\n7.Broskvov\u00fd led<br \/>\n8.Jahodov\u00e9 kiwi<br \/>\n9.Watermelon ice<br \/>\n10.Peach mango ananas<br \/>\n11.Watermelon buble gum<br \/>\n12.Sm\u00ed\u0161en\u00e9 bobule<br \/>\n13.Blueberry Raspberry lemon<br \/>\n14.Lemon Lime<br \/>\n15.Cola ice<br \/>\n16.Double apple<\/p>\n<figure id=\"attachment_23313\" aria-describedby=\"caption-attachment-23313\" style=\"width: 800px\" class=\"wp-caption alignnone\"><img loading=\"lazy\" decoding=\"async\" class=\"size-full wp-image-23313\" title=\"Razz Bar 15000 Puffs Vape Mamba na jedno pou\u017eit\u00ed\" src=\"https:\/\/www.vape4wholesale.com\/wp-content\/uploads\/2025\/07\/Razz-Bar-15000-Puffs-Disposable-Vape_Mamba.webp\" alt=\"Razz Bar 15000 Puffs Vape Mamba na jedno pou\u017eit\u00ed\" width=\"800\" height=\"800\" srcset=\"https:\/\/www.vape4wholesale.com\/wp-content\/uploads\/2025\/07\/Razz-Bar-15000-Puffs-Disposable-Vape_Mamba.webp 800w, https:\/\/www.vape4wholesale.com\/wp-content\/uploads\/2025\/07\/Razz-Bar-15000-Puffs-Disposable-Vape_Mamba-247x247.webp 247w, https:\/\/www.vape4wholesale.com\/wp-content\/uploads\/2025\/07\/Razz-Bar-15000-Puffs-Disposable-Vape_Mamba-100x100.webp 100w, https:\/\/www.vape4wholesale.com\/wp-content\/uploads\/2025\/07\/Razz-Bar-15000-Puffs-Disposable-Vape_Mamba-510x510.webp 510w, https:\/\/www.vape4wholesale.com\/wp-content\/uploads\/2025\/07\/Razz-Bar-15000-Puffs-Disposable-Vape_Mamba-300x300.webp 300w, https:\/\/www.vape4wholesale.com\/wp-content\/uploads\/2025\/07\/Razz-Bar-15000-Puffs-Disposable-Vape_Mamba-150x150.webp 150w, https:\/\/www.vape4wholesale.com\/wp-content\/uploads\/2025\/07\/Razz-Bar-15000-Puffs-Disposable-Vape_Mamba-768x768.webp 768w, https:\/\/www.vape4wholesale.com\/wp-content\/uploads\/2025\/07\/Razz-Bar-15000-Puffs-Disposable-Vape_Mamba-12x12.webp 12w, https:\/\/www.vape4wholesale.com\/wp-content\/uploads\/2025\/07\/Razz-Bar-15000-Puffs-Disposable-Vape_Mamba-64x64.webp 64w\" sizes=\"auto, (max-width: 800px) 100vw, 800px\" \/><figcaption id=\"caption-attachment-23313\" class=\"wp-caption-text\">Razz Bar 15000 Puffs Jednor\u00e1zov\u00e9 Vape Velkoobchod<\/figcaption><\/figure>\n<h2>PRO\u010c MY?<\/h2>\r\n<ul>\r\n<li>Skute\u010dn\u00fd, d\u016fv\u011bryhodn\u00fd a profesion\u00e1ln\u00ed zdroj vape.<\/li>\r\n<li>100% Origin\u00e1ln\u00ed z\u00e1ruka: Odm\u00edt\u00e1me pad\u011blky.<\/li>\r\n<li>100% Z\u00e1ruka dod\u00e1n\u00ed: Pou\u017e\u00edv\u00e1me nejlep\u0161\u00ed zp\u016fsob dopravy, abychom zajistili, \u017ee objedn\u00e1vku 100% obdr\u017e\u00edte.<\/li>\r\n<li>Po odesl\u00e1n\u00ed v\u00e1m poskytneme sledovac\u00ed \u010d\u00edslo a p\u0159epravn\u00ed \u0161t\u00edtek a budeme pro v\u00e1s sledovat zbo\u017e\u00ed, dokud ho nepodep\u00ed\u0161ete.<\/li>\r\n<li>\u017d\u00e1dn\u00e9 celn\u00ed probl\u00e9my, \u017e\u00e1dn\u00e1 cla<\/li>\r\n<\/ul>\n<p>&nbsp;<\/p>","protected":false},"excerpt":{"rendered":"<div class=\"wsppc_div_block woocommerce_before_add_to_cart_form\">\r\n<p><strong><span style=\"color: #00a859;\">Clear customs<\/span> before delivery &amp; 100% Delivery Guarantee, Delivery in 19~25 days around.\u00a0<\/strong><\/p>\r\n<\/div>","protected":false},"featured_media":23313,"comment_status":"open","ping_status":"closed","template":"","meta":[],"pwb-brand":[1266],"product_cat":[872],"product_tag":[22,24,684,823,1209],"class_list":{"0":"post-23402","1":"product","2":"type-product","3":"status-publish","4":"has-post-thumbnail","6":"pwb-brand-razz-bar","7":"product_cat-15k-20k-puffs","8":"product_tag-disposable","9":"product_tag-wholesale","10":"product_tag-15000-puffs","11":"product_tag-26-0ml","12":"product_tag-razz-bar","13":"product_shipping_class-eu-warehouse","14":"wcpa_has_options","16":"first","17":"outofstock","18":"featured","19":"shipping-taxable","20":"purchasable","21":"product-type-variable"},"aioseo_notices":[],"brands":[{"id":1266,"name":"Bar Razz","slug":"bar-razz"}],"_links":{"self":[{"href":"https:\/\/www.vape4wholesale.com\/cs\/wp-json\/wp\/v2\/product\/23402","targetHints":{"allow":["GET"]}}],"collection":[{"href":"https:\/\/www.vape4wholesale.com\/cs\/wp-json\/wp\/v2\/product"}],"about":[{"href":"https:\/\/www.vape4wholesale.com\/cs\/wp-json\/wp\/v2\/types\/product"}],"replies":[{"embeddable":true,"href":"https:\/\/www.vape4wholesale.com\/cs\/wp-json\/wp\/v2\/comments?post=23402"}],"wp:featuredmedia":[{"embeddable":true,"href":"https:\/\/www.vape4wholesale.com\/cs\/wp-json\/wp\/v2\/media\/23313"}],"wp:attachment":[{"href":"https:\/\/www.vape4wholesale.com\/cs\/wp-json\/wp\/v2\/media?parent=23402"}],"wp:term":[{"taxonomy":"pwb-brand","embeddable":true,"href":"https:\/\/www.vape4wholesale.com\/cs\/wp-json\/wp\/v2\/pwb-brand?post=23402"},{"taxonomy":"product_cat","embeddable":true,"href":"https:\/\/www.vape4wholesale.com\/cs\/wp-json\/wp\/v2\/product_cat?post=23402"},{"taxonomy":"product_tag","embeddable":true,"href":"https:\/\/www.vape4wholesale.com\/cs\/wp-json\/wp\/v2\/product_tag?post=23402"}],"curies":[{"name":"wp","href":"https:\/\/api.w.org\/{rel}","templated":true}]}}