{"id":23370,"date":"2025-07-08T00:11:30","date_gmt":"2025-07-07T16:11:30","guid":{"rendered":"https:\/\/www.vape4wholesale.com\/?post_type=product&#038;p=23370"},"modified":"2026-01-26T13:38:40","modified_gmt":"2026-01-26T13:38:40","slug":"happ-bar-ss25000-jednorazovy-vape-velkoobchod","status":"publish","type":"product","link":"https:\/\/www.vape4wholesale.com\/cs\/produkt\/happ-bar-ss25000-jednorazovy-vape-velkoobchod","title":{"rendered":"Happ Bar SS25000 Jednor\u00e1zov\u00fd velkoobchodn\u00ed prodej Vape"},"content":{"rendered":"<p class=\"ds-markdown-paragraph\">Na str\u00e1nk\u00e1ch\u00a0<strong><a title=\"Happ Bar\" href=\"https:\/\/www.vape4wholesale.com\/cs\/product_brand\/happ-bar\/\" target=\"_blank\" rel=\"noopener\">Happ Bar<\/a> SS25000<\/strong> Jednor\u00e1zov\u00fd vape vynik\u00e1 pr\u00e9miovou konstrukc\u00ed z v\u00edce materi\u00e1l\u016f, kter\u00e1 kombinuje barevn\u00e9 akcenty z um\u011bl\u00e9 k\u016f\u017ee s elegantn\u00edmi kovov\u00fdmi detaily pod\u00e9l cel\u00e9ho t\u011bla. Tla\u010d\u00edtko nap\u00e1jen\u00ed je hladce integrov\u00e1no do matn\u011b \u010dern\u00e9ho panelu, na kter\u00e9m se nach\u00e1z\u00ed tak\u00e9 p\u0159ehledn\u00fd LCD displej pro sledov\u00e1n\u00ed v re\u00e1ln\u00e9m \u010dase.<\/p>\n<p class=\"ds-markdown-paragraph\">Na rozd\u00edl od v\u011bt\u0161iny jednor\u00e1zov\u00fdch vap\u016f, kter\u00e9 se aktivuj\u00ed automaticky, vy\u017eaduje SS25000 pro p\u0159esn\u00e9 ovl\u00e1d\u00e1n\u00ed ru\u010dn\u00ed ovl\u00e1d\u00e1n\u00ed. Pro pou\u017eit\u00ed sta\u010d\u00ed p\u011btkr\u00e1t stisknout tla\u010d\u00edtko nap\u00e1jen\u00ed pro zapnut\u00ed a pot\u00e9 t\u0159ikr\u00e1t rychle kliknout pro p\u0159epnut\u00ed re\u017eim\u016f. Je vybaven dv\u011bma re\u017eimy v\u00fdstupu:<\/p>\n<ul>\n<li>\n<p class=\"ds-markdown-paragraph\">Inteligentn\u00ed re\u017eim: Nastaviteln\u00fd v\u00fdkon od 5 W do 30 W pro p\u0159izp\u016fsoben\u00ed vapingu.<\/p>\n<\/li>\n<li>\n<p class=\"ds-markdown-paragraph\">Re\u017eim Boost: Pro maxim\u00e1ln\u00ed intenzitu se uzamkne na 30 W.<\/p>\n<\/li>\n<\/ul>\n<p class=\"ds-markdown-paragraph\">Toto za\u0159\u00edzen\u00ed nav\u00edc podporuje funkci opakovan\u00e9ho pln\u011bn\u00ed. Pro dopln\u011bn\u00ed:<\/p>\n<ol start=\"1\">\n<li>\n<p class=\"ds-markdown-paragraph\">Vyjm\u011bte n\u00e1ustek.<\/p>\n<\/li>\n<li>\n<p class=\"ds-markdown-paragraph\">Vyjm\u011bte silikonov\u00e9 z\u00e1tky na obou stran\u00e1ch trubky.<\/p>\n<\/li>\n<li>\n<p class=\"ds-markdown-paragraph\">P\u0159idejte e-liquid (vyhn\u011bte se st\u0159edov\u00e9mu otvoru pro airflow).<\/p>\n<\/li>\n<\/ol>\n<h2><strong>Happ Bar SS25000 Jednor\u00e1zov\u00e9 Vape Rychl\u00e9 detaily<\/strong><\/h2>\n<ul>\n<li>\n<p class=\"ds-markdown-paragraph\">Po\u010det puf\u016f: 25,000<\/p>\n<\/li>\n<li>\n<p class=\"ds-markdown-paragraph\">C\u00edvka: 0,6\u03a9 Mesh Coil (lep\u0161\u00ed chu\u0165 a p\u00e1ra)<\/p>\n<\/li>\n<li>\n<p class=\"ds-markdown-paragraph\">Nastaviteln\u00e9 proud\u011bn\u00ed vzduchu<\/p>\n<\/li>\n<li>\n<p class=\"ds-markdown-paragraph\">Doplniteln\u00fd design<\/p>\n<\/li>\n<li>\n<p class=\"ds-markdown-paragraph\">Nab\u00edjec\u00ed baterie 650 mAh (nab\u00edjen\u00ed typu C)<\/p>\n<\/li>\n<li>\n<p class=\"ds-markdown-paragraph\">Du\u00e1ln\u00ed re\u017eimy: Boost a Smart<\/p>\n<\/li>\n<li>\n<p class=\"ds-markdown-paragraph\">LCD displej: Zobrazuje \u00farove\u0148 nabit\u00ed baterie a v\u00fdkon<\/p>\n<\/li>\n<\/ul>\n<h2><strong>Dostupn\u00e9 p\u0159\u00edchut\u011b<\/strong><\/h2>\n<p>Broskvov\u00fd led<br \/>\nJahodov\u00fd pun\u010d<br \/>\nHroznov\u00e1 m\u00e1ta<br \/>\nMango Ice<br \/>\nDvojit\u00e9 jablko<br \/>\nBor\u016fvkov\u00e1 \u017ev\u00fdka\u010dka<br \/>\nCitronov\u00e1 m\u00e1ta<br \/>\nSv\u011b\u017e\u00ed led<br \/>\nJahodov\u00e9 kiwi<br \/>\nBerry Ice<br \/>\nKouzeln\u00e1 l\u00e1ska<br \/>\nT\u0159e\u0161\u0148ov\u00e1 fiesta<\/p>\n<figure id=\"attachment_23352\" aria-describedby=\"caption-attachment-23352\" style=\"width: 800px\" class=\"wp-caption alignnone\"><img loading=\"lazy\" decoding=\"async\" class=\"size-full wp-image-23352\" title=\"Happ Bar SS25000 Jednor\u00e1zov\u00fd Vape Double Appe\" src=\"https:\/\/www.vape4wholesale.com\/wp-content\/uploads\/2025\/07\/Happ-Bar-SS25000-Disposable-Vape_Double-Appe.webp\" alt=\"Happ Bar SS25000 Jednor\u00e1zov\u00fd Vape Double Appe\" width=\"800\" height=\"800\" srcset=\"https:\/\/www.vape4wholesale.com\/wp-content\/uploads\/2025\/07\/Happ-Bar-SS25000-Disposable-Vape_Double-Appe.webp 800w, https:\/\/www.vape4wholesale.com\/wp-content\/uploads\/2025\/07\/Happ-Bar-SS25000-Disposable-Vape_Double-Appe-247x247.webp 247w, https:\/\/www.vape4wholesale.com\/wp-content\/uploads\/2025\/07\/Happ-Bar-SS25000-Disposable-Vape_Double-Appe-100x100.webp 100w, https:\/\/www.vape4wholesale.com\/wp-content\/uploads\/2025\/07\/Happ-Bar-SS25000-Disposable-Vape_Double-Appe-510x510.webp 510w\" sizes=\"auto, (max-width: 800px) 100vw, 800px\" \/><figcaption id=\"caption-attachment-23352\" class=\"wp-caption-text\">Happ Bar SS25000 Jednor\u00e1zov\u00fd Vape Double Appe<\/figcaption><\/figure>\n[scf-template id=&#8217;16903&#8242;]","protected":false},"excerpt":{"rendered":"<p><b><span style=\"color: #00a859;\">Free shipping<\/span>\u00a0from Europe warehouse, 7-15 working days delivery time.<\/b><\/p>\r\n<div class=\"wsppc_div_block woocommerce_before_add_to_cart_form\">\r\n<p><strong>Clear customs before delivery &amp; 100% Delivery Guarantee<\/strong><\/p>\r\n<\/div>","protected":false},"featured_media":23352,"comment_status":"open","ping_status":"closed","template":"","meta":[],"pwb-brand":[1267],"product_cat":[938],"product_tag":[22,24,692,915,1035],"class_list":{"0":"post-23370","1":"product","2":"type-product","3":"status-publish","4":"has-post-thumbnail","6":"pwb-brand-happ-bar","7":"product_cat-europe-warehouse","8":"product_tag-disposable","9":"product_tag-wholesale","10":"product_tag-25-0ml","11":"product_tag-25000-puffs","12":"product_tag-happ-bar","13":"product_shipping_class-eu-warehouse","15":"first","16":"outofstock","17":"featured","18":"shipping-taxable","19":"purchasable","20":"product-type-variable"},"aioseo_notices":[],"brands":[{"id":1267,"name":"Happ Bar","slug":"happ-bar"}],"_links":{"self":[{"href":"https:\/\/www.vape4wholesale.com\/cs\/wp-json\/wp\/v2\/product\/23370","targetHints":{"allow":["GET"]}}],"collection":[{"href":"https:\/\/www.vape4wholesale.com\/cs\/wp-json\/wp\/v2\/product"}],"about":[{"href":"https:\/\/www.vape4wholesale.com\/cs\/wp-json\/wp\/v2\/types\/product"}],"replies":[{"embeddable":true,"href":"https:\/\/www.vape4wholesale.com\/cs\/wp-json\/wp\/v2\/comments?post=23370"}],"wp:featuredmedia":[{"embeddable":true,"href":"https:\/\/www.vape4wholesale.com\/cs\/wp-json\/wp\/v2\/media\/23352"}],"wp:attachment":[{"href":"https:\/\/www.vape4wholesale.com\/cs\/wp-json\/wp\/v2\/media?parent=23370"}],"wp:term":[{"taxonomy":"pwb-brand","embeddable":true,"href":"https:\/\/www.vape4wholesale.com\/cs\/wp-json\/wp\/v2\/pwb-brand?post=23370"},{"taxonomy":"product_cat","embeddable":true,"href":"https:\/\/www.vape4wholesale.com\/cs\/wp-json\/wp\/v2\/product_cat?post=23370"},{"taxonomy":"product_tag","embeddable":true,"href":"https:\/\/www.vape4wholesale.com\/cs\/wp-json\/wp\/v2\/product_tag?post=23370"}],"curies":[{"name":"wp","href":"https:\/\/api.w.org\/{rel}","templated":true}]}}