{"id":23271,"date":"2025-07-07T00:00:13","date_gmt":"2025-07-06T16:00:13","guid":{"rendered":"https:\/\/www.vape4wholesale.com\/?post_type=product&#038;p=23271"},"modified":"2026-03-19T19:03:58","modified_gmt":"2026-03-19T11:03:58","slug":"fumot-digitalni-opice-40000-puffs-jednorazove-vape-velkoobchod","status":"publish","type":"product","link":"https:\/\/www.vape4wholesale.com\/cs\/produkt\/fumot-digitalni-opice-40000-puffs-jednorazove-vape-velkoobchod","title":{"rendered":"Fumot Digital Monkey 40000 Puffs Jednor\u00e1zov\u00fd velkoobchod Vape"},"content":{"rendered":"<p>Na str\u00e1nk\u00e1ch<strong><a title=\"Fumot\" href=\"https:\/\/www.vape4wholesale.com\/cs\/product_brand\/fumot\/\" target=\"_blank\" rel=\"noopener\"> Fumot<\/a> Digital Monkey 40000<\/strong> je jednor\u00e1zov\u00e1 vape spir\u00e1lka s dvojitou s\u00ed\u0165ovou spir\u00e1lkou s chytr\u00fdm displejem a p\u0159ep\u00ednateln\u00fdmi re\u017eimy. Jako vylep\u0161en\u00e1 verze obl\u00edben\u00e9ho <a title=\"Fumot 12000\" href=\"https:\/\/www.vape4wholesale.com\/cs\/produkt\/fumot-digitalni-box-12000-jednorazovy-vape-velkoobchod\/\" target=\"_blank\" rel=\"noopener\">Fumot 12000<\/a> vape, m\u00e1 stylov\u00fd prosklen\u00fd vn\u011bj\u0161\u00ed povrch a velkou p\u0159edn\u00ed obrazovku. Na displeji se zobrazuje nejen grafika \"Digital Monkey\", ale tak\u00e9 informace v re\u00e1ln\u00e9m \u010dase o stavu eliquidu, \u017eivotnosti baterie a aktu\u00e1ln\u00edm re\u017eimu vapov\u00e1n\u00ed. Toto za\u0159\u00edzen\u00ed nab\u00edz\u00ed dva re\u017eimy vapov\u00e1n\u00ed Double Engine Mode a Single Engine Modekter\u00e9 lze snadno p\u0159ep\u00ednat pomoc\u00ed tla\u010d\u00edtka um\u00edst\u011bn\u00e9ho ve spodn\u00ed \u010d\u00e1sti za\u0159\u00edzen\u00ed. Digital Monkey je k dispozici v 16 p\u0159\u00edchut\u00edch a nab\u00edz\u00ed 2 s\u00edly nikotinu, aby vyhovoval r\u016fzn\u00fdm preferenc\u00edm.<\/p>\n<p>Displej Digital Monkey poskytuje v re\u00e1ln\u00e9m \u010dase informace o stavu e-liquidu, \u017eivotnosti baterie a aktu\u00e1ln\u00edm re\u017eimu vapov\u00e1n\u00ed Dual Engine Mode (D) nebo Single Engine Mode (S), kter\u00e9 v\u00e1m zp\u0159\u00edjemn\u00ed vapov\u00e1n\u00ed.<\/p>\n<p>Vape Dual Mesh pou\u017e\u00edv\u00e1 \u017ehavic\u00ed prvek se dv\u011bma vrstvami s\u00ed\u0165oviny, co\u017e vytv\u00e1\u0159\u00ed v\u011bt\u0161\u00ed plochu pro kontakt s e-liquidem a jeho rovnom\u011brn\u00e9 zah\u0159\u00edv\u00e1n\u00ed. V\u00fdsledkem je hlad\u0161\u00ed a uspokojiv\u011bj\u0161\u00ed chu\u0165.<\/p>\n<p>D\u00edky vestav\u011bn\u00e9 dob\u00edjec\u00ed baterii s kapacitou 850 mAh ji m\u016f\u017eete dob\u00edjet opakovan\u011b, tak\u017ee se v\u00e1m nestane, \u017ee byste m\u011bli vybitou jednor\u00e1zovou baterii d\u0159\u00edve, ne\u017e dojde e-liquid.<\/p>\n<h2><strong>Fumot Digital Monkey 40000 Puffs Jednor\u00e1zov\u00e9 Vape Rychl\u00e9 informace<\/strong><\/h2>\n<ul>\n<li class=\"ds-markdown-paragraph\">Pufy: A\u017e 40 000<\/li>\n<li class=\"ds-markdown-paragraph\">Baterie: 850 mAh (dob\u00edjen\u00ed p\u0159es USB-C)<\/li>\n<li class=\"ds-markdown-paragraph\">C\u00edvka: (hlad\u0161\u00ed a aromati\u010dt\u011bj\u0161\u00ed p\u00e1ra)<\/li>\n<li class=\"ds-markdown-paragraph\">Zobrazen\u00ed: Chytr\u00fd displej (hladina e-liquidu v re\u00e1ln\u00e9m \u010dase, baterie, indik\u00e1tor re\u017eimu)<\/li>\n<li>Kapacita e-liquidu: 16 ml (p\u0159edpln\u011bn\u00fd)<\/li>\n<li class=\"ds-markdown-paragraph\">S\u00edla nikotinu: 2% (20 mg) a 5% (50 mg)<\/li>\n<li class=\"ds-markdown-paragraph\">P\u0159\u00edchut\u011b: 16 mo\u017enost\u00ed (rozmanitost pro r\u016fzn\u00e9 chut\u011b)<\/li>\n<li class=\"ds-markdown-paragraph\">Design: Vn\u011bj\u0161\u00ed strana s prosklen\u00fdm vzorem + grafika \"Digital Monkey\".<\/li>\n<li class=\"ds-markdown-paragraph\">Aktualizov\u00e1no z: Fumot 12000 (lep\u0161\u00ed displej, dvojit\u00e1 s\u00ed\u0165ka, del\u0161\u00ed \u017eivotnost)<\/li>\n<li class=\"ds-markdown-paragraph\">Pracovn\u00ed re\u017eimy: (D) - intenzivn\u011bj\u0161\u00ed p\u00e1ra\/ Single Engine (S) - standardn\u00ed vaping (p\u0159ep\u00ednateln\u00fd spodn\u00edm tla\u010d\u00edtkem).<\/li>\n<\/ul>\n<h2><strong>Dostupn\u00e9 p\u0159\u00edchut\u011b<\/strong><\/h2>\n<p>1. Ban\u00e1nov\u00fd led<br \/>\n2. Jahodov\u00fd meloun<br \/>\n3. Miami Mint<br \/>\n4. Bor\u016fvka malina<br \/>\n5. \u010cern\u00fd led<br \/>\n6. B\u00edl\u00fd gumov\u00fd led<br \/>\n7. Melounov\u00fd led<br \/>\n8. \u0160\u0165avnat\u00e1 broskvov\u00e1 zmrzlina<br \/>\n9. R\u016f\u017eov\u00e1 limon\u00e1da<br \/>\n10. Jahodov\u00e9 mango<br \/>\n11. Broskvov\u00fd meloun s mangem<br \/>\n12. Hroznov\u00fd citron<br \/>\n13. Tropick\u00fd duhov\u00fd v\u00fdbuch<br \/>\n14. T\u0159e\u0161\u0148ov\u00e1 bomba<br \/>\n15. Jahodov\u00e9 m\u00e1tov\u00e9 bonbony<br \/>\n16. Dvojit\u00e9 jablko<\/p>\n<figure id=\"attachment_23272\" aria-describedby=\"caption-attachment-23272\" style=\"width: 1248px\" class=\"wp-caption alignnone\"><img loading=\"lazy\" decoding=\"async\" class=\"size-full wp-image-23272\" title=\"Fumot Digital Monkey 40000 Puffs Vape na jedno pou\u017eit\u00ed\" src=\"https:\/\/www.vape4wholesale.com\/wp-content\/uploads\/2025\/07\/Fumot-Digital-Monkey-40000-Puffs-Disposable-Vape.webp\" alt=\"Fumot Digital Monkey 40000 Puffs Vape na jedno pou\u017eit\u00ed\" width=\"1248\" height=\"800\" srcset=\"https:\/\/www.vape4wholesale.com\/wp-content\/uploads\/2025\/07\/Fumot-Digital-Monkey-40000-Puffs-Disposable-Vape.webp 1248w, https:\/\/www.vape4wholesale.com\/wp-content\/uploads\/2025\/07\/Fumot-Digital-Monkey-40000-Puffs-Disposable-Vape-510x327.webp 510w, https:\/\/www.vape4wholesale.com\/wp-content\/uploads\/2025\/07\/Fumot-Digital-Monkey-40000-Puffs-Disposable-Vape-300x192.webp 300w, https:\/\/www.vape4wholesale.com\/wp-content\/uploads\/2025\/07\/Fumot-Digital-Monkey-40000-Puffs-Disposable-Vape-1024x656.webp 1024w, https:\/\/www.vape4wholesale.com\/wp-content\/uploads\/2025\/07\/Fumot-Digital-Monkey-40000-Puffs-Disposable-Vape-768x492.webp 768w, https:\/\/www.vape4wholesale.com\/wp-content\/uploads\/2025\/07\/Fumot-Digital-Monkey-40000-Puffs-Disposable-Vape-18x12.webp 18w, https:\/\/www.vape4wholesale.com\/wp-content\/uploads\/2025\/07\/Fumot-Digital-Monkey-40000-Puffs-Disposable-Vape-64x41.webp 64w\" sizes=\"auto, (max-width: 1248px) 100vw, 1248px\" \/><figcaption id=\"caption-attachment-23272\" class=\"wp-caption-text\">Fumot Digital Monkey 40000 Puffs Vape na jedno pou\u017eit\u00ed<\/figcaption><\/figure>\n<h2>PRO\u010c MY?<\/h2>\r\n<ul>\r\n<li>Skute\u010dn\u00fd, d\u016fv\u011bryhodn\u00fd a profesion\u00e1ln\u00ed zdroj vape.<\/li>\r\n<li>100% Origin\u00e1ln\u00ed z\u00e1ruka: Odm\u00edt\u00e1me pad\u011blky.<\/li>\r\n<li>100% Z\u00e1ruka dod\u00e1n\u00ed: Pou\u017e\u00edv\u00e1me nejlep\u0161\u00ed zp\u016fsob dopravy, abychom zajistili, \u017ee objedn\u00e1vku 100% obdr\u017e\u00edte.<\/li>\r\n<li>Po odesl\u00e1n\u00ed v\u00e1m poskytneme sledovac\u00ed \u010d\u00edslo a p\u0159epravn\u00ed \u0161t\u00edtek a budeme pro v\u00e1s sledovat zbo\u017e\u00ed, dokud ho nepodep\u00ed\u0161ete.<\/li>\r\n<li>\u017d\u00e1dn\u00e9 celn\u00ed probl\u00e9my, \u017e\u00e1dn\u00e1 cla<\/li>\r\n<\/ul>","protected":false},"excerpt":{"rendered":"<div class=\"wsppc_div_block woocommerce_before_add_to_cart_form\">\r\n<p><strong><span style=\"color: #00a859;\">Clear customs<\/span> before delivery &amp; 100% Delivery Guarantee, Delivery in 19~25 days around.\u00a0<\/strong><\/p>\r\n<\/div>","protected":false},"featured_media":23259,"comment_status":"open","ping_status":"closed","template":"","meta":[],"pwb-brand":[1269],"product_cat":[873],"product_tag":[22,24,592,933,1016],"class_list":{"0":"post-23271","1":"product","2":"type-product","3":"status-publish","4":"has-post-thumbnail","6":"pwb-brand-fumot","7":"product_cat-above-20k-puffs","8":"product_tag-disposable","9":"product_tag-wholesale","10":"product_tag-fumot","11":"product_tag-35-0ml","12":"product_tag-40000-puffs","13":"wcpa_has_options","15":"first","16":"outofstock","17":"featured","18":"shipping-taxable","19":"purchasable","20":"product-type-variable"},"aioseo_notices":[],"brands":[{"id":1269,"name":"Fumot","slug":"fumot"}],"_links":{"self":[{"href":"https:\/\/www.vape4wholesale.com\/cs\/wp-json\/wp\/v2\/product\/23271","targetHints":{"allow":["GET"]}}],"collection":[{"href":"https:\/\/www.vape4wholesale.com\/cs\/wp-json\/wp\/v2\/product"}],"about":[{"href":"https:\/\/www.vape4wholesale.com\/cs\/wp-json\/wp\/v2\/types\/product"}],"replies":[{"embeddable":true,"href":"https:\/\/www.vape4wholesale.com\/cs\/wp-json\/wp\/v2\/comments?post=23271"}],"wp:featuredmedia":[{"embeddable":true,"href":"https:\/\/www.vape4wholesale.com\/cs\/wp-json\/wp\/v2\/media\/23259"}],"wp:attachment":[{"href":"https:\/\/www.vape4wholesale.com\/cs\/wp-json\/wp\/v2\/media?parent=23271"}],"wp:term":[{"taxonomy":"pwb-brand","embeddable":true,"href":"https:\/\/www.vape4wholesale.com\/cs\/wp-json\/wp\/v2\/pwb-brand?post=23271"},{"taxonomy":"product_cat","embeddable":true,"href":"https:\/\/www.vape4wholesale.com\/cs\/wp-json\/wp\/v2\/product_cat?post=23271"},{"taxonomy":"product_tag","embeddable":true,"href":"https:\/\/www.vape4wholesale.com\/cs\/wp-json\/wp\/v2\/product_tag?post=23271"}],"curies":[{"name":"wp","href":"https:\/\/api.w.org\/{rel}","templated":true}]}}