{"id":23199,"date":"2025-07-06T11:39:53","date_gmt":"2025-07-06T03:39:53","guid":{"rendered":"https:\/\/www.vape4wholesale.com\/?post_type=product&#038;p=23199"},"modified":"2026-03-05T15:41:40","modified_gmt":"2026-03-05T07:41:40","slug":"fumot-leopard-40k-40000-puffs-jednorazovy-vape-velkoobchod","status":"publish","type":"product","link":"https:\/\/www.vape4wholesale.com\/cs\/product\/fumot-leopard-40k-40000-puffs-disposable-vape-wholesale","title":{"rendered":"Fumot Leopard 40K 40000 Puffs Jednor\u00e1zov\u00fd velkoobchod Vape"},"content":{"rendered":"<p>Na str\u00e1nk\u00e1ch <a title=\"Fumot\" href=\"https:\/\/www.vape4wholesale.com\/cs\/product_brand\/fumot\/\" target=\"_blank\" rel=\"noopener\">Fumot<\/a> Leopard 40K je vysokokapacitn\u00ed jednor\u00e1zov\u00fd vape, kter\u00fd nab\u00edz\u00ed a\u017e 40 000 \u0161luk\u016f. Je navr\u017een se dv\u011bma s\u00ed\u0165ov\u00fdmi spir\u00e1lkami a pr\u016fhledn\u00fdm vn\u011bj\u0161\u00edm pl\u00e1\u0161t\u011bm a je opat\u0159en ilustrac\u00ed boldeoparda, kter\u00e1 mu dod\u00e1v\u00e1 jedine\u010dn\u00fd vizu\u00e1ln\u00ed n\u00e1dech. Vestav\u011bn\u00fd LED indik\u00e1tor nejen\u017ee ukazuje stav e-liquidu a baterie, ale tak\u00e9 p\u0159in\u00e1\u0161\u00ed \u017eiv\u00e9 sv\u011bteln\u00e9 efekty. Leopard 40K je k dispozici ve 25 p\u0159\u00edchut\u00edch a nab\u00edz\u00ed 4 mo\u017enosti s\u00edly nikotinu, aby vyhovoval r\u016fzn\u00fdm preferenc\u00edm.<\/p>\n<p>Dual Mesh Vape pou\u017e\u00edv\u00e1 \u017ehavic\u00ed prvek se dv\u011bma vrstvami s\u00ed\u0165oviny, co\u017e vytv\u00e1\u0159\u00ed v\u011bt\u0161\u00ed plochu pro kontakt s e-liquidem a jeho rovnom\u011brn\u00e9 zah\u0159\u00edv\u00e1n\u00ed. V\u00fdsledkem je hlad\u0161\u00ed a uspokojiv\u011bj\u0161\u00ed chu\u0165 a stabiln\u011bj\u0161\u00ed chu\u0165 po celou dobu \u017eivotnosti vapu.<\/p>\n<p>Displej Leopardu 40k zobrazuje tak\u00e9 stav nap\u00e1jen\u00ed a mno\u017estv\u00ed e-liquidu!\u010c\u00edslo vlevo (nad symbolem kapky vody) p\u0159edstavuje mno\u017estv\u00ed e-liquidu, kter\u00e9 v za\u0159\u00edzen\u00ed aktu\u00e1ln\u011b zb\u00fdv\u00e1, a \u010d\u00edslo vpravo (nad symbolem baterie) p\u0159edstavuje aktu\u00e1ln\u00ed stav nap\u00e1jen\u00ed za\u0159\u00edzen\u00ed.<\/p>\n<p>Leopard 40K m\u00e1 k\u0159i\u0161\u0165\u00e1lov\u011b pr\u016fhledn\u00fd pl\u00e1\u0161\u0165, kter\u00fd skv\u011ble ukazuje \u00fa\u017easnou leopard\u00ed ilustraci v pln\u00e9m detailu.Ka\u017ed\u00e1 linie, barva a v\u00fdraz um\u011bleck\u00e9ho d\u00edla o\u017e\u00edvaj\u00ed a vytv\u00e1\u0159ej\u00ed odv\u00e1\u017en\u00fd vizu\u00e1ln\u00ed projev, kter\u00fd je odli\u0161uje od b\u011b\u017en\u00fdch vaped design\u016f.<\/p>\n<p>USB-C neboli USB typu C je nejnov\u011bj\u0161\u00ed univerz\u00e1ln\u00ed standard pro kabelov\u00e9 p\u0159ipojen\u00ed chytr\u00fdch za\u0159\u00edzen\u00ed. je to n\u00e1stupce star\u0161\u00edch standard\u016f, jako je Micro-USB a USB-A, kter\u00e9 jsou st\u00e1le b\u011b\u017en\u00e9, ale rychle se vytr\u00e1cej\u00ed. vestav\u011bn\u00e1 baterie s kapacitou 700 mAh je dob\u00edjec\u00ed, tak\u017ee nebudete muset z\u016fstat s vybit\u00fdmi jednor\u00e1zov\u00fdmi bateriemi, dokud nedojde e-liquid.<\/p>\n<h2><strong>Fumot Leopard 40K Puffs Jednor\u00e1zov\u00e9 Vape Rychl\u00e9 informace<\/strong><\/h2>\n<ul>\n<li>\n<p class=\"ds-markdown-paragraph\"><strong>S\u00edla nikotinu:<\/strong>\u00a02% \/ 5% (20 mg\/50 mg)<\/p>\n<\/li>\n<li>\n<p class=\"ds-markdown-paragraph\"><strong>Baterie:<\/strong>\u00a0Dob\u00edjec\u00ed kapacita 700 mAh (USB typu C)<\/p>\n<\/li>\n<li>\n<p class=\"ds-markdown-paragraph\"><strong>Po\u010det puf\u016f:<\/strong>\u00a0A\u017e do\u00a0<strong>40 000 obl\u00e1\u010dk\u016f<\/strong><\/p>\n<\/li>\n<li>\n<p class=\"ds-markdown-paragraph\"><strong>Technologie c\u00edvek:<\/strong>\u00a0<strong>Dvojit\u00e1 s\u00ed\u0165ov\u00e1 c\u00edvka<\/strong>\u00a0pro bohat\u0161\u00ed chu\u0165<\/p>\n<\/li>\n<li>\n<p class=\"ds-markdown-paragraph\"><strong>P\u0159\u00edchut\u011b:<\/strong>\u00a0<strong>16 pr\u00e9miov\u00fdch mo\u017enost\u00ed<\/strong><\/p>\n<\/li>\n<li>\n<p class=\"ds-markdown-paragraph\"><strong>Zobrazen\u00ed:<\/strong>\u00a0<strong>Obrazovka HD<\/strong>\u00a0(indik\u00e1tory e-kapaliny a baterie)<\/p>\n<\/li>\n<\/ul>\n<h2><strong>Dostupn\u00e9 p\u0159\u00edchut\u011b<\/strong><\/h2>\n<ol>\n<li>Sm\u00ed\u0161en\u00e9 bobule<\/li>\n<li>Bor\u016fvka malina<\/li>\n<li>Jahodov\u00fd meloun<\/li>\n<li>Jahodov\u00e1 zmrzlina<\/li>\n<li>T\u0159e\u0161\u0148ov\u00fd led<\/li>\n<li>Melounov\u00fd led<\/li>\n<li>Kiwi Mu\u010denka Ovoce Guava<\/li>\n<li>Dr. Blue<\/li>\n<li>Bor\u016fvky na ledu<\/li>\n<li>Peach Berry<\/li>\n<li>R\u016f\u017eov\u00e1 limon\u00e1da<\/li>\n<li>Jahodov\u00fd ban\u00e1n<\/li>\n<li>Melounov\u00e1 \u017ev\u00fdka\u010dka<\/li>\n<li>Broskvov\u00fd mango ananas<\/li>\n<li>Black Dragon Ice<\/li>\n<li>Bor\u016fvka T\u0159e\u0161e\u0148 Brusinka<\/li>\n<\/ol>\n<figure id=\"attachment_23232\" aria-describedby=\"caption-attachment-23232\" style=\"width: 2560px\" class=\"wp-caption alignnone\"><img loading=\"lazy\" decoding=\"async\" class=\"size-full wp-image-23232\" title=\"Fumot Leopard 40K 40000 Puffs Jednor\u00e1zov\u00fd Vape\" src=\"https:\/\/www.vape4wholesale.com\/wp-content\/uploads\/2025\/07\/Fumot-Leopard-40K-40000-Puffs-Disposable-Vape-scaled.webp\" alt=\"Fumot Leopard 40K 40000 Puffs Jednor\u00e1zov\u00fd Vape\" width=\"2560\" height=\"1536\" srcset=\"https:\/\/www.vape4wholesale.com\/wp-content\/uploads\/2025\/07\/Fumot-Leopard-40K-40000-Puffs-Disposable-Vape-scaled.webp 2560w, https:\/\/www.vape4wholesale.com\/wp-content\/uploads\/2025\/07\/Fumot-Leopard-40K-40000-Puffs-Disposable-Vape-scaled-510x306.webp 510w, https:\/\/www.vape4wholesale.com\/wp-content\/uploads\/2025\/07\/Fumot-Leopard-40K-40000-Puffs-Disposable-Vape-300x180.webp 300w, https:\/\/www.vape4wholesale.com\/wp-content\/uploads\/2025\/07\/Fumot-Leopard-40K-40000-Puffs-Disposable-Vape-1024x614.webp 1024w, https:\/\/www.vape4wholesale.com\/wp-content\/uploads\/2025\/07\/Fumot-Leopard-40K-40000-Puffs-Disposable-Vape-768x461.webp 768w, https:\/\/www.vape4wholesale.com\/wp-content\/uploads\/2025\/07\/Fumot-Leopard-40K-40000-Puffs-Disposable-Vape-1536x922.webp 1536w, https:\/\/www.vape4wholesale.com\/wp-content\/uploads\/2025\/07\/Fumot-Leopard-40K-40000-Puffs-Disposable-Vape-2048x1229.webp 2048w, https:\/\/www.vape4wholesale.com\/wp-content\/uploads\/2025\/07\/Fumot-Leopard-40K-40000-Puffs-Disposable-Vape-18x12.webp 18w, https:\/\/www.vape4wholesale.com\/wp-content\/uploads\/2025\/07\/Fumot-Leopard-40K-40000-Puffs-Disposable-Vape-64x38.webp 64w\" sizes=\"auto, (max-width: 2560px) 100vw, 2560px\" \/><figcaption id=\"caption-attachment-23232\" class=\"wp-caption-text\">Fumot Leopard 40K 40000 Puffs Jednor\u00e1zov\u00fd Vape<\/figcaption><\/figure>\n<h2>PRO\u010c MY?<\/h2>\r\n<ul>\r\n<li>Skute\u010dn\u00fd, d\u016fv\u011bryhodn\u00fd a profesion\u00e1ln\u00ed zdroj vape.<\/li>\r\n<li>100% Origin\u00e1ln\u00ed z\u00e1ruka: Odm\u00edt\u00e1me pad\u011blky.<\/li>\r\n<li>100% Z\u00e1ruka dod\u00e1n\u00ed: Pou\u017e\u00edv\u00e1me nejlep\u0161\u00ed zp\u016fsob dopravy, abychom zajistili, \u017ee objedn\u00e1vku 100% obdr\u017e\u00edte.<\/li>\r\n<li>Po odesl\u00e1n\u00ed v\u00e1m poskytneme sledovac\u00ed \u010d\u00edslo a p\u0159epravn\u00ed \u0161t\u00edtek a budeme pro v\u00e1s sledovat zbo\u017e\u00ed, dokud ho nepodep\u00ed\u0161ete.<\/li>\r\n<li>\u017d\u00e1dn\u00e9 celn\u00ed probl\u00e9my, \u017e\u00e1dn\u00e1 cla<\/li>\r\n<\/ul>","protected":false},"excerpt":{"rendered":"<div class=\"wsppc_div_block woocommerce_before_add_to_cart_form\">\r\n<p><strong><span style=\"color: #00a859;\">Clear customs<\/span> before delivery &amp; 100% Delivery Guarantee, Delivery in 19~25 days around.\u00a0<\/strong><\/p>\r\n<\/div>","protected":false},"featured_media":23222,"comment_status":"open","ping_status":"closed","template":"","meta":[],"pwb-brand":[1269],"product_cat":[873],"product_tag":[22,24,592,933,1016],"class_list":{"0":"post-23199","1":"product","2":"type-product","3":"status-publish","4":"has-post-thumbnail","6":"pwb-brand-fumot","7":"product_cat-above-20k-puffs","8":"product_tag-disposable","9":"product_tag-wholesale","10":"product_tag-fumot","11":"product_tag-35-0ml","12":"product_tag-40000-puffs","13":"wcpa_has_options","15":"first","16":"instock","17":"featured","18":"shipping-taxable","19":"purchasable","20":"product-type-variable"},"aioseo_notices":[],"brands":[{"id":1269,"name":"Fumot","slug":"fumot"}],"_links":{"self":[{"href":"https:\/\/www.vape4wholesale.com\/cs\/wp-json\/wp\/v2\/product\/23199","targetHints":{"allow":["GET"]}}],"collection":[{"href":"https:\/\/www.vape4wholesale.com\/cs\/wp-json\/wp\/v2\/product"}],"about":[{"href":"https:\/\/www.vape4wholesale.com\/cs\/wp-json\/wp\/v2\/types\/product"}],"replies":[{"embeddable":true,"href":"https:\/\/www.vape4wholesale.com\/cs\/wp-json\/wp\/v2\/comments?post=23199"}],"wp:featuredmedia":[{"embeddable":true,"href":"https:\/\/www.vape4wholesale.com\/cs\/wp-json\/wp\/v2\/media\/23222"}],"wp:attachment":[{"href":"https:\/\/www.vape4wholesale.com\/cs\/wp-json\/wp\/v2\/media?parent=23199"}],"wp:term":[{"taxonomy":"pwb-brand","embeddable":true,"href":"https:\/\/www.vape4wholesale.com\/cs\/wp-json\/wp\/v2\/pwb-brand?post=23199"},{"taxonomy":"product_cat","embeddable":true,"href":"https:\/\/www.vape4wholesale.com\/cs\/wp-json\/wp\/v2\/product_cat?post=23199"},{"taxonomy":"product_tag","embeddable":true,"href":"https:\/\/www.vape4wholesale.com\/cs\/wp-json\/wp\/v2\/product_tag?post=23199"}],"curies":[{"name":"wp","href":"https:\/\/api.w.org\/{rel}","templated":true}]}}