{"id":22859,"date":"2025-06-21T11:41:43","date_gmt":"2025-06-21T03:41:43","guid":{"rendered":"https:\/\/www.vape4wholesale.com\/?post_type=product&#038;p=22859"},"modified":"2026-04-07T17:01:45","modified_gmt":"2026-04-07T09:01:45","slug":"happ-bar-gr30000-jednorazovy-vape-velkoobchod","status":"publish","type":"product","link":"https:\/\/www.vape4wholesale.com\/cs\/produkt\/happ-bar-gr30000-jednorazovy-vape-velkoobchod","title":{"rendered":"Happ Bar GR30000 Jednor\u00e1zov\u00fd velkoobchodn\u00ed prodej Vape"},"content":{"rendered":"<p class=\"ds-markdown-paragraph\">Na str\u00e1nk\u00e1ch\u00a0<a href=\"https:\/\/www.vape4wholesale.com\/cs\/product_brand\/happ-bar\/\" target=\"_blank\" rel=\"noopener\">Happ Bar<\/a> GR30000 Disposable Vape je dokonal\u00fdm upgradem z modelu <a href=\"https:\/\/www.vape4wholesale.com\/cs\/produkt\/happ-bar-gr20000-jednorazovy-vape-velkoobchod\/\" target=\"_blank\" rel=\"noopener\">GR20000<\/a>, kter\u00e9 nab\u00edz\u00ed bezkonkuren\u010dn\u00edch 30 000 potah\u016f pro dlouhodobou spokojenost. D\u00edky obrovsk\u00e9 kapacit\u011b 30 ml e-liquidu a nastaviteln\u00e9mu pr\u016ftoku vzduchu poskytuje tento pr\u00e9miov\u00fd jednor\u00e1zov\u00fd vape poka\u017ed\u00e9 hladk\u00e9 a chu\u0165ov\u011b v\u00fdrazn\u00e9 mraky. Vyberte si podle sv\u00fdch preferenc\u00ed s\u00edlu nikotinu 2% nebo 5% a u\u017eijte si pohodl\u00ed dob\u00edjec\u00ed baterie o kapacit\u011b 650 mAh s nab\u00edjen\u00edm p\u0159es USB typu C. Vestav\u011bn\u00fd digit\u00e1ln\u00ed displej v\u00e1s informuje o v\u00fddr\u017ei baterie a hladin\u011b e-\u0161luku, tak\u017ee v\u00e1m nikdy ne\u010dekan\u011b nedojde.<\/p>\n<p class=\"ds-markdown-paragraph\">Vyzkou\u0161ejte novou generaci jednor\u00e1zov\u00e9ho vapingu d\u00edky \u0161pi\u010dkov\u00fdm vylep\u0161en\u00edm modelu GR30000. Na rozd\u00edl od standardn\u00edch jednor\u00e1zov\u00fdch \u0161luk\u00e1tek je vybaven 1,0ohmovou mesh spir\u00e1lkou pro bohat\u0161\u00ed chu\u0165 a konzistentn\u00ed produkci p\u00e1ry. Rychl\u00e9 nab\u00edjen\u00ed typu C znamen\u00e1 m\u00e9n\u011b prostoj\u016f, zat\u00edmco 20 lahodn\u00fdch p\u0159\u00edchut\u00ed uspokoj\u00ed ka\u017edou chu\u0165 - od ovocn\u00e9 po ledov\u011b mentolovou. A\u0165 u\u017e pat\u0159\u00edte mezi n\u00e1ro\u010dn\u00e9 vapery, nebo d\u00e1v\u00e1te p\u0159ednost hlad\u0161\u00edmu potahu, nastaviteln\u00fd airflow v\u00e1m umo\u017en\u00ed p\u0159izp\u016fsobit si potahov\u00e1n\u00ed pro dokonal\u00fd z\u00e1\u017eitek.<\/p>\n<p class=\"ds-markdown-paragraph\">P\u0159ejd\u011bte na nejd\u00e9le trvaj\u00edc\u00ed jednor\u00e1zov\u00fd vape-Happ Bar GR30000! D\u00edky 30 ml e-liquidu, mo\u017enosti dob\u00edjen\u00ed a elegantn\u00edmu displeji p\u0159ekon\u00e1v\u00e1 tradi\u010dn\u00ed jednor\u00e1zov\u00e9 vapery. Nakupujte nyn\u00ed a prozkoumejte 20 osv\u011b\u017euj\u00edc\u00edch p\u0159\u00edchut\u00ed, kter\u00e9 jsou navr\u017eeny pro maxim\u00e1ln\u00ed spokojenost.<\/p>\n<h2>Happ Bar GR30000 Jednor\u00e1zov\u00fd Vape Rychl\u00e9 informace<\/h2>\n<p class=\"ds-markdown-paragraph\">\u2714 Puffs: 30 000 (prodlou\u017een\u00e1 \u017eivotnost)<br \/>\n\u2714 S\u00edla nikotinu: 2% a 5% (hladk\u00fd nebo siln\u00fd z\u00e1sah)<br \/>\n\u2714 Baterie: 650 mAh (dob\u00edjen\u00ed p\u0159es Type-C)<br \/>\n\u2714 Kapacita e-kapaliny: 30 ml (p\u0159edpln\u011bn\u00e1, bez nutnosti dopl\u0148ov\u00e1n\u00ed)<br \/>\n\u2714 Odpor c\u00edvky: 1,0ohm mesh (vyv\u00e1\u017een\u00e1 chu\u0165 a p\u00e1ra)<br \/>\n\u2714 Obrazovka displeje: Zobrazuje \u017eivotnost baterie a \u00farove\u0148 e-juice<br \/>\n\u2714 \u0158\u00edzen\u00ed proud\u011bn\u00ed vzduchu: Nastaviteln\u00fd pro t\u011bsn\u011bj\u0161\u00ed\/voln\u011bj\u0161\u00ed tahy.<br \/>\n\u2714 P\u0159\u00edchut\u011b: v\u00edce ne\u017e 20 mo\u017enost\u00ed (ovocn\u00e9, mentolov\u00e9, dezertn\u00ed atd.)<br \/>\n\u2714 Upgrade: Vylep\u0161en\u00e1 technologie a kapacita oproti GR20000<\/p>\n<h2>Dostupn\u00e9 p\u0159\u00edchut\u011b<\/h2>\n<p>1. Bor\u016fvka malina<br \/>\n2. Jahodov\u00e9 kiwi<br \/>\n3. Malinov\u00fd meloun<br \/>\n4. Kiwi Mu\u010denka Ovoce Guava<br \/>\n5. Bor\u016fvka T\u0159e\u0161e\u0148 Brusinka<br \/>\n6. Strawberry Raspberry<br \/>\n7. Melounov\u00fd led<br \/>\n8. Jahodov\u00fd ban\u00e1n<br \/>\n9. Bor\u016fvkov\u00e1 zmrzlina<br \/>\n10. Jahodov\u00e1 zmrzlina<br \/>\n11. T\u0159e\u0161\u0148ov\u00fd led<br \/>\n12. Gumov\u00fd medv\u00eddek Blue Razz<br \/>\n13. Ananasov\u00fd kokos<br \/>\n14. Jahodov\u00e1 vanilkov\u00e1 kola<br \/>\n15. Hami Meloun<br \/>\n16. Lemon Hail<br \/>\n17. Monster Mango<br \/>\n18. Cola Ice<br \/>\n19. Ostru\u017einov\u00e1 m\u00e1ta<br \/>\n20. Broskvov\u00e9 krupobit\u00ed<br \/>\n21. Coconut Paradise<br \/>\n22. Watermelon Kiwi<\/p>\n<figure id=\"attachment_22856\" aria-describedby=\"caption-attachment-22856\" style=\"width: 800px\" class=\"wp-caption alignnone\"><img loading=\"lazy\" decoding=\"async\" class=\"wp-image-22856 size-full\" title=\"Happ Bar GR30000 Jednor\u00e1zov\u00fd velkoobchodn\u00ed prodej Vape\" src=\"https:\/\/www.vape4wholesale.com\/wp-content\/uploads\/2025\/06\/Happ-Bar-GR30000-Disposable-Vape-Wholesale.webp\" alt=\"Happ Bar GR30000 Jednor\u00e1zov\u00fd velkoobchodn\u00ed prodej Vape\" width=\"800\" height=\"800\" srcset=\"https:\/\/www.vape4wholesale.com\/wp-content\/uploads\/2025\/06\/Happ-Bar-GR30000-Disposable-Vape-Wholesale.webp 800w, https:\/\/www.vape4wholesale.com\/wp-content\/uploads\/2025\/06\/Happ-Bar-GR30000-Disposable-Vape-Wholesale-247x247.webp 247w, https:\/\/www.vape4wholesale.com\/wp-content\/uploads\/2025\/06\/Happ-Bar-GR30000-Disposable-Vape-Wholesale-100x100.webp 100w, https:\/\/www.vape4wholesale.com\/wp-content\/uploads\/2025\/06\/Happ-Bar-GR30000-Disposable-Vape-Wholesale-510x510.webp 510w\" sizes=\"auto, (max-width: 800px) 100vw, 800px\" \/><figcaption id=\"caption-attachment-22856\" class=\"wp-caption-text\"><span style=\"vertical-align: inherit;\"><span style=\"vertical-align: inherit;\">Happ Bar GR30000 Jednor\u00e1zov\u00fd velkoobchodn\u00ed prodej Vape<\/span><\/span><\/figcaption><\/figure>\n<h2>PRO\u010c MY?<\/h2>\r\n<ul>\r\n<li>Skute\u010dn\u00fd, d\u016fv\u011bryhodn\u00fd a profesion\u00e1ln\u00ed zdroj vape.<\/li>\r\n<li>100% Origin\u00e1ln\u00ed z\u00e1ruka: Odm\u00edt\u00e1me pad\u011blky.<\/li>\r\n<li>100% Z\u00e1ruka dod\u00e1n\u00ed: Pou\u017e\u00edv\u00e1me nejlep\u0161\u00ed zp\u016fsob dopravy, abychom zajistili, \u017ee objedn\u00e1vku 100% obdr\u017e\u00edte.<\/li>\r\n<li>Po odesl\u00e1n\u00ed v\u00e1m poskytneme sledovac\u00ed \u010d\u00edslo a p\u0159epravn\u00ed \u0161t\u00edtek a budeme pro v\u00e1s sledovat zbo\u017e\u00ed, dokud ho nepodep\u00ed\u0161ete.<\/li>\r\n<li>\u017d\u00e1dn\u00e9 celn\u00ed probl\u00e9my, \u017e\u00e1dn\u00e1 cla<\/li>\r\n<\/ul>\n<p>&nbsp;<\/p>","protected":false},"excerpt":{"rendered":"<p><b><span style=\"color: #00a859;\">Free shipping<\/span>\u00a0from Europe warehouse, 7-15 working days delivery time.<\/b><\/p>\r\n<div class=\"wsppc_div_block woocommerce_before_add_to_cart_form\">\r\n<p><strong>Clear customs before delivery &amp; 100% Delivery Guarantee<\/strong><\/p>\r\n<\/div>","protected":false},"featured_media":22856,"comment_status":"open","ping_status":"closed","template":"","meta":[],"pwb-brand":[1267],"product_cat":[938],"product_tag":[22,24,683,850,1035],"class_list":{"0":"post-22859","1":"product","2":"type-product","3":"status-publish","4":"has-post-thumbnail","6":"pwb-brand-happ-bar","7":"product_cat-europe-warehouse","8":"product_tag-disposable","9":"product_tag-wholesale","10":"product_tag-30-0ml","11":"product_tag-30000-puffs","12":"product_tag-happ-bar","13":"product_shipping_class-eu-warehouse","14":"wcpa_has_options","16":"first","17":"instock","18":"featured","19":"shipping-taxable","20":"purchasable","21":"product-type-variable"},"aioseo_notices":[],"brands":[{"id":1267,"name":"Happ Bar","slug":"happ-bar"}],"_links":{"self":[{"href":"https:\/\/www.vape4wholesale.com\/cs\/wp-json\/wp\/v2\/product\/22859","targetHints":{"allow":["GET"]}}],"collection":[{"href":"https:\/\/www.vape4wholesale.com\/cs\/wp-json\/wp\/v2\/product"}],"about":[{"href":"https:\/\/www.vape4wholesale.com\/cs\/wp-json\/wp\/v2\/types\/product"}],"replies":[{"embeddable":true,"href":"https:\/\/www.vape4wholesale.com\/cs\/wp-json\/wp\/v2\/comments?post=22859"}],"wp:featuredmedia":[{"embeddable":true,"href":"https:\/\/www.vape4wholesale.com\/cs\/wp-json\/wp\/v2\/media\/22856"}],"wp:attachment":[{"href":"https:\/\/www.vape4wholesale.com\/cs\/wp-json\/wp\/v2\/media?parent=22859"}],"wp:term":[{"taxonomy":"pwb-brand","embeddable":true,"href":"https:\/\/www.vape4wholesale.com\/cs\/wp-json\/wp\/v2\/pwb-brand?post=22859"},{"taxonomy":"product_cat","embeddable":true,"href":"https:\/\/www.vape4wholesale.com\/cs\/wp-json\/wp\/v2\/product_cat?post=22859"},{"taxonomy":"product_tag","embeddable":true,"href":"https:\/\/www.vape4wholesale.com\/cs\/wp-json\/wp\/v2\/product_tag?post=22859"}],"curies":[{"name":"wp","href":"https:\/\/api.w.org\/{rel}","templated":true}]}}