{"id":22467,"date":"2025-05-28T20:21:32","date_gmt":"2025-05-28T12:21:32","guid":{"rendered":"https:\/\/www.vape4wholesale.com\/?post_type=product&#038;p=22467"},"modified":"2026-04-10T17:30:46","modified_gmt":"2026-04-10T09:30:46","slug":"fizzy-max-iii-6v1-60000-puffs-jednorazovy-vape-velkoobchod","status":"publish","type":"product","link":"https:\/\/www.vape4wholesale.com\/cs\/product\/fizzy-max-iii-6in1-60000-puffs-disposable-vape-wholesale","title":{"rendered":"Fizzy Max III 6v1 60000 Puffs Jednor\u00e1zov\u00e9 Vape Velkoobchod"},"content":{"rendered":"<p class=\"ds-markdown-paragraph\">Na str\u00e1nk\u00e1ch\u00a0<strong><a title=\"Fizzy\" href=\"https:\/\/www.vape4wholesale.com\/cs\/product_brand\/sumive\/\" target=\"_blank\" rel=\"noopener\">Fizzy<\/a> Max III 6v1<\/strong> je jednor\u00e1zov\u00fd vape nov\u00e9 generace s inovativn\u00edm designem. Je vybaven t\u0159emi p\u0159edpln\u011bn\u00fdmi kapslemi s e-liquidem, ale nab\u00edz\u00ed mnohem v\u00edce ne\u017e jen t\u0159i r\u016fzn\u00e9 p\u0159\u00edchut\u011b. Sm\u00edch\u00e1n\u00edm libovoln\u00fdch dvou ze t\u0159\u00ed p\u0159\u00edchut\u00ed m\u016f\u017eete odemknout jedine\u010dn\u00fd a vzru\u0161uj\u00edc\u00ed chu\u0165ov\u00fd z\u00e1\u017eitek. P\u0159i kombinaci dvou p\u0159\u00edchut\u00ed se zv\u00fd\u0161\u00ed pr\u016ftok vzduchu, co\u017e p\u0159in\u00e1\u0161\u00ed intenzivn\u011bj\u0161\u00ed a uspokojiv\u011bj\u0161\u00ed potah. Za\u0159\u00edzen\u00ed tak efektivn\u011b poskytuje \u0161est r\u016fzn\u00fdch mo\u017enost\u00ed p\u0159\u00edchut\u00ed v jedin\u00e9m vapov\u00e1n\u00ed.<\/p>\n<p class=\"ds-markdown-paragraph\">D\u00edky celkov\u00e9 kapacit\u011b 50 ml e-liquidu (3\u00d716,7 ml) a v\u00fdkonn\u00e9 dob\u00edjec\u00ed baterii 850 mAh zaji\u0161\u0165uje Fizzy Max III 6v1 dlouhotrvaj\u00edc\u00ed v\u00fdkon a eliminuje obavy z rychl\u00e9ho vybit\u00ed. Podporuje a\u017e 60 000 potah\u016f, co\u017e z n\u011bj \u010din\u00ed ide\u00e1ln\u00ed volbu pro dlouhodob\u00e9 pou\u017e\u00edv\u00e1n\u00ed. Za\u0159\u00edzen\u00ed je nav\u00edc vybaveno nastaviteln\u00fdm spodn\u00edm ovl\u00e1d\u00e1n\u00edm airflow a syst\u00e9mem dvou re\u017eim\u016f (Normal &amp; Boost Mode), kter\u00fd v\u00e1m umo\u017en\u00ed p\u0159izp\u016fsobit si vapov\u00e1n\u00ed podle sv\u00fdch preferenc\u00ed.<\/p>\n<h2><strong>Jak syst\u00e9m Fizzy Max III 6v1 funguje?<\/strong><\/h2>\n<ol start=\"1\">\n<li>\n<p class=\"ds-markdown-paragraph\">Pro p\u0159ep\u00edn\u00e1n\u00ed mezi p\u0159\u00edchut\u011bmi sta\u010d\u00ed zvednout a oto\u010dit n\u00e1ustek.<\/p>\n<\/li>\n<li>\n<p class=\"ds-markdown-paragraph\">Za\u0159\u00edzen\u00ed plynule p\u0159ep\u00edn\u00e1 mezi jednotliv\u00fdmi p\u0159\u00edchut\u011bmi a hybridn\u00edmi kombinacemi v n\u00e1sleduj\u00edc\u00edm po\u0159ad\u00ed:<\/p>\n<ul>\n<li>\n<p class=\"ds-markdown-paragraph\">P\u0159\u00edchu\u0165 A \u2192 Sm\u011bs AB<\/p>\n<\/li>\n<li>\n<p class=\"ds-markdown-paragraph\">P\u0159\u00edchu\u0165 B \u2192 Mix BC<\/p>\n<\/li>\n<li>\n<p class=\"ds-markdown-paragraph\">P\u0159\u00edchu\u0165 C \u2192 Mix CA<\/p>\n<\/li>\n<\/ul>\n<\/li>\n<\/ol>\n<p class=\"ds-markdown-paragraph\">Tento intuitivn\u00ed mechanismus zaji\u0161\u0165uje snadn\u00e9 p\u0159echody mezi v\u0161emi \u0161esti mo\u017en\u00fdmi chu\u0165ov\u00fdmi profily, d\u00edky \u010demu\u017e je z\u00e1\u017eitek z p\u0159\u00edstroje 6 v 1 pohodln\u00fd a vzru\u0161uj\u00edc\u00ed. pokud se o n\u011bm chcete dozv\u011bd\u011bt v\u00edce, pod\u00edvejte se pros\u00edm na <a title=\"jak funguje fizzy max III 6v1?\" href=\"https:\/\/www.youtube.com\/watch?v=CoxB_HvaU3k\" target=\"_blank\" rel=\"noopener\">video<\/a><\/p>\n<h2><strong>Optimalizov\u00e1no pro r\u016fzn\u00e9 styly vapingu<\/strong><\/h2>\n<p class=\"ds-markdown-paragraph\">Fizzy Max III inteligentn\u011b vyhovuje jak vapingu typu pusa-pl\u00edce (MTL), tak p\u0159\u00edm\u00e9mu vapingu do plic (DL):<\/p>\n<ul>\n<li>\n<p class=\"ds-markdown-paragraph\">Re\u017eim jedn\u00e9 p\u0159\u00edchuti - ide\u00e1ln\u00ed pro hladk\u00e9 a aromatick\u00e9 potahov\u00e1n\u00ed z \u00fast do plic (MTL), kter\u00e9 p\u0159in\u00e1\u0161\u00ed klasick\u00e9, pevn\u00e9 \u0161lukov\u00e1n\u00ed podobn\u00e9 tradi\u010dn\u00edm cigaret\u00e1m. Ide\u00e1ln\u00ed pro vychutn\u00e1n\u00ed \u010distoty ka\u017ed\u00e9 jednotliv\u00e9 p\u0159\u00edchut\u011b.<\/p>\n<\/li>\n<li>\n<p class=\"ds-markdown-paragraph\">Re\u017eim Dual-Flavor Mix - je navr\u017een pro odv\u00e1\u017en\u00e9 a vzdu\u0161n\u00e9 \u0161lukov\u00e1n\u00ed p\u0159\u00edmo do plic (DL), zv\u00fd\u0161en\u00fd pr\u016ftok vzduchu a sm\u00ed\u0161en\u00e9 p\u0159\u00edchut\u011b vytv\u00e1\u0159ej\u00ed intenzivn\u011bj\u0161\u00ed a objemn\u011bj\u0161\u00ed p\u00e1ru, co\u017e zvy\u0161uje smyslov\u00fd z\u00e1\u017eitek pro milovn\u00edky mrak\u016f.<\/p>\n<\/li>\n<\/ul>\n<p class=\"ds-markdown-paragraph\">Tato univerz\u00e1lnost pro dva \u00fa\u010dely zaru\u010duje, \u017ee a\u0165 u\u017e d\u00e1v\u00e1te p\u0159ednost omezen\u00e9mu, aromatick\u00e9mu \u0161lukov\u00e1n\u00ed, nebo hlubok\u00e9mu, uspokojuj\u00edc\u00edmu z\u00e1sahu do plic, Fizzy Max III se bez probl\u00e9m\u016f p\u0159izp\u016fsob\u00ed va\u0161emu stylu.<\/p>\n<div class=\"markdown-table-wrapper\">\n<h2><strong>Rychl\u00e9 specifikace produktu Fizzy Max III 6v1<\/strong><\/h2>\n<div class=\"markdown-table-wrapper\">\n<table>\n<thead>\n<tr>\n<th><strong>Funkce<\/strong><\/th>\n<th><strong>Specifikace<\/strong><\/th>\n<\/tr>\n<\/thead>\n<tbody>\n<tr>\n<td><strong>Typ designu<\/strong><\/td>\n<td>Pokro\u010dil\u00e1 jednor\u00e1zov\u00e1 vape s hybridn\u00ed technologi\u00ed chuti<\/td>\n<\/tr>\n<tr>\n<td><strong>Syst\u00e9m p\u0159\u00edchut\u00ed<\/strong><\/td>\n<td>6 v 1 (3 jednotliv\u00e9 p\u0159\u00edchut\u011b + 3 p\u0159izp\u016fsobiteln\u00e9 sm\u011bsi)<\/td>\n<\/tr>\n<tr>\n<td><strong>Kapacita e-liquidu<\/strong><\/td>\n<td>Celkem 50 ml (3\u00d7 16,7 ml lusky)<\/td>\n<\/tr>\n<tr>\n<td><strong>Baterie<\/strong><\/td>\n<td>850mAh dob\u00edjec\u00ed<\/td>\n<\/tr>\n<tr>\n<td><strong>Po\u010det puf\u016f<\/strong><\/td>\n<td>A\u017e 60 000 vdech\u016f<\/td>\n<\/tr>\n<tr>\n<td><strong>\u0158\u00edzen\u00ed proud\u011bn\u00ed vzduchu<\/strong><\/td>\n<td>Nastaviteln\u00e9 spodn\u00ed proud\u011bn\u00ed vzduchu<\/td>\n<\/tr>\n<tr>\n<td><strong>Provozn\u00ed re\u017eimy<\/strong><\/td>\n<td>\u2013\u00a0<strong>Norm\u00e1ln\u00ed re\u017eim<\/strong>: Standardn\u00ed v\u00fdstup<br \/>\n\u2013\u00a0<strong>Re\u017eim Boost<\/strong>: Zv\u00fd\u0161en\u00e1 intenzita p\u00e1ry a chuti<\/td>\n<\/tr>\n<tr>\n<td><strong>Styly vapingu<\/strong><\/td>\n<td>\u2013\u00a0<strong>Jednor\u00e1zov\u00e1 p\u0159\u00edchu\u0165<\/strong>: T\u011bsn\u00fd MTL (\u00fasta-pl\u00edce)<br \/>\n\u2013\u00a0<strong>Dvoj\u00ed p\u0159\u00edchu\u0165<\/strong>: Airy DL (p\u0159\u00edm\u00e1 pl\u00edce)<\/td>\n<\/tr>\n<tr>\n<td><strong>P\u0159ep\u00edn\u00e1n\u00ed p\u0159\u00edchut\u00ed<\/strong><\/td>\n<td>Oto\u010dn\u00fd horn\u00ed n\u00e1ustek (A\u2192AB\u2192B\u2192BC\u2192C\u2192CA)<\/td>\n<\/tr>\n<\/tbody>\n<\/table>\n<h2><strong>Dostupn\u00e9 p\u0159\u00edchut\u011b Fizzy Max III<\/strong><\/h2>\n<p>1.Strawberry Watermelon &amp; Lemon Lime &amp; Blueberry Coconut<br \/>\n2.Blueberry Ice &amp; Fizzy Cherry &amp; Raspberry Lemon<br \/>\n3.Watermelon Ice &amp; Strawberry Vanilla Coke &amp; Mixed Berry<br \/>\n4.Strawberry Dragon Fruit &amp; Red Bull &amp; Raspberry Watermelon<br \/>\n5.Strawberry Raspberry &amp; Mango Peach &amp; Blueberry Watermelon<br \/>\n6.Strawberry Grape &amp; Blueberry Coconut &amp; Peach Lemon<br \/>\n7.Blueberry Raspberry &amp; Triple Melon &amp; Strawberry Ice<br \/>\n8.Mixed Berry &amp; Kiwi Passion Fruit Guava &amp; Strawberry Watermelon<br \/>\n9.Jahodov\u00fd kiwi a bor\u016fvkov\u00fd led a melounov\u00fd led<br \/>\n10.Blue Razz Ice &amp; Strawberry Kiwi &amp; Sour Ananas Orange<br \/>\n11. Love 66 &amp; Red Bull Meloun &amp; Jahoda Malina<br \/>\n12. Jahodov\u00e1 zmrzlina, \u0161umiv\u00e1 cola a melounov\u00e1 \u017ev\u00fdka\u010dka<\/p>\n<h2><strong>Podrobnosti o balen\u00ed<\/strong><\/h2>\n<ul>\n<li>Hmotnost: 151 g\/ks<\/li>\n<li>Velikost v\u00fdrobku: 42,8 * 42,2 * 125 mm<\/li>\n<li>Mno\u017estv\u00ed: 120 ks\/ks, 10 ks\/box<\/li>\n<li>G.W: 18 kg\/ctn<\/li>\n<\/ul>\n<p>&nbsp;<\/p>\n<figure id=\"attachment_22448\" aria-describedby=\"caption-attachment-22448\" style=\"width: 800px\" class=\"wp-caption alignnone\"><img loading=\"lazy\" decoding=\"async\" class=\"size-full wp-image-22448\" title=\"Fizzy Max III 60000 Puffs 6v1 Jednor\u00e1zov\u00fd velkoobchodn\u00ed prodej (5)\" src=\"https:\/\/www.vape4wholesale.com\/wp-content\/uploads\/2025\/05\/Fizzy-Max-III-60000-Puffs-6in1-Disposable-Vape-Wholesale-5.webp\" alt=\"Fizzy Max III 60000 Puffs 6v1 Jednor\u00e1zov\u00fd velkoobchodn\u00ed prodej (5)\" width=\"800\" height=\"800\" srcset=\"https:\/\/www.vape4wholesale.com\/wp-content\/uploads\/2025\/05\/Fizzy-Max-III-60000-Puffs-6in1-Disposable-Vape-Wholesale-5.webp 800w, https:\/\/www.vape4wholesale.com\/wp-content\/uploads\/2025\/05\/Fizzy-Max-III-60000-Puffs-6in1-Disposable-Vape-Wholesale-5-247x247.webp 247w, https:\/\/www.vape4wholesale.com\/wp-content\/uploads\/2025\/05\/Fizzy-Max-III-60000-Puffs-6in1-Disposable-Vape-Wholesale-5-100x100.webp 100w, https:\/\/www.vape4wholesale.com\/wp-content\/uploads\/2025\/05\/Fizzy-Max-III-60000-Puffs-6in1-Disposable-Vape-Wholesale-5-510x510.webp 510w, https:\/\/www.vape4wholesale.com\/wp-content\/uploads\/2025\/05\/Fizzy-Max-III-60000-Puffs-6in1-Disposable-Vape-Wholesale-5-300x300.webp 300w, https:\/\/www.vape4wholesale.com\/wp-content\/uploads\/2025\/05\/Fizzy-Max-III-60000-Puffs-6in1-Disposable-Vape-Wholesale-5-150x150.webp 150w, https:\/\/www.vape4wholesale.com\/wp-content\/uploads\/2025\/05\/Fizzy-Max-III-60000-Puffs-6in1-Disposable-Vape-Wholesale-5-768x768.webp 768w, https:\/\/www.vape4wholesale.com\/wp-content\/uploads\/2025\/05\/Fizzy-Max-III-60000-Puffs-6in1-Disposable-Vape-Wholesale-5-12x12.webp 12w, https:\/\/www.vape4wholesale.com\/wp-content\/uploads\/2025\/05\/Fizzy-Max-III-60000-Puffs-6in1-Disposable-Vape-Wholesale-5-64x64.webp 64w\" sizes=\"auto, (max-width: 800px) 100vw, 800px\" \/><figcaption id=\"caption-attachment-22448\" class=\"wp-caption-text\">Fizzy Max III 60000 Puffs 6v1 Jednor\u00e1zov\u00e9 Vape Velkoobchod<\/figcaption><\/figure>\n<h2>PRO\u010c MY?<\/h2>\r\n<ul>\r\n<li>Skute\u010dn\u00fd, d\u016fv\u011bryhodn\u00fd a profesion\u00e1ln\u00ed zdroj vape.<\/li>\r\n<li>100% Origin\u00e1ln\u00ed z\u00e1ruka: Odm\u00edt\u00e1me pad\u011blky.<\/li>\r\n<li>100% Z\u00e1ruka dod\u00e1n\u00ed: Pou\u017e\u00edv\u00e1me nejlep\u0161\u00ed zp\u016fsob dopravy, abychom zajistili, \u017ee objedn\u00e1vku 100% obdr\u017e\u00edte.<\/li>\r\n<li>Po odesl\u00e1n\u00ed v\u00e1m poskytneme sledovac\u00ed \u010d\u00edslo a p\u0159epravn\u00ed \u0161t\u00edtek a budeme pro v\u00e1s sledovat zbo\u017e\u00ed, dokud ho nepodep\u00ed\u0161ete.<\/li>\r\n<li>\u017d\u00e1dn\u00e9 celn\u00ed probl\u00e9my, \u017e\u00e1dn\u00e1 cla<\/li>\r\n<\/ul>\n<\/div>\n<\/div>","protected":false},"excerpt":{"rendered":"<p><b><span style=\"color: #00a859;\">Free shipping<\/span>\u00a0from Europe warehouse, 7-15 working days delivery time.<\/b><\/p>\r\n<div class=\"wsppc_div_block woocommerce_before_add_to_cart_form\">\r\n<p><strong>Clear customs before delivery &amp; 100% Delivery Guarantee<\/strong><\/p>\r\n<\/div>\n<p><span style=\"color: #ed1c24;\"><strong>This product has been discontinued and replaced by a new version. \u2192<a href=\"https:\/\/www.vape4wholesale.com\/cs\/produkt\/fizzy-max-iii-pro-6in1-60000-puffs-disposable-vape-wholesale\/\">Please click here to purchase<\/a>.<\/strong><\/span><\/p>","protected":false},"featured_media":22515,"comment_status":"open","ping_status":"closed","template":"","meta":[],"pwb-brand":[1268],"product_cat":[938],"product_tag":[1081,1114,22,24,948],"class_list":{"0":"post-22467","1":"product","2":"type-product","3":"status-publish","4":"has-post-thumbnail","6":"pwb-brand-fizzy","7":"product_cat-europe-warehouse","8":"product_tag-50-0ml","9":"product_tag-60000-puffs","10":"product_tag-disposable","11":"product_tag-wholesale","12":"product_tag-fizzy","13":"product_shipping_class-eu-warehouse","14":"wcpa_has_options","16":"first","17":"outofstock","18":"featured","19":"shipping-taxable","20":"purchasable","21":"product-type-variable"},"aioseo_notices":[],"brands":[{"id":1268,"name":"Fizzy","slug":"sumive"}],"_links":{"self":[{"href":"https:\/\/www.vape4wholesale.com\/cs\/wp-json\/wp\/v2\/product\/22467","targetHints":{"allow":["GET"]}}],"collection":[{"href":"https:\/\/www.vape4wholesale.com\/cs\/wp-json\/wp\/v2\/product"}],"about":[{"href":"https:\/\/www.vape4wholesale.com\/cs\/wp-json\/wp\/v2\/types\/product"}],"replies":[{"embeddable":true,"href":"https:\/\/www.vape4wholesale.com\/cs\/wp-json\/wp\/v2\/comments?post=22467"}],"wp:featuredmedia":[{"embeddable":true,"href":"https:\/\/www.vape4wholesale.com\/cs\/wp-json\/wp\/v2\/media\/22515"}],"wp:attachment":[{"href":"https:\/\/www.vape4wholesale.com\/cs\/wp-json\/wp\/v2\/media?parent=22467"}],"wp:term":[{"taxonomy":"pwb-brand","embeddable":true,"href":"https:\/\/www.vape4wholesale.com\/cs\/wp-json\/wp\/v2\/pwb-brand?post=22467"},{"taxonomy":"product_cat","embeddable":true,"href":"https:\/\/www.vape4wholesale.com\/cs\/wp-json\/wp\/v2\/product_cat?post=22467"},{"taxonomy":"product_tag","embeddable":true,"href":"https:\/\/www.vape4wholesale.com\/cs\/wp-json\/wp\/v2\/product_tag?post=22467"}],"curies":[{"name":"wp","href":"https:\/\/api.w.org\/{rel}","templated":true}]}}