{"id":22419,"date":"2025-05-28T14:12:30","date_gmt":"2025-05-28T06:12:30","guid":{"rendered":"https:\/\/www.vape4wholesale.com\/?post_type=product&#038;p=22419"},"modified":"2026-01-26T13:39:03","modified_gmt":"2026-01-26T13:39:03","slug":"fizzy-nova-plus-40000-puffs-jednorazovy-vape-velkoobchod","status":"publish","type":"product","link":"https:\/\/www.vape4wholesale.com\/cs\/product\/fizzy-nova-plus-40000-puffs-disposable-vape-wholesale","title":{"rendered":"Fizzy Nova Plus 40000 Puffs Jednor\u00e1zov\u00fd velkoobchodn\u00ed prodej Vape"},"content":{"rendered":"<p class=\"ds-markdown-paragraph\"><a title=\"Fizzy\" href=\"https:\/\/www.vape4wholesale.com\/cs\/product_brand\/sumive\/\" target=\"_blank\" rel=\"noopener\">Fizzy<\/a> Nova Plus 40000 Puffs jednor\u00e1zov\u00e1 vape vylep\u0161en\u00e1 z <a title=\"Fizzy Nova 20000 Puffs\" href=\"https:\/\/www.vape4wholesale.com\/cs\/produkt\/fizzy-nova-20000-puffs-jednorazovy-vape-velkoobchod\/\" target=\"_blank\" rel=\"noopener\">Nova 20K<\/a>, kter\u00e1 kombinuje v\u00fdjime\u010dnou kapacitu se \u0161pi\u010dkovou technologi\u00ed. S p\u0159edpln\u011bn\u00fdm z\u00e1sobn\u00edkem na 40 ml e-liquidu a dob\u00edjec\u00ed bateri\u00ed o kapacit\u011b 850 mAh (p\u0159es port typu C) poskytuje p\u016fsobiv\u00fdch 40 000 potah\u016f - ide\u00e1ln\u00ed pro del\u0161\u00ed po\u017eitek bez \u010dast\u00fdch v\u00fdm\u011bn.<\/p>\n<p class=\"ds-markdown-paragraph\">Krom\u011b v\u00fddr\u017ee zlep\u0161uje Fizzy Nova Plus ovl\u00e1d\u00e1n\u00ed a v\u0161estrannost. Nastaven\u00ed dvou re\u017eim\u016f (ECO a BOOST) umo\u017e\u0148uje plynul\u00e9 p\u0159ep\u00edn\u00e1n\u00ed mezi energeticky \u00fasporn\u00fdm \u0161lukov\u00e1n\u00edm a siln\u00fdm v\u00fdkonem, co\u017e vyhovuje r\u016fzn\u00fdm n\u00e1lad\u00e1m a pot\u0159eb\u00e1m. Nastaviteln\u00e1 regulace pr\u016ftoku vzduchu v\u00e1m nav\u00edc umo\u017en\u00ed vyladit potahov\u00e1n\u00ed, a\u0165 u\u017e d\u00e1v\u00e1te p\u0159ednost t\u011bsn\u00e9mu potahu \u00fasty do plic, nebo vzdu\u0161n\u00e9mu potahu p\u0159\u00edmo do plic.<\/p>\n<p class=\"ds-markdown-paragraph\">Pohodl\u00ed se snoub\u00ed s inovacemi d\u00edky vestav\u011bn\u00e9mu LED displeji, kter\u00fd v re\u00e1ln\u00e9m \u010dase monitoruje hladinu e-liquidu a stav baterie. Kompaktn\u00ed a p\u0159esto nabit\u00fd funkcemi je Fizzy Nova Plus ur\u010den pro vapery, kte\u0159\u00ed odm\u00edtaj\u00ed kompromisy - nab\u00edz\u00ed bezkonkuren\u010dn\u00ed v\u00fddr\u017e, p\u0159izp\u016fsoben\u00ed a v\u00fdkon v jednom elegantn\u00edm za\u0159\u00edzen\u00ed.<\/p>\n<h2>Fizzy Nova Plus 40000 Puffs jednor\u00e1zov\u00e9 Vape Rychl\u00e9 informace<\/h2>\n<ul>\n<li>Puffy:40000 Puff\u016f<\/li>\n<li>S\u00ed\u0165ov\u00e1 c\u00edvka<\/li>\n<li>Nastaviteln\u00fd re\u017eim: ECO &amp; BOOST<\/li>\n<li>\u0158\u00edzen\u00ed pr\u016ftoku vzduchu<\/li>\n<li>Eliquid: 40ml<\/li>\n<li>Baterie: 850 mAh<\/li>\n<li>Nikotin: 2%\/ 5%<\/li>\n<li>Dob\u00edjec\u00ed: typ C<\/li>\n<li>LED displej Baterie a hladina kapaliny<\/li>\n<\/ul>\n<h2>Dostupn\u00e9 p\u0159\u00edchut\u011b<\/h2>\n<p>1. Jahodov\u00e1 zmrzlina<br \/>\n2. Bor\u016fvkov\u00fd kokos<br \/>\n3. Jahodov\u00e9 kiwi<br \/>\n4. Bor\u016fvkov\u00fd led<br \/>\n5. Melounov\u00fd led<br \/>\n6. Broskvov\u00fd meloun s mangem<br \/>\n7. Kiwi Mu\u010denka Ovoce Guava<br \/>\n8. Malinov\u00fd citron<br \/>\n9. Trojit\u00e9 bobule<br \/>\n10. Broskvov\u00fd led<br \/>\n11. Hroznov\u00e1 limetka<br \/>\n12. Blue Razz Lemonade<\/p>\n<h2>Podrobnosti o balen\u00ed<\/h2>\n<p>Hmotnost: 120 g\/ks<br \/>\nVelikost v\u00fdrobku: 52,5 * 24,5 * 104,3 mm<br \/>\nMno\u017estv\u00ed: 180 kus\u016f na ctn, 10 kus\u016f v krabici<br \/>\nG.W: 22 kg\/ctn<\/p>\n<figure id=\"attachment_22408\" aria-describedby=\"caption-attachment-22408\" style=\"width: 800px\" class=\"wp-caption alignnone\"><img loading=\"lazy\" decoding=\"async\" class=\"size-full wp-image-22408\" title=\"Fizzy Nova Plus 40000 Puffs Jednor\u00e1zov\u00fd velkoobchodn\u00ed prodej (1)\" src=\"https:\/\/www.vape4wholesale.com\/wp-content\/uploads\/2025\/05\/Fizzy-Nova-Plus-40000-Puffs-Disposable-Vape-Wholesale-1.jpg\" alt=\"Fizzy Nova Plus 40000 Puffs Jednor\u00e1zov\u00fd velkoobchodn\u00ed prodej (1)\" width=\"800\" height=\"800\" srcset=\"https:\/\/www.vape4wholesale.com\/wp-content\/uploads\/2025\/05\/Fizzy-Nova-Plus-40000-Puffs-Disposable-Vape-Wholesale-1.jpg 800w, https:\/\/www.vape4wholesale.com\/wp-content\/uploads\/2025\/05\/Fizzy-Nova-Plus-40000-Puffs-Disposable-Vape-Wholesale-1-247x247.jpg 247w, https:\/\/www.vape4wholesale.com\/wp-content\/uploads\/2025\/05\/Fizzy-Nova-Plus-40000-Puffs-Disposable-Vape-Wholesale-1-100x100.jpg 100w, https:\/\/www.vape4wholesale.com\/wp-content\/uploads\/2025\/05\/Fizzy-Nova-Plus-40000-Puffs-Disposable-Vape-Wholesale-1-510x510.jpg 510w, https:\/\/www.vape4wholesale.com\/wp-content\/uploads\/2025\/05\/Fizzy-Nova-Plus-40000-Puffs-Disposable-Vape-Wholesale-1-300x300.jpg 300w, https:\/\/www.vape4wholesale.com\/wp-content\/uploads\/2025\/05\/Fizzy-Nova-Plus-40000-Puffs-Disposable-Vape-Wholesale-1-150x150.jpg 150w, https:\/\/www.vape4wholesale.com\/wp-content\/uploads\/2025\/05\/Fizzy-Nova-Plus-40000-Puffs-Disposable-Vape-Wholesale-1-768x768.jpg 768w, https:\/\/www.vape4wholesale.com\/wp-content\/uploads\/2025\/05\/Fizzy-Nova-Plus-40000-Puffs-Disposable-Vape-Wholesale-1-12x12.jpg 12w, https:\/\/www.vape4wholesale.com\/wp-content\/uploads\/2025\/05\/Fizzy-Nova-Plus-40000-Puffs-Disposable-Vape-Wholesale-1-64x64.jpg 64w\" sizes=\"auto, (max-width: 800px) 100vw, 800px\" \/><figcaption id=\"caption-attachment-22408\" class=\"wp-caption-text\">Fizzy Nova Plus 40000 Puffs Jednor\u00e1zov\u00fd velkoobchodn\u00ed prodej Vape<\/figcaption><\/figure>\n<h2>PRO\u010c MY?<\/h2>\r\n<ul>\r\n<li>Skute\u010dn\u00fd, d\u016fv\u011bryhodn\u00fd a profesion\u00e1ln\u00ed zdroj vape.<\/li>\r\n<li>100% Origin\u00e1ln\u00ed z\u00e1ruka: Odm\u00edt\u00e1me pad\u011blky.<\/li>\r\n<li>100% Z\u00e1ruka dod\u00e1n\u00ed: Pou\u017e\u00edv\u00e1me nejlep\u0161\u00ed zp\u016fsob dopravy, abychom zajistili, \u017ee objedn\u00e1vku 100% obdr\u017e\u00edte.<\/li>\r\n<li>Po odesl\u00e1n\u00ed v\u00e1m poskytneme sledovac\u00ed \u010d\u00edslo a p\u0159epravn\u00ed \u0161t\u00edtek a budeme pro v\u00e1s sledovat zbo\u017e\u00ed, dokud ho nepodep\u00ed\u0161ete.<\/li>\r\n<li>\u017d\u00e1dn\u00e9 celn\u00ed probl\u00e9my, \u017e\u00e1dn\u00e1 cla<\/li>\r\n<\/ul>","protected":false},"excerpt":{"rendered":"<p><b><span style=\"color: #00a859;\">Free shipping<\/span>\u00a0from Europe warehouse, 7-15 working days delivery time.<\/b><\/p>\r\n<div class=\"wsppc_div_block woocommerce_before_add_to_cart_form\">\r\n<p><strong>Clear customs before delivery &amp; 100% Delivery Guarantee<\/strong><\/p>\r\n<\/div>","protected":false},"featured_media":22465,"comment_status":"open","ping_status":"closed","template":"","meta":[],"pwb-brand":[1268],"product_cat":[938],"product_tag":[1016,1026,22,24,948],"class_list":{"0":"post-22419","1":"product","2":"type-product","3":"status-publish","4":"has-post-thumbnail","6":"pwb-brand-fizzy","7":"product_cat-europe-warehouse","8":"product_tag-40000-puffs","9":"product_tag-40-0ml","10":"product_tag-disposable","11":"product_tag-wholesale","12":"product_tag-fizzy","13":"product_shipping_class-eu-warehouse","14":"wcpa_has_options","16":"first","17":"instock","18":"featured","19":"shipping-taxable","20":"purchasable","21":"product-type-variable"},"aioseo_notices":[],"brands":[{"id":1268,"name":"Fizzy","slug":"sumive"}],"_links":{"self":[{"href":"https:\/\/www.vape4wholesale.com\/cs\/wp-json\/wp\/v2\/product\/22419","targetHints":{"allow":["GET"]}}],"collection":[{"href":"https:\/\/www.vape4wholesale.com\/cs\/wp-json\/wp\/v2\/product"}],"about":[{"href":"https:\/\/www.vape4wholesale.com\/cs\/wp-json\/wp\/v2\/types\/product"}],"replies":[{"embeddable":true,"href":"https:\/\/www.vape4wholesale.com\/cs\/wp-json\/wp\/v2\/comments?post=22419"}],"wp:featuredmedia":[{"embeddable":true,"href":"https:\/\/www.vape4wholesale.com\/cs\/wp-json\/wp\/v2\/media\/22465"}],"wp:attachment":[{"href":"https:\/\/www.vape4wholesale.com\/cs\/wp-json\/wp\/v2\/media?parent=22419"}],"wp:term":[{"taxonomy":"pwb-brand","embeddable":true,"href":"https:\/\/www.vape4wholesale.com\/cs\/wp-json\/wp\/v2\/pwb-brand?post=22419"},{"taxonomy":"product_cat","embeddable":true,"href":"https:\/\/www.vape4wholesale.com\/cs\/wp-json\/wp\/v2\/product_cat?post=22419"},{"taxonomy":"product_tag","embeddable":true,"href":"https:\/\/www.vape4wholesale.com\/cs\/wp-json\/wp\/v2\/product_tag?post=22419"}],"curies":[{"name":"wp","href":"https:\/\/api.w.org\/{rel}","templated":true}]}}