{"id":22135,"date":"2025-05-15T16:49:29","date_gmt":"2025-05-15T08:49:29","guid":{"rendered":"https:\/\/www.vape4wholesale.com\/?post_type=product&#038;p=22135"},"modified":"2026-01-26T13:39:05","modified_gmt":"2026-01-26T13:39:05","slug":"happ-bar-twin-pod-35000-jednorazove-vape","status":"publish","type":"product","link":"https:\/\/www.vape4wholesale.com\/cs\/produkt\/happ-bar-twin-pod-35000-jednorazove-vape","title":{"rendered":"Happ Bar Twin Pod 35000 Vape na jedno pou\u017eit\u00ed"},"content":{"rendered":"<p class=\"ds-markdown-paragraph\">Na str\u00e1nk\u00e1ch <a title=\"Happ Bar\" href=\"https:\/\/www.vape4wholesale.com\/cs\/product_brand\/happ-bar\/\"><strong>Happ Bar<\/strong> <\/a>Twin Pod 35000 Disposable Vape je dokonal\u00e9 za\u0159\u00edzen\u00ed s dvoj\u00ed p\u0159\u00edchut\u00ed. Toto vylep\u0161en\u00e9 za\u0159\u00edzen\u00ed s \u00factyhodn\u00fdm po\u010dtem 35 000 potah\u016f je vybaveno dv\u011bma 18ml n\u00e1dr\u017ekami a oto\u010dn\u00fdm n\u00e1ustkem, kter\u00fd umo\u017e\u0148uje snadn\u00e9 p\u0159ep\u00edn\u00e1n\u00ed mezi p\u0159\u00edchut\u011bmi. Je poh\u00e1n\u011bn dob\u00edjec\u00ed bateri\u00ed typu C o kapacit\u011b 650 mAh a dv\u011bma s\u00ed\u0165ov\u00fdmi spir\u00e1lkami (1,0ohm), kter\u00e9 poskytuj\u00ed plynulou, bohatou p\u00e1ru a dlouhotrvaj\u00edc\u00ed v\u00fdkon.<\/p>\n<p class=\"ds-markdown-paragraph\">Dod\u00e1v\u00e1 se s nikotinovou silou 2% a 5% a elegantn\u00edm gradientn\u00edm designem s LED displejem pro stylov\u00fd vapingov\u00fd z\u00e1\u017eitek. Syst\u00e9m dvou n\u00e1dr\u017eek eliminuje pot\u0159ebu pou\u017e\u00edvat v\u00edce za\u0159\u00edzen\u00ed, zat\u00edmco zv\u00fd\u0161en\u00e1 kapacita e-liquidu zaji\u0161\u0165uje del\u0161\u00ed pou\u017e\u00edv\u00e1n\u00ed. Ide\u00e1ln\u00ed pro vapery, kte\u0159\u00ed tou\u017e\u00ed po rozmanitosti a pohodl\u00ed bez kompromis\u016f v oblasti chuti nebo kvality p\u00e1ry.<\/p>\n<p class=\"ds-markdown-paragraph\">Je navr\u017een pro p\u0159enosnost a v\u00fdkon a kombinuje inovace s prakti\u010dnost\u00ed. Jeho poutav\u00fd design, dlouh\u00e1 v\u00fddr\u017e baterie a technologie dvou p\u0159\u00edchut\u00ed z n\u011bj d\u011blaj\u00ed v\u00fdjime\u010dnou volbu pro celodenn\u00ed vaping. Vylep\u0161ete sv\u016fj z\u00e1\u017eitek je\u0161t\u011b dnes s t\u00edmto vysokokapacitn\u00edm jednor\u00e1zov\u00fdm vapem nabit\u00fdm funkcemi!<\/p>\n<h2 class=\"ds-markdown-paragraph\"><strong>Happ Bar Twin Pod 35000 jednor\u00e1zov\u00e9 Vape Rychl\u00e9 informace<\/strong><\/h2>\n<ul>\n<li>\n<p class=\"ds-markdown-paragraph\"><strong>Pufy:<\/strong>\u00a035,000<\/p>\n<\/li>\n<li>\n<p class=\"ds-markdown-paragraph\"><strong>Nikotin:<\/strong>\u00a02% nebo 5% (voliteln\u011b)<\/p>\n<\/li>\n<li>\n<p class=\"ds-markdown-paragraph\"><strong>Baterie:<\/strong>\u00a0650 mAh (dob\u00edjec\u00ed typ C)<\/p>\n<\/li>\n<li>\n<p class=\"ds-markdown-paragraph\"><strong>Kapacita e-kapaliny:<\/strong> 36ML-18ml + 18ml (dvojit\u00e1 n\u00e1dr\u017e)<\/p>\n<\/li>\n<li>\n<p class=\"ds-markdown-paragraph\"><strong>C\u00edvka:<\/strong>\u00a0Dual Mesh (1,0ohm)<\/p>\n<\/li>\n<li>\n<p class=\"ds-markdown-paragraph\"><strong>Design:<\/strong>\u00a0Gradientn\u00ed barvy + LED displej<\/p>\n<\/li>\n<\/ul>\n<h2><strong>Pro\u010d si vybrat Happ Bar Twin Pod 35000?<\/strong><\/h2>\n<ul>\n<li class=\"ds-markdown-paragraph\">Dv\u011b p\u0159\u00edchut\u011b v jednom za\u0159\u00edzen\u00ed - mezi p\u0159\u00edchut\u011bmi lze p\u0159ep\u00ednat bez n\u00e1mahy oto\u010den\u00edm n\u00e1ustku.<\/li>\n<li class=\"ds-markdown-paragraph\">Del\u0161\u00ed \u017eivotnost a \u00faspornost - v\u011bt\u0161\u00ed kapacita e-\u0161\u0165\u00e1vy znamen\u00e1 m\u00e9n\u011b v\u00fdm\u011bn.<\/li>\n<li class=\"ds-markdown-paragraph\">Hladk\u00e9 a chutn\u00e9 \u0161luky - Pokro\u010dil\u00e9 spir\u00e1lky s dvojitou s\u00ed\u0165kou zvy\u0161uj\u00ed v\u00fdpar a chu\u0165.<\/li>\n<li class=\"ds-markdown-paragraph\">Poutav\u00fd design - Vynikn\u011bte d\u00edky \u017eiv\u00e9mu gradientn\u00edmu proveden\u00ed a displeji LED.<\/li>\n<\/ul>\n<h2><strong>Dostupn\u00e9 p\u0159\u00edchut\u011b<\/strong><\/h2>\n<ol>\n<li>Broskvov\u00fd mangov\u00fd ananas a jahodov\u00fd led<\/li>\n<li>Citron\u00e1da Blue Razz a broskvov\u00fd led<\/li>\n<li>Jahodov\u00e9 kiwi &amp; Lush Ice<\/li>\n<li>Malinov\u00fd fond\u00e1n a dvojit\u00e9 jablko<\/li>\n<li>Melounov\u00fd led a citronov\u00e1 limetka<\/li>\n<li>Bor\u016fvkov\u00e1 malinov\u00e1 citronov\u00e1 a t\u0159e\u0161\u0148ov\u00e1 zmrzlina<\/li>\n<li>Jahodov\u00e1 vanilkov\u00e1 kola a sm\u011bs bobul\u00ed<\/li>\n<li>\u017dv\u00fdka\u010dka Blueberry Cherry Cranberry &amp; Watermelon Bubble Gum<\/li>\n<li>Jahodov\u00fd ban\u00e1n a cola Ice<\/li>\n<li>Ananasov\u00fd kokos a bor\u016fvkov\u00fd led<\/li>\n<li>Red Bull Ice &amp; Hami Melon<\/li>\n<li>Hroznov\u00fd led a jable\u010dn\u00e1 broskev<\/li>\n<\/ol>\n<figure id=\"attachment_22120\" aria-describedby=\"caption-attachment-22120\" style=\"width: 800px\" class=\"wp-caption alignnone\"><img loading=\"lazy\" decoding=\"async\" class=\"size-full wp-image-22120\" title=\"Happ Bar Twin Pod 35000 Blueberry Cherry Cranberry &amp; Watermelon Bubble Gum\" src=\"https:\/\/www.vape4wholesale.com\/wp-content\/uploads\/2025\/05\/Happ-Bar-Twin-Pod-35000-Blueberry-Cherry-Cranberry-Watermelon-Bubble-Gum.webp\" alt=\"Happ Bar Twin Pod 35000 Blueberry Cherry Cranberry &amp; Watermelon Bubble Gum\" width=\"800\" height=\"800\" srcset=\"https:\/\/www.vape4wholesale.com\/wp-content\/uploads\/2025\/05\/Happ-Bar-Twin-Pod-35000-Blueberry-Cherry-Cranberry-Watermelon-Bubble-Gum.webp 800w, https:\/\/www.vape4wholesale.com\/wp-content\/uploads\/2025\/05\/Happ-Bar-Twin-Pod-35000-Blueberry-Cherry-Cranberry-Watermelon-Bubble-Gum-247x247.webp 247w, https:\/\/www.vape4wholesale.com\/wp-content\/uploads\/2025\/05\/Happ-Bar-Twin-Pod-35000-Blueberry-Cherry-Cranberry-Watermelon-Bubble-Gum-100x100.webp 100w, https:\/\/www.vape4wholesale.com\/wp-content\/uploads\/2025\/05\/Happ-Bar-Twin-Pod-35000-Blueberry-Cherry-Cranberry-Watermelon-Bubble-Gum-510x510.webp 510w, https:\/\/www.vape4wholesale.com\/wp-content\/uploads\/2025\/05\/Happ-Bar-Twin-Pod-35000-Blueberry-Cherry-Cranberry-Watermelon-Bubble-Gum-300x300.webp 300w, https:\/\/www.vape4wholesale.com\/wp-content\/uploads\/2025\/05\/Happ-Bar-Twin-Pod-35000-Blueberry-Cherry-Cranberry-Watermelon-Bubble-Gum-150x150.webp 150w, https:\/\/www.vape4wholesale.com\/wp-content\/uploads\/2025\/05\/Happ-Bar-Twin-Pod-35000-Blueberry-Cherry-Cranberry-Watermelon-Bubble-Gum-768x768.webp 768w, https:\/\/www.vape4wholesale.com\/wp-content\/uploads\/2025\/05\/Happ-Bar-Twin-Pod-35000-Blueberry-Cherry-Cranberry-Watermelon-Bubble-Gum-12x12.webp 12w, https:\/\/www.vape4wholesale.com\/wp-content\/uploads\/2025\/05\/Happ-Bar-Twin-Pod-35000-Blueberry-Cherry-Cranberry-Watermelon-Bubble-Gum-64x64.webp 64w\" sizes=\"auto, (max-width: 800px) 100vw, 800px\" \/><figcaption id=\"caption-attachment-22120\" class=\"wp-caption-text\">Happ Bar Twin Pod 35000 Blueberry Cherry Cranberry &amp; Watermelon Bubble Gum<\/figcaption><\/figure>\n<h2>PRO\u010c MY?<\/h2>\r\n<ul>\r\n<li>Skute\u010dn\u00fd, d\u016fv\u011bryhodn\u00fd a profesion\u00e1ln\u00ed zdroj vape.<\/li>\r\n<li>100% Origin\u00e1ln\u00ed z\u00e1ruka: Odm\u00edt\u00e1me pad\u011blky.<\/li>\r\n<li>100% Z\u00e1ruka dod\u00e1n\u00ed: Pou\u017e\u00edv\u00e1me nejlep\u0161\u00ed zp\u016fsob dopravy, abychom zajistili, \u017ee objedn\u00e1vku 100% obdr\u017e\u00edte.<\/li>\r\n<li>Po odesl\u00e1n\u00ed v\u00e1m poskytneme sledovac\u00ed \u010d\u00edslo a p\u0159epravn\u00ed \u0161t\u00edtek a budeme pro v\u00e1s sledovat zbo\u017e\u00ed, dokud ho nepodep\u00ed\u0161ete.<\/li>\r\n<li>\u017d\u00e1dn\u00e9 celn\u00ed probl\u00e9my, \u017e\u00e1dn\u00e1 cla<\/li>\r\n<\/ul>","protected":false},"excerpt":{"rendered":"<p><b><span style=\"color: #00a859;\">Free shipping<\/span>\u00a0from Europe warehouse, 7-15 working days delivery time.<\/b><\/p>\r\n<div class=\"wsppc_div_block woocommerce_before_add_to_cart_form\">\r\n<p><strong>Clear customs before delivery &amp; 100% Delivery Guarantee<\/strong><\/p>\r\n<\/div>","protected":false},"featured_media":22122,"comment_status":"open","ping_status":"closed","template":"","meta":[],"pwb-brand":[1267],"product_cat":[938],"product_tag":[22,24,849,1023,1035],"class_list":{"0":"post-22135","1":"product","2":"type-product","3":"status-publish","4":"has-post-thumbnail","6":"pwb-brand-happ-bar","7":"product_cat-europe-warehouse","8":"product_tag-disposable","9":"product_tag-wholesale","10":"product_tag-36-0ml","11":"product_tag-35000-puffs","12":"product_tag-happ-bar","13":"product_shipping_class-eu-warehouse","14":"wcpa_has_options","16":"first","17":"instock","18":"featured","19":"shipping-taxable","20":"purchasable","21":"product-type-variable"},"aioseo_notices":[],"brands":[{"id":1267,"name":"Happ Bar","slug":"happ-bar"}],"_links":{"self":[{"href":"https:\/\/www.vape4wholesale.com\/cs\/wp-json\/wp\/v2\/product\/22135","targetHints":{"allow":["GET"]}}],"collection":[{"href":"https:\/\/www.vape4wholesale.com\/cs\/wp-json\/wp\/v2\/product"}],"about":[{"href":"https:\/\/www.vape4wholesale.com\/cs\/wp-json\/wp\/v2\/types\/product"}],"replies":[{"embeddable":true,"href":"https:\/\/www.vape4wholesale.com\/cs\/wp-json\/wp\/v2\/comments?post=22135"}],"wp:featuredmedia":[{"embeddable":true,"href":"https:\/\/www.vape4wholesale.com\/cs\/wp-json\/wp\/v2\/media\/22122"}],"wp:attachment":[{"href":"https:\/\/www.vape4wholesale.com\/cs\/wp-json\/wp\/v2\/media?parent=22135"}],"wp:term":[{"taxonomy":"pwb-brand","embeddable":true,"href":"https:\/\/www.vape4wholesale.com\/cs\/wp-json\/wp\/v2\/pwb-brand?post=22135"},{"taxonomy":"product_cat","embeddable":true,"href":"https:\/\/www.vape4wholesale.com\/cs\/wp-json\/wp\/v2\/product_cat?post=22135"},{"taxonomy":"product_tag","embeddable":true,"href":"https:\/\/www.vape4wholesale.com\/cs\/wp-json\/wp\/v2\/product_tag?post=22135"}],"curies":[{"name":"wp","href":"https:\/\/api.w.org\/{rel}","templated":true}]}}