{"id":21602,"date":"2025-04-21T21:47:54","date_gmt":"2025-04-21T13:47:54","guid":{"rendered":"https:\/\/www.vape4wholesale.com\/?post_type=product&#038;p=21602"},"modified":"2026-05-02T03:37:46","modified_gmt":"2026-05-01T19:37:46","slug":"vozol-gear-power-20k-jednorazovy-vape-velkoobchod","status":"publish","type":"product","link":"https:\/\/www.vape4wholesale.com\/cs\/product\/vozol-gear-power-20k-disposable-vape-wholesale","title":{"rendered":"Vozol Gear Power 20K Jednor\u00e1zov\u00fd velkoobchodn\u00ed prodej Vape"},"content":{"rendered":"<p class=\"ds-markdown-paragraph\">na <a title=\"Vozol\" href=\"https:\/\/www.vape4wholesale.com\/cs\/product_brand\/vozol\/\"><strong>Vozol<\/strong><\/a> Gear Power 20K je pokro\u010dil\u00fd jednor\u00e1zov\u00fd vape poh\u00e1n\u011bn\u00fd technologi\u00ed S.i.L.C. pro mimo\u0159\u00e1dn\u011b jemnou chu\u0165 a produkci p\u00e1ry. D\u00edky inteligentn\u00edmu syst\u00e9mu Dual Power m\u016f\u017eete p\u0159ep\u00ednat mezi re\u017eimem Eco (a\u017e 20 000 potah\u016f) pro del\u0161\u00ed pou\u017e\u00edv\u00e1n\u00ed nebo re\u017eimem Power (a\u017e 12 000 potah\u016f) pro intenzivn\u011bj\u0161\u00ed mraky a bohatost - to v\u0161e v jednom kompaktn\u00edm za\u0159\u00edzen\u00ed.<\/p>\n<p class=\"ds-markdown-paragraph\">Tato vape je vybavena spir\u00e1lkou Dual Mesh, kter\u00e1 zaji\u0161\u0165uje konzistentn\u00ed \u017ehaven\u00ed a zv\u00fd\u0161enou \u010distotu chuti, zat\u00edmco displej p\u0159es celou obrazovku v\u00e1s v re\u00e1ln\u00e9m \u010dase informuje o \u017eivotnosti baterie a hladin\u011b e-liquidu. P\u0159edem napln\u011bn\u00fd 20 ml pr\u00e9miov\u00e9ho e-liquidu a silou nikotinu 5% (50 mg) poskytuje uspokojiv\u00fd \u00fader do hrdla a solidn\u00ed uspokojen\u00ed z nikotinu.<\/p>\n<h2>Vozol Gear Power 20K Vape Rychl\u00e9 informace<\/h2>\n<ul>\n<li>S.i.L.C. Tech<\/li>\n<li>Re\u017eim du\u00e1ln\u00edho nap\u00e1jen\u00ed ECO\/POWER<\/li>\n<li>A\u017e 20000 v\u00fddech\u016f v \u00fasporn\u00e9m re\u017eimu<\/li>\n<li>A\u017e 12000 v\u00fddech\u016f v re\u017eimu nap\u00e1jen\u00ed<\/li>\n<li>Dvojit\u00e1 s\u00ed\u0165ov\u00e1 c\u00edvka<\/li>\n<li>Zobrazen\u00ed na cel\u00e9 obrazovce<\/li>\n<li>20 ml p\u0159edpln\u011bn\u00e9ho e-liquidu<\/li>\n<li>5%(50mg) S\u00edla nikotinu<\/li>\n<\/ul>\n<h2>Dostupn\u00e9 p\u0159\u00edchut\u011b<\/h2>\n<p>1. Melounov\u00fd led<br \/>\n2. Hroznov\u00fd led<br \/>\n3. Mango Ice<br \/>\n4. Dvojit\u00fd jable\u010dn\u00fd led<br \/>\n5. Lavafire<br \/>\n6. Bor\u016fvkov\u00e1 bou\u0159e<br \/>\n7. Modr\u00e9 mojito<br \/>\n8. Mango Ananas Grapefruit<br \/>\n9. Jahodov\u00e9 kiwi<br \/>\n10. Malinov\u00fd meloun<br \/>\n11. Blue Razz Ice<br \/>\n12. Jahodov\u00e9 mango<br \/>\n13. Citronov\u00e1 limetka<br \/>\n14. T\u0159e\u0161\u0148ov\u00e1 limon\u00e1da<br \/>\n15. Sm\u00ed\u0161en\u00e9 bobule<br \/>\n16. Dra\u010d\u00ed ovoce Ban\u00e1nov\u00e1 t\u0159e\u0161e\u0148<br \/>\n17. Citronov\u00e1 m\u00e1ta<br \/>\n19. Broskvov\u00fd led<br \/>\n20. Jahodov\u00fd meloun<\/p>\n<h2>Podrobnosti o balen\u00ed<\/h2>\n<ul>\n<li>1\/sk\u0159\u00ed\u0148ka na z\u00e1v\u011bs<\/li>\n<li>10\/display box<\/li>\n<li>200\/karton, 22,8 kg<\/li>\n<\/ul>\n<figure id=\"attachment_21614\" aria-describedby=\"caption-attachment-21614\" style=\"width: 750px\" class=\"wp-caption alignnone\"><img loading=\"lazy\" decoding=\"async\" class=\"wp-image-21614 size-full\" title=\"Vozol Gear Power 20K Jednor\u00e1zov\u00fd velkoobchodn\u00ed prodej (1)\" src=\"https:\/\/www.vape4wholesale.com\/wp-content\/uploads\/2025\/04\/Vozol-Gear-Power-20K-Disposable-Vape-Wholesale-1.webp\" alt=\"Vozol Gear Power 20K Jednor\u00e1zov\u00fd velkoobchodn\u00ed prodej (1)\" width=\"750\" height=\"800\" srcset=\"https:\/\/www.vape4wholesale.com\/wp-content\/uploads\/2025\/04\/Vozol-Gear-Power-20K-Disposable-Vape-Wholesale-1.webp 750w, https:\/\/www.vape4wholesale.com\/wp-content\/uploads\/2025\/04\/Vozol-Gear-Power-20K-Disposable-Vape-Wholesale-1-510x544.webp 510w, https:\/\/www.vape4wholesale.com\/wp-content\/uploads\/2025\/04\/Vozol-Gear-Power-20K-Disposable-Vape-Wholesale-1-281x300.webp 281w, https:\/\/www.vape4wholesale.com\/wp-content\/uploads\/2025\/04\/Vozol-Gear-Power-20K-Disposable-Vape-Wholesale-1-11x12.webp 11w, https:\/\/www.vape4wholesale.com\/wp-content\/uploads\/2025\/04\/Vozol-Gear-Power-20K-Disposable-Vape-Wholesale-1-64x68.webp 64w\" sizes=\"auto, (max-width: 750px) 100vw, 750px\" \/><figcaption id=\"caption-attachment-21614\" class=\"wp-caption-text\">Vozol Gear Power 20K Jednor\u00e1zov\u00fd velkoobchodn\u00ed prodej Vape<\/figcaption><\/figure>\n<h2>PRO\u010c MY?<\/h2>\r\n<ul>\r\n<li>Skute\u010dn\u00fd, d\u016fv\u011bryhodn\u00fd a profesion\u00e1ln\u00ed zdroj vape.<\/li>\r\n<li>100% Origin\u00e1ln\u00ed z\u00e1ruka: Odm\u00edt\u00e1me pad\u011blky.<\/li>\r\n<li>100% Z\u00e1ruka dod\u00e1n\u00ed: Pou\u017e\u00edv\u00e1me nejlep\u0161\u00ed zp\u016fsob dopravy, abychom zajistili, \u017ee objedn\u00e1vku 100% obdr\u017e\u00edte.<\/li>\r\n<li>Po odesl\u00e1n\u00ed v\u00e1m poskytneme sledovac\u00ed \u010d\u00edslo a p\u0159epravn\u00ed \u0161t\u00edtek a budeme pro v\u00e1s sledovat zbo\u017e\u00ed, dokud ho nepodep\u00ed\u0161ete.<\/li>\r\n<li>\u017d\u00e1dn\u00e9 celn\u00ed probl\u00e9my, \u017e\u00e1dn\u00e1 cla<\/li>\r\n<\/ul>","protected":false},"excerpt":{"rendered":"<p><b><span style=\"color: #00a859;\">Doprava zdarma<\/span>\u00a0z evropsk\u00e9ho skladu, dodac\u00ed lh\u016fta 7-15 pracovn\u00edch dn\u016f.<\/b><\/p>\r\n<div class=\"wsppc_div_block woocommerce_before_add_to_cart_form\">\r\n<p><strong>Vymaz\u00e1n\u00ed cel p\u0159ed dod\u00e1n\u00edm &amp; 100% Z\u00e1ruka dod\u00e1n\u00ed<\/strong><\/p>\r\n<\/div>","protected":false},"featured_media":21612,"comment_status":"open","ping_status":"closed","template":"","meta":[],"pwb-brand":[1276],"product_cat":[938],"product_tag":[1137,22,24,172,794],"class_list":{"0":"post-21602","1":"product","2":"type-product","3":"status-publish","4":"has-post-thumbnail","6":"pwb-brand-vozol","7":"product_cat-europe-warehouse","8":"product_tag-vozol","9":"product_tag-disposable","10":"product_tag-wholesale","11":"product_tag-20-0ml","12":"product_tag-20000-puffs","13":"product_shipping_class-eu-warehouse","15":"first","16":"outofstock","17":"featured","18":"shipping-taxable","19":"purchasable","20":"product-type-variable"},"aioseo_notices":[],"brands":[{"id":1276,"name":"Vozol","slug":"vozol"}],"_links":{"self":[{"href":"https:\/\/www.vape4wholesale.com\/cs\/wp-json\/wp\/v2\/product\/21602","targetHints":{"allow":["GET"]}}],"collection":[{"href":"https:\/\/www.vape4wholesale.com\/cs\/wp-json\/wp\/v2\/product"}],"about":[{"href":"https:\/\/www.vape4wholesale.com\/cs\/wp-json\/wp\/v2\/types\/product"}],"replies":[{"embeddable":true,"href":"https:\/\/www.vape4wholesale.com\/cs\/wp-json\/wp\/v2\/comments?post=21602"}],"wp:featuredmedia":[{"embeddable":true,"href":"https:\/\/www.vape4wholesale.com\/cs\/wp-json\/wp\/v2\/media\/21612"}],"wp:attachment":[{"href":"https:\/\/www.vape4wholesale.com\/cs\/wp-json\/wp\/v2\/media?parent=21602"}],"wp:term":[{"taxonomy":"pwb-brand","embeddable":true,"href":"https:\/\/www.vape4wholesale.com\/cs\/wp-json\/wp\/v2\/pwb-brand?post=21602"},{"taxonomy":"product_cat","embeddable":true,"href":"https:\/\/www.vape4wholesale.com\/cs\/wp-json\/wp\/v2\/product_cat?post=21602"},{"taxonomy":"product_tag","embeddable":true,"href":"https:\/\/www.vape4wholesale.com\/cs\/wp-json\/wp\/v2\/product_tag?post=21602"}],"curies":[{"name":"wp","href":"https:\/\/api.w.org\/{rel}","templated":true}]}}