{"id":21527,"date":"2025-04-18T23:41:27","date_gmt":"2025-04-18T15:41:27","guid":{"rendered":"https:\/\/www.vape4wholesale.com\/?post_type=product&#038;p=21527"},"modified":"2026-01-26T13:39:12","modified_gmt":"2026-01-26T13:39:12","slug":"vozol-vista-20000-jednorazovy-vape-velkoobchod","status":"publish","type":"product","link":"https:\/\/www.vape4wholesale.com\/cs\/product\/vozol-vista-20000-disposable-vape-wholesale","title":{"rendered":"Vozol Vista 20000 Jednor\u00e1zov\u00fd velkoobchodn\u00ed prodej Vape"},"content":{"rendered":"<p>Na str\u00e1nk\u00e1ch <a title=\"Vozol\" href=\"https:\/\/www.vape4wholesale.com\/cs\/product_brand\/vozol\/\"><strong>Vozol<\/strong><\/a> Vista 20000 nov\u011b definuje pohodl\u00ed s p\u016fsobivou v\u00fddr\u017e\u00ed v\u00edce ne\u017e 20 000 potah\u016f, co\u017e z n\u011bj d\u011bl\u00e1 jeden z nejtrvanliv\u011bj\u0161\u00edch jednor\u00e1zov\u00fdch vap\u016f na trhu. D\u00edky p\u0159ehledn\u00e9mu OLED displeji m\u016f\u017eete v re\u00e1ln\u00e9m \u010dase sledovat stav baterie a e-liquidu, co\u017e v\u00e1m zajist\u00ed bezprobl\u00e9mov\u00fd z\u00e1\u017eitek z vapov\u00e1n\u00ed. Jeho dob\u00edjec\u00ed sada pro opakovan\u00e9 pou\u017eit\u00ed nav\u00edc zaji\u0161\u0165uje del\u0161\u00ed pou\u017eitelnost, zat\u00edmco baterie s kapacitou 650 mAh podporuje pln\u00e9 nabit\u00ed za pouh\u00fdch 45 minut - ide\u00e1ln\u00ed pro u\u017eivatele na cest\u00e1ch.<\/p>\n<p>Model Vista je vybaven \u0161estistup\u0148ovou regulac\u00ed v\u00fdkonu a umo\u017e\u0148uje v\u00e1m vyladit intenzitu vapov\u00e1n\u00ed pro plynulej\u0161\u00ed potahov\u00e1n\u00ed nebo hust\u0161\u00ed mraky. D\u00edky pokro\u010dil\u00e9 spir\u00e1lce S.i.L.C Tech Dual Mesh p\u0159in\u00e1\u0161\u00ed bohatou, konzistentn\u00ed chu\u0165 p\u0159i ka\u017ed\u00e9m potahu, dopln\u011bnou o 5% s\u00edlu nikotinu (NS) pro uspokojiv\u00fd z\u00e1\u017eitek z MTL (mouth-to-lung) vapingu.<\/p>\n<p>Za\u0159\u00edzen\u00ed je navr\u017eeno s ohledem na udr\u017eitelnost a vyu\u017e\u00edv\u00e1 65% PCR (recyklovan\u00fd plast po spot\u0159ebiteli), co\u017e sni\u017euje dopad na \u017eivotn\u00ed prost\u0159ed\u00ed, ani\u017e by to bylo na \u00fakor trvanlivosti. Krom\u011b toho spl\u0148uje normy TPD, \u010d\u00edm\u017e zaji\u0161\u0165uje bezpe\u010dnost a kvalitu pro evropsk\u00e9 trhy.<\/p>\n<p>Vozol Vista je vybaven v\u00fdkonn\u00fdm procesorem MCU, kter\u00fd zaru\u010duje stabiln\u00ed v\u00fdkon a lep\u0161\u00ed odezvu. A\u0165 u\u017e jste za\u010d\u00e1te\u010dn\u00edk, nebo zku\u0161en\u00fd vaper, jeho u\u017eivatelsky p\u0159\u00edv\u011btiv\u00fd design a roz\u0161\u00ed\u0159en\u00fd po\u010det \u0161luk\u016f z n\u011bj \u010din\u00ed \u0161pi\u010dkovou volbu pro celodenn\u00ed vaping.<\/p>\n<h2><strong>Vozol Vista 20000 Jednor\u00e1zov\u00e9 vape Rychl\u00e9 informace<\/strong><\/h2>\n<ul>\n<li>OLED displej pro zobrazen\u00ed stavu baterie a e-liquidu<\/li>\n<li>20 000+ Puffs<\/li>\n<li>Dob\u00edjec\u00ed sada pro opakovan\u00e9 pou\u017eit\u00ed<\/li>\n<li>\u0160estistup\u0148ov\u00e1 regulace v\u00fdkonu ve wattech<\/li>\n<li>Nab\u00edjec\u00ed baterie 650 mAh (pln\u00e9 nabit\u00ed za 45 minut)<\/li>\n<li>5% Nikotin<\/li>\n<li>C\u00edvka: S.i.L.C. Tech Dual Mesh Coil<\/li>\n<li>Zpracov\u00e1n\u00ed \u010dipu: \u010cip MCU<\/li>\n<li>Materi\u00e1l: 65% PCR (recyklovateln\u00fd ekologick\u00fd plastov\u00fd materi\u00e1l)<\/li>\n<li>V souladu s TPD<\/li>\n<li>MTL Vaping<\/li>\n<\/ul>\n<h2><strong>Dostupn\u00e9 p\u0159\u00edchut\u011b<\/strong><\/h2>\n<p>1. Lavafire<br \/>\n2. Hroznov\u00fd led<br \/>\n3. Miami Mint<br \/>\n4. Broskvov\u00fd led<br \/>\n5. Sm\u00ed\u0161en\u00e9 bobule<br \/>\n6. Blue Razz Ice<br \/>\n7. Melounov\u00fd led<br \/>\n8. Citronov\u00e1 limetka<br \/>\n9. Jahodov\u00e9 mango<br \/>\n10. Cherry Cola<br \/>\n11. Malinov\u00fd meloun<br \/>\n12. Mango led<br \/>\n14. Broskvov\u00fd meloun s mangem<br \/>\n15. Jahoda malina t\u0159e\u0161e\u0148<br \/>\n16. Grapefruitov\u00fd kv\u011bt \u010dern\u00e9ho bezu<br \/>\n17. Dra\u010d\u00ed ovoce Ban\u00e1nov\u00e1 t\u0159e\u0161e\u0148<br \/>\n18. Kysel\u00fd jable\u010dn\u00fd led<br \/>\n19. VZBULL<br \/>\n20. Melounov\u00e1 \u017ev\u00fdka\u010dka<\/p>\n<h2><strong>Podrobnosti o balen\u00ed<\/strong><\/h2>\n<ul>\n<li>1 ks\/jedin\u00e1 krabi\u010dka<\/li>\n<li>10 ks \/ zobrazovac\u00ed box<\/li>\n<li>18,5 kg\/ 200 ks\/ karton<\/li>\n<\/ul>\n<figure id=\"attachment_21546\" aria-describedby=\"caption-attachment-21546\" style=\"width: 800px\" class=\"wp-caption alignnone\"><img loading=\"lazy\" decoding=\"async\" class=\"size-full wp-image-21546\" title=\"Vozol Vista 20000 Jednor\u00e1zov\u00e1 \u017ev\u00fdka\u010dka Vape Watermelon Bubble Gum\" src=\"https:\/\/www.vape4wholesale.com\/wp-content\/uploads\/2025\/04\/Vozol-Vista-20000-Disposable-Vape-Watermelon-Bubble-Gum.webp\" alt=\"Vozol Vista 20000 Jednor\u00e1zov\u00e1 \u017ev\u00fdka\u010dka Vape Watermelon Bubble Gum\" width=\"800\" height=\"800\" srcset=\"https:\/\/www.vape4wholesale.com\/wp-content\/uploads\/2025\/04\/Vozol-Vista-20000-Disposable-Vape-Watermelon-Bubble-Gum.webp 800w, https:\/\/www.vape4wholesale.com\/wp-content\/uploads\/2025\/04\/Vozol-Vista-20000-Disposable-Vape-Watermelon-Bubble-Gum-247x247.webp 247w, https:\/\/www.vape4wholesale.com\/wp-content\/uploads\/2025\/04\/Vozol-Vista-20000-Disposable-Vape-Watermelon-Bubble-Gum-100x100.webp 100w, https:\/\/www.vape4wholesale.com\/wp-content\/uploads\/2025\/04\/Vozol-Vista-20000-Disposable-Vape-Watermelon-Bubble-Gum-510x510.webp 510w, https:\/\/www.vape4wholesale.com\/wp-content\/uploads\/2025\/04\/Vozol-Vista-20000-Disposable-Vape-Watermelon-Bubble-Gum-300x300.webp 300w, https:\/\/www.vape4wholesale.com\/wp-content\/uploads\/2025\/04\/Vozol-Vista-20000-Disposable-Vape-Watermelon-Bubble-Gum-150x150.webp 150w, https:\/\/www.vape4wholesale.com\/wp-content\/uploads\/2025\/04\/Vozol-Vista-20000-Disposable-Vape-Watermelon-Bubble-Gum-768x768.webp 768w, https:\/\/www.vape4wholesale.com\/wp-content\/uploads\/2025\/04\/Vozol-Vista-20000-Disposable-Vape-Watermelon-Bubble-Gum-12x12.webp 12w, https:\/\/www.vape4wholesale.com\/wp-content\/uploads\/2025\/04\/Vozol-Vista-20000-Disposable-Vape-Watermelon-Bubble-Gum-64x64.webp 64w\" sizes=\"auto, (max-width: 800px) 100vw, 800px\" \/><figcaption id=\"caption-attachment-21546\" class=\"wp-caption-text\">Vozol Vista 20000 Vape na jedno pou\u017eit\u00ed<\/figcaption><\/figure>\n<h2>PRO\u010c MY?<\/h2>\r\n<ul>\r\n<li>Skute\u010dn\u00fd, d\u016fv\u011bryhodn\u00fd a profesion\u00e1ln\u00ed zdroj vape.<\/li>\r\n<li>100% Origin\u00e1ln\u00ed z\u00e1ruka: Odm\u00edt\u00e1me pad\u011blky.<\/li>\r\n<li>100% Z\u00e1ruka dod\u00e1n\u00ed: Pou\u017e\u00edv\u00e1me nejlep\u0161\u00ed zp\u016fsob dopravy, abychom zajistili, \u017ee objedn\u00e1vku 100% obdr\u017e\u00edte.<\/li>\r\n<li>Po odesl\u00e1n\u00ed v\u00e1m poskytneme sledovac\u00ed \u010d\u00edslo a p\u0159epravn\u00ed \u0161t\u00edtek a budeme pro v\u00e1s sledovat zbo\u017e\u00ed, dokud ho nepodep\u00ed\u0161ete.<\/li>\r\n<li>\u017d\u00e1dn\u00e9 celn\u00ed probl\u00e9my, \u017e\u00e1dn\u00e1 cla<\/li>\r\n<\/ul>","protected":false},"excerpt":{"rendered":"<p><b><span style=\"color: #00a859;\">Doprava zdarma<\/span>\u00a0z evropsk\u00e9ho skladu, dodac\u00ed lh\u016fta 7-15 pracovn\u00edch dn\u016f.<\/b><\/p>\r\n<div class=\"wsppc_div_block woocommerce_before_add_to_cart_form\">\r\n<p><strong>Vymaz\u00e1n\u00ed cel p\u0159ed dod\u00e1n\u00edm &amp; 100% Z\u00e1ruka dod\u00e1n\u00ed<\/strong><\/p>\r\n<\/div>","protected":false},"featured_media":21546,"comment_status":"open","ping_status":"closed","template":"","meta":[],"pwb-brand":[1276],"product_cat":[873],"product_tag":[24,172,794,1137,22],"class_list":{"0":"post-21527","1":"product","2":"type-product","3":"status-publish","4":"has-post-thumbnail","6":"pwb-brand-vozol","7":"product_cat-above-20k-puffs","8":"product_tag-wholesale","9":"product_tag-20-0ml","10":"product_tag-20000-puffs","11":"product_tag-vozol","12":"product_tag-disposable","14":"first","15":"outofstock","16":"featured","17":"shipping-taxable","18":"purchasable","19":"product-type-variable"},"aioseo_notices":[],"brands":[{"id":1276,"name":"Vozol","slug":"vozol"}],"_links":{"self":[{"href":"https:\/\/www.vape4wholesale.com\/cs\/wp-json\/wp\/v2\/product\/21527","targetHints":{"allow":["GET"]}}],"collection":[{"href":"https:\/\/www.vape4wholesale.com\/cs\/wp-json\/wp\/v2\/product"}],"about":[{"href":"https:\/\/www.vape4wholesale.com\/cs\/wp-json\/wp\/v2\/types\/product"}],"replies":[{"embeddable":true,"href":"https:\/\/www.vape4wholesale.com\/cs\/wp-json\/wp\/v2\/comments?post=21527"}],"wp:featuredmedia":[{"embeddable":true,"href":"https:\/\/www.vape4wholesale.com\/cs\/wp-json\/wp\/v2\/media\/21546"}],"wp:attachment":[{"href":"https:\/\/www.vape4wholesale.com\/cs\/wp-json\/wp\/v2\/media?parent=21527"}],"wp:term":[{"taxonomy":"pwb-brand","embeddable":true,"href":"https:\/\/www.vape4wholesale.com\/cs\/wp-json\/wp\/v2\/pwb-brand?post=21527"},{"taxonomy":"product_cat","embeddable":true,"href":"https:\/\/www.vape4wholesale.com\/cs\/wp-json\/wp\/v2\/product_cat?post=21527"},{"taxonomy":"product_tag","embeddable":true,"href":"https:\/\/www.vape4wholesale.com\/cs\/wp-json\/wp\/v2\/product_tag?post=21527"}],"curies":[{"name":"wp","href":"https:\/\/api.w.org\/{rel}","templated":true}]}}