{"id":21243,"date":"2025-04-06T18:29:57","date_gmt":"2025-04-06T10:29:57","guid":{"rendered":"https:\/\/www.vape4wholesale.com\/?post_type=product&#038;p=21243"},"modified":"2026-03-15T22:35:46","modified_gmt":"2026-03-15T14:35:46","slug":"fumot-tornado-25000-puffs-jednorazovy-vape-velkoobchod","status":"publish","type":"product","link":"https:\/\/www.vape4wholesale.com\/cs\/product\/fumot-tornado-25000-puffs-disposable-vape-wholesale","title":{"rendered":"Fumot Tornado 25000 Puffs Jednor\u00e1zov\u00fd velkoobchodn\u00ed prodej Vape"},"content":{"rendered":"<p>Fumot Tornado 25000 nov\u011b definuje jednor\u00e1zov\u00fd vaping d\u00edky obrovsk\u00e9 kapacit\u011b 20 ml e-liquidu a 25 000 potah\u016f. Toto pokro\u010dil\u00e9 za\u0159\u00edzen\u00ed, navr\u017een\u00e9 pro pohodl\u00ed i v\u00fdkon, je vybaveno dob\u00edjec\u00ed bateri\u00ed o kapacit\u011b 700 mAh s rychl\u00fdm nab\u00edjen\u00edm typu C, d\u00edky kter\u00e9mu v\u00e1m nikdy ne\u010dekan\u011b nedojde energie. U\u017eivatel\u00e9 si mohou vybrat z mo\u017enost\u00ed s\u00edly nikotinu 0%, 2%, 3% nebo 5%, kter\u00e9 jsou dod\u00e1v\u00e1ny prost\u0159ednictv\u00edm pokro\u010dil\u00e9ho syst\u00e9mu dvou m\u0159\u00ed\u017ekov\u00fdch spir\u00e1lek, jen\u017e produkuje mimo\u0159\u00e1dn\u011b bohatou chu\u0165 a hust\u00e9 mraky p\u00e1ry.<\/p>\n<p>Tornado 25000 se vyzna\u010duje inteligentn\u00edm 1,77palcov\u00fdm dotykov\u00fdm TFT displejem, kter\u00fd v re\u00e1ln\u00e9m \u010dase p\u0159ehledn\u011b zobrazuje hladinu e-liquidu a stav baterie pro bezstarostn\u00fd vaping. Intuitivn\u00ed dotykov\u00e9 ovl\u00e1d\u00e1n\u00ed umo\u017e\u0148uje snadn\u00e9 nastaven\u00ed v\u00fdkonu pouh\u00fdmi 3 kliknut\u00edmi, zat\u00edmco 26 dostupn\u00fdch p\u0159\u00edchut\u00ed uspokoj\u00ed v\u0161echny chu\u0165ov\u00e9 preference od ovocn\u00fdch po profily inspirovan\u00e9 dezerty. Elegantn\u00ed, ergonomick\u00fd design kombinuje p\u0159enosnost s prvot\u0159\u00eddn\u00ed funk\u010dnost\u00ed, tak\u017ee je ide\u00e1ln\u00ed pro celodenn\u00ed pou\u017e\u00edv\u00e1n\u00ed, a\u0165 u\u017e jste doma nebo venku.<\/p>\n<h2><strong>Fumot Tornado 25000 Jednor\u00e1zov\u00e9 vape Rychl\u00e9 informace<\/strong><\/h2>\n<ul>\n<li>0% 2% 3% 5% Nikotin<\/li>\n<li>dob\u00edjec\u00ed baterie 700 mAh<\/li>\n<li>Puffy: 25000 puff\u016f<\/li>\n<li>Kapacita: 20 ml<\/li>\n<li>Dotykov\u00fd sp\u00edna\u010d<\/li>\n<li>1,77 TFT obrazovka<\/li>\n<li>V\u00fdkon se nastavuje troj\u00edm stisknut\u00edm dotykov\u00e9ho displeje<\/li>\n<li>Displej s indik\u00e1torem oleje a baterie<\/li>\n<li>Port typu C<\/li>\n<li>K dispozici je 26 p\u0159\u00edchut\u00ed<\/li>\n<li>Dvojit\u00e1 s\u00ed\u0165ovina<\/li>\n<\/ul>\n<h2><strong>Dostupn\u00e9 p\u0159\u00edchut\u011b<\/strong><\/h2>\n<p>1. Ban\u00e1nov\u00fd led<br \/>\n2. Jahodov\u00fd meloun<br \/>\n3. Miami Mint<br \/>\n4. Bor\u016fvka malina<br \/>\n5. \u010cern\u00fd led<br \/>\n6. B\u00edl\u00fd gumov\u00fd led<br \/>\n7. Melounov\u00fd led<br \/>\n8. \u0160\u0165avnat\u00e1 broskvov\u00e1 zmrzlina<br \/>\n9. R\u016f\u017eov\u00e1 limon\u00e1da<br \/>\n10. Jahodov\u00e9 mango<br \/>\n11. Broskvov\u00fd meloun s mangem<br \/>\n12. Hroznov\u00fd citron<br \/>\n13. Tropick\u00fd duhov\u00fd v\u00fdbuch<br \/>\n14. T\u0159e\u0161\u0148ov\u00e1 bomba<br \/>\n15. Jahodov\u00e9 m\u00e1tov\u00e9 bonbony<br \/>\n16. Dvojit\u00e9 jablko<br \/>\n17. Bor\u016fvky na ledu<br \/>\n18. Jahodov\u00e1 zmrzlina<br \/>\n19. Sv\u011b\u017e\u00ed led<br \/>\n20. Ananasov\u00fd led<br \/>\n21. Hroznov\u00fd led<br \/>\n22. Dr. Blue<br \/>\n23. Kiwi Mu\u010denka Ovoce Guava<br \/>\n24. Cherry Cola<br \/>\n25. Cool Mint<br \/>\n26. Jahodov\u00fd Red Bull<\/p>\n<h2><strong>Podrobnosti o balen\u00ed<\/strong><\/h2>\n<ul>\n<li>160ks v kartonu<\/li>\n<li>ka\u017ed\u00fd karton: 18,5 kg<\/li>\n<\/ul>\n<figure id=\"attachment_21274\" aria-describedby=\"caption-attachment-21274\" style=\"width: 800px\" class=\"wp-caption alignnone\"><img loading=\"lazy\" decoding=\"async\" class=\"size-full wp-image-21274\" title=\"Fumot Tornado 25000 Puffs Vape na jedno pou\u017eit\u00ed\" src=\"https:\/\/www.vape4wholesale.com\/wp-content\/uploads\/2025\/04\/Fumot-Tornado-25000-Puffs-Disposable-Vape.webp\" alt=\"Fumot Tornado 25000 Puffs Vape na jedno pou\u017eit\u00ed\" width=\"800\" height=\"800\" srcset=\"https:\/\/www.vape4wholesale.com\/wp-content\/uploads\/2025\/04\/Fumot-Tornado-25000-Puffs-Disposable-Vape.webp 800w, https:\/\/www.vape4wholesale.com\/wp-content\/uploads\/2025\/04\/Fumot-Tornado-25000-Puffs-Disposable-Vape-247x247.webp 247w, https:\/\/www.vape4wholesale.com\/wp-content\/uploads\/2025\/04\/Fumot-Tornado-25000-Puffs-Disposable-Vape-100x100.webp 100w, https:\/\/www.vape4wholesale.com\/wp-content\/uploads\/2025\/04\/Fumot-Tornado-25000-Puffs-Disposable-Vape-510x510.webp 510w\" sizes=\"auto, (max-width: 800px) 100vw, 800px\" \/><figcaption id=\"caption-attachment-21274\" class=\"wp-caption-text\">Fumot Tornado 25000 Puffs Vape na jedno pou\u017eit\u00ed<\/figcaption><\/figure>\n<h2>PRO\u010c MY?<\/h2>\r\n<ul>\r\n<li>Skute\u010dn\u00fd, d\u016fv\u011bryhodn\u00fd a profesion\u00e1ln\u00ed zdroj vape.<\/li>\r\n<li>100% Origin\u00e1ln\u00ed z\u00e1ruka: Odm\u00edt\u00e1me pad\u011blky.<\/li>\r\n<li>100% Z\u00e1ruka dod\u00e1n\u00ed: Pou\u017e\u00edv\u00e1me nejlep\u0161\u00ed zp\u016fsob dopravy, abychom zajistili, \u017ee objedn\u00e1vku 100% obdr\u017e\u00edte.<\/li>\r\n<li>Po odesl\u00e1n\u00ed v\u00e1m poskytneme sledovac\u00ed \u010d\u00edslo a p\u0159epravn\u00ed \u0161t\u00edtek a budeme pro v\u00e1s sledovat zbo\u017e\u00ed, dokud ho nepodep\u00ed\u0161ete.<\/li>\r\n<li>\u017d\u00e1dn\u00e9 celn\u00ed probl\u00e9my, \u017e\u00e1dn\u00e1 cla<\/li>\r\n<\/ul>","protected":false},"excerpt":{"rendered":"<div class=\"wsppc_div_block woocommerce_before_add_to_cart_form\">\r\n<p><strong><span style=\"color: #00a859;\">Vy\u010distit celnici<\/span> p\u0159ed dod\u00e1n\u00edm &amp; 100% Z\u00e1ruka doru\u010den\u00ed, doru\u010den\u00ed p\u0159ibli\u017en\u011b za 19\u201325 dn\u00ed.\u00a0<\/strong><\/p>\r\n<\/div>","protected":false},"featured_media":21271,"comment_status":"open","ping_status":"closed","template":"","meta":[],"pwb-brand":[1269],"product_cat":[873],"product_tag":[22,24,172,592,915],"class_list":{"0":"post-21243","1":"product","2":"type-product","3":"status-publish","4":"has-post-thumbnail","6":"pwb-brand-fumot","7":"product_cat-above-20k-puffs","8":"product_tag-disposable","9":"product_tag-wholesale","10":"product_tag-20-0ml","11":"product_tag-fumot","12":"product_tag-25000-puffs","13":"wcpa_has_options","15":"first","16":"instock","17":"featured","18":"shipping-taxable","19":"purchasable","20":"product-type-variable"},"aioseo_notices":[],"brands":[{"id":1269,"name":"Fumot","slug":"fumot"}],"_links":{"self":[{"href":"https:\/\/www.vape4wholesale.com\/cs\/wp-json\/wp\/v2\/product\/21243","targetHints":{"allow":["GET"]}}],"collection":[{"href":"https:\/\/www.vape4wholesale.com\/cs\/wp-json\/wp\/v2\/product"}],"about":[{"href":"https:\/\/www.vape4wholesale.com\/cs\/wp-json\/wp\/v2\/types\/product"}],"replies":[{"embeddable":true,"href":"https:\/\/www.vape4wholesale.com\/cs\/wp-json\/wp\/v2\/comments?post=21243"}],"wp:featuredmedia":[{"embeddable":true,"href":"https:\/\/www.vape4wholesale.com\/cs\/wp-json\/wp\/v2\/media\/21271"}],"wp:attachment":[{"href":"https:\/\/www.vape4wholesale.com\/cs\/wp-json\/wp\/v2\/media?parent=21243"}],"wp:term":[{"taxonomy":"pwb-brand","embeddable":true,"href":"https:\/\/www.vape4wholesale.com\/cs\/wp-json\/wp\/v2\/pwb-brand?post=21243"},{"taxonomy":"product_cat","embeddable":true,"href":"https:\/\/www.vape4wholesale.com\/cs\/wp-json\/wp\/v2\/product_cat?post=21243"},{"taxonomy":"product_tag","embeddable":true,"href":"https:\/\/www.vape4wholesale.com\/cs\/wp-json\/wp\/v2\/product_tag?post=21243"}],"curies":[{"name":"wp","href":"https:\/\/api.w.org\/{rel}","templated":true}]}}