{"id":20867,"date":"2025-03-26T16:09:59","date_gmt":"2025-03-26T08:09:59","guid":{"rendered":"https:\/\/www.vape4wholesale.com\/?post_type=product&#038;p=20867"},"modified":"2026-03-30T11:15:50","modified_gmt":"2026-03-30T03:15:50","slug":"waspe-aiviou-3v1-60000-puffs-jednorazove-vape","status":"publish","type":"product","link":"https:\/\/www.vape4wholesale.com\/cs\/product\/waspe-aiviou-3in1-60000-puffs-disposable-vape","title":{"rendered":"Waspe Aiviou 3v1 60000 Puffs Vape na jedno pou\u017eit\u00ed"},"content":{"rendered":"<p>Na str\u00e1nk\u00e1ch <a title=\"Waspe\" href=\"https:\/\/www.vape4wholesale.com\/cs\/product_brand\/waspe\/\">Waspe<\/a> Aiviou 3v1 60000 je pokro\u010dil\u00e9 jednor\u00e1zov\u00e9 vape za\u0159\u00edzen\u00ed, kter\u00e9 p\u0159in\u00e1\u0161\u00ed revoluci v pohodl\u00ed d\u00edky t\u0159em p\u0159\u00edchut\u00edm v jednom kompaktn\u00edm proveden\u00ed. Jednoduch\u00fdm oto\u010den\u00edm vrchn\u00edho n\u00e1ustku mohou u\u017eivatel\u00e9 plynule p\u0159ep\u00ednat mezi p\u0159\u00edchut\u011bmi, co\u017e nab\u00edz\u00ed v\u0161estrann\u00fd z\u00e1\u017eitek z vapov\u00e1n\u00ed jako nikdy p\u0159edt\u00edm. Jeho troj\u00faheln\u00edkov\u00fd ergonomick\u00fd tvar zaji\u0161\u0165uje pohodln\u00e9 dr\u017een\u00ed a kombinuje prakti\u010dnost s elegantn\u00ed modern\u00ed estetikou.<\/p>\n<p>Tento p\u0159\u00edstroj je vybaven t\u0159emi 18ml p\u0159edpln\u011bn\u00fdmi kapslemi (celkov\u00e1 kapacita 54 ml) a umo\u017e\u0148uje del\u0161\u00ed pou\u017e\u00edv\u00e1n\u00ed bez nutnosti \u010dast\u00e9 v\u00fdm\u011bny. Integrovan\u00e1 0,9\u03a9 mesh spir\u00e1lka zvy\u0161uje produkci p\u00e1ry a poskytuje konzistentn\u011b bohatou a plnou chu\u0165 p\u0159i ka\u017ed\u00e9m potahu. Vestav\u011bn\u00fd digit\u00e1ln\u00ed displej nav\u00edc nab\u00edz\u00ed sledov\u00e1n\u00ed hladiny e-liquidu a zb\u00fdvaj\u00edc\u00ed \u017eivotnosti baterie v re\u00e1ln\u00e9m \u010dase, co\u017e zaji\u0161\u0165uje optim\u00e1ln\u00ed v\u00fdkon za v\u0161ech okolnost\u00ed.<\/p>\n<p>Pro osobn\u00ed uspokojen\u00ed se Aiviou 3v1 dod\u00e1v\u00e1 ve 12 odborn\u011b vytvo\u0159en\u00fdch kombinac\u00edch chut\u00ed, kter\u00e9 uspokoj\u00ed \u0161irokou \u0161k\u00e1lu preferenc\u00ed. U\u017eivatel\u00e9 si tak\u00e9 mohou zvolit preferovanou s\u00edlu nikotinu, k dispozici jsou varianty 0% (bez nikotinu), 2% nebo 5%.<\/p>\n<h2><strong>Waspe Aiviou 3v1 60000 jednor\u00e1zov\u00e9 Vape Rychl\u00e9 informace<\/strong><\/h2>\n<ul>\n<li>Podpora Puffs: 60000 Puffs<\/li>\n<li>Trojit\u00e1 p\u0159\u00edchu\u0165, 3 lusky<\/li>\n<li>Typ a odpor c\u00edvky: C\u00edvka Mesh Coil 0,9ohm*3<\/li>\n<li>E-liquid: 54ml (3*18ml)<\/li>\n<li>Nikotin: 0%\/ 2%\/ 5%<\/li>\n<li>Baterie: 650 mAh<\/li>\n<li>Dob\u00edjec\u00ed: typ C<\/li>\n<li>Led displej zobrazuje stav baterie a kapaliny<\/li>\n<\/ul>\n<h2><strong>Dostupn\u00e9 p\u0159\u00edchut\u011b<\/strong><\/h2>\n<ul>\n<li>1.Watermelon Ice &amp; Strawberry Kiwi &amp; Lemon Lime<\/li>\n<li>2.Strawberry Watermelon &amp; Strawberry Raspberry Candy &amp; Grape Ice<\/li>\n<li>3.Blueberry Ice &amp; Black Dragon Ice &amp; Fizzy Cherry Ice<\/li>\n<li>4.Strawberry Raspberry Cherry &amp; Love 666 &amp; Cherry Candy Ice<\/li>\n<li>5.Broskvov\u00fd led a ananas Mango Broskvov\u00fd a brusinkov\u00fd citron<\/li>\n<li>6.Red Bull Ice &amp; Strawberry Mango &amp; Strawberry Watermelon Bubblegum<\/li>\n<li>7.Sm\u00ed\u0161en\u00e9 bobule a gumov\u00fd medv\u00eddek a sm\u00ed\u0161en\u00e9 ovoce<\/li>\n<li>8.Trojit\u00fd melounov\u00fd led &amp; duhov\u00e9 bonbony &amp; bor\u016fvkov\u00e9 bonbony<\/li>\n<li>9.Grape Ice &amp; Strawberry Candy &amp; Strawberry Raspberry Cherry<\/li>\n<li>10.Strawberry Banana &amp; Ananas Coconut Ice &amp; Mango Ice<\/li>\n<li>11.Cherry Cola Ice &amp; Strawberry Cola &amp; Cola Ice<\/li>\n<li>12.Bor\u016fvkov\u00e1 malina &amp; bor\u016fvkov\u00e1 cukrov\u00e1 vata &amp; dvojit\u00e1 jable\u010dn\u00e1 zmrzlina<\/li>\n<\/ul>\n<h2><strong>Podrobnosti o balen\u00ed<\/strong><\/h2>\n<ul>\n<li>Hmotnost v\u00fdrobku: 130 g\/ks<\/li>\n<li>Velikost v\u00fdrobku: 47*47*116 mm<\/li>\n<li>Mno\u017estv\u00ed: 160 ks\/ks, 10 ks\/box<\/li>\n<li>Celkov\u00e1 hmotnost: 21 kg<\/li>\n<\/ul>\n<figure id=\"attachment_20878\" aria-describedby=\"caption-attachment-20878\" style=\"width: 800px\" class=\"wp-caption alignnone\"><img loading=\"lazy\" decoding=\"async\" class=\"wp-image-20878 size-full\" title=\"Waspe Aiviou 3v1 60000 Puffs jednor\u00e1zov\u00fd Vape 2\" src=\"https:\/\/www.vape4wholesale.com\/wp-content\/uploads\/2025\/03\/Waspe-Aiviou-3in1-60000-Puffs-Disposable-Vape_2.webp\" alt=\"Waspe Aiviou 3v1 60000 Puffs jednor\u00e1zov\u00fd Vape 2\" width=\"800\" height=\"800\" srcset=\"https:\/\/www.vape4wholesale.com\/wp-content\/uploads\/2025\/03\/Waspe-Aiviou-3in1-60000-Puffs-Disposable-Vape_2.webp 800w, https:\/\/www.vape4wholesale.com\/wp-content\/uploads\/2025\/03\/Waspe-Aiviou-3in1-60000-Puffs-Disposable-Vape_2-247x247.webp 247w, https:\/\/www.vape4wholesale.com\/wp-content\/uploads\/2025\/03\/Waspe-Aiviou-3in1-60000-Puffs-Disposable-Vape_2-100x100.webp 100w, https:\/\/www.vape4wholesale.com\/wp-content\/uploads\/2025\/03\/Waspe-Aiviou-3in1-60000-Puffs-Disposable-Vape_2-510x510.webp 510w\" sizes=\"auto, (max-width: 800px) 100vw, 800px\" \/><figcaption id=\"caption-attachment-20878\" class=\"wp-caption-text\">Waspe Aiviou 3v1 60000 Puffs Vape na jedno pou\u017eit\u00ed<\/figcaption><\/figure>\n<figure id=\"attachment_20877\" aria-describedby=\"caption-attachment-20877\" style=\"width: 955px\" class=\"wp-caption alignnone\"><img loading=\"lazy\" decoding=\"async\" class=\"size-large wp-image-20877\" title=\"Waspe Aiviou 3v1 60000 Puffs Vape na jedno pou\u017eit\u00ed\" src=\"https:\/\/www.vape4wholesale.com\/wp-content\/uploads\/2025\/03\/Waspe-Aiviou-3in1-60000-Puffs-Disposable-Vape-955x1024.webp\" alt=\"Waspe Aiviou 3v1 60000 Puffs Vape na jedno pou\u017eit\u00ed\" width=\"955\" height=\"1024\" \/><figcaption id=\"caption-attachment-20877\" class=\"wp-caption-text\">Waspe Aiviou 3v1 60000 Puffs Vape na jedno pou\u017eit\u00ed<\/figcaption><\/figure>\n<h2>PRO\u010c MY?<\/h2>\r\n<ul>\r\n<li>Skute\u010dn\u00fd, d\u016fv\u011bryhodn\u00fd a profesion\u00e1ln\u00ed zdroj vape.<\/li>\r\n<li>100% Origin\u00e1ln\u00ed z\u00e1ruka: Odm\u00edt\u00e1me pad\u011blky.<\/li>\r\n<li>100% Z\u00e1ruka dod\u00e1n\u00ed: Pou\u017e\u00edv\u00e1me nejlep\u0161\u00ed zp\u016fsob dopravy, abychom zajistili, \u017ee objedn\u00e1vku 100% obdr\u017e\u00edte.<\/li>\r\n<li>Po odesl\u00e1n\u00ed v\u00e1m poskytneme sledovac\u00ed \u010d\u00edslo a p\u0159epravn\u00ed \u0161t\u00edtek a budeme pro v\u00e1s sledovat zbo\u017e\u00ed, dokud ho nepodep\u00ed\u0161ete.<\/li>\r\n<li>\u017d\u00e1dn\u00e9 celn\u00ed probl\u00e9my, \u017e\u00e1dn\u00e1 cla<\/li>\r\n<\/ul>","protected":false},"excerpt":{"rendered":"<div class=\"wsppc_div_block woocommerce_before_add_to_cart_form\">\r\n<p><strong><span style=\"color: #00a859;\">Vy\u010distit celnici<\/span> p\u0159ed dod\u00e1n\u00edm &amp; 100% Z\u00e1ruka doru\u010den\u00ed, doru\u010den\u00ed p\u0159ibli\u017en\u011b za 19\u201325 dn\u00ed.\u00a0<\/strong><\/p>\r\n<\/div>","protected":false},"featured_media":20877,"comment_status":"open","ping_status":"closed","template":"","meta":[],"pwb-brand":[1272],"product_cat":[873],"product_tag":[22,24,999,1114,1115],"class_list":{"0":"post-20867","1":"product","2":"type-product","3":"status-publish","4":"has-post-thumbnail","6":"pwb-brand-waspe","7":"product_cat-above-20k-puffs","8":"product_tag-disposable","9":"product_tag-wholesale","10":"product_tag-waspe","11":"product_tag-60000-puffs","12":"product_tag-54-0ml","13":"wcpa_has_options","15":"first","16":"instock","17":"featured","18":"shipping-taxable","19":"purchasable","20":"product-type-variable"},"aioseo_notices":[],"brands":[{"id":1272,"name":"Waspe","slug":"waspe"}],"_links":{"self":[{"href":"https:\/\/www.vape4wholesale.com\/cs\/wp-json\/wp\/v2\/product\/20867","targetHints":{"allow":["GET"]}}],"collection":[{"href":"https:\/\/www.vape4wholesale.com\/cs\/wp-json\/wp\/v2\/product"}],"about":[{"href":"https:\/\/www.vape4wholesale.com\/cs\/wp-json\/wp\/v2\/types\/product"}],"replies":[{"embeddable":true,"href":"https:\/\/www.vape4wholesale.com\/cs\/wp-json\/wp\/v2\/comments?post=20867"}],"wp:featuredmedia":[{"embeddable":true,"href":"https:\/\/www.vape4wholesale.com\/cs\/wp-json\/wp\/v2\/media\/20877"}],"wp:attachment":[{"href":"https:\/\/www.vape4wholesale.com\/cs\/wp-json\/wp\/v2\/media?parent=20867"}],"wp:term":[{"taxonomy":"pwb-brand","embeddable":true,"href":"https:\/\/www.vape4wholesale.com\/cs\/wp-json\/wp\/v2\/pwb-brand?post=20867"},{"taxonomy":"product_cat","embeddable":true,"href":"https:\/\/www.vape4wholesale.com\/cs\/wp-json\/wp\/v2\/product_cat?post=20867"},{"taxonomy":"product_tag","embeddable":true,"href":"https:\/\/www.vape4wholesale.com\/cs\/wp-json\/wp\/v2\/product_tag?post=20867"}],"curies":[{"name":"wp","href":"https:\/\/api.w.org\/{rel}","templated":true}]}}