{"id":20708,"date":"2025-03-19T22:23:39","date_gmt":"2025-03-19T14:23:39","guid":{"rendered":"https:\/\/www.vape4wholesale.com\/?post_type=product&#038;p=20708"},"modified":"2026-03-16T09:42:59","modified_gmt":"2026-03-16T01:42:59","slug":"zooy-zero-45000-puffs-jednorazovy-vape-velkoobchod","status":"publish","type":"product","link":"https:\/\/www.vape4wholesale.com\/cs\/produkt\/zooy-zero-45000-puffs-jednorazovy-vape-velkoobchod","title":{"rendered":"Zooy Zero 45000 Puffs Disposable Vape Wholesale,Zooy Star 30000 Puffs Disposable Vape Wholesale,Zooy Zero 45000 Grape Apple,ZOOY STARS 30000 Puffs Disposable Vape Blueberry Ice"},"content":{"rendered":"<p>Na str\u00e1nk\u00e1ch <a title=\"Zooy\" href=\"https:\/\/www.vape4wholesale.com\/cs\/product_brand\/zooy\/\" target=\"_blank\" rel=\"noopener\"><strong>Zooy<\/strong><\/a> Zero 45000 je nejmodern\u011bj\u0161\u00ed vapovac\u00ed za\u0159\u00edzen\u00ed navr\u017een\u00e9 tak, aby poskytovalo pln\u011b p\u0159izp\u016fsobiteln\u00fd a uspokojiv\u00fd z\u00e1\u017eitek. Jeho v\u00fdzna\u010dnou funkc\u00ed je inovativn\u00ed ovl\u00e1d\u00e1n\u00ed NIC &amp; ICE Control, kter\u00e9 u\u017eivatel\u016fm umo\u017e\u0148uje bez n\u00e1mahy nastavit pocit chlazen\u00ed i hladinu nikotinu prost\u0159ednictv\u00edm u\u017eivatelsky p\u0159\u00edv\u011btiv\u00e9ho dotykov\u00e9ho rozhran\u00ed. D\u00edky dlouhotrvaj\u00edc\u00ed kapacit\u011b a\u017e 45 000 potah\u016f a vestav\u011bn\u00e9 baterii s kapacitou 1000 mAh zaji\u0161\u0165uje toto za\u0159\u00edzen\u00ed dlouhodob\u00e9 pou\u017e\u00edv\u00e1n\u00ed bez nutnosti \u010dast\u00e9ho dob\u00edjen\u00ed.<\/p>\n<p>ZOOY ZERO 45000 je vybaven spir\u00e1lkou s dvojitou m\u0159\u00ed\u017ekou (0,6+1,5), kter\u00e1 poskytuje bohatou a aromatickou p\u00e1ru p\u0159i ka\u017ed\u00e9m potahu. Funkce nastaviteln\u00e9ho airflow umo\u017e\u0148uje u\u017eivatel\u016fm jemn\u011b vyladit sv\u016fj vapingov\u00fd z\u00e1\u017eitek, a\u0165 u\u017e d\u00e1vaj\u00ed p\u0159ednost t\u011bsn\u011bj\u0161\u00edmu potahu, nebo vzdu\u0161n\u011bj\u0161\u00edmu pocitu. Vestav\u011bn\u00fd chytr\u00fd displej nav\u00edc poskytuje informace v re\u00e1ln\u00e9m \u010dase a snadn\u00fd p\u0159\u00edstup k nastaven\u00ed, co\u017e zaji\u0161\u0165uje bezprobl\u00e9mov\u00fd a intuitivn\u00ed u\u017eivatelsk\u00fd z\u00e1\u017eitek. Za\u0159\u00edzen\u00ed tak\u00e9 podporuje nab\u00edjen\u00ed TYPE-C, kter\u00e9 nab\u00edz\u00ed rychl\u00e9 a pohodln\u00e9 dopl\u0148ov\u00e1n\u00ed energie.<\/p>\n<h2><strong>Zooy Zero 45000 Puffs Vape na jedno pou\u017eit\u00ed <\/strong><strong>Kl\u00ed\u010dov\u00e9 vlastnosti<\/strong><\/h2>\n<ul>\n<li><strong>Kontrola nikotinu a ledu:<\/strong>\u00a0Jednoduch\u00fdm dotykem na chytr\u00e9m displeji nastav\u00edte pocit chlazen\u00ed a \u00farove\u0148 nikotinu.<\/li>\n<li><strong>Dlouhodob\u00fd v\u00fdkon:<\/strong>\u00a0Vychutnejte si a\u017e 45 000 potah\u016f pro del\u0161\u00ed z\u00e1\u017eitek z vapov\u00e1n\u00ed.<\/li>\n<li><strong>10 mo\u017enost\u00ed p\u0159\u00edchut\u00ed:<\/strong>\u00a0Vyberte si z r\u016fzn\u00fdch p\u0159\u00edchut\u00ed podle sv\u00fdch preferenc\u00ed.<\/li>\n<li><strong>Nastaviteln\u00e9 proud\u011bn\u00ed vzduchu:<\/strong>\u00a0P\u0159izp\u016fsobte si sv\u016fj vapingov\u00fd z\u00e1\u017eitek d\u00edky p\u0159esn\u00e9mu ovl\u00e1d\u00e1n\u00ed airflow.<\/li>\n<li><strong>Dvojit\u00e1 s\u00ed\u0165ov\u00e1 c\u00edvka (0,6+1,5):<\/strong>\u00a0Poskytuje bohatou chu\u0165 a plynulou produkci p\u00e1ry.<\/li>\n<li><strong>Vestav\u011bn\u00e1 baterie 1000 mAh:<\/strong>\u00a0Poskytuje spolehliv\u00fd v\u00fdkon pro dlouhodob\u00e9 pou\u017e\u00edv\u00e1n\u00ed.<\/li>\n<li><strong>Chytr\u00fd displej s dotykovou obrazovkou:<\/strong>\u00a0Snadno sledujte a upravujte nastaven\u00ed pomoc\u00ed intuitivn\u00edho rozhran\u00ed dotykov\u00e9 obrazovky.<\/li>\n<li><strong>Dob\u00edjec\u00ed TYPE-C:<\/strong>\u00a0U\u017eijte si rychl\u00e9 a pohodln\u00e9 nab\u00edjen\u00ed.<\/li>\n<\/ul>\n<h2><strong>Dostupn\u00e9 p\u0159\u00edchut\u011b<\/strong><\/h2>\n<ol>\n<li>Melounov\u00fd led<\/li>\n<li>Bor\u016fvkov\u00fd led<\/li>\n<li>Jahodov\u00fd meloun<\/li>\n<li>Citronov\u00e1 cola<\/li>\n<li>Jahodov\u00e9 kiwi<\/li>\n<li>Hroznov\u00e9 jablko<\/li>\n<li>Jahodov\u00fd pomeran\u010dov\u00fd pop<\/li>\n<li>Blue Razz Ice<\/li>\n<li>Bor\u016fvkov\u00fd meloun<\/li>\n<li>Mango Passion Guava<\/li>\n<\/ol>\n<figure id=\"attachment_20713\" aria-describedby=\"caption-attachment-20713\" style=\"width: 800px\" class=\"wp-caption alignnone\"><img loading=\"lazy\" decoding=\"async\" class=\"size-large wp-image-20713\" title=\"Zooy Zero 45000 Watermelon Ice\" src=\"https:\/\/www.vape4wholesale.com\/wp-content\/uploads\/2025\/03\/Zooy-Zero-45000-Watermelon-Ice.jpg\" alt=\"Zooy Zero 45000 Watermelon Ice\" width=\"800\" height=\"800\" srcset=\"https:\/\/www.vape4wholesale.com\/wp-content\/uploads\/2025\/03\/Zooy-Zero-45000-Watermelon-Ice.jpg 800w, https:\/\/www.vape4wholesale.com\/wp-content\/uploads\/2025\/03\/Zooy-Zero-45000-Watermelon-Ice-247x247.jpg 247w, https:\/\/www.vape4wholesale.com\/wp-content\/uploads\/2025\/03\/Zooy-Zero-45000-Watermelon-Ice-100x100.jpg 100w, https:\/\/www.vape4wholesale.com\/wp-content\/uploads\/2025\/03\/Zooy-Zero-45000-Watermelon-Ice-510x510.jpg 510w, https:\/\/www.vape4wholesale.com\/wp-content\/uploads\/2025\/03\/Zooy-Zero-45000-Watermelon-Ice-64x64.jpg 64w, https:\/\/www.vape4wholesale.com\/wp-content\/uploads\/2025\/03\/Zooy-Zero-45000-Watermelon-Ice-300x300.jpg 300w, https:\/\/www.vape4wholesale.com\/wp-content\/uploads\/2025\/03\/Zooy-Zero-45000-Watermelon-Ice-150x150.jpg 150w, https:\/\/www.vape4wholesale.com\/wp-content\/uploads\/2025\/03\/Zooy-Zero-45000-Watermelon-Ice-768x768.jpg 768w, https:\/\/www.vape4wholesale.com\/wp-content\/uploads\/2025\/03\/Zooy-Zero-45000-Watermelon-Ice-12x12.jpg 12w\" sizes=\"auto, (max-width: 800px) 100vw, 800px\" \/><figcaption id=\"caption-attachment-20713\" class=\"wp-caption-text\">Zooy Zero 45000 Watermelon Ice<\/figcaption><\/figure>\n<figure id=\"attachment_20714\" aria-describedby=\"caption-attachment-20714\" style=\"width: 800px\" class=\"wp-caption alignnone\"><img loading=\"lazy\" decoding=\"async\" class=\"size-full wp-image-20714\" title=\"Zooy Zero 45000 Puffs Disposable Vape Wholesale,Zooy Star 30000 Puffs Disposable Vape Wholesale,Zooy Zero 45000 Grape Apple,ZOOY STARS 30000 Puffs Disposable Vape Blueberry Ice\" src=\"https:\/\/www.vape4wholesale.com\/wp-content\/uploads\/2025\/03\/Zooy-Zero-45000-Puffs-Disposable-Vape-Wholesale.webp\" alt=\"Zooy Zero 45000 Puffs Disposable Vape Wholesale,Zooy Star 30000 Puffs Disposable Vape Wholesale,Zooy Zero 45000 Grape Apple,ZOOY STARS 30000 Puffs Disposable Vape Blueberry Ice\" width=\"800\" height=\"800\" srcset=\"https:\/\/www.vape4wholesale.com\/wp-content\/uploads\/2025\/03\/Zooy-Zero-45000-Puffs-Disposable-Vape-Wholesale.webp 800w, https:\/\/www.vape4wholesale.com\/wp-content\/uploads\/2025\/03\/Zooy-Zero-45000-Puffs-Disposable-Vape-Wholesale-247x247.webp 247w, https:\/\/www.vape4wholesale.com\/wp-content\/uploads\/2025\/03\/Zooy-Zero-45000-Puffs-Disposable-Vape-Wholesale-100x100.webp 100w, https:\/\/www.vape4wholesale.com\/wp-content\/uploads\/2025\/03\/Zooy-Zero-45000-Puffs-Disposable-Vape-Wholesale-510x510.webp 510w\" sizes=\"auto, (max-width: 800px) 100vw, 800px\" \/><figcaption id=\"caption-attachment-20714\" class=\"wp-caption-text\">Zooy Zero 45000 Puffs Disposable Vape Wholesale,Zooy Star 30000 Puffs Disposable Vape Wholesale,Zooy Zero 45000 Grape Apple,ZOOY STARS 30000 Puffs Disposable Vape Blueberry Ice<\/figcaption><\/figure>\n<h2>PRO\u010c MY?<\/h2>\r\n<ul>\r\n<li>Skute\u010dn\u00fd, d\u016fv\u011bryhodn\u00fd a profesion\u00e1ln\u00ed zdroj vape.<\/li>\r\n<li>100% Origin\u00e1ln\u00ed z\u00e1ruka: Odm\u00edt\u00e1me pad\u011blky.<\/li>\r\n<li>100% Z\u00e1ruka dod\u00e1n\u00ed: Pou\u017e\u00edv\u00e1me nejlep\u0161\u00ed zp\u016fsob dopravy, abychom zajistili, \u017ee objedn\u00e1vku 100% obdr\u017e\u00edte.<\/li>\r\n<li>Po odesl\u00e1n\u00ed v\u00e1m poskytneme sledovac\u00ed \u010d\u00edslo a p\u0159epravn\u00ed \u0161t\u00edtek a budeme pro v\u00e1s sledovat zbo\u017e\u00ed, dokud ho nepodep\u00ed\u0161ete.<\/li>\r\n<li>\u017d\u00e1dn\u00e9 celn\u00ed probl\u00e9my, \u017e\u00e1dn\u00e1 cla<\/li>\r\n<\/ul>","protected":false},"excerpt":{"rendered":"<p><b><span style=\"color: #00a859;\">Free shipping<\/span>\u00a0from Europe warehouse, 7-15 working days delivery time.<\/b><\/p>\r\n<div class=\"wsppc_div_block woocommerce_before_add_to_cart_form\">\r\n<p><strong>Clear customs before delivery &amp; 100% Delivery Guarantee<\/strong><\/p>\r\n<\/div>","protected":false},"featured_media":20715,"comment_status":"open","ping_status":"closed","template":"","meta":[],"pwb-brand":[1273],"product_cat":[938],"product_tag":[22,24,1022,1026,1087],"class_list":{"0":"post-20708","1":"product","2":"type-product","3":"status-publish","4":"has-post-thumbnail","6":"pwb-brand-zooy","7":"product_cat-europe-warehouse","8":"product_tag-disposable","9":"product_tag-wholesale","10":"product_tag-zooy","11":"product_tag-40-0ml","12":"product_tag-45000-puffs","13":"product_shipping_class-eu-warehouse","14":"wcpa_has_options","16":"first","17":"instock","18":"featured","19":"shipping-taxable","20":"purchasable","21":"product-type-variable"},"aioseo_notices":[],"brands":[{"id":1273,"name":"Zooy","slug":"zooy"}],"_links":{"self":[{"href":"https:\/\/www.vape4wholesale.com\/cs\/wp-json\/wp\/v2\/product\/20708","targetHints":{"allow":["GET"]}}],"collection":[{"href":"https:\/\/www.vape4wholesale.com\/cs\/wp-json\/wp\/v2\/product"}],"about":[{"href":"https:\/\/www.vape4wholesale.com\/cs\/wp-json\/wp\/v2\/types\/product"}],"replies":[{"embeddable":true,"href":"https:\/\/www.vape4wholesale.com\/cs\/wp-json\/wp\/v2\/comments?post=20708"}],"wp:featuredmedia":[{"embeddable":true,"href":"https:\/\/www.vape4wholesale.com\/cs\/wp-json\/wp\/v2\/media\/20715"}],"wp:attachment":[{"href":"https:\/\/www.vape4wholesale.com\/cs\/wp-json\/wp\/v2\/media?parent=20708"}],"wp:term":[{"taxonomy":"pwb-brand","embeddable":true,"href":"https:\/\/www.vape4wholesale.com\/cs\/wp-json\/wp\/v2\/pwb-brand?post=20708"},{"taxonomy":"product_cat","embeddable":true,"href":"https:\/\/www.vape4wholesale.com\/cs\/wp-json\/wp\/v2\/product_cat?post=20708"},{"taxonomy":"product_tag","embeddable":true,"href":"https:\/\/www.vape4wholesale.com\/cs\/wp-json\/wp\/v2\/product_tag?post=20708"}],"curies":[{"name":"wp","href":"https:\/\/api.w.org\/{rel}","templated":true}]}}