{"id":20372,"date":"2025-02-28T16:23:55","date_gmt":"2025-02-28T08:23:55","guid":{"rendered":"https:\/\/www.vape4wholesale.com\/?post_type=product&#038;p=20372"},"modified":"2026-01-27T15:41:16","modified_gmt":"2026-01-27T15:41:16","slug":"bang-36000-puffs-ice-control-jednorazovy-vape-velkoobchod","status":"publish","type":"product","link":"https:\/\/www.vape4wholesale.com\/cs\/product\/bang-36000-puffs-ice-control-disposable-vape-wholesale","title":{"rendered":"Bang 36000 Puffs Ice Control Jednor\u00e1zov\u00fd velkoobchodn\u00ed prodej Vape"},"content":{"rendered":"<p>Bang 36000 Ice Control nov\u011b definuje pohodl\u00ed d\u00edky pokro\u010dil\u00e9mu dotykov\u00e9mu displeji, kter\u00fd umo\u017e\u0148uje snadno nastavit s\u00edlu ledu v p\u00e1\u0159e. A\u0165 u\u017e d\u00e1v\u00e1te p\u0159ednost m\u00edrn\u00e9mu chladu, nebo odv\u00e1\u017en\u00e9mu ledov\u00e9mu pocitu, toto za\u0159\u00edzen\u00ed v\u00e1m umo\u017en\u00ed p\u0159izp\u016fsoben\u00ed na dosah ruky. Jeho plnobarevn\u00fd displej v\u00e1s nav\u00edc informuje o \u00farovni v\u00fdkonu, \u00farovni ledu a kapacit\u011b e-liquidu, co\u017e zaji\u0161\u0165uje bezprobl\u00e9mov\u00fd z\u00e1\u017eitek.<\/p>\n<p>S velkorysou kapacitou 36 ml e-liquidu a podporou a\u017e 36 000 potah\u016f je Bang 36000 navr\u017een tak, aby vydr\u017eel dlouho. Jeho dob\u00edjec\u00ed baterie s kapacitou 850 mAh d\u00e1le zvy\u0161uje v\u00fddr\u017e, tak\u017ee je ide\u00e1ln\u00ed pro dlouhodob\u00e9 pou\u017e\u00edv\u00e1n\u00ed. Elegantn\u00ed a modern\u00ed design nav\u00edc zaji\u0161\u0165uje dokonalou rovnov\u00e1hu mezi stylem a funk\u010dnost\u00ed.<\/p>\n<p>Aby vyhov\u011bl pot\u0159eb\u00e1m ka\u017ed\u00e9ho vapera, nab\u00edz\u00ed Bang 36000 nikotinov\u00e9 varianty o s\u00edle 0%, 2%, 3% a 5%. A\u0165 u\u017e omezujete kou\u0159en\u00ed, nebo tou\u017e\u00edte po siln\u011bj\u0161\u00edm potahu, toto za\u0159\u00edzen\u00ed v\u00e1m ho poskytne. V kombinaci s inovativn\u00ed technologi\u00ed kontroly ledu a u\u017eivatelsky p\u0159\u00edv\u011btiv\u00fdmi funkcemi je Bang 36000 dokonal\u00fdm jednor\u00e1zov\u00fdm vape za\u0159\u00edzen\u00edm pro individu\u00e1ln\u00ed a uspokojuj\u00edc\u00ed z\u00e1\u017eitek. Pozvedn\u011bte svou vapovac\u00ed hru je\u0161t\u011b dnes!<\/p>\n<h2>Bang 36000 Puffs Ice Control Kl\u00ed\u010dov\u00e9 vlastnosti jednor\u00e1zov\u00e9ho vapeu<\/h2>\n<ol start=\"1\">\n<li>Pomoc\u00ed dotykov\u00fdch tla\u010d\u00edtek na velk\u00e9m displeji m\u016f\u017eete nastavit intenzitu ledov\u011b chladn\u00e9 p\u00e1ry.<\/li>\n<li>Plnobarevn\u00fd displej zobrazuje zb\u00fdvaj\u00edc\u00ed \u017eivotnost baterie, aktu\u00e1ln\u00ed \u00farove\u0148 chlazen\u00ed ledem a kapacitu e-liquidu.<\/li>\n<li>Podporuje a\u017e 36 000 puf\u016f.<\/li>\n<li>Mo\u017enosti nikotinu: 0%, 2%, 3% a 5%.<\/li>\n<li>Kapacita e-liquidu: 36 ml.<\/li>\n<li>Kapacita baterie: 850 mAh, dob\u00edjec\u00ed.<\/li>\n<\/ol>\n<h2>Dostupn\u00e9 p\u0159\u00edchut\u011b<\/h2>\n<p>1.Strawberry Banana<br \/>\n2.Love 66<br \/>\n3.Pineapple Coconut<br \/>\n4.Blueberry Raspberry<br \/>\n5.Strawberry Watermelon<br \/>\n6.Strawberry Ice<br \/>\n7.Blueberry Ice<br \/>\n8.Trojit\u00e9 bobule<br \/>\n9.Strawberry Kiwi<br \/>\n10.Strawberry Mango<br \/>\n11.Red Bull<br \/>\n12.Watermelon Ice<\/p>\n<h2>Podrobnosti o balen\u00ed<\/h2>\n<ul>\n<li>Velikost kartonu: 49,6 * 36 * 27,7 cm<\/li>\n<li>160 ks\/karton<\/li>\n<li>21,8 kg\/karton<\/li>\n<\/ul>\n<figure id=\"attachment_20356\" aria-describedby=\"caption-attachment-20356\" style=\"width: 800px\" class=\"wp-caption alignnone\"><img loading=\"lazy\" decoding=\"async\" class=\"wp-image-20356 size-full\" title=\"Bang 36000 Puffs Ice Control Vape na jedno pou\u017eit\u00ed TRIPLE BERRY\" src=\"https:\/\/www.vape4wholesale.com\/wp-content\/uploads\/2025\/02\/Bang-36000-Puffs-Ice-Control-Disposable-Vape-TRIPLE-BERRY.webp\" alt=\"Bang 36000 Puffs Ice Control Vape na jedno pou\u017eit\u00ed TRIPLE BERRY\" width=\"800\" height=\"800\" srcset=\"https:\/\/www.vape4wholesale.com\/wp-content\/uploads\/2025\/02\/Bang-36000-Puffs-Ice-Control-Disposable-Vape-TRIPLE-BERRY.webp 800w, https:\/\/www.vape4wholesale.com\/wp-content\/uploads\/2025\/02\/Bang-36000-Puffs-Ice-Control-Disposable-Vape-TRIPLE-BERRY-247x247.webp 247w, https:\/\/www.vape4wholesale.com\/wp-content\/uploads\/2025\/02\/Bang-36000-Puffs-Ice-Control-Disposable-Vape-TRIPLE-BERRY-100x100.webp 100w, https:\/\/www.vape4wholesale.com\/wp-content\/uploads\/2025\/02\/Bang-36000-Puffs-Ice-Control-Disposable-Vape-TRIPLE-BERRY-510x510.webp 510w\" sizes=\"auto, (max-width: 800px) 100vw, 800px\" \/><figcaption id=\"caption-attachment-20356\" class=\"wp-caption-text\">Bang 36000 Puffs Ice Control Jednor\u00e1zov\u00e9 vape<\/figcaption><\/figure>\n<figure id=\"attachment_20358\" aria-describedby=\"caption-attachment-20358\" style=\"width: 800px\" class=\"wp-caption alignnone\"><img loading=\"lazy\" decoding=\"async\" class=\"size-full wp-image-20358\" title=\"Bang 36000 Puffs Ice Control Jednor\u00e1zov\u00fd velkoobchodn\u00ed prodej Vape\" src=\"https:\/\/www.vape4wholesale.com\/wp-content\/uploads\/2025\/02\/Bang-36000-Puffs-Ice-Control-Disposable-Vape-Wholesale.webp\" alt=\"Bang 36000 Puffs Ice Control Jednor\u00e1zov\u00fd velkoobchodn\u00ed prodej Vape\" width=\"800\" height=\"800\" srcset=\"https:\/\/www.vape4wholesale.com\/wp-content\/uploads\/2025\/02\/Bang-36000-Puffs-Ice-Control-Disposable-Vape-Wholesale.webp 800w, https:\/\/www.vape4wholesale.com\/wp-content\/uploads\/2025\/02\/Bang-36000-Puffs-Ice-Control-Disposable-Vape-Wholesale-247x247.webp 247w, https:\/\/www.vape4wholesale.com\/wp-content\/uploads\/2025\/02\/Bang-36000-Puffs-Ice-Control-Disposable-Vape-Wholesale-100x100.webp 100w, https:\/\/www.vape4wholesale.com\/wp-content\/uploads\/2025\/02\/Bang-36000-Puffs-Ice-Control-Disposable-Vape-Wholesale-510x510.webp 510w\" sizes=\"auto, (max-width: 800px) 100vw, 800px\" \/><figcaption id=\"caption-attachment-20358\" class=\"wp-caption-text\">Bang 36000 Puffs Ice Control Jednor\u00e1zov\u00fd velkoobchodn\u00ed prodej Vape<\/figcaption><\/figure>\n<h2>PRO\u010c MY?<\/h2>\r\n<ul>\r\n<li>Skute\u010dn\u00fd, d\u016fv\u011bryhodn\u00fd a profesion\u00e1ln\u00ed zdroj vape.<\/li>\r\n<li>100% Origin\u00e1ln\u00ed z\u00e1ruka: Odm\u00edt\u00e1me pad\u011blky.<\/li>\r\n<li>100% Z\u00e1ruka dod\u00e1n\u00ed: Pou\u017e\u00edv\u00e1me nejlep\u0161\u00ed zp\u016fsob dopravy, abychom zajistili, \u017ee objedn\u00e1vku 100% obdr\u017e\u00edte.<\/li>\r\n<li>Po odesl\u00e1n\u00ed v\u00e1m poskytneme sledovac\u00ed \u010d\u00edslo a p\u0159epravn\u00ed \u0161t\u00edtek a budeme pro v\u00e1s sledovat zbo\u017e\u00ed, dokud ho nepodep\u00ed\u0161ete.<\/li>\r\n<li>\u017d\u00e1dn\u00e9 celn\u00ed probl\u00e9my, \u017e\u00e1dn\u00e1 cla<\/li>\r\n<\/ul>","protected":false},"excerpt":{"rendered":"<div class=\"wsppc_div_block woocommerce_before_add_to_cart_form\">\r\n<p><strong><span style=\"color: #00a859;\">Clear customs<\/span> before delivery &amp; 100% Delivery Guarantee, Delivery in 19~25 days around.\u00a0<\/strong><\/p>\r\n<\/div>","protected":false},"featured_media":20356,"comment_status":"open","ping_status":"closed","template":"","meta":[],"pwb-brand":[1275],"product_cat":[873],"product_tag":[22,24,249,849,988],"class_list":{"0":"post-20372","1":"product","2":"type-product","3":"status-publish","4":"has-post-thumbnail","6":"pwb-brand-bang","7":"product_cat-above-20k-puffs","8":"product_tag-disposable","9":"product_tag-wholesale","10":"product_tag-bang","11":"product_tag-36-0ml","12":"product_tag-36000-puffs","13":"wcpa_has_options","15":"first","16":"instock","17":"shipping-taxable","18":"purchasable","19":"product-type-variable"},"aioseo_notices":[],"brands":[{"id":1275,"name":"Bang","slug":"bang"}],"_links":{"self":[{"href":"https:\/\/www.vape4wholesale.com\/cs\/wp-json\/wp\/v2\/product\/20372","targetHints":{"allow":["GET"]}}],"collection":[{"href":"https:\/\/www.vape4wholesale.com\/cs\/wp-json\/wp\/v2\/product"}],"about":[{"href":"https:\/\/www.vape4wholesale.com\/cs\/wp-json\/wp\/v2\/types\/product"}],"replies":[{"embeddable":true,"href":"https:\/\/www.vape4wholesale.com\/cs\/wp-json\/wp\/v2\/comments?post=20372"}],"wp:featuredmedia":[{"embeddable":true,"href":"https:\/\/www.vape4wholesale.com\/cs\/wp-json\/wp\/v2\/media\/20356"}],"wp:attachment":[{"href":"https:\/\/www.vape4wholesale.com\/cs\/wp-json\/wp\/v2\/media?parent=20372"}],"wp:term":[{"taxonomy":"pwb-brand","embeddable":true,"href":"https:\/\/www.vape4wholesale.com\/cs\/wp-json\/wp\/v2\/pwb-brand?post=20372"},{"taxonomy":"product_cat","embeddable":true,"href":"https:\/\/www.vape4wholesale.com\/cs\/wp-json\/wp\/v2\/product_cat?post=20372"},{"taxonomy":"product_tag","embeddable":true,"href":"https:\/\/www.vape4wholesale.com\/cs\/wp-json\/wp\/v2\/product_tag?post=20372"}],"curies":[{"name":"wp","href":"https:\/\/api.w.org\/{rel}","templated":true}]}}