{"id":20242,"date":"2025-02-26T11:53:11","date_gmt":"2025-02-26T03:53:11","guid":{"rendered":"https:\/\/www.vape4wholesale.com\/?post_type=product&#038;p=20242"},"modified":"2026-01-27T13:44:46","modified_gmt":"2026-01-27T13:44:46","slug":"uwin-crystal-20000-puffs-jednorazovy-vape-velkoobchod","status":"publish","type":"product","link":"https:\/\/www.vape4wholesale.com\/cs\/product\/uwin-crystal-20000-puffs-disposable-vape-wholesale","title":{"rendered":"Uwin Crystal 20000 Puffs Jednor\u00e1zov\u00fd velkoobchodn\u00ed prodej Vape"},"content":{"rendered":"<p>Na str\u00e1nk\u00e1ch\u00a0<a title=\"Uwin\" href=\"https:\/\/www.vape4wholesale.com\/cs\/product_brand\/uwin\/\" target=\"_blank\" rel=\"noopener\"><strong>Uwin<\/strong><\/a> Crystal 20000 je pr\u00e9miov\u00e9 za\u0159\u00edzen\u00ed SHISHA HOOKAH navr\u017een\u00e9 tak, aby poskytovalo v\u00fdjime\u010dn\u00fd z\u00e1\u017eitek z vapingu. D\u00edky obrovsk\u00e9 kapacit\u011b 25 ml a podpo\u0159e a\u017e 20 000 potah\u016f zaji\u0161\u0165uje toto za\u0159\u00edzen\u00ed dlouhotrvaj\u00edc\u00ed po\u017eitek bez nutnosti \u010dast\u00e9ho dopl\u0148ov\u00e1n\u00ed. D\u00edky p\u016fsobiv\u00e9mu po\u010dtu potah\u016f a velk\u00e9 kapacit\u011b e-liquidu je spolehlivou volbou pro p\u0159\u00edle\u017eitostn\u00e9 i n\u00e1ro\u010dn\u00e9 u\u017eivatele.<\/p>\n<p>Uwin Crystal 20000 je vybaven dob\u00edjec\u00ed bateri\u00ed s kapacitou 850 mAh a praktick\u00fdm portem typu C. Je konstruov\u00e1n pro pohodl\u00ed a efektivitu. Pokro\u010dil\u00e1 technologie mesh spir\u00e1lek zlep\u0161uje pod\u00e1n\u00ed chuti a poskytuje hladk\u00fd a uspokojiv\u00fd z\u00e1\u017eitek z vapov\u00e1n\u00ed p\u0159i ka\u017ed\u00e9m potahu. A\u0165 u\u017e jste doma nebo na cest\u00e1ch, toto za\u0159\u00edzen\u00ed nab\u00edz\u00ed konzistentn\u00ed v\u00fdkon a snadn\u00e9 pou\u017e\u00edv\u00e1n\u00ed.<\/p>\n<p>Uwin Crystal 20000 nav\u00edc uspokoj\u00ed \u0161irokou \u0161k\u00e1lu preferenc\u00ed d\u00edky 12 jedine\u010dn\u00fdm p\u0159\u00edchut\u00edm a mo\u017enostem nikotinu v rozmez\u00ed 0%, 2%, 3% a 5%. Tato v\u0161estrannost zaru\u010duje, \u017ee si ka\u017ed\u00fd u\u017eivatel najde to sv\u00e9. A\u0165 u\u017e jste zku\u0161en\u00fd nad\u0161enec, nebo nov\u00e1\u010dek v oblasti SHISHA HOOKAH, Uwin Crystal 20000 kombinuje inovace, styl a funk\u010dnost pro nep\u0159ekonateln\u00fd z\u00e1\u017eitek z vapingu.<\/p>\n<h2>Uwin Crystal 20000 jednor\u00e1zov\u00e9 Vape Rychl\u00fd detail<\/h2>\n<ul>\n<li>0% 2% 3% 5% Nikotin<\/li>\n<li>Pufy: 20000<\/li>\n<li>Kapacita: 25 ml<\/li>\n<li>200 ks \/ karton<\/li>\n<li>10 ks \/ krabice<\/li>\n<li>K dispozici je 12 p\u0159\u00edchut\u00ed<\/li>\n<li>850 mAh Dob\u00edjec\u00ed kobaltov\u00fd port typu C<\/li>\n<li>C\u00edvka :Mesh coil<\/li>\n<\/ul>\n<h2>Dostupn\u00e9 p\u0159\u00edchut\u011b<\/h2>\n<p>1.Blueberry na ledu<br \/>\n2.Kiwi mu\u010denka guava<br \/>\n3.Strawberry kiwi<br \/>\n4.Sm\u00ed\u0161en\u00e9 bobule<br \/>\n5.Strawberry watermelon<br \/>\n6.Hroznov\u00fd led<br \/>\n7.Watermelon ice<br \/>\n8.Cherry Ice<br \/>\n9.Jahodov\u00fd led<br \/>\n10.Peach Ice<br \/>\n11.Blueberry malina<br \/>\n12.Love 66<\/p>\n<h2>Detail balen\u00ed<\/h2>\n<ul>\n<li>Ka\u017ed\u00fd karton: 20,3 kg<\/li>\n<li>Velikost kartonu: 39,5 * 39 * 30,5 cm<\/li>\n<\/ul>\n<figure id=\"attachment_20246\" aria-describedby=\"caption-attachment-20246\" style=\"width: 800px\" class=\"wp-caption alignnone\"><img loading=\"lazy\" decoding=\"async\" class=\"size-full wp-image-20246\" title=\"Uwin Crystal 20000 Puffs Jednor\u00e1zov\u00fd velkoobchodn\u00ed prodej Vape\" src=\"https:\/\/www.vape4wholesale.com\/wp-content\/uploads\/2025\/02\/Uwin-Crystal-20000-Puffs-Disposable-Vape-Wholesale.webp\" alt=\"Uwin Crystal 20000 Puffs Jednor\u00e1zov\u00fd velkoobchodn\u00ed prodej Vape\" width=\"800\" height=\"800\" srcset=\"https:\/\/www.vape4wholesale.com\/wp-content\/uploads\/2025\/02\/Uwin-Crystal-20000-Puffs-Disposable-Vape-Wholesale.webp 800w, https:\/\/www.vape4wholesale.com\/wp-content\/uploads\/2025\/02\/Uwin-Crystal-20000-Puffs-Disposable-Vape-Wholesale-247x247.webp 247w, https:\/\/www.vape4wholesale.com\/wp-content\/uploads\/2025\/02\/Uwin-Crystal-20000-Puffs-Disposable-Vape-Wholesale-100x100.webp 100w, https:\/\/www.vape4wholesale.com\/wp-content\/uploads\/2025\/02\/Uwin-Crystal-20000-Puffs-Disposable-Vape-Wholesale-510x510.webp 510w, https:\/\/www.vape4wholesale.com\/wp-content\/uploads\/2025\/02\/Uwin-Crystal-20000-Puffs-Disposable-Vape-Wholesale-64x64.webp 64w, https:\/\/www.vape4wholesale.com\/wp-content\/uploads\/2025\/02\/Uwin-Crystal-20000-Puffs-Disposable-Vape-Wholesale-300x300.webp 300w, https:\/\/www.vape4wholesale.com\/wp-content\/uploads\/2025\/02\/Uwin-Crystal-20000-Puffs-Disposable-Vape-Wholesale-150x150.webp 150w, https:\/\/www.vape4wholesale.com\/wp-content\/uploads\/2025\/02\/Uwin-Crystal-20000-Puffs-Disposable-Vape-Wholesale-768x768.webp 768w, https:\/\/www.vape4wholesale.com\/wp-content\/uploads\/2025\/02\/Uwin-Crystal-20000-Puffs-Disposable-Vape-Wholesale-12x12.webp 12w\" sizes=\"auto, (max-width: 800px) 100vw, 800px\" \/><figcaption id=\"caption-attachment-20246\" class=\"wp-caption-text\">Uwin Crystal 20000 Puffs Jednor\u00e1zov\u00fd velkoobchodn\u00ed prodej Vape<\/figcaption><\/figure>\n<figure id=\"attachment_20245\" aria-describedby=\"caption-attachment-20245\" style=\"width: 1000px\" class=\"wp-caption alignnone\"><img loading=\"lazy\" decoding=\"async\" class=\"size-full wp-image-20245\" title=\"Uwin Crystal 20000 Puffs jednor\u00e1zov\u00fd Vape banner\" src=\"https:\/\/www.vape4wholesale.com\/wp-content\/uploads\/2025\/02\/Uwin-Crystal-20000-Puffs-Disposable-Vape-banner.webp\" alt=\"Uwin Crystal 20000 Puffs jednor\u00e1zov\u00fd Vape banner\" width=\"1000\" height=\"667\" srcset=\"https:\/\/www.vape4wholesale.com\/wp-content\/uploads\/2025\/02\/Uwin-Crystal-20000-Puffs-Disposable-Vape-banner.webp 1000w, https:\/\/www.vape4wholesale.com\/wp-content\/uploads\/2025\/02\/Uwin-Crystal-20000-Puffs-Disposable-Vape-banner-510x340.webp 510w, https:\/\/www.vape4wholesale.com\/wp-content\/uploads\/2025\/02\/Uwin-Crystal-20000-Puffs-Disposable-Vape-banner-64x43.webp 64w, https:\/\/www.vape4wholesale.com\/wp-content\/uploads\/2025\/02\/Uwin-Crystal-20000-Puffs-Disposable-Vape-banner-300x200.webp 300w, https:\/\/www.vape4wholesale.com\/wp-content\/uploads\/2025\/02\/Uwin-Crystal-20000-Puffs-Disposable-Vape-banner-768x512.webp 768w, https:\/\/www.vape4wholesale.com\/wp-content\/uploads\/2025\/02\/Uwin-Crystal-20000-Puffs-Disposable-Vape-banner-18x12.webp 18w\" sizes=\"auto, (max-width: 1000px) 100vw, 1000px\" \/><figcaption id=\"caption-attachment-20245\" class=\"wp-caption-text\">Uwin Crystal 20000 Puffs jednor\u00e1zov\u00fd Vape banner<\/figcaption><\/figure>\n<h2>PRO\u010c MY?<\/h2>\r\n<ul>\r\n<li>Skute\u010dn\u00fd, d\u016fv\u011bryhodn\u00fd a profesion\u00e1ln\u00ed zdroj vape.<\/li>\r\n<li>100% Origin\u00e1ln\u00ed z\u00e1ruka: Odm\u00edt\u00e1me pad\u011blky.<\/li>\r\n<li>100% Z\u00e1ruka dod\u00e1n\u00ed: Pou\u017e\u00edv\u00e1me nejlep\u0161\u00ed zp\u016fsob dopravy, abychom zajistili, \u017ee objedn\u00e1vku 100% obdr\u017e\u00edte.<\/li>\r\n<li>Po odesl\u00e1n\u00ed v\u00e1m poskytneme sledovac\u00ed \u010d\u00edslo a p\u0159epravn\u00ed \u0161t\u00edtek a budeme pro v\u00e1s sledovat zbo\u017e\u00ed, dokud ho nepodep\u00ed\u0161ete.<\/li>\r\n<li>\u017d\u00e1dn\u00e9 celn\u00ed probl\u00e9my, \u017e\u00e1dn\u00e1 cla<\/li>\r\n<\/ul>","protected":false},"excerpt":{"rendered":"<div class=\"wsppc_div_block woocommerce_before_add_to_cart_form\">\r\n<p><strong><span style=\"color: #00a859;\">Vy\u010distit celnici<\/span> p\u0159ed dod\u00e1n\u00edm &amp; 100% Z\u00e1ruka doru\u010den\u00ed, doru\u010den\u00ed p\u0159ibli\u017en\u011b za 19\u201325 dn\u00ed.\u00a0<\/strong><\/p>\r\n<\/div>","protected":false},"featured_media":20246,"comment_status":"open","ping_status":"closed","template":"","meta":[],"pwb-brand":[1274],"product_cat":[874],"product_tag":[24,692,794,936,22],"class_list":{"0":"post-20242","1":"product","2":"type-product","3":"status-publish","4":"has-post-thumbnail","6":"pwb-brand-uwin","7":"product_cat-shisha-type","8":"product_tag-wholesale","9":"product_tag-25-0ml","10":"product_tag-20000-puffs","11":"product_tag-uwin","12":"product_tag-disposable","13":"wcpa_has_options","15":"first","16":"instock","17":"featured","18":"shipping-taxable","19":"purchasable","20":"product-type-variable"},"aioseo_notices":[],"brands":[{"id":1274,"name":"Uwin","slug":"uwin"}],"_links":{"self":[{"href":"https:\/\/www.vape4wholesale.com\/cs\/wp-json\/wp\/v2\/product\/20242","targetHints":{"allow":["GET"]}}],"collection":[{"href":"https:\/\/www.vape4wholesale.com\/cs\/wp-json\/wp\/v2\/product"}],"about":[{"href":"https:\/\/www.vape4wholesale.com\/cs\/wp-json\/wp\/v2\/types\/product"}],"replies":[{"embeddable":true,"href":"https:\/\/www.vape4wholesale.com\/cs\/wp-json\/wp\/v2\/comments?post=20242"}],"wp:featuredmedia":[{"embeddable":true,"href":"https:\/\/www.vape4wholesale.com\/cs\/wp-json\/wp\/v2\/media\/20246"}],"wp:attachment":[{"href":"https:\/\/www.vape4wholesale.com\/cs\/wp-json\/wp\/v2\/media?parent=20242"}],"wp:term":[{"taxonomy":"pwb-brand","embeddable":true,"href":"https:\/\/www.vape4wholesale.com\/cs\/wp-json\/wp\/v2\/pwb-brand?post=20242"},{"taxonomy":"product_cat","embeddable":true,"href":"https:\/\/www.vape4wholesale.com\/cs\/wp-json\/wp\/v2\/product_cat?post=20242"},{"taxonomy":"product_tag","embeddable":true,"href":"https:\/\/www.vape4wholesale.com\/cs\/wp-json\/wp\/v2\/product_tag?post=20242"}],"curies":[{"name":"wp","href":"https:\/\/api.w.org\/{rel}","templated":true}]}}