{"id":18888,"date":"2025-01-07T12:11:21","date_gmt":"2025-01-07T04:11:21","guid":{"rendered":"https:\/\/www.vape4wholesale.com\/?post_type=product&#038;p=18888"},"modified":"2026-04-14T15:44:39","modified_gmt":"2026-04-14T07:44:39","slug":"happ-bar-ck36000-jednorazovy-vape-velkoobchod-2","status":"publish","type":"product","link":"https:\/\/www.vape4wholesale.com\/cs\/product\/happ-bar-ck36000-disposable-vape-wholesale","title":{"rendered":"Happ Bar CK36000 Jednor\u00e1zov\u00fd velkoobchodn\u00ed prodej Vape"},"content":{"rendered":"<p>Na str\u00e1nk\u00e1ch <a title=\"Happ Bar\" href=\"https:\/\/www.vape4wholesale.com\/cs\/product_brand\/happ-bar\/\">Happ Bar<\/a> CK36000 je estetick\u00fd jednor\u00e1zov\u00fd vape s troj\u00faheln\u00edkov\u00fdm tvarem a \u010dern\u00fdm pruhem vedouc\u00edm nahoru a dol\u016f se skryt\u00fdm displejem ve st\u0159edn\u00ed \u010d\u00e1sti za\u0159\u00edzen\u00ed, kter\u00fd mu dod\u00e1v\u00e1 osobit\u00fd vzhled.<\/p>\n<p>Je vybaven dob\u00edjec\u00ed bateri\u00ed o kapacit\u011b 650 mAh a tak\u00e9 nadm\u011brn\u00fdm 40ml podem, kter\u00fd umo\u017e\u0148uje tomuto za\u0159\u00edzen\u00ed podporovat a\u017e 36 000 \u0161luk\u016f.<\/p>\n<p>Je k dispozici v nikotinov\u00fdch sil\u00e1ch 2% a 5% a na v\u00fdb\u011br je 13 r\u016fzn\u00fdch p\u0159\u00edchut\u00ed.<\/p>\n<h2>Happ Bar CK36000 Rychl\u00fd detail<\/h2>\n<ul>\n<li>Pufy: A\u017e 36 000<\/li>\n<li>S\u00edla nikotinu: 2%, 5%<\/li>\n<li>Kapacita baterie: 650 mAh<\/li>\n<li>Nab\u00edjec\u00ed port: Typpe C<\/li>\n<li>Odpor: 1,0 ohm<\/li>\n<li>Objem tekutiny: 40 ml<\/li>\n<\/ul>\n<h2>Dostupn\u00e9 p\u0159\u00edchut\u011b<\/h2>\n<ol>\n<li>T\u0159e\u0161\u0148ov\u00fd led<\/li>\n<li>Cola Ice<\/li>\n<li>Lemon Lime<\/li>\n<li>L\u00e1ska 66<\/li>\n<li>Mamba<\/li>\n<li>Pan Modr\u00fd<\/li>\n<li>Broskvov\u00fd led<\/li>\n<li>Kysel\u00e9 jablko<\/li>\n<li>Jahodov\u00fd ban\u00e1n<\/li>\n<li>Jahodov\u00e1 zmrzlina<\/li>\n<li>Jahodov\u00e9 kiwi<\/li>\n<li>Jahodov\u00e1 vanilkov\u00e1 kola<\/li>\n<li>Melounov\u00fd led<\/li>\n<li>Kiwi a mu\u010denka<\/li>\n<li>Blueberry Currant<\/li>\n<li>Peach Blueberry<\/li>\n<\/ol>\n<figure id=\"attachment_18791\" aria-describedby=\"caption-attachment-18791\" style=\"width: 800px\" class=\"wp-caption alignnone\"><img loading=\"lazy\" decoding=\"async\" class=\"wp-image-18791 size-full\" title=\"Happ Bar CK36000 Jednor\u00e1zov\u00fd velkoobchodn\u00ed prodej Vape\" src=\"https:\/\/www.vape4wholesale.com\/wp-content\/uploads\/2025\/01\/Happ-Bar-CK36000-Disposable-Vape-Wholesale.webp\" alt=\"Happ Bar CK36000 Jednor\u00e1zov\u00fd velkoobchodn\u00ed prodej Vape\" width=\"800\" height=\"800\" srcset=\"https:\/\/www.vape4wholesale.com\/wp-content\/uploads\/2025\/01\/Happ-Bar-CK36000-Disposable-Vape-Wholesale.webp 800w, https:\/\/www.vape4wholesale.com\/wp-content\/uploads\/2025\/01\/Happ-Bar-CK36000-Disposable-Vape-Wholesale-247x247.webp 247w, https:\/\/www.vape4wholesale.com\/wp-content\/uploads\/2025\/01\/Happ-Bar-CK36000-Disposable-Vape-Wholesale-100x100.webp 100w, https:\/\/www.vape4wholesale.com\/wp-content\/uploads\/2025\/01\/Happ-Bar-CK36000-Disposable-Vape-Wholesale-510x510.webp 510w, https:\/\/www.vape4wholesale.com\/wp-content\/uploads\/2025\/01\/Happ-Bar-CK36000-Disposable-Vape-Wholesale-64x64.webp 64w, https:\/\/www.vape4wholesale.com\/wp-content\/uploads\/2025\/01\/Happ-Bar-CK36000-Disposable-Vape-Wholesale-300x300.webp 300w, https:\/\/www.vape4wholesale.com\/wp-content\/uploads\/2025\/01\/Happ-Bar-CK36000-Disposable-Vape-Wholesale-150x150.webp 150w, https:\/\/www.vape4wholesale.com\/wp-content\/uploads\/2025\/01\/Happ-Bar-CK36000-Disposable-Vape-Wholesale-768x768.webp 768w, https:\/\/www.vape4wholesale.com\/wp-content\/uploads\/2025\/01\/Happ-Bar-CK36000-Disposable-Vape-Wholesale-12x12.webp 12w\" sizes=\"auto, (max-width: 800px) 100vw, 800px\" \/><figcaption id=\"caption-attachment-18791\" class=\"wp-caption-text\">Happ Bar CK36000 Jednor\u00e1zov\u00fd velkoobchodn\u00ed prodej Vape<\/figcaption><\/figure>\n<h2>PRO\u010c MY?<\/h2>\r\n<ul>\r\n<li>Skute\u010dn\u00fd, d\u016fv\u011bryhodn\u00fd a profesion\u00e1ln\u00ed zdroj vape.<\/li>\r\n<li>100% Origin\u00e1ln\u00ed z\u00e1ruka: Odm\u00edt\u00e1me pad\u011blky.<\/li>\r\n<li>100% Z\u00e1ruka dod\u00e1n\u00ed: Pou\u017e\u00edv\u00e1me nejlep\u0161\u00ed zp\u016fsob dopravy, abychom zajistili, \u017ee objedn\u00e1vku 100% obdr\u017e\u00edte.<\/li>\r\n<li>Po odesl\u00e1n\u00ed v\u00e1m poskytneme sledovac\u00ed \u010d\u00edslo a p\u0159epravn\u00ed \u0161t\u00edtek a budeme pro v\u00e1s sledovat zbo\u017e\u00ed, dokud ho nepodep\u00ed\u0161ete.<\/li>\r\n<li>\u017d\u00e1dn\u00e9 celn\u00ed probl\u00e9my, \u017e\u00e1dn\u00e1 cla<\/li>\r\n<\/ul>","protected":false},"excerpt":{"rendered":"<p><span style=\"color: #00a859;\"><strong>Tento produkt byl aktualizov\u00e1n na 40K Puffs a p\u0159ejmenov\u00e1n na CK40000. pokud zakoup\u00edte p\u0159es tento odkaz, dod\u00e1me v\u00e1m nejnov\u011bj\u0161\u00ed 40K verzi.<\/strong><\/span><\/p>\n<p><b><span style=\"color: #00a859;\">Doprava zdarma<\/span>\u00a0z evropsk\u00e9ho skladu, dodac\u00ed lh\u016fta 7-15 pracovn\u00edch dn\u016f.<\/b><\/p>\r\n<div class=\"wsppc_div_block woocommerce_before_add_to_cart_form\">\r\n<p><strong>Vymaz\u00e1n\u00ed cel p\u0159ed dod\u00e1n\u00edm &amp; 100% Z\u00e1ruka dod\u00e1n\u00ed<\/strong><\/p>\r\n<\/div>","protected":false},"featured_media":18796,"comment_status":"open","ping_status":"closed","template":"","meta":[],"pwb-brand":[1267],"product_cat":[938],"product_tag":[22,24,988,1026,1035],"class_list":{"0":"post-18888","1":"product","2":"type-product","3":"status-publish","4":"has-post-thumbnail","6":"pwb-brand-happ-bar","7":"product_cat-europe-warehouse","8":"product_tag-disposable","9":"product_tag-wholesale","10":"product_tag-36000-puffs","11":"product_tag-40-0ml","12":"product_tag-happ-bar","13":"product_shipping_class-eu-warehouse","14":"wcpa_has_options","16":"first","17":"instock","18":"featured","19":"shipping-taxable","20":"purchasable","21":"product-type-variable"},"aioseo_notices":[],"brands":[{"id":1267,"name":"Happ Bar","slug":"happ-bar"}],"_links":{"self":[{"href":"https:\/\/www.vape4wholesale.com\/cs\/wp-json\/wp\/v2\/product\/18888","targetHints":{"allow":["GET"]}}],"collection":[{"href":"https:\/\/www.vape4wholesale.com\/cs\/wp-json\/wp\/v2\/product"}],"about":[{"href":"https:\/\/www.vape4wholesale.com\/cs\/wp-json\/wp\/v2\/types\/product"}],"replies":[{"embeddable":true,"href":"https:\/\/www.vape4wholesale.com\/cs\/wp-json\/wp\/v2\/comments?post=18888"}],"wp:featuredmedia":[{"embeddable":true,"href":"https:\/\/www.vape4wholesale.com\/cs\/wp-json\/wp\/v2\/media\/18796"}],"wp:attachment":[{"href":"https:\/\/www.vape4wholesale.com\/cs\/wp-json\/wp\/v2\/media?parent=18888"}],"wp:term":[{"taxonomy":"pwb-brand","embeddable":true,"href":"https:\/\/www.vape4wholesale.com\/cs\/wp-json\/wp\/v2\/pwb-brand?post=18888"},{"taxonomy":"product_cat","embeddable":true,"href":"https:\/\/www.vape4wholesale.com\/cs\/wp-json\/wp\/v2\/product_cat?post=18888"},{"taxonomy":"product_tag","embeddable":true,"href":"https:\/\/www.vape4wholesale.com\/cs\/wp-json\/wp\/v2\/product_tag?post=18888"}],"curies":[{"name":"wp","href":"https:\/\/api.w.org\/{rel}","templated":true}]}}