{"id":18876,"date":"2025-01-07T12:07:18","date_gmt":"2025-01-07T04:07:18","guid":{"rendered":"https:\/\/www.vape4wholesale.com\/?post_type=product&#038;p=18876"},"modified":"2026-01-27T13:47:37","modified_gmt":"2026-01-27T13:47:37","slug":"happ-bar-twin-pod-25000-puffs-jednorazove-vape-velkoobchod","status":"publish","type":"product","link":"https:\/\/www.vape4wholesale.com\/cs\/product\/happ-bar-twin-pod-25000-puffs-disposable-vape-wholesale","title":{"rendered":"Happ Bar Twin Pod 25000 Puffs jednor\u00e1zov\u00e9 Vape velkoobchod"},"content":{"rendered":"<p>Na str\u00e1nk\u00e1ch <a title=\"Happ Bar\" href=\"https:\/\/www.vape4wholesale.com\/cs\/product_brand\/happ-bar\/\">Happ Bar<\/a> Twin Pod 25000 je navr\u017een s vestav\u011bn\u00fdmi dvojit\u00fdmi pody, tak\u017ee je mo\u017en\u00e9 pou\u017e\u00edvat 2 p\u0159\u00edchut\u011b v jednom za\u0159\u00edzen\u00ed. Chcete-li nastavit r\u016fzn\u00e9 p\u0159\u00edchut\u011b, jednodu\u0161e zvedn\u011bte n\u00e1ustek a oto\u010dte j\u00edm.<\/p>\n<p>Displej p\u0159esn\u011b zobrazuje aktu\u00e1ln\u00ed zb\u00fdvaj\u00edc\u00ed kapacitu baterie a kapacitu eliquidu a displej je um\u00edst\u011bn v \u010dern\u00e9m pruhu, kter\u00fd se t\u00e1hne od horn\u00ed \u010d\u00e1sti t\u011bla a\u017e dol\u016f, tak\u017ee cel\u00fd design dob\u0159e lad\u00ed.<\/p>\n<p>M\u00e1 2 vestav\u011bn\u00e9 16ml pody s celkovou kapacitou a\u017e 32 ml eliquidu a 2 s\u00ed\u0165ov\u00e9 spir\u00e1lky zvy\u0161uj\u00ed v\u00fdkon a z\u00e1\u017eitek z vapingu. Podporuje a\u017e 25000 potah\u016f.<\/p>\n<h2>Happ Bar Twin Pod 25000 Vape Rychl\u00fd detail<\/h2>\n<ul>\n<li>Pufy: A\u017e 25 000<\/li>\n<li>S\u00edla nikotinu: 2%, 5%<\/li>\n<li>Kapacita baterie: 650 mAh<\/li>\n<li>Nab\u00edjec\u00ed port: Typpe C<\/li>\n<li>Odpor: 1,0 ohm<\/li>\n<li>Kapacita tekutiny: 16 ml + 16 ml<\/li>\n<\/ul>\n<h2>Dostupn\u00e9 p\u0159\u00edchut\u011b<\/h2>\n<ol>\n<li>Citron\u00e1da Blue Razz a broskvov\u00fd led<\/li>\n<li>\u017dv\u00fdka\u010dka Blueberry Cherry Cranberry &amp; Watermelon Bubble Gum<\/li>\n<li>Bor\u016fvkov\u00e1 malinov\u00e1 citronov\u00e1 a t\u0159e\u0161\u0148ov\u00e1 zmrzlina<\/li>\n<li>Broskvov\u00fd mangov\u00fd ananas a jahodov\u00fd led<\/li>\n<li>Ananasov\u00fd kokos a bor\u016fvkov\u00fd led<\/li>\n<li>Malinov\u00fd fond\u00e1n a dvojit\u00e9 jablko<\/li>\n<li>Red Bull Ice &amp; Hami Melon<\/li>\n<li>Jahodov\u00fd ban\u00e1n a cola Ice<\/li>\n<li>Jahodov\u00e9 kiwi &amp; Lush Ice<\/li>\n<li>Jahodov\u00e1 vanilkov\u00e1 kola a sm\u011bs bobul\u00ed<\/li>\n<li>Melounov\u00fd led a citronov\u00e1 limetka<\/li>\n<\/ol>\n<figure id=\"attachment_18842\" aria-describedby=\"caption-attachment-18842\" style=\"width: 800px\" class=\"wp-caption alignnone\"><img loading=\"lazy\" decoding=\"async\" class=\"size-full wp-image-18842\" title=\"Happ Bar Twin Pod 25000 Puffs jednor\u00e1zov\u00e9 Vape velkoobchod\" src=\"https:\/\/www.vape4wholesale.com\/wp-content\/uploads\/2025\/01\/Happ-Bar-Twin-Pod-25000-Puffs-Disposable-Vape-Wholesale.webp\" alt=\"Happ Bar Twin Pod 25000 Puffs jednor\u00e1zov\u00e9 Vape velkoobchod\" width=\"800\" height=\"800\" srcset=\"https:\/\/www.vape4wholesale.com\/wp-content\/uploads\/2025\/01\/Happ-Bar-Twin-Pod-25000-Puffs-Disposable-Vape-Wholesale.webp 800w, https:\/\/www.vape4wholesale.com\/wp-content\/uploads\/2025\/01\/Happ-Bar-Twin-Pod-25000-Puffs-Disposable-Vape-Wholesale-247x247.webp 247w, https:\/\/www.vape4wholesale.com\/wp-content\/uploads\/2025\/01\/Happ-Bar-Twin-Pod-25000-Puffs-Disposable-Vape-Wholesale-100x100.webp 100w, https:\/\/www.vape4wholesale.com\/wp-content\/uploads\/2025\/01\/Happ-Bar-Twin-Pod-25000-Puffs-Disposable-Vape-Wholesale-510x510.webp 510w, https:\/\/www.vape4wholesale.com\/wp-content\/uploads\/2025\/01\/Happ-Bar-Twin-Pod-25000-Puffs-Disposable-Vape-Wholesale-64x64.webp 64w, https:\/\/www.vape4wholesale.com\/wp-content\/uploads\/2025\/01\/Happ-Bar-Twin-Pod-25000-Puffs-Disposable-Vape-Wholesale-300x300.webp 300w, https:\/\/www.vape4wholesale.com\/wp-content\/uploads\/2025\/01\/Happ-Bar-Twin-Pod-25000-Puffs-Disposable-Vape-Wholesale-150x150.webp 150w, https:\/\/www.vape4wholesale.com\/wp-content\/uploads\/2025\/01\/Happ-Bar-Twin-Pod-25000-Puffs-Disposable-Vape-Wholesale-768x768.webp 768w, https:\/\/www.vape4wholesale.com\/wp-content\/uploads\/2025\/01\/Happ-Bar-Twin-Pod-25000-Puffs-Disposable-Vape-Wholesale-12x12.webp 12w\" sizes=\"auto, (max-width: 800px) 100vw, 800px\" \/><figcaption id=\"caption-attachment-18842\" class=\"wp-caption-text\">Happ Bar Twin Pod 25000 Puffs jednor\u00e1zov\u00e9 Vape velkoobchod<\/figcaption><\/figure>\n<h2>PRO\u010c MY?<\/h2>\r\n<ul>\r\n<li>Skute\u010dn\u00fd, d\u016fv\u011bryhodn\u00fd a profesion\u00e1ln\u00ed zdroj vape.<\/li>\r\n<li>100% Origin\u00e1ln\u00ed z\u00e1ruka: Odm\u00edt\u00e1me pad\u011blky.<\/li>\r\n<li>100% Z\u00e1ruka dod\u00e1n\u00ed: Pou\u017e\u00edv\u00e1me nejlep\u0161\u00ed zp\u016fsob dopravy, abychom zajistili, \u017ee objedn\u00e1vku 100% obdr\u017e\u00edte.<\/li>\r\n<li>Po odesl\u00e1n\u00ed v\u00e1m poskytneme sledovac\u00ed \u010d\u00edslo a p\u0159epravn\u00ed \u0161t\u00edtek a budeme pro v\u00e1s sledovat zbo\u017e\u00ed, dokud ho nepodep\u00ed\u0161ete.<\/li>\r\n<li>\u017d\u00e1dn\u00e9 celn\u00ed probl\u00e9my, \u017e\u00e1dn\u00e1 cla<\/li>\r\n<\/ul>\n<p>&nbsp;<\/p>","protected":false},"excerpt":{"rendered":"<p><span style=\"color: #0000ff;\"><strong>Tento produkt ji\u017e nen\u00ed k dispozici, klikn\u011bte na <span style=\"color: #ed1c24;\"><a style=\"color: #ed1c24;\" title=\"Happ Bar Twin Pod 35000 Vape\" href=\"https:\/\/www.vape4wholesale.com\/cs\/produkt\/happ-bar-twin-pod-35000-jednorazove-vape\/\" target=\"_blank\" rel=\"noopener\">zde<\/a><\/span> nav\u0161t\u00edvit odkaz na novou verzi modelu 35000 Twin Pod.<\/strong><\/span><\/p>","protected":false},"featured_media":18847,"comment_status":"open","ping_status":"closed","template":"","meta":[],"pwb-brand":[1267],"product_cat":[938],"product_tag":[22,24,915,1035,1047],"class_list":{"0":"post-18876","1":"product","2":"type-product","3":"status-publish","4":"has-post-thumbnail","6":"pwb-brand-happ-bar","7":"product_cat-europe-warehouse","8":"product_tag-disposable","9":"product_tag-wholesale","10":"product_tag-25000-puffs","11":"product_tag-happ-bar","12":"product_tag-32-0ml","13":"product_shipping_class-eu-warehouse","14":"wcpa_has_options","16":"first","17":"outofstock","18":"shipping-taxable","19":"purchasable","20":"product-type-variable"},"aioseo_notices":[],"brands":[{"id":1267,"name":"Happ Bar","slug":"happ-bar"}],"_links":{"self":[{"href":"https:\/\/www.vape4wholesale.com\/cs\/wp-json\/wp\/v2\/product\/18876","targetHints":{"allow":["GET"]}}],"collection":[{"href":"https:\/\/www.vape4wholesale.com\/cs\/wp-json\/wp\/v2\/product"}],"about":[{"href":"https:\/\/www.vape4wholesale.com\/cs\/wp-json\/wp\/v2\/types\/product"}],"replies":[{"embeddable":true,"href":"https:\/\/www.vape4wholesale.com\/cs\/wp-json\/wp\/v2\/comments?post=18876"}],"wp:featuredmedia":[{"embeddable":true,"href":"https:\/\/www.vape4wholesale.com\/cs\/wp-json\/wp\/v2\/media\/18847"}],"wp:attachment":[{"href":"https:\/\/www.vape4wholesale.com\/cs\/wp-json\/wp\/v2\/media?parent=18876"}],"wp:term":[{"taxonomy":"pwb-brand","embeddable":true,"href":"https:\/\/www.vape4wholesale.com\/cs\/wp-json\/wp\/v2\/pwb-brand?post=18876"},{"taxonomy":"product_cat","embeddable":true,"href":"https:\/\/www.vape4wholesale.com\/cs\/wp-json\/wp\/v2\/product_cat?post=18876"},{"taxonomy":"product_tag","embeddable":true,"href":"https:\/\/www.vape4wholesale.com\/cs\/wp-json\/wp\/v2\/product_tag?post=18876"}],"curies":[{"name":"wp","href":"https:\/\/api.w.org\/{rel}","templated":true}]}}