{"id":18747,"date":"2025-01-06T12:32:13","date_gmt":"2025-01-06T04:32:13","guid":{"rendered":"https:\/\/www.vape4wholesale.com\/?post_type=product&#038;p=18747"},"modified":"2026-01-26T13:39:46","modified_gmt":"2026-01-26T13:39:46","slug":"vapsolo-galaxy-30000-puffs-jednorazove-vape-velkoobchod-2","status":"publish","type":"product","link":"https:\/\/www.vape4wholesale.com\/cs\/produkt\/vapsolo-galaxy-30000-puffs-jednorazove-vape-velkoobchod-2","title":{"rendered":"Vapsolo Galaxy 30000 Puffs Jednor\u00e1zov\u00e9 Vape Velkoobchod"},"content":{"rendered":"<p>Vapsolo Galaxy 30000 je nejnov\u011bj\u0161\u00edm produktem z \u0159ady <a title=\"Vapsolo\" href=\"https:\/\/www.vape4wholesale.com\/cs\/product_brand\/vapsolo\/\">Vapsolo<\/a> \u0159ada, kter\u00e1 byla uvedena na trh v lednu 2025, je vybavena dv\u011bma re\u017eimy nastaven\u00ed pro norm\u00e1ln\u00ed a turbo re\u017eim, obrazovkou displeje se zabudovan\u00fdmi sv\u011btly RGB, kter\u00e1 zobrazuje procenta eliquidu a baterie.<\/p>\n<p><strong>V \u010dem je Vapsolo Galaxy jin\u00e9?<\/strong><\/p>\n<ul>\n<li>Za prv\u00e9 m\u00e1 multifunk\u010dn\u00ed displej, pomoc\u00ed kter\u00e9ho m\u016f\u017eete p\u0159\u00edmo p\u0159ep\u00ednat mezi norm\u00e1ln\u00edm a burst re\u017eimem pro r\u016fzn\u00e9 vapingov\u00e9 z\u00e1\u017eitky. Displej tak\u00e9 zobrazuje zb\u00fdvaj\u00edc\u00ed eliquid a procenta baterie.<\/li>\n<li>Op\u011bt m\u00e1 zadn\u00ed kryt z prysky\u0159ice, kter\u00fd zv\u00fdraz\u0148uje texturu v\u00fdrobku a z\u00e1rove\u0148 p\u0159isp\u00edv\u00e1 k celkov\u00e9 estetice v\u00fdrobku.<\/li>\n<li>Nakonec je dod\u00e1v\u00e1n se 40ml eliquidem, dob\u00edjec\u00ed bateri\u00ed 650 mAh. Pokud hled\u00e1te jednor\u00e1zov\u00fd vape, kter\u00fd je dostate\u010dn\u011b siln\u00fd, aby fungoval del\u0161\u00ed dobu, pak bude Vapsolo Galaxy va\u0161\u00ed nejlep\u0161\u00ed volbou.<\/li>\n<\/ul>\n<h2>Vapsolo Galaxy 30000 Puffs jednor\u00e1zov\u00e9 Vape Rychl\u00e9 informace<\/h2>\n<ul>\n<li>Zna\u010dka a model: Vapsolo Galaxy<\/li>\n<li>Pufy: A\u017e 30 000 puff\u016f<\/li>\n<li>Digit\u00e1ln\u00ed displej<\/li>\n<li>Kapacita e-kapaliny: 40 ML<\/li>\n<li>Baterie: 850 mAh (dob\u00edjec\u00ed)<\/li>\n<li>Nab\u00edjec\u00ed port: Type-C<\/li>\n<li>Typ c\u00edvky: C\u00edvka: Mesh Coil<\/li>\n<li>Odolnost c\u00edvky: 0,6 ohm<\/li>\n<\/ul>\n<h2>Dostupn\u00e9 p\u0159\u00edchut\u011b<\/h2>\n<ol>\n<li>Black Ice Dragonfruit Strawberry<\/li>\n<li>Blue Razz<\/li>\n<li>Lemon Lime<\/li>\n<li>Citronov\u00e1 broskev<\/li>\n<li>Ananasov\u00fd kokos<\/li>\n<li>Malinov\u00fd meloun<\/li>\n<li>Jahodov\u00fd ban\u00e1n<\/li>\n<li>Jahodov\u00e9 kiwi<\/li>\n<li>Jahodov\u00e1 malinov\u00e1 t\u0159e\u0161\u0148ov\u00e1 zmrzlina<\/li>\n<li>Jahodov\u00fd Red Bull<\/li>\n<li>Trojit\u00fd meloun<\/li>\n<li>Melounov\u00fd led<\/li>\n<\/ol>\n<h2>Podrobnosti o balen\u00ed<\/h2>\n<ul>\n<li>1\/ Jednotliv\u00e1 krabice<\/li>\n<li>10\/ Zobrazovac\u00ed box<\/li>\n<li>200\/karton, 26 kg<\/li>\n<\/ul>\n<figure id=\"attachment_18762\" aria-describedby=\"caption-attachment-18762\" style=\"width: 800px\" class=\"wp-caption alignnone\"><img loading=\"lazy\" decoding=\"async\" class=\"wp-image-18762 size-full\" title=\"Vapsolo Galaxy 30000 Puffs Jednor\u00e1zov\u00e9 Vape Velkoobchod\" src=\"https:\/\/www.vape4wholesale.com\/wp-content\/uploads\/2025\/01\/Vapsolo-Galaxy-30000-Puffs-Disposable-Vape-Wholesale.webp\" alt=\"Vapsolo Galaxy 30000 Puffs Jednor\u00e1zov\u00e9 Vape Velkoobchod\" width=\"800\" height=\"800\" srcset=\"https:\/\/www.vape4wholesale.com\/wp-content\/uploads\/2025\/01\/Vapsolo-Galaxy-30000-Puffs-Disposable-Vape-Wholesale.webp 800w, https:\/\/www.vape4wholesale.com\/wp-content\/uploads\/2025\/01\/Vapsolo-Galaxy-30000-Puffs-Disposable-Vape-Wholesale-247x247.webp 247w, https:\/\/www.vape4wholesale.com\/wp-content\/uploads\/2025\/01\/Vapsolo-Galaxy-30000-Puffs-Disposable-Vape-Wholesale-100x100.webp 100w, https:\/\/www.vape4wholesale.com\/wp-content\/uploads\/2025\/01\/Vapsolo-Galaxy-30000-Puffs-Disposable-Vape-Wholesale-510x510.webp 510w, https:\/\/www.vape4wholesale.com\/wp-content\/uploads\/2025\/01\/Vapsolo-Galaxy-30000-Puffs-Disposable-Vape-Wholesale-64x64.webp 64w, https:\/\/www.vape4wholesale.com\/wp-content\/uploads\/2025\/01\/Vapsolo-Galaxy-30000-Puffs-Disposable-Vape-Wholesale-300x300.webp 300w, https:\/\/www.vape4wholesale.com\/wp-content\/uploads\/2025\/01\/Vapsolo-Galaxy-30000-Puffs-Disposable-Vape-Wholesale-150x150.webp 150w, https:\/\/www.vape4wholesale.com\/wp-content\/uploads\/2025\/01\/Vapsolo-Galaxy-30000-Puffs-Disposable-Vape-Wholesale-768x768.webp 768w, https:\/\/www.vape4wholesale.com\/wp-content\/uploads\/2025\/01\/Vapsolo-Galaxy-30000-Puffs-Disposable-Vape-Wholesale-12x12.webp 12w\" sizes=\"auto, (max-width: 800px) 100vw, 800px\" \/><figcaption id=\"caption-attachment-18762\" class=\"wp-caption-text\">Vapsolo Galaxy 30000 Puffs Jednor\u00e1zov\u00e9 Vape Velkoobchod<\/figcaption><\/figure>\n<p><img loading=\"lazy\" decoding=\"async\" class=\"wp-image-18763 size-full\" title=\"Vapsolo Galaxy 30000 Puffs Vape na jedno pou\u017eit\u00ed\" src=\"https:\/\/www.vape4wholesale.com\/wp-content\/uploads\/2025\/01\/Vapsolo-Galaxy-30000-Puffs-Disposable-Vape.webp\" alt=\"Vapsolo Galaxy 30000 Puffs Vape na jedno pou\u017eit\u00ed\" width=\"800\" height=\"800\" srcset=\"https:\/\/www.vape4wholesale.com\/wp-content\/uploads\/2025\/01\/Vapsolo-Galaxy-30000-Puffs-Disposable-Vape.webp 800w, https:\/\/www.vape4wholesale.com\/wp-content\/uploads\/2025\/01\/Vapsolo-Galaxy-30000-Puffs-Disposable-Vape-247x247.webp 247w, https:\/\/www.vape4wholesale.com\/wp-content\/uploads\/2025\/01\/Vapsolo-Galaxy-30000-Puffs-Disposable-Vape-100x100.webp 100w, https:\/\/www.vape4wholesale.com\/wp-content\/uploads\/2025\/01\/Vapsolo-Galaxy-30000-Puffs-Disposable-Vape-510x510.webp 510w, https:\/\/www.vape4wholesale.com\/wp-content\/uploads\/2025\/01\/Vapsolo-Galaxy-30000-Puffs-Disposable-Vape-64x64.webp 64w, https:\/\/www.vape4wholesale.com\/wp-content\/uploads\/2025\/01\/Vapsolo-Galaxy-30000-Puffs-Disposable-Vape-300x300.webp 300w, https:\/\/www.vape4wholesale.com\/wp-content\/uploads\/2025\/01\/Vapsolo-Galaxy-30000-Puffs-Disposable-Vape-150x150.webp 150w, https:\/\/www.vape4wholesale.com\/wp-content\/uploads\/2025\/01\/Vapsolo-Galaxy-30000-Puffs-Disposable-Vape-768x768.webp 768w, https:\/\/www.vape4wholesale.com\/wp-content\/uploads\/2025\/01\/Vapsolo-Galaxy-30000-Puffs-Disposable-Vape-12x12.webp 12w\" sizes=\"auto, (max-width: 800px) 100vw, 800px\" \/><\/p>\n<h2>PRO\u010c MY?<\/h2>\r\n<ul>\r\n<li>Skute\u010dn\u00fd, d\u016fv\u011bryhodn\u00fd a profesion\u00e1ln\u00ed zdroj vape.<\/li>\r\n<li>100% Origin\u00e1ln\u00ed z\u00e1ruka: Odm\u00edt\u00e1me pad\u011blky.<\/li>\r\n<li>100% Z\u00e1ruka dod\u00e1n\u00ed: Pou\u017e\u00edv\u00e1me nejlep\u0161\u00ed zp\u016fsob dopravy, abychom zajistili, \u017ee objedn\u00e1vku 100% obdr\u017e\u00edte.<\/li>\r\n<li>Po odesl\u00e1n\u00ed v\u00e1m poskytneme sledovac\u00ed \u010d\u00edslo a p\u0159epravn\u00ed \u0161t\u00edtek a budeme pro v\u00e1s sledovat zbo\u017e\u00ed, dokud ho nepodep\u00ed\u0161ete.<\/li>\r\n<li>\u017d\u00e1dn\u00e9 celn\u00ed probl\u00e9my, \u017e\u00e1dn\u00e1 cla<\/li>\r\n<\/ul>","protected":false},"excerpt":{"rendered":"<p><b><span style=\"color: #00a859;\">Free shipping<\/span>\u00a0from Europe warehouse, 7-15 working days delivery time.<\/b><\/p>\r\n<div class=\"wsppc_div_block woocommerce_before_add_to_cart_form\">\r\n<p><strong>Clear customs before delivery &amp; 100% Delivery Guarantee<\/strong><\/p>\r\n<\/div>","protected":false},"featured_media":18762,"comment_status":"open","ping_status":"closed","template":"","meta":[],"pwb-brand":[1271],"product_cat":[873],"product_tag":[22,24,850,899,1026],"class_list":{"0":"post-18747","1":"product","2":"type-product","3":"status-publish","4":"has-post-thumbnail","6":"pwb-brand-vapsolo","7":"product_cat-above-20k-puffs","8":"product_tag-disposable","9":"product_tag-wholesale","10":"product_tag-30000-puffs","11":"product_tag-vapsolo","12":"product_tag-40-0ml","13":"product_shipping_class-vapsolo-cn-eu","14":"wcpa_has_options","16":"first","17":"instock","18":"shipping-taxable","19":"purchasable","20":"product-type-variable"},"aioseo_notices":[],"brands":[{"id":1271,"name":"Vapsolo","slug":"vapsolo"}],"_links":{"self":[{"href":"https:\/\/www.vape4wholesale.com\/cs\/wp-json\/wp\/v2\/product\/18747","targetHints":{"allow":["GET"]}}],"collection":[{"href":"https:\/\/www.vape4wholesale.com\/cs\/wp-json\/wp\/v2\/product"}],"about":[{"href":"https:\/\/www.vape4wholesale.com\/cs\/wp-json\/wp\/v2\/types\/product"}],"replies":[{"embeddable":true,"href":"https:\/\/www.vape4wholesale.com\/cs\/wp-json\/wp\/v2\/comments?post=18747"}],"wp:featuredmedia":[{"embeddable":true,"href":"https:\/\/www.vape4wholesale.com\/cs\/wp-json\/wp\/v2\/media\/18762"}],"wp:attachment":[{"href":"https:\/\/www.vape4wholesale.com\/cs\/wp-json\/wp\/v2\/media?parent=18747"}],"wp:term":[{"taxonomy":"pwb-brand","embeddable":true,"href":"https:\/\/www.vape4wholesale.com\/cs\/wp-json\/wp\/v2\/pwb-brand?post=18747"},{"taxonomy":"product_cat","embeddable":true,"href":"https:\/\/www.vape4wholesale.com\/cs\/wp-json\/wp\/v2\/product_cat?post=18747"},{"taxonomy":"product_tag","embeddable":true,"href":"https:\/\/www.vape4wholesale.com\/cs\/wp-json\/wp\/v2\/product_tag?post=18747"}],"curies":[{"name":"wp","href":"https:\/\/api.w.org\/{rel}","templated":true}]}}