{"id":18581,"date":"2024-12-23T12:29:39","date_gmt":"2024-12-23T04:29:39","guid":{"rendered":"https:\/\/www.vape4wholesale.com\/?post_type=product&#038;p=18581"},"modified":"2026-01-26T13:39:48","modified_gmt":"2026-01-26T13:39:48","slug":"zzooy-firzen-35000-puffs-jednorazovy-vape-velkoobchod-2","status":"publish","type":"product","link":"https:\/\/www.vape4wholesale.com\/cs\/product\/zzooy-firzen-35000-puffs-disposable-vape-wholesale","title":{"rendered":"Zooy Firzen 35000 Puffs Jednor\u00e1zov\u00e9 Vape Velkoobchod"},"content":{"rendered":"<p>na <a title=\"Zooy\" href=\"https:\/\/www.vape4wholesale.com\/cs\/product_brand\/zooy\/\"><strong>Zooy<\/strong><\/a> Firzen 35000 se vyzna\u010duje nastaven\u00edm chladu a nikotinu ve t\u0159ech \u00farovn\u00edch. konstrukce s 30ml ejuice podem a dob\u00edjec\u00ed bateri\u00ed 650 mAh umo\u017e\u0148uje podporovat a\u017e 35 000 potah\u016f.<\/p>\n<p>Zooy Firzen je vyroben z kovu a jeho ploch\u00fd vzhled d\u00e1v\u00e1 vyniknout vapov\u00e1n\u00ed, zat\u00edmco spodn\u00ed \u010d\u00e1st zobrazuje r\u016fzn\u00e9 barvy a rozsv\u00edcen\u00e1 \u010derven\u00e1 kontrolka signalizuje, \u017ee jste na n\u00edzk\u00e9m chlazen\u00ed a n\u00edzk\u00e9m obsahu nikotinu. Zelen\u00e9 sv\u011btlo se rozsv\u00edt\u00ed a signalizuje, \u017ee pou\u017e\u00edv\u00e1te nastaven\u00ed st\u0159edn\u011b chladn\u00e9, se st\u0159edn\u00edm obsahem nikotinu. Modr\u00e9 sv\u011btlo signalizuje, \u017ee pou\u017e\u00edv\u00e1te nastaven\u00ed vysok\u00e9 chlazen\u00ed, vysok\u00fd obsah nikotinu.<\/p>\n<p>Jak zm\u011bnit nastaven\u00ed Zooy Firezen? je to docela snadn\u00e9, sta\u010d\u00ed dvakr\u00e1t kliknout a p\u0159ej\u00edt na dal\u0161\u00ed \u00farove\u0148.<\/p>\n<h2>Zooy Firzen 35000 Vape na jedno pou\u017eit\u00ed Rychl\u00e9 informace<\/h2>\n<ul>\n<li>Podpora Puffs: 35,000<\/li>\n<li>Hlavn\u00ed funkce: chlad a kontrola nikotinu<\/li>\n<li>Eliquid: 30ml<\/li>\n<li>Kapacita baterie: 650 mAh<\/li>\n<li>Hmotnost t\u011bla: 90 g<\/li>\n<li>Velikost t\u011bla: 103,5*45*21 mm<\/li>\n<li>1,0+1,0 ohmov\u00e1 dvojit\u00e1 s\u00ed\u0165ov\u00e1 c\u00edvka<\/li>\n<li>3 barvy sv\u011btla LGB<\/li>\n<li>Nab\u00edjec\u00ed TYPE-C<\/li>\n<\/ul>\n<h2>Dostupn\u00e9 p\u0159\u00edchut\u011b<\/h2>\n<ul>\n<li>01. Melounov\u00fd led<\/li>\n<li>02. Aloe Grape<\/li>\n<li>03. Strawberry Banana<\/li>\n<li>04. Jahoda malina kiwi<\/li>\n<li>05. Bor\u016fvkov\u00e1 limon\u00e1da<\/li>\n<li>06. Ananasov\u00fd kokos<\/li>\n<li>07. Mentol<\/li>\n<li>08. Strawberry Watermelon<\/li>\n<li>09. Mixed Berry<\/li>\n<li>10. Ostru\u017einov\u00e1 brusinka<\/li>\n<\/ul>\n<h2>Podrobnosti o balen\u00ed<\/h2>\n<ul>\n<li>1 ks\/jedna krabi\u010dka<\/li>\n<li>10 kus\u016f\/krabice<\/li>\n<li>200 ks\/karton<\/li>\n<li>20 kg\/karton<\/li>\n<\/ul>\n<figure id=\"attachment_18582\" aria-describedby=\"caption-attachment-18582\" style=\"width: 800px\" class=\"wp-caption alignnone\"><img loading=\"lazy\" decoding=\"async\" class=\"size-full wp-image-18582\" title=\"Zooy Firzen 35000 Puffs Jednor\u00e1zov\u00e9 Vape Velkoobchod\" src=\"https:\/\/www.vape4wholesale.com\/wp-content\/uploads\/2024\/12\/Zooy-Firzen-35000-Puffs-Disposable-Vape-Wholesale.webp\" alt=\"Zooy Firzen 35000 Puffs Jednor\u00e1zov\u00e9 Vape Velkoobchod\" width=\"800\" height=\"800\" srcset=\"https:\/\/www.vape4wholesale.com\/wp-content\/uploads\/2024\/12\/Zooy-Firzen-35000-Puffs-Disposable-Vape-Wholesale.webp 800w, https:\/\/www.vape4wholesale.com\/wp-content\/uploads\/2024\/12\/Zooy-Firzen-35000-Puffs-Disposable-Vape-Wholesale-247x247.webp 247w, https:\/\/www.vape4wholesale.com\/wp-content\/uploads\/2024\/12\/Zooy-Firzen-35000-Puffs-Disposable-Vape-Wholesale-100x100.webp 100w, https:\/\/www.vape4wholesale.com\/wp-content\/uploads\/2024\/12\/Zooy-Firzen-35000-Puffs-Disposable-Vape-Wholesale-510x510.webp 510w, https:\/\/www.vape4wholesale.com\/wp-content\/uploads\/2024\/12\/Zooy-Firzen-35000-Puffs-Disposable-Vape-Wholesale-64x64.webp 64w, https:\/\/www.vape4wholesale.com\/wp-content\/uploads\/2024\/12\/Zooy-Firzen-35000-Puffs-Disposable-Vape-Wholesale-300x300.webp 300w, https:\/\/www.vape4wholesale.com\/wp-content\/uploads\/2024\/12\/Zooy-Firzen-35000-Puffs-Disposable-Vape-Wholesale-150x150.webp 150w, https:\/\/www.vape4wholesale.com\/wp-content\/uploads\/2024\/12\/Zooy-Firzen-35000-Puffs-Disposable-Vape-Wholesale-768x768.webp 768w, https:\/\/www.vape4wholesale.com\/wp-content\/uploads\/2024\/12\/Zooy-Firzen-35000-Puffs-Disposable-Vape-Wholesale-12x12.webp 12w\" sizes=\"auto, (max-width: 800px) 100vw, 800px\" \/><figcaption id=\"caption-attachment-18582\" class=\"wp-caption-text\">Zooy Firzen 35000 Puffs Jednor\u00e1zov\u00e9 Vape Velkoobchod<\/figcaption><\/figure>\n<figure id=\"attachment_18583\" aria-describedby=\"caption-attachment-18583\" style=\"width: 800px\" class=\"wp-caption alignnone\"><img loading=\"lazy\" decoding=\"async\" class=\"wp-image-18583 size-full\" title=\"Zooy Firzen 35000 Puffs jednor\u00e1zov\u00e9 Vape velkoobchodn\u00ed displej Box\" src=\"https:\/\/www.vape4wholesale.com\/wp-content\/uploads\/2024\/12\/Zooy-Firzen-35000-Puffs-Disposable-Vape-Wholesale-Display-Box.webp\" alt=\"Zooy Firzen 35000 Puffs jednor\u00e1zov\u00e9 Vape velkoobchodn\u00ed displej Box\" width=\"800\" height=\"800\" srcset=\"https:\/\/www.vape4wholesale.com\/wp-content\/uploads\/2024\/12\/Zooy-Firzen-35000-Puffs-Disposable-Vape-Wholesale-Display-Box.webp 800w, https:\/\/www.vape4wholesale.com\/wp-content\/uploads\/2024\/12\/Zooy-Firzen-35000-Puffs-Disposable-Vape-Wholesale-Display-Box-247x247.webp 247w, https:\/\/www.vape4wholesale.com\/wp-content\/uploads\/2024\/12\/Zooy-Firzen-35000-Puffs-Disposable-Vape-Wholesale-Display-Box-100x100.webp 100w, https:\/\/www.vape4wholesale.com\/wp-content\/uploads\/2024\/12\/Zooy-Firzen-35000-Puffs-Disposable-Vape-Wholesale-Display-Box-510x510.webp 510w, https:\/\/www.vape4wholesale.com\/wp-content\/uploads\/2024\/12\/Zooy-Firzen-35000-Puffs-Disposable-Vape-Wholesale-Display-Box-64x64.webp 64w, https:\/\/www.vape4wholesale.com\/wp-content\/uploads\/2024\/12\/Zooy-Firzen-35000-Puffs-Disposable-Vape-Wholesale-Display-Box-300x300.webp 300w, https:\/\/www.vape4wholesale.com\/wp-content\/uploads\/2024\/12\/Zooy-Firzen-35000-Puffs-Disposable-Vape-Wholesale-Display-Box-150x150.webp 150w, https:\/\/www.vape4wholesale.com\/wp-content\/uploads\/2024\/12\/Zooy-Firzen-35000-Puffs-Disposable-Vape-Wholesale-Display-Box-768x768.webp 768w, https:\/\/www.vape4wholesale.com\/wp-content\/uploads\/2024\/12\/Zooy-Firzen-35000-Puffs-Disposable-Vape-Wholesale-Display-Box-12x12.webp 12w\" sizes=\"auto, (max-width: 800px) 100vw, 800px\" \/><figcaption id=\"caption-attachment-18583\" class=\"wp-caption-text\">Zooy Firzen 35000 Puffs jednor\u00e1zov\u00e9 Vape velkoobchodn\u00ed displej Box<\/figcaption><\/figure>\n<h2>PRO\u010c MY?<\/h2>\r\n<ul>\r\n<li>Skute\u010dn\u00fd, d\u016fv\u011bryhodn\u00fd a profesion\u00e1ln\u00ed zdroj vape.<\/li>\r\n<li>100% Origin\u00e1ln\u00ed z\u00e1ruka: Odm\u00edt\u00e1me pad\u011blky.<\/li>\r\n<li>100% Z\u00e1ruka dod\u00e1n\u00ed: Pou\u017e\u00edv\u00e1me nejlep\u0161\u00ed zp\u016fsob dopravy, abychom zajistili, \u017ee objedn\u00e1vku 100% obdr\u017e\u00edte.<\/li>\r\n<li>Po odesl\u00e1n\u00ed v\u00e1m poskytneme sledovac\u00ed \u010d\u00edslo a p\u0159epravn\u00ed \u0161t\u00edtek a budeme pro v\u00e1s sledovat zbo\u017e\u00ed, dokud ho nepodep\u00ed\u0161ete.<\/li>\r\n<li>\u017d\u00e1dn\u00e9 celn\u00ed probl\u00e9my, \u017e\u00e1dn\u00e1 cla<\/li>\r\n<\/ul>","protected":false},"excerpt":{"rendered":"<div class=\"wsppc_div_block woocommerce_before_add_to_cart_form\">\r\n<p><strong><span style=\"color: #00a859;\">Vy\u010distit celnici<\/span> p\u0159ed dod\u00e1n\u00edm &amp; 100% Z\u00e1ruka doru\u010den\u00ed, doru\u010den\u00ed p\u0159ibli\u017en\u011b za 19\u201325 dn\u00ed.\u00a0<\/strong><\/p>\r\n<\/div>","protected":false},"featured_media":18582,"comment_status":"open","ping_status":"closed","template":"","meta":[],"pwb-brand":[1273],"product_cat":[873],"product_tag":[22,24,1022,1023,1024],"class_list":{"0":"post-18581","1":"product","2":"type-product","3":"status-publish","4":"has-post-thumbnail","6":"pwb-brand-zooy","7":"product_cat-above-20k-puffs","8":"product_tag-disposable","9":"product_tag-wholesale","10":"product_tag-zooy","11":"product_tag-35000-puffs","12":"product_tag-30-ml","13":"wcpa_has_options","15":"first","16":"instock","17":"shipping-taxable","18":"purchasable","19":"product-type-variable"},"aioseo_notices":[],"brands":[{"id":1273,"name":"Zooy","slug":"zooy"}],"_links":{"self":[{"href":"https:\/\/www.vape4wholesale.com\/cs\/wp-json\/wp\/v2\/product\/18581","targetHints":{"allow":["GET"]}}],"collection":[{"href":"https:\/\/www.vape4wholesale.com\/cs\/wp-json\/wp\/v2\/product"}],"about":[{"href":"https:\/\/www.vape4wholesale.com\/cs\/wp-json\/wp\/v2\/types\/product"}],"replies":[{"embeddable":true,"href":"https:\/\/www.vape4wholesale.com\/cs\/wp-json\/wp\/v2\/comments?post=18581"}],"wp:featuredmedia":[{"embeddable":true,"href":"https:\/\/www.vape4wholesale.com\/cs\/wp-json\/wp\/v2\/media\/18582"}],"wp:attachment":[{"href":"https:\/\/www.vape4wholesale.com\/cs\/wp-json\/wp\/v2\/media?parent=18581"}],"wp:term":[{"taxonomy":"pwb-brand","embeddable":true,"href":"https:\/\/www.vape4wholesale.com\/cs\/wp-json\/wp\/v2\/pwb-brand?post=18581"},{"taxonomy":"product_cat","embeddable":true,"href":"https:\/\/www.vape4wholesale.com\/cs\/wp-json\/wp\/v2\/product_cat?post=18581"},{"taxonomy":"product_tag","embeddable":true,"href":"https:\/\/www.vape4wholesale.com\/cs\/wp-json\/wp\/v2\/product_tag?post=18581"}],"curies":[{"name":"wp","href":"https:\/\/api.w.org\/{rel}","templated":true}]}}