{"id":1852,"date":"2022-07-29T10:37:10","date_gmt":"2022-07-29T02:37:10","guid":{"rendered":"https:\/\/www.vape4wholesale.com\/?post_type=product&#038;p=1852"},"modified":"2026-01-26T13:43:25","modified_gmt":"2026-01-26T13:43:25","slug":"randm-tornado-7000-puffs-jednorazovy-vape-velkoobchod","status":"publish","type":"product","link":"https:\/\/www.vape4wholesale.com\/cs\/produkt\/randm-tornado-7000-puffs-jednorazovy-vape-velkoobchod","title":{"rendered":"RandM Tornado 7000 Puffs Jednor\u00e1zov\u00fd velkoobchodn\u00ed prodej Vape"},"content":{"rendered":"<p><strong><a href=\"https:\/\/www.vape4wholesale.com\/cs\/product_brand\/randm\/\">RandM<\/a> Tornado 7000<\/strong>\u00a0je jednor\u00e1zov\u00e9 vape za\u0159\u00edzen\u00ed s regulac\u00ed pr\u016ftoku vzduchu a je dob\u00edjec\u00ed. Obsahuje 14 ml 5% nikotinov\u00e9 soln\u00e9 e-d\u017eusy a umo\u017e\u0148uje vapovat a\u017e 7000 potah\u016f. Na v\u00fdb\u011br m\u00e1te 20 p\u0159\u00edchut\u00ed. Regulace airflow v\u00e1m umo\u017en\u00ed vybrat si to nejlep\u0161\u00ed m\u00edsto, kter\u00e9 v\u00e1m vyhovuje, a nav\u00edc je vybaven dob\u00edjec\u00edm portem typu C na zadn\u00ed stran\u011b za\u0159\u00edzen\u00ed, kter\u00fd v\u00e1m zaru\u010d\u00ed, \u017ee v\u017edy dopijete posledn\u00ed kapku ejuice v tanku.<\/p>\n<h2><b data-stringify-type=\"bold\">RandM Tornado 7000 Jednor\u00e1zov\u00e1 vape Vlastnosti<\/b><\/h2>\n<ul>\n<li>0\/2\/3\/5% Nikotinov\u00e1 s\u016fl<\/li>\n<li>14ML E-liquidu<\/li>\n<li>7000 puf\u016f na za\u0159\u00edzen\u00ed<\/li>\n<li>\u0158\u00edzen\u00ed pr\u016ftoku vzduchu<\/li>\n<li>Typ C Recgarge<\/li>\n<li>Nab\u00edjec\u00ed baterie<\/li>\n<li>Integrovan\u00e1 baterie 850 mAh<\/li>\n<li>52 dostupn\u00fdch p\u0159\u00edchut\u00ed<\/li>\n<li>10ks ve stoj\u00e1nku<\/li>\n<li>240ks v kartonu\/ 17kg<\/li>\n<li>velikost kartonu: 46,2*26,9*30,6 CM<\/li>\n<\/ul>\n<h2><b data-stringify-type=\"bold\">Dostupn\u00e9 p\u0159\u00edchut\u011b<\/b><\/h2>\n<p>1.Cool Mint<br \/>\n2.Lush Ice<br \/>\n3.Tangerine ice<br \/>\n4.Strawberry Donut<br \/>\n5.Gumov\u00fd medv\u00eddek<br \/>\n6.Blueberry On Ice<br \/>\n7.Mango na ledu<br \/>\n8.Peach Ice<br \/>\n9.Ban\u00e1nov\u00fd led<br \/>\n10.Hroznov\u00fd led<br \/>\n11.R\u016f\u017eov\u00e1 limon\u00e1da<br \/>\n12.Pina Colada Rum<br \/>\n13.Sm\u00ed\u0161en\u00e9 bobule<br \/>\n14.Ban\u00e1nov\u00fd ml\u00e9\u010dn\u00fd koktejl<br \/>\n15.Stawberry Watermelon<br \/>\n16.Red Apple Lemon<br \/>\n17.Ananasov\u00fd led<br \/>\n18.Cotton Candy<br \/>\n19.Jahodov\u00fd ban\u00e1n<br \/>\n20.Jahodov\u00fd led<br \/>\n21.Strawberry Kiwi<br \/>\n22.\u010cerven\u00fd energetick\u00fd led<br \/>\n23.Modr\u00e1 limon\u00e1da Razz<br \/>\n24.\u010cerven\u00fd jable\u010dn\u00fd led<br \/>\n25.Bobulov\u00e1 limon\u00e1da<br \/>\n26.Blueberry bubblegum<br \/>\n27.Bluesour malina<br \/>\n28.Pan modr\u00fd<br \/>\n29.Jablko broskev hru\u0161ka<br \/>\n30.Blueberry gran\u00e1tov\u00e9 jablko<br \/>\n31.Vimto<br \/>\n32.Kiwi mu\u010denka guava<br \/>\n33.Cola<br \/>\n34.Kysel\u00e9 jablko<br \/>\n35.Blackcurrant menthol<br \/>\n36.Tyg\u0159\u00ed krev<br \/>\n37.Broskvov\u00e9 bonbony s bor\u016fvkami<br \/>\n38.Broskvov\u00e9 mango<br \/>\n39.Strawberry Red Bull<br \/>\n40.Blackcurrant Ice<br \/>\n41.Jahodov\u00e1 melounov\u00e1 limon\u00e1da<br \/>\n42.Cherry<br \/>\n43.Blue Razz Cherry<br \/>\n44.Ku\u017eelky<br \/>\n45.Bor\u016fvka malina<br \/>\n46. Hrozny jahodn\u00edku<br \/>\n47. Bor\u016fvka T\u0159e\u0161e\u0148 Brusinka<br \/>\n48.Apple Berry blast<br \/>\n49.Cherry Cola<br \/>\n50.Lemon&amp;Lime<br \/>\n51. Pink Burst<br \/>\n52. Pacific Cooler<\/p>\n<h2><strong>Balen\u00ed<\/strong><\/h2>\n<p>240 ks\/karton, 17 kg<\/p>\n<p><img loading=\"lazy\" decoding=\"async\" class=\"alignnone size-full wp-image-12769\" title=\"RandM Tornado 7000 dob\u00edjec\u00ed Airflow Control jednor\u00e1zov\u00fd Vape velkoobchod\" src=\"https:\/\/www.vape4wholesale.com\/wp-content\/uploads\/2022\/07\/RandM-Tornado-7000-Rechargeable-Airflow-Control-Disposable-Vape-Wholesale.jpg\" alt=\"RandM Tornado 7000 dob\u00edjec\u00ed Airflow Control jednor\u00e1zov\u00fd Vape velkoobchod\" width=\"800\" height=\"684\" srcset=\"https:\/\/www.vape4wholesale.com\/wp-content\/uploads\/2022\/07\/RandM-Tornado-7000-Rechargeable-Airflow-Control-Disposable-Vape-Wholesale.jpg 800w, https:\/\/www.vape4wholesale.com\/wp-content\/uploads\/2022\/07\/RandM-Tornado-7000-Rechargeable-Airflow-Control-Disposable-Vape-Wholesale-510x436.jpg 510w\" sizes=\"auto, (max-width: 800px) 100vw, 800px\" \/> <img loading=\"lazy\" decoding=\"async\" class=\"alignnone size-full wp-image-12770\" title=\"RandM Tornado 7000 Jednor\u00e1zov\u00e9 velkoobchodn\u00ed vape Jahodov\u00e9 p\u0159\u00edchut\u011b Donut\" src=\"https:\/\/www.vape4wholesale.com\/wp-content\/uploads\/2022\/07\/RandM-Tornado-7000-Disposable-Vape-Wholesale-Strawberry-Donut-Flavors.jpg\" alt=\"RandM Tornado 7000 Jednor\u00e1zov\u00e9 velkoobchodn\u00ed vape Jahodov\u00e9 p\u0159\u00edchut\u011b Donut\" width=\"800\" height=\"800\" srcset=\"https:\/\/www.vape4wholesale.com\/wp-content\/uploads\/2022\/07\/RandM-Tornado-7000-Disposable-Vape-Wholesale-Strawberry-Donut-Flavors.jpg 800w, https:\/\/www.vape4wholesale.com\/wp-content\/uploads\/2022\/07\/RandM-Tornado-7000-Disposable-Vape-Wholesale-Strawberry-Donut-Flavors-247x247.jpg 247w, https:\/\/www.vape4wholesale.com\/wp-content\/uploads\/2022\/07\/RandM-Tornado-7000-Disposable-Vape-Wholesale-Strawberry-Donut-Flavors-100x100.jpg 100w, https:\/\/www.vape4wholesale.com\/wp-content\/uploads\/2022\/07\/RandM-Tornado-7000-Disposable-Vape-Wholesale-Strawberry-Donut-Flavors-510x510.jpg 510w, https:\/\/www.vape4wholesale.com\/wp-content\/uploads\/2022\/07\/RandM-Tornado-7000-Disposable-Vape-Wholesale-Strawberry-Donut-Flavors-64x64.jpg 64w, https:\/\/www.vape4wholesale.com\/wp-content\/uploads\/2022\/07\/RandM-Tornado-7000-Disposable-Vape-Wholesale-Strawberry-Donut-Flavors-300x300.jpg 300w, https:\/\/www.vape4wholesale.com\/wp-content\/uploads\/2022\/07\/RandM-Tornado-7000-Disposable-Vape-Wholesale-Strawberry-Donut-Flavors-150x150.jpg 150w, https:\/\/www.vape4wholesale.com\/wp-content\/uploads\/2022\/07\/RandM-Tornado-7000-Disposable-Vape-Wholesale-Strawberry-Donut-Flavors-768x768.jpg 768w\" sizes=\"auto, (max-width: 800px) 100vw, 800px\" \/> <img loading=\"lazy\" decoding=\"async\" class=\"alignnone size-full wp-image-12771\" title=\"RandM Tornado 7000 Jednor\u00e1zov\u00e9 Vape Velkoobchod Jahodov\u00e9 ledov\u00e9 p\u0159\u00edchut\u011b\" src=\"https:\/\/www.vape4wholesale.com\/wp-content\/uploads\/2022\/07\/RandM-Tornado-7000-Disposable-Vape-Wholesale-Strawberry-ice-Flavors.jpg\" alt=\"RandM Tornado 7000 Jednor\u00e1zov\u00e9 Vape Velkoobchod Jahodov\u00e9 ledov\u00e9 p\u0159\u00edchut\u011b\" width=\"800\" height=\"800\" srcset=\"https:\/\/www.vape4wholesale.com\/wp-content\/uploads\/2022\/07\/RandM-Tornado-7000-Disposable-Vape-Wholesale-Strawberry-ice-Flavors.jpg 800w, https:\/\/www.vape4wholesale.com\/wp-content\/uploads\/2022\/07\/RandM-Tornado-7000-Disposable-Vape-Wholesale-Strawberry-ice-Flavors-247x247.jpg 247w, https:\/\/www.vape4wholesale.com\/wp-content\/uploads\/2022\/07\/RandM-Tornado-7000-Disposable-Vape-Wholesale-Strawberry-ice-Flavors-100x100.jpg 100w, https:\/\/www.vape4wholesale.com\/wp-content\/uploads\/2022\/07\/RandM-Tornado-7000-Disposable-Vape-Wholesale-Strawberry-ice-Flavors-510x510.jpg 510w, https:\/\/www.vape4wholesale.com\/wp-content\/uploads\/2022\/07\/RandM-Tornado-7000-Disposable-Vape-Wholesale-Strawberry-ice-Flavors-64x64.jpg 64w, https:\/\/www.vape4wholesale.com\/wp-content\/uploads\/2022\/07\/RandM-Tornado-7000-Disposable-Vape-Wholesale-Strawberry-ice-Flavors-300x300.jpg 300w, https:\/\/www.vape4wholesale.com\/wp-content\/uploads\/2022\/07\/RandM-Tornado-7000-Disposable-Vape-Wholesale-Strawberry-ice-Flavors-150x150.jpg 150w, https:\/\/www.vape4wholesale.com\/wp-content\/uploads\/2022\/07\/RandM-Tornado-7000-Disposable-Vape-Wholesale-Strawberry-ice-Flavors-768x768.jpg 768w\" sizes=\"auto, (max-width: 800px) 100vw, 800px\" \/> <img loading=\"lazy\" decoding=\"async\" class=\"alignnone size-full wp-image-12772\" title=\"RandM Tornado 7000 Jednor\u00e1zov\u00e9 Vape Velkoobchod Jahoda Meloun P\u0159\u00edchut\u011b\" src=\"https:\/\/www.vape4wholesale.com\/wp-content\/uploads\/2022\/07\/RandM-Tornado-7000-Disposable-Vape-Wholesale-Strawberry-Watermelon-Flavors.jpg\" alt=\"RandM Tornado 7000 Jednor\u00e1zov\u00e9 Vape Velkoobchod Jahoda Meloun P\u0159\u00edchut\u011b\" width=\"800\" height=\"800\" srcset=\"https:\/\/www.vape4wholesale.com\/wp-content\/uploads\/2022\/07\/RandM-Tornado-7000-Disposable-Vape-Wholesale-Strawberry-Watermelon-Flavors.jpg 800w, https:\/\/www.vape4wholesale.com\/wp-content\/uploads\/2022\/07\/RandM-Tornado-7000-Disposable-Vape-Wholesale-Strawberry-Watermelon-Flavors-247x247.jpg 247w, https:\/\/www.vape4wholesale.com\/wp-content\/uploads\/2022\/07\/RandM-Tornado-7000-Disposable-Vape-Wholesale-Strawberry-Watermelon-Flavors-100x100.jpg 100w, https:\/\/www.vape4wholesale.com\/wp-content\/uploads\/2022\/07\/RandM-Tornado-7000-Disposable-Vape-Wholesale-Strawberry-Watermelon-Flavors-510x510.jpg 510w, https:\/\/www.vape4wholesale.com\/wp-content\/uploads\/2022\/07\/RandM-Tornado-7000-Disposable-Vape-Wholesale-Strawberry-Watermelon-Flavors-64x64.jpg 64w, https:\/\/www.vape4wholesale.com\/wp-content\/uploads\/2022\/07\/RandM-Tornado-7000-Disposable-Vape-Wholesale-Strawberry-Watermelon-Flavors-300x300.jpg 300w, https:\/\/www.vape4wholesale.com\/wp-content\/uploads\/2022\/07\/RandM-Tornado-7000-Disposable-Vape-Wholesale-Strawberry-Watermelon-Flavors-150x150.jpg 150w, https:\/\/www.vape4wholesale.com\/wp-content\/uploads\/2022\/07\/RandM-Tornado-7000-Disposable-Vape-Wholesale-Strawberry-Watermelon-Flavors-768x768.jpg 768w\" sizes=\"auto, (max-width: 800px) 100vw, 800px\" \/> <img loading=\"lazy\" decoding=\"async\" class=\"alignnone size-full wp-image-12773\" title=\"RandM Tornado 7000 Jednor\u00e1zov\u00e9 velkoobchodn\u00ed vape Tangerine Ice Flavors\" src=\"https:\/\/www.vape4wholesale.com\/wp-content\/uploads\/2022\/07\/RandM-Tornado-7000-Disposable-Vape-Wholesale-Tangerine-Ice-Flavors.jpg\" alt=\"RandM Tornado 7000 Jednor\u00e1zov\u00e9 velkoobchodn\u00ed vape Tangerine Ice Flavors\" width=\"800\" height=\"800\" srcset=\"https:\/\/www.vape4wholesale.com\/wp-content\/uploads\/2022\/07\/RandM-Tornado-7000-Disposable-Vape-Wholesale-Tangerine-Ice-Flavors.jpg 800w, https:\/\/www.vape4wholesale.com\/wp-content\/uploads\/2022\/07\/RandM-Tornado-7000-Disposable-Vape-Wholesale-Tangerine-Ice-Flavors-247x247.jpg 247w, https:\/\/www.vape4wholesale.com\/wp-content\/uploads\/2022\/07\/RandM-Tornado-7000-Disposable-Vape-Wholesale-Tangerine-Ice-Flavors-100x100.jpg 100w, https:\/\/www.vape4wholesale.com\/wp-content\/uploads\/2022\/07\/RandM-Tornado-7000-Disposable-Vape-Wholesale-Tangerine-Ice-Flavors-510x510.jpg 510w\" sizes=\"auto, (max-width: 800px) 100vw, 800px\" \/> <img loading=\"lazy\" decoding=\"async\" class=\"alignnone size-full wp-image-12774\" title=\"RandM Tornado 7000 dob\u00edjec\u00ed Airflow Control jednor\u00e1zov\u00e9 Vape velkoobchod 3 p\u0159\u00edchut\u011b\" src=\"https:\/\/www.vape4wholesale.com\/wp-content\/uploads\/2022\/07\/RandM-Tornado-7000-Rechargeable-Airflow-Control-Disposable-Vape-Wholesale-3-Flavors.jpg\" alt=\"RandM Tornado 7000 dob\u00edjec\u00ed Airflow Control jednor\u00e1zov\u00e9 Vape velkoobchod 3 p\u0159\u00edchut\u011b\" width=\"800\" height=\"800\" srcset=\"https:\/\/www.vape4wholesale.com\/wp-content\/uploads\/2022\/07\/RandM-Tornado-7000-Rechargeable-Airflow-Control-Disposable-Vape-Wholesale-3-Flavors.jpg 800w, https:\/\/www.vape4wholesale.com\/wp-content\/uploads\/2022\/07\/RandM-Tornado-7000-Rechargeable-Airflow-Control-Disposable-Vape-Wholesale-3-Flavors-247x247.jpg 247w, https:\/\/www.vape4wholesale.com\/wp-content\/uploads\/2022\/07\/RandM-Tornado-7000-Rechargeable-Airflow-Control-Disposable-Vape-Wholesale-3-Flavors-100x100.jpg 100w, https:\/\/www.vape4wholesale.com\/wp-content\/uploads\/2022\/07\/RandM-Tornado-7000-Rechargeable-Airflow-Control-Disposable-Vape-Wholesale-3-Flavors-510x510.jpg 510w, https:\/\/www.vape4wholesale.com\/wp-content\/uploads\/2022\/07\/RandM-Tornado-7000-Rechargeable-Airflow-Control-Disposable-Vape-Wholesale-3-Flavors-64x64.jpg 64w, https:\/\/www.vape4wholesale.com\/wp-content\/uploads\/2022\/07\/RandM-Tornado-7000-Rechargeable-Airflow-Control-Disposable-Vape-Wholesale-3-Flavors-300x300.jpg 300w, https:\/\/www.vape4wholesale.com\/wp-content\/uploads\/2022\/07\/RandM-Tornado-7000-Rechargeable-Airflow-Control-Disposable-Vape-Wholesale-3-Flavors-150x150.jpg 150w, https:\/\/www.vape4wholesale.com\/wp-content\/uploads\/2022\/07\/RandM-Tornado-7000-Rechargeable-Airflow-Control-Disposable-Vape-Wholesale-3-Flavors-768x768.jpg 768w\" sizes=\"auto, (max-width: 800px) 100vw, 800px\" \/> <img loading=\"lazy\" decoding=\"async\" class=\"alignnone size-full wp-image-12775\" title=\"RandM Tornado 7000 dob\u00edjec\u00ed Airflow Control jednor\u00e1zov\u00e9 Vape velkoobchod 20 p\u0159\u00edchut\u00ed\" src=\"https:\/\/www.vape4wholesale.com\/wp-content\/uploads\/2022\/07\/RandM-Tornado-7000-Rechargeable-Airflow-Control-Disposable-Vape-Wholesale-20-Flavors.jpg\" alt=\"RandM Tornado 7000 dob\u00edjec\u00ed Airflow Control jednor\u00e1zov\u00e9 Vape velkoobchod 20 p\u0159\u00edchut\u00ed\" width=\"800\" height=\"800\" srcset=\"https:\/\/www.vape4wholesale.com\/wp-content\/uploads\/2022\/07\/RandM-Tornado-7000-Rechargeable-Airflow-Control-Disposable-Vape-Wholesale-20-Flavors.jpg 800w, https:\/\/www.vape4wholesale.com\/wp-content\/uploads\/2022\/07\/RandM-Tornado-7000-Rechargeable-Airflow-Control-Disposable-Vape-Wholesale-20-Flavors-247x247.jpg 247w, https:\/\/www.vape4wholesale.com\/wp-content\/uploads\/2022\/07\/RandM-Tornado-7000-Rechargeable-Airflow-Control-Disposable-Vape-Wholesale-20-Flavors-100x100.jpg 100w, https:\/\/www.vape4wholesale.com\/wp-content\/uploads\/2022\/07\/RandM-Tornado-7000-Rechargeable-Airflow-Control-Disposable-Vape-Wholesale-20-Flavors-510x510.jpg 510w, https:\/\/www.vape4wholesale.com\/wp-content\/uploads\/2022\/07\/RandM-Tornado-7000-Rechargeable-Airflow-Control-Disposable-Vape-Wholesale-20-Flavors-64x64.jpg 64w, https:\/\/www.vape4wholesale.com\/wp-content\/uploads\/2022\/07\/RandM-Tornado-7000-Rechargeable-Airflow-Control-Disposable-Vape-Wholesale-20-Flavors-300x300.jpg 300w, https:\/\/www.vape4wholesale.com\/wp-content\/uploads\/2022\/07\/RandM-Tornado-7000-Rechargeable-Airflow-Control-Disposable-Vape-Wholesale-20-Flavors-150x150.jpg 150w, https:\/\/www.vape4wholesale.com\/wp-content\/uploads\/2022\/07\/RandM-Tornado-7000-Rechargeable-Airflow-Control-Disposable-Vape-Wholesale-20-Flavors-768x768.jpg 768w\" sizes=\"auto, (max-width: 800px) 100vw, 800px\" \/> <img loading=\"lazy\" decoding=\"async\" class=\"alignnone size-full wp-image-12776\" title=\"RandM Tornado 7000 dob\u00edjec\u00ed Airflow Control jednor\u00e1zov\u00e9 Vape velkoobchodn\u00ed p\u0159\u00edchut\u011b\" src=\"https:\/\/www.vape4wholesale.com\/wp-content\/uploads\/2022\/07\/RandM-Tornado-7000-Rechargeable-Airflow-Control-Disposable-Vape-Wholesale-Flavors.jpg\" alt=\"RandM Tornado 7000 dob\u00edjec\u00ed Airflow Control jednor\u00e1zov\u00e9 Vape velkoobchodn\u00ed p\u0159\u00edchut\u011b\" width=\"800\" height=\"450\" srcset=\"https:\/\/www.vape4wholesale.com\/wp-content\/uploads\/2022\/07\/RandM-Tornado-7000-Rechargeable-Airflow-Control-Disposable-Vape-Wholesale-Flavors.jpg 800w, https:\/\/www.vape4wholesale.com\/wp-content\/uploads\/2022\/07\/RandM-Tornado-7000-Rechargeable-Airflow-Control-Disposable-Vape-Wholesale-Flavors-510x287.jpg 510w, https:\/\/www.vape4wholesale.com\/wp-content\/uploads\/2022\/07\/RandM-Tornado-7000-Rechargeable-Airflow-Control-Disposable-Vape-Wholesale-Flavors-64x36.jpg 64w, https:\/\/www.vape4wholesale.com\/wp-content\/uploads\/2022\/07\/RandM-Tornado-7000-Rechargeable-Airflow-Control-Disposable-Vape-Wholesale-Flavors-300x169.jpg 300w, https:\/\/www.vape4wholesale.com\/wp-content\/uploads\/2022\/07\/RandM-Tornado-7000-Rechargeable-Airflow-Control-Disposable-Vape-Wholesale-Flavors-768x432.jpg 768w\" sizes=\"auto, (max-width: 800px) 100vw, 800px\" \/> <img loading=\"lazy\" decoding=\"async\" class=\"alignnone size-full wp-image-12777\" title=\"RandM Tornado 7000 Jednor\u00e1zov\u00e9 Vape Velkoobchod Jahodov\u00e9 ban\u00e1nov\u00e9 p\u0159\u00edchut\u011b\" src=\"https:\/\/www.vape4wholesale.com\/wp-content\/uploads\/2022\/07\/RandM-Tornado-7000-Disposable-Vape-Wholesale-Strawberry-Banana-Flavors.jpg\" alt=\"RandM Tornado 7000 Jednor\u00e1zov\u00e9 Vape Velkoobchod Jahodov\u00e9 ban\u00e1nov\u00e9 p\u0159\u00edchut\u011b\" width=\"800\" height=\"800\" srcset=\"https:\/\/www.vape4wholesale.com\/wp-content\/uploads\/2022\/07\/RandM-Tornado-7000-Disposable-Vape-Wholesale-Strawberry-Banana-Flavors.jpg 800w, https:\/\/www.vape4wholesale.com\/wp-content\/uploads\/2022\/07\/RandM-Tornado-7000-Disposable-Vape-Wholesale-Strawberry-Banana-Flavors-247x247.jpg 247w, https:\/\/www.vape4wholesale.com\/wp-content\/uploads\/2022\/07\/RandM-Tornado-7000-Disposable-Vape-Wholesale-Strawberry-Banana-Flavors-100x100.jpg 100w, https:\/\/www.vape4wholesale.com\/wp-content\/uploads\/2022\/07\/RandM-Tornado-7000-Disposable-Vape-Wholesale-Strawberry-Banana-Flavors-510x510.jpg 510w, https:\/\/www.vape4wholesale.com\/wp-content\/uploads\/2022\/07\/RandM-Tornado-7000-Disposable-Vape-Wholesale-Strawberry-Banana-Flavors-64x64.jpg 64w, https:\/\/www.vape4wholesale.com\/wp-content\/uploads\/2022\/07\/RandM-Tornado-7000-Disposable-Vape-Wholesale-Strawberry-Banana-Flavors-300x300.jpg 300w, https:\/\/www.vape4wholesale.com\/wp-content\/uploads\/2022\/07\/RandM-Tornado-7000-Disposable-Vape-Wholesale-Strawberry-Banana-Flavors-150x150.jpg 150w, https:\/\/www.vape4wholesale.com\/wp-content\/uploads\/2022\/07\/RandM-Tornado-7000-Disposable-Vape-Wholesale-Strawberry-Banana-Flavors-768x768.jpg 768w\" sizes=\"auto, (max-width: 800px) 100vw, 800px\" \/><\/p>","protected":false},"excerpt":{"rendered":"[scf-template id=&#8217;11434&#8242;]\n<table class=\"woocommerce-product-attributes shop_attributes\" aria-label=\"Podrobnosti o produktu\" data-no-translation-aria-label=\"\">\n\t\t\t<tr class=\"woocommerce-product-attributes-item woocommerce-product-attributes-item--weight\">\n\t\t\t<th class=\"woocommerce-product-attributes-item__label\" scope=\"row\" data-no-translation=\"\" data-trp-gettext=\"\">Hmotnost<\/th>\n\t\t\t<td class=\"woocommerce-product-attributes-item__value\">0.075 kg<\/td>\n\t\t<\/tr>\n\t<\/table>","protected":false},"featured_media":12769,"comment_status":"open","ping_status":"closed","template":"","meta":[],"pwb-brand":[1270],"product_cat":[869],"product_tag":[22,24,177,178,180],"class_list":{"0":"post-1852","1":"product","2":"type-product","3":"status-publish","4":"has-post-thumbnail","6":"pwb-brand-randm","7":"product_cat-5000-8000-puffs","8":"product_tag-disposable","9":"product_tag-wholesale","10":"product_tag-14-0ml","11":"product_tag-7000-puffs","12":"product_tag-randm-tornado","13":"wcpa_has_options","15":"first","16":"outofstock","17":"shipping-taxable","18":"purchasable","19":"product-type-variable","20":"has-default-attributes"},"aioseo_notices":[],"brands":[{"id":1270,"name":"Randm","slug":"randm"}],"_links":{"self":[{"href":"https:\/\/www.vape4wholesale.com\/cs\/wp-json\/wp\/v2\/product\/1852","targetHints":{"allow":["GET"]}}],"collection":[{"href":"https:\/\/www.vape4wholesale.com\/cs\/wp-json\/wp\/v2\/product"}],"about":[{"href":"https:\/\/www.vape4wholesale.com\/cs\/wp-json\/wp\/v2\/types\/product"}],"replies":[{"embeddable":true,"href":"https:\/\/www.vape4wholesale.com\/cs\/wp-json\/wp\/v2\/comments?post=1852"}],"wp:featuredmedia":[{"embeddable":true,"href":"https:\/\/www.vape4wholesale.com\/cs\/wp-json\/wp\/v2\/media\/12769"}],"wp:attachment":[{"href":"https:\/\/www.vape4wholesale.com\/cs\/wp-json\/wp\/v2\/media?parent=1852"}],"wp:term":[{"taxonomy":"pwb-brand","embeddable":true,"href":"https:\/\/www.vape4wholesale.com\/cs\/wp-json\/wp\/v2\/pwb-brand?post=1852"},{"taxonomy":"product_cat","embeddable":true,"href":"https:\/\/www.vape4wholesale.com\/cs\/wp-json\/wp\/v2\/product_cat?post=1852"},{"taxonomy":"product_tag","embeddable":true,"href":"https:\/\/www.vape4wholesale.com\/cs\/wp-json\/wp\/v2\/product_tag?post=1852"}],"curies":[{"name":"wp","href":"https:\/\/api.w.org\/{rel}","templated":true}]}}