{"id":18450,"date":"2024-12-22T12:10:02","date_gmt":"2024-12-22T04:10:02","guid":{"rendered":"https:\/\/www.vape4wholesale.com\/?post_type=product&#038;p=18450"},"modified":"2026-01-29T05:32:28","modified_gmt":"2026-01-29T05:32:28","slug":"waspe-aiviou-25000-puffs-jednorazovy-vape-velkoobchod","status":"publish","type":"product","link":"https:\/\/www.vape4wholesale.com\/cs\/product\/waspe-aiviou-25000-puffs-disposable-vape-wholesale","title":{"rendered":"WASPE Aiviou 25000 Puffs Jednor\u00e1zov\u00fd velkoobchod Vape"},"content":{"rendered":"<p>Na str\u00e1nk\u00e1ch <strong><a title=\"WASPE\" href=\"https:\/\/www.vape4wholesale.com\/cs\/product_brand\/waspe\/\">WASPE<\/a> Aiviou 25000 Jednor\u00e1zov\u00e9 vape<\/strong> je dod\u00e1v\u00e1n s 25 ml p\u0159edpln\u011bn\u00e9 e-d\u017eusov\u00e9 n\u00e1pln\u011b a vydr\u017e\u00ed a\u017e 25 000 potah\u016f. Vestav\u011bn\u00fd klasick\u00fd displej je nefunk\u010dn\u00ed a u\u017eite\u010dn\u00fd a pro jistotu v\u00e1m p\u0159ipomene, \u017ee je t\u0159eba vape nab\u00edt. Du\u00e1ln\u00ed mesh spir\u00e1lky zt\u011bles\u0148uj\u00ed modern\u00ed technologie a tento vape samoz\u0159ejm\u011b podporuje obl\u00edben\u00fd re\u017eim Boost. Pro zodpov\u011bdn\u00e9 pou\u017e\u00edv\u00e1n\u00ed je zde tak\u00e9 d\u011btsk\u00e1 pojistka, kter\u00e1 zabr\u00e1n\u00ed pou\u017e\u00edv\u00e1n\u00ed nezletil\u00fdmi, a WASPE 25000 nab\u00edz\u00ed dostate\u010dn\u00fd sac\u00ed v\u00fdkon a dobrou chu\u0165 bez zbyte\u010dn\u00fdch p\u0159\u00edkras.<\/p>\n<p>WASPE Aiviou 25000 25K Puffs je vybaven displejem LCD, co\u017e je pokro\u010dil\u00e9 vapovac\u00ed za\u0159\u00edzen\u00ed navr\u017een\u00e9 pro vynikaj\u00edc\u00ed v\u00fdkon a pohodl\u00ed. Tento jednor\u00e1zov\u00fd vape m\u00e1 velkou kapacitu a\u017e 25 000 potah\u016f, kter\u00e1 zaji\u0161\u0165uje dlouhodob\u00e9 pou\u017e\u00edv\u00e1n\u00ed a spokojenost.<\/p>\n<p>WASPE Aiviou 25000 m\u00e1 velkou kapacitu 25 ml e-liquidu a je k dispozici v nikotinov\u00fdch variant\u00e1ch 0%, 2% a 5%, kter\u00e9 vyhovuj\u00ed r\u016fzn\u00fdm preferenc\u00edm. P\u0159\u00edstroj je vybaven spir\u00e1lkami s dvojitou s\u00ed\u0165kou, kter\u00e9 zvy\u0161uj\u00ed produkci p\u00e1ry a pod\u00e1n\u00ed chuti pro hladk\u00fd a p\u0159\u00edjemn\u00fd z\u00e1\u017eitek z vapov\u00e1n\u00ed.<\/p>\n<p>Za\u0159\u00edzen\u00ed WASPE Aiviou 25000 je navr\u017eeno tak, aby se snadno pou\u017e\u00edvalo, m\u00e1 displej LCD, kter\u00fd poskytuje podrobn\u00e9 informace na prvn\u00ed pohled, a nab\u00edjec\u00ed port typu C, kter\u00fd zaji\u0161\u0165uje rychl\u00e9 a efektivn\u00ed nab\u00edjen\u00ed, aby se minimalizovaly prostoje. D\u00edky kapacit\u011b baterie 650 mAh poskytuje tento model spolehliv\u00e9 nap\u00e1jen\u00ed po dlouhou dobu pou\u017e\u00edv\u00e1n\u00ed.<\/p>\n<p>Jednor\u00e1zov\u00e1 vape WASPE Aiviou 25000 25K Puffs Original Edition s LCD displejem je dokonalou kombinac\u00ed inovace a kvality. A\u0165 u\u017e jste za\u010d\u00e1te\u010dn\u00edk, nebo zku\u0161en\u00fd vaper, WASPE v\u00e1m zaru\u010d\u00ed kvalitn\u00ed vapov\u00e1n\u00ed, kter\u00e9 spln\u00ed va\u0161e o\u010dek\u00e1v\u00e1n\u00ed.<\/p>\n<p>&nbsp;<\/p>\n<h2>WASPE Aiviou 25000 25K Jednor\u00e1zov\u00e9 Vape Rychl\u00e9 detaily<\/h2>\n<ul>\n<li>Vestav\u011bn\u00e1 dob\u00edjec\u00ed baterie s kapacitou 650 mAh<\/li>\n<li>P\u0159edpln\u011bn\u00e9 25 ml e-d\u017eus\u016f<\/li>\n<li>Konstrukce spir\u00e1lky Dual Mesh se 2 re\u017eimy vapingu: Re\u017eim ECO\/Boost<\/li>\n<li>Digit\u00e1ln\u00ed displej zobrazuje re\u017eim, v\u00fddr\u017e baterie a objem e-d\u017eus\u016f.<\/li>\n<li>Puffs podporuje. 25000 port\u016f<\/li>\n<li>D\u011btsk\u00fd z\u00e1mek<\/li>\n<li>5% (50 mg) koncentrace nikotinu<\/li>\n<li>Nab\u00edjen\u00ed p\u0159es USB typu C<\/li>\n<\/ul>\n<h2>Dostupn\u00e9 p\u0159\u00edchut\u011b<\/h2>\n<ul>\n<li>1. Melounov\u00fd led<\/li>\n<li>2. Bor\u016fvka na ledu<\/li>\n<li>3. Jahodov\u00fd meloun<\/li>\n<li>4. Malinov\u00e1 limon\u00e1da s bor\u016fvkami<\/li>\n<li>5. T\u0159e\u0161\u0148ov\u00fd led<\/li>\n<li>6. Broskvov\u00fd meloun s mangem<\/li>\n<li>7. Sm\u00ed\u0161en\u00e9 bobule<\/li>\n<li>8. Broskvov\u00fd led<\/li>\n<li>9. Jahodov\u00e9 kiwi<\/li>\n<li>10. Hroznov\u00fd led<\/li>\n<\/ul>\n<h2>Podrobnosti o balen\u00ed<\/h2>\n<ul>\n<li>1 ks\/jedna krabi\u010dka<\/li>\n<li>10 kus\u016f\/display box<\/li>\n<li>200 ks v kartonu<\/li>\n<li>Ka\u017ed\u00fd karton 21 kg<\/li>\n<\/ul>\n<figure id=\"attachment_18476\" aria-describedby=\"caption-attachment-18476\" style=\"width: 800px\" class=\"wp-caption alignnone\"><img loading=\"lazy\" decoding=\"async\" class=\"wp-image-18476 size-full\" title=\"WASPE Aiviou 25000 Puffs Jednor\u00e1zov\u00fd velkoobchod Vape\" src=\"https:\/\/www.vape4wholesale.com\/wp-content\/uploads\/2024\/12\/WSAPE-Aiviou-25000-Puffs-Disposable-Vape-Wholesale.jpg\" alt=\"WASPE Aiviou 25000 Puffs Jednor\u00e1zov\u00fd velkoobchod Vape\" width=\"800\" height=\"800\" srcset=\"https:\/\/www.vape4wholesale.com\/wp-content\/uploads\/2024\/12\/WSAPE-Aiviou-25000-Puffs-Disposable-Vape-Wholesale.jpg 800w, https:\/\/www.vape4wholesale.com\/wp-content\/uploads\/2024\/12\/WSAPE-Aiviou-25000-Puffs-Disposable-Vape-Wholesale-247x247.jpg 247w, https:\/\/www.vape4wholesale.com\/wp-content\/uploads\/2024\/12\/WSAPE-Aiviou-25000-Puffs-Disposable-Vape-Wholesale-100x100.jpg 100w, https:\/\/www.vape4wholesale.com\/wp-content\/uploads\/2024\/12\/WSAPE-Aiviou-25000-Puffs-Disposable-Vape-Wholesale-510x510.jpg 510w, https:\/\/www.vape4wholesale.com\/wp-content\/uploads\/2024\/12\/WSAPE-Aiviou-25000-Puffs-Disposable-Vape-Wholesale-64x64.jpg 64w, https:\/\/www.vape4wholesale.com\/wp-content\/uploads\/2024\/12\/WSAPE-Aiviou-25000-Puffs-Disposable-Vape-Wholesale-300x300.jpg 300w, https:\/\/www.vape4wholesale.com\/wp-content\/uploads\/2024\/12\/WSAPE-Aiviou-25000-Puffs-Disposable-Vape-Wholesale-150x150.jpg 150w, https:\/\/www.vape4wholesale.com\/wp-content\/uploads\/2024\/12\/WSAPE-Aiviou-25000-Puffs-Disposable-Vape-Wholesale-768x768.jpg 768w, https:\/\/www.vape4wholesale.com\/wp-content\/uploads\/2024\/12\/WSAPE-Aiviou-25000-Puffs-Disposable-Vape-Wholesale-12x12.jpg 12w\" sizes=\"auto, (max-width: 800px) 100vw, 800px\" \/><figcaption id=\"caption-attachment-18476\" class=\"wp-caption-text\">WASPE Aiviou 25000 Puffs Jednor\u00e1zov\u00fd velkoobchod Vape<\/figcaption><\/figure>\n<h2>PRO\u010c MY?<\/h2>\r\n<ul>\r\n<li>Skute\u010dn\u00fd, d\u016fv\u011bryhodn\u00fd a profesion\u00e1ln\u00ed zdroj vape.<\/li>\r\n<li>100% Origin\u00e1ln\u00ed z\u00e1ruka: Odm\u00edt\u00e1me pad\u011blky.<\/li>\r\n<li>100% Z\u00e1ruka dod\u00e1n\u00ed: Pou\u017e\u00edv\u00e1me nejlep\u0161\u00ed zp\u016fsob dopravy, abychom zajistili, \u017ee objedn\u00e1vku 100% obdr\u017e\u00edte.<\/li>\r\n<li>Po odesl\u00e1n\u00ed v\u00e1m poskytneme sledovac\u00ed \u010d\u00edslo a p\u0159epravn\u00ed \u0161t\u00edtek a budeme pro v\u00e1s sledovat zbo\u017e\u00ed, dokud ho nepodep\u00ed\u0161ete.<\/li>\r\n<li>\u017d\u00e1dn\u00e9 celn\u00ed probl\u00e9my, \u017e\u00e1dn\u00e1 cla<\/li>\r\n<\/ul>","protected":false},"excerpt":{"rendered":"<div class=\"wsppc_div_block woocommerce_before_add_to_cart_form\">\r\n<p><strong><span style=\"color: #00a859;\">Vy\u010distit celnici<\/span> p\u0159ed dod\u00e1n\u00edm &amp; 100% Z\u00e1ruka doru\u010den\u00ed, doru\u010den\u00ed p\u0159ibli\u017en\u011b za 19\u201325 dn\u00ed.\u00a0<\/strong><\/p>\r\n<\/div>","protected":false},"featured_media":18476,"comment_status":"open","ping_status":"closed","template":"","meta":[],"pwb-brand":[1272],"product_cat":[873],"product_tag":[915,999,22,24,692],"class_list":{"0":"post-18450","1":"product","2":"type-product","3":"status-publish","4":"has-post-thumbnail","6":"pwb-brand-waspe","7":"product_cat-above-20k-puffs","8":"product_tag-25000-puffs","9":"product_tag-waspe","10":"product_tag-disposable","11":"product_tag-wholesale","12":"product_tag-25-0ml","13":"wcpa_has_options","15":"first","16":"outofstock","17":"shipping-taxable","18":"purchasable","19":"product-type-variable"},"aioseo_notices":[],"brands":[{"id":1272,"name":"Waspe","slug":"waspe"}],"_links":{"self":[{"href":"https:\/\/www.vape4wholesale.com\/cs\/wp-json\/wp\/v2\/product\/18450","targetHints":{"allow":["GET"]}}],"collection":[{"href":"https:\/\/www.vape4wholesale.com\/cs\/wp-json\/wp\/v2\/product"}],"about":[{"href":"https:\/\/www.vape4wholesale.com\/cs\/wp-json\/wp\/v2\/types\/product"}],"replies":[{"embeddable":true,"href":"https:\/\/www.vape4wholesale.com\/cs\/wp-json\/wp\/v2\/comments?post=18450"}],"wp:featuredmedia":[{"embeddable":true,"href":"https:\/\/www.vape4wholesale.com\/cs\/wp-json\/wp\/v2\/media\/18476"}],"wp:attachment":[{"href":"https:\/\/www.vape4wholesale.com\/cs\/wp-json\/wp\/v2\/media?parent=18450"}],"wp:term":[{"taxonomy":"pwb-brand","embeddable":true,"href":"https:\/\/www.vape4wholesale.com\/cs\/wp-json\/wp\/v2\/pwb-brand?post=18450"},{"taxonomy":"product_cat","embeddable":true,"href":"https:\/\/www.vape4wholesale.com\/cs\/wp-json\/wp\/v2\/product_cat?post=18450"},{"taxonomy":"product_tag","embeddable":true,"href":"https:\/\/www.vape4wholesale.com\/cs\/wp-json\/wp\/v2\/product_tag?post=18450"}],"curies":[{"name":"wp","href":"https:\/\/api.w.org\/{rel}","templated":true}]}}