{"id":18353,"date":"2024-12-19T14:43:33","date_gmt":"2024-12-19T06:43:33","guid":{"rendered":"https:\/\/www.vape4wholesale.com\/?post_type=product&#038;p=18353"},"modified":"2026-01-27T13:58:08","modified_gmt":"2026-01-27T13:58:08","slug":"bang-36000-puffs-smart-full-screen-jednorazovy-vape-velkoobchod","status":"publish","type":"product","link":"https:\/\/www.vape4wholesale.com\/cs\/product\/bang-36000-puffs-smart-full-screen-disposable-vape-wholesale","title":{"rendered":"Bang 36000 Puffs Smart Full Screen Jednor\u00e1zov\u00e9 Vape Velkoobchod"},"content":{"rendered":"<p><strong><a title=\"Bang\" href=\"https:\/\/www.vape4wholesale.com\/cs\/product_brand\/bang\/\">Bang<\/a> 36000 Puffs Smart p\u0159es celou obrazovku<\/strong> Disposable Vape je nejmodern\u011bj\u0161\u00ed za\u0159\u00edzen\u00ed ur\u010den\u00e9 pro vapery, kte\u0159\u00ed oce\u0148uj\u00ed inovace a kontrolu. Tento pokro\u010dil\u00fd vape s v\u00fddr\u017e\u00ed a\u017e 36 000 potah\u016f zaji\u0161\u0165uje dlouhodobou spokojenost a vynikaj\u00edc\u00ed v\u00fdkon.<\/p>\n<p>Toto za\u0159\u00edzen\u00ed poskytuje bezkonkuren\u010dn\u00ed z\u00e1\u017eitek z vapingu. uspokoj\u00ed \u0161irokou \u0161k\u00e1lu u\u017eivatel\u016f a nab\u00edz\u00ed mo\u017enosti jak pro milovn\u00edky nikotinu, tak pro ty, kte\u0159\u00ed hledaj\u00ed z\u00e1\u017eitek bez nikotinu.<\/p>\n<p>Bang 36000 je nap\u00e1jen 850mAh dob\u00edjec\u00ed bateri\u00ed s nab\u00edjen\u00edm typu C a zaji\u0161\u0165uje nep\u0159eru\u0161ovan\u00e9 vapov\u00e1n\u00ed. Jeho sn\u00edma\u010d otisk\u016f prst\u016f dod\u00e1v\u00e1 vrstvu zabezpe\u010den\u00ed a modern\u00ed funkce, tak\u017ee je osobn\u00ed a u\u017eivatelsky p\u0159\u00edv\u011btiv\u00fd.<\/p>\n<p>Toto za\u0159\u00edzen\u00ed je k dispozici v nikotinov\u00fdch stupn\u00edch 0%, 2%, 3% a 5% a nab\u00edz\u00ed 12 lahodn\u00fdch p\u0159\u00edchut\u00ed, tak\u017ee uspokoj\u00ed \u0161irokou \u0161k\u00e1lu chut\u00ed a nikotinov\u00fdch preferenc\u00ed.<\/p>\n<p>Objednejte si n\u00e1\u0161 \u0161irok\u00fd v\u00fdb\u011br 12 p\u0159\u00edchut\u00ed Bang 36000 Puffs Disposable Vape za nejlep\u0161\u00ed cenu a rychl\u00e9 dod\u00e1n\u00ed, sledujte. <a title=\"video z Bang 36K\" href=\"https:\/\/youtu.be\/o42OkKkQv0o?si=_WOO-oAe1LgSc6AM\" target=\"_blank\" rel=\"noopener\">video z Bang 36K<\/a><\/p>\n<h2>Bang 36000 Puffs jednor\u00e1zov\u00e9 Vape Rychl\u00e9 informace<\/h2>\n<ul>\n<li>S\u00edla nikotinu: 0\/2\/3\/5%<\/li>\n<li>PUFFS: a\u017e 36000<\/li>\n<li>Kapacita e-liquidu: 36ml<\/li>\n<li>Dvojit\u00e1 s\u00ed\u0165ov\u00e1 c\u00edvka<\/li>\n<li>LED displej pro zobrazen\u00ed stavu baterie a hladiny kapaliny<\/li>\n<li>Odpor: 1,0 ohm<\/li>\n<li>Kapacita baterie: 850 mAh dob\u00edjec\u00ed<\/li>\n<li>Typ n\u00e1boje: Typ C<\/li>\n<li>T\u011blesn\u00e1 hmotnost: 124,6 g<\/li>\n<\/ul>\n<h2>Dostupn\u00e9 p\u0159\u00edchut\u011b<\/h2>\n<ol>\n<li>Sm\u011bs ovoce<\/li>\n<li>Trojit\u00e9 bobule<\/li>\n<li>Broskvov\u00fd meloun Mango<\/li>\n<li>Bor\u016fvka malina<\/li>\n<li>Black Dragon Ice<\/li>\n<li>Hroznov\u00fd led<\/li>\n<li>Bor\u016fvkov\u00fd led<\/li>\n<li>Jahodov\u00fd meloun<\/li>\n<li>Jahodov\u00fd ban\u00e1n<\/li>\n<li>Jahodov\u00e9 kiwi<\/li>\n<li>Jahodov\u00e9 mango<\/li>\n<li>Melounov\u00fd led<\/li>\n<\/ol>\n<h2>Informace o balen\u00ed<\/h2>\n<ul>\n<li>124,6g\/jedin\u00fd vape<\/li>\n<li>10 kus\u016f \/ zobrazovac\u00ed box<\/li>\n<li>160 ks\/karton<\/li>\n<li>Hmotnost: 21,38 kg<\/li>\n<li>49,6*36*27,7 CM<\/li>\n<\/ul>\n<figure id=\"attachment_20325\" aria-describedby=\"caption-attachment-20325\" style=\"width: 800px\" class=\"wp-caption alignnone\"><img loading=\"lazy\" decoding=\"async\" class=\"size-full wp-image-20325\" title=\"Bang 36000 Puffs Smart Full Screen jednor\u00e1zov\u00e9 Vape Velkoobchod Jahoda Kiwi\" src=\"https:\/\/www.vape4wholesale.com\/wp-content\/uploads\/2024\/12\/Bang-36000-Puffs-Smart-Full-Screen-Disposable-Vape-Wholesale-Strawberry-Kiwi-1.webp\" alt=\"Bang 36000 Puffs Smart Full Screen jednor\u00e1zov\u00e9 Vape Velkoobchod Jahoda Kiwi\" width=\"800\" height=\"800\" srcset=\"https:\/\/www.vape4wholesale.com\/wp-content\/uploads\/2024\/12\/Bang-36000-Puffs-Smart-Full-Screen-Disposable-Vape-Wholesale-Strawberry-Kiwi-1.webp 800w, https:\/\/www.vape4wholesale.com\/wp-content\/uploads\/2024\/12\/Bang-36000-Puffs-Smart-Full-Screen-Disposable-Vape-Wholesale-Strawberry-Kiwi-1-247x247.webp 247w, https:\/\/www.vape4wholesale.com\/wp-content\/uploads\/2024\/12\/Bang-36000-Puffs-Smart-Full-Screen-Disposable-Vape-Wholesale-Strawberry-Kiwi-1-100x100.webp 100w, https:\/\/www.vape4wholesale.com\/wp-content\/uploads\/2024\/12\/Bang-36000-Puffs-Smart-Full-Screen-Disposable-Vape-Wholesale-Strawberry-Kiwi-1-510x510.webp 510w, https:\/\/www.vape4wholesale.com\/wp-content\/uploads\/2024\/12\/Bang-36000-Puffs-Smart-Full-Screen-Disposable-Vape-Wholesale-Strawberry-Kiwi-1-64x64.webp 64w, https:\/\/www.vape4wholesale.com\/wp-content\/uploads\/2024\/12\/Bang-36000-Puffs-Smart-Full-Screen-Disposable-Vape-Wholesale-Strawberry-Kiwi-1-300x300.webp 300w, https:\/\/www.vape4wholesale.com\/wp-content\/uploads\/2024\/12\/Bang-36000-Puffs-Smart-Full-Screen-Disposable-Vape-Wholesale-Strawberry-Kiwi-1-150x150.webp 150w, https:\/\/www.vape4wholesale.com\/wp-content\/uploads\/2024\/12\/Bang-36000-Puffs-Smart-Full-Screen-Disposable-Vape-Wholesale-Strawberry-Kiwi-1-768x768.webp 768w, https:\/\/www.vape4wholesale.com\/wp-content\/uploads\/2024\/12\/Bang-36000-Puffs-Smart-Full-Screen-Disposable-Vape-Wholesale-Strawberry-Kiwi-1-12x12.webp 12w\" sizes=\"auto, (max-width: 800px) 100vw, 800px\" \/><figcaption id=\"caption-attachment-20325\" class=\"wp-caption-text\">Bang 36000 Puffs Smart Full Screen Jednor\u00e1zov\u00e9 Vape Velkoobchod<\/figcaption><\/figure>\n<figure id=\"attachment_20330\" aria-describedby=\"caption-attachment-20330\" style=\"width: 1020px\" class=\"wp-caption alignnone\"><img loading=\"lazy\" decoding=\"async\" class=\"size-large wp-image-20330\" title=\"Bang 36000 Puffs Smart Full Screen jednor\u00e1zov\u00fd bal\u00ed\u010dek Vape\" src=\"https:\/\/www.vape4wholesale.com\/wp-content\/uploads\/2024\/12\/Bang-36000-Puffs-Smart-Full-Screen-Disposable-Vape-Package-1024x479.webp\" alt=\"Bang 36000 Puffs Smart Full Screen jednor\u00e1zov\u00fd bal\u00ed\u010dek Vape\" width=\"1020\" height=\"477\" srcset=\"https:\/\/www.vape4wholesale.com\/wp-content\/uploads\/2024\/12\/Bang-36000-Puffs-Smart-Full-Screen-Disposable-Vape-Package-1024x479.webp 1024w, https:\/\/www.vape4wholesale.com\/wp-content\/uploads\/2024\/12\/Bang-36000-Puffs-Smart-Full-Screen-Disposable-Vape-Package-510x238.webp 510w, https:\/\/www.vape4wholesale.com\/wp-content\/uploads\/2024\/12\/Bang-36000-Puffs-Smart-Full-Screen-Disposable-Vape-Package-64x30.webp 64w, https:\/\/www.vape4wholesale.com\/wp-content\/uploads\/2024\/12\/Bang-36000-Puffs-Smart-Full-Screen-Disposable-Vape-Package-300x140.webp 300w, https:\/\/www.vape4wholesale.com\/wp-content\/uploads\/2024\/12\/Bang-36000-Puffs-Smart-Full-Screen-Disposable-Vape-Package-768x359.webp 768w, https:\/\/www.vape4wholesale.com\/wp-content\/uploads\/2024\/12\/Bang-36000-Puffs-Smart-Full-Screen-Disposable-Vape-Package-18x8.webp 18w, https:\/\/www.vape4wholesale.com\/wp-content\/uploads\/2024\/12\/Bang-36000-Puffs-Smart-Full-Screen-Disposable-Vape-Package.webp 1200w\" sizes=\"auto, (max-width: 1020px) 100vw, 1020px\" \/><figcaption id=\"caption-attachment-20330\" class=\"wp-caption-text\">Bang 36000 Puffs Smart Full Screen jednor\u00e1zov\u00fd bal\u00ed\u010dek Vape<\/figcaption><\/figure>\n<h2>PRO\u010c MY?<\/h2>\r\n<ul>\r\n<li>Skute\u010dn\u00fd, d\u016fv\u011bryhodn\u00fd a profesion\u00e1ln\u00ed zdroj vape.<\/li>\r\n<li>100% Origin\u00e1ln\u00ed z\u00e1ruka: Odm\u00edt\u00e1me pad\u011blky.<\/li>\r\n<li>100% Z\u00e1ruka dod\u00e1n\u00ed: Pou\u017e\u00edv\u00e1me nejlep\u0161\u00ed zp\u016fsob dopravy, abychom zajistili, \u017ee objedn\u00e1vku 100% obdr\u017e\u00edte.<\/li>\r\n<li>Po odesl\u00e1n\u00ed v\u00e1m poskytneme sledovac\u00ed \u010d\u00edslo a p\u0159epravn\u00ed \u0161t\u00edtek a budeme pro v\u00e1s sledovat zbo\u017e\u00ed, dokud ho nepodep\u00ed\u0161ete.<\/li>\r\n<li>\u017d\u00e1dn\u00e9 celn\u00ed probl\u00e9my, \u017e\u00e1dn\u00e1 cla<\/li>\r\n<\/ul>","protected":false},"excerpt":{"rendered":"<div class=\"wsppc_div_block woocommerce_before_add_to_cart_form\">\r\n<p><strong><span style=\"color: #00a859;\">Clear customs<\/span> before delivery &amp; 100% Delivery Guarantee, Delivery in 19~25 days around.\u00a0<\/strong><\/p>\r\n<\/div>","protected":false},"featured_media":18382,"comment_status":"open","ping_status":"closed","template":"","meta":[],"pwb-brand":[1275],"product_cat":[873],"product_tag":[22,24,249,849,988],"class_list":{"0":"post-18353","1":"product","2":"type-product","3":"status-publish","4":"has-post-thumbnail","6":"pwb-brand-bang","7":"product_cat-above-20k-puffs","8":"product_tag-disposable","9":"product_tag-wholesale","10":"product_tag-bang","11":"product_tag-36-0ml","12":"product_tag-36000-puffs","13":"wcpa_has_options","15":"first","16":"instock","17":"shipping-taxable","18":"purchasable","19":"product-type-variable"},"aioseo_notices":[],"brands":[{"id":1275,"name":"Bang","slug":"bang"}],"_links":{"self":[{"href":"https:\/\/www.vape4wholesale.com\/cs\/wp-json\/wp\/v2\/product\/18353","targetHints":{"allow":["GET"]}}],"collection":[{"href":"https:\/\/www.vape4wholesale.com\/cs\/wp-json\/wp\/v2\/product"}],"about":[{"href":"https:\/\/www.vape4wholesale.com\/cs\/wp-json\/wp\/v2\/types\/product"}],"replies":[{"embeddable":true,"href":"https:\/\/www.vape4wholesale.com\/cs\/wp-json\/wp\/v2\/comments?post=18353"}],"wp:featuredmedia":[{"embeddable":true,"href":"https:\/\/www.vape4wholesale.com\/cs\/wp-json\/wp\/v2\/media\/18382"}],"wp:attachment":[{"href":"https:\/\/www.vape4wholesale.com\/cs\/wp-json\/wp\/v2\/media?parent=18353"}],"wp:term":[{"taxonomy":"pwb-brand","embeddable":true,"href":"https:\/\/www.vape4wholesale.com\/cs\/wp-json\/wp\/v2\/pwb-brand?post=18353"},{"taxonomy":"product_cat","embeddable":true,"href":"https:\/\/www.vape4wholesale.com\/cs\/wp-json\/wp\/v2\/product_cat?post=18353"},{"taxonomy":"product_tag","embeddable":true,"href":"https:\/\/www.vape4wholesale.com\/cs\/wp-json\/wp\/v2\/product_tag?post=18353"}],"curies":[{"name":"wp","href":"https:\/\/api.w.org\/{rel}","templated":true}]}}