{"id":17790,"date":"2024-12-03T00:11:35","date_gmt":"2024-12-02T16:11:35","guid":{"rendered":"https:\/\/www.vape4wholesale.com\/?post_type=product&#038;p=17790"},"modified":"2026-01-27T14:28:03","modified_gmt":"2026-01-27T14:28:03","slug":"bang-kingdom-rex-32000-puffs-jednorazove-vape-velkoobchod","status":"publish","type":"product","link":"https:\/\/www.vape4wholesale.com\/cs\/product\/bang-kingdom-rex-32000-puffs-disposable-vape-wholesale","title":{"rendered":"Bang Kingdom Rex 32000 Puffs Jednor\u00e1zov\u00e9 Vape Velkoobchod"},"content":{"rendered":"<p>na <a title=\"Bang\" href=\"https:\/\/www.vape4wholesale.com\/cs\/product_brand\/bang\/\">Bang<\/a> Kr\u00e1lovstv\u00ed Rex je velkoplo\u0161n\u00e1 dipozi\u010dn\u00ed vape, kter\u00e1 podporuje a\u017e 32000 Puffs, je vybavena dvojitou p\u0159\u00edchut\u00ed a dvojit\u00fdmi 16ml lusky s dvojit\u00fdmi s\u00ed\u0165ov\u00fdmi c\u00edvkami. <a title=\"bang King 25000\" href=\"https:\/\/www.vape4wholesale.com\/cs\/produkt\/bang-king-25000-jednorazovy-vape-velkoobchod\/\">bang King 25000<\/a> kter\u00e1 je jedn\u00edm z nejprod\u00e1van\u011bj\u0161\u00edch produkt\u016f zna\u010dky Bang.<\/p>\n<p>Bang Kingdom Rex 32K Du\u00e1ln\u00ed p\u0159\u00edchut\u011b Vybaven 650mAh bateri\u00ed s nab\u00edjec\u00edm portem typc-c Na v\u00fdb\u011br m\u00e1te 12 p\u0159\u00edchut\u00ed. P\u0159ep\u00ednejte mezi dv\u011bma p\u0159\u00edchut\u011bmi bez n\u00e1mahy, co\u017e v\u00e1m poskytne v\u0161estrann\u00fd a p\u0159\u00edjemn\u00fd z\u00e1\u017eitek z vapov\u00e1n\u00ed. Konstrukce Dual Mesh Zvy\u0161uje produkci p\u00e1ry a zv\u00fdraz\u0148uje chu\u0165, \u010d\u00edm\u017e poskytuje milovn\u00edk\u016fm e-cigaret uspokojiv\u011bj\u0161\u00ed a p\u0159\u00edjemn\u011bj\u0161\u00ed z\u00e1\u017eitek z kou\u0159en\u00ed.<\/p>\n<p>Hromadn\u011b objednejte n\u00e1\u0161 \u0161irok\u00fd v\u00fdb\u011br Bang Kingdoms Rex 32000 Puffs vape za nejlep\u0161\u00ed cenu a rychl\u00e9 dod\u00e1n\u00ed, jen na vape4wholesale.<\/p>\n<h2><strong>Bang Kingdom Rex 32000 Puffs Rychl\u00e9 informace<\/strong><\/h2>\n<ul>\n<li>Nikotin: 0% 2% 3% 5%<\/li>\n<li>Pufy: A\u017e 32000<\/li>\n<li>Kapacita pod\u016f: 26 ml + 26 ml<\/li>\n<li>Dva pody, dv\u011b p\u0159\u00edchut\u011b<\/li>\n<li>K dispozici je 12 p\u0159\u00edchut\u00ed<\/li>\n<li>Nab\u00edjec\u00ed baterie typu C s kapacitou 650 mAh<\/li>\n<li>Dvojit\u00e1 s\u00ed\u0165ov\u00e1 c\u00edvka<\/li>\n<\/ul>\n<h2><strong>Dostupn\u00e9 p\u0159\u00edchut\u011b<\/strong><\/h2>\n<p>1.Watermelon Ice &amp; Blueberry Mint<br \/>\n2.Watermelon Ice &amp; Strawberry Mango<br \/>\n3.Strawberry Watermelon &amp; Kiwi Passion Fruit Guava<br \/>\n4.Strawberry Watermelon &amp; Grape Ice<br \/>\n5.Blueberry Raspberry &amp; Peach Mango Watermeon<br \/>\n6.Blueberry Watermelon &amp; Strawberry Mango<br \/>\n7.Blueberry Ice &amp; Black Dragon Ice<br \/>\n8.Blueberry Ice &amp; Jahoda a ban\u00e1n<br \/>\n9.Red Bull a bor\u016fvkov\u00fd vodn\u00ed meloun<br \/>\n10.Red Bull &amp; Watermeon Bubble Candy<br \/>\n11.Strawberry Kiwi &amp;Peach Ice<br \/>\n12.Jahodov\u00e9 kiwi a kysel\u00e9 jablko malina<\/p>\n<h2><strong>Podrobnosti o balen\u00ed<\/strong><\/h2>\n<p>1ks ka\u017ed\u00e9 mal\u00e9 krabi\u010dky<br \/>\n10ks v ka\u017ed\u00e9 zobrazovac\u00ed krabici<br \/>\n200ks v ka\u017ed\u00e9m kartonu<\/p>\n<figure id=\"attachment_17798\" aria-describedby=\"caption-attachment-17798\" style=\"width: 800px\" class=\"wp-caption alignnone\"><img loading=\"lazy\" decoding=\"async\" class=\"size-full wp-image-17798\" title=\"Bang Kingdom Rex 32000 Puffs Jednor\u00e1zov\u00e9 Vape Velkoobchod Jahoda Kiwi Sour Apple Raspberry\" src=\"https:\/\/www.vape4wholesale.com\/wp-content\/uploads\/2024\/12\/Bang-Kingdom-Rex-32000-Puffs-Disposable-Vape-Wholesale-Strawberry-Kiwi-Sour-Apple-Raspberry.jpg\" alt=\"Bang Kingdom Rex 32000 Puffs Jednor\u00e1zov\u00e9 Vape Velkoobchod Jahoda Kiwi Sour Apple Raspberry\" width=\"800\" height=\"800\" srcset=\"https:\/\/www.vape4wholesale.com\/wp-content\/uploads\/2024\/12\/Bang-Kingdom-Rex-32000-Puffs-Disposable-Vape-Wholesale-Strawberry-Kiwi-Sour-Apple-Raspberry.jpg 800w, https:\/\/www.vape4wholesale.com\/wp-content\/uploads\/2024\/12\/Bang-Kingdom-Rex-32000-Puffs-Disposable-Vape-Wholesale-Strawberry-Kiwi-Sour-Apple-Raspberry-247x247.jpg 247w, https:\/\/www.vape4wholesale.com\/wp-content\/uploads\/2024\/12\/Bang-Kingdom-Rex-32000-Puffs-Disposable-Vape-Wholesale-Strawberry-Kiwi-Sour-Apple-Raspberry-100x100.jpg 100w, https:\/\/www.vape4wholesale.com\/wp-content\/uploads\/2024\/12\/Bang-Kingdom-Rex-32000-Puffs-Disposable-Vape-Wholesale-Strawberry-Kiwi-Sour-Apple-Raspberry-510x510.jpg 510w\" sizes=\"auto, (max-width: 800px) 100vw, 800px\" \/><figcaption id=\"caption-attachment-17798\" class=\"wp-caption-text\">Bang Kingdom Rex 32000 Puffs Jednor\u00e1zov\u00e9 Vape Velkoobchod<\/figcaption><\/figure>\n<h2>PRO\u010c MY?<\/h2>\r\n<ul>\r\n<li>Skute\u010dn\u00fd, d\u016fv\u011bryhodn\u00fd a profesion\u00e1ln\u00ed zdroj vape.<\/li>\r\n<li>100% Origin\u00e1ln\u00ed z\u00e1ruka: Odm\u00edt\u00e1me pad\u011blky.<\/li>\r\n<li>100% Z\u00e1ruka dod\u00e1n\u00ed: Pou\u017e\u00edv\u00e1me nejlep\u0161\u00ed zp\u016fsob dopravy, abychom zajistili, \u017ee objedn\u00e1vku 100% obdr\u017e\u00edte.<\/li>\r\n<li>Po odesl\u00e1n\u00ed v\u00e1m poskytneme sledovac\u00ed \u010d\u00edslo a p\u0159epravn\u00ed \u0161t\u00edtek a budeme pro v\u00e1s sledovat zbo\u017e\u00ed, dokud ho nepodep\u00ed\u0161ete.<\/li>\r\n<li>\u017d\u00e1dn\u00e9 celn\u00ed probl\u00e9my, \u017e\u00e1dn\u00e1 cla<\/li>\r\n<\/ul>","protected":false},"excerpt":{"rendered":"<div class=\"wsppc_div_block woocommerce_before_add_to_cart_form\">\r\n<p><strong><span style=\"color: #00a859;\">Vy\u010distit celnici<\/span> p\u0159ed dod\u00e1n\u00edm &amp; 100% Z\u00e1ruka doru\u010den\u00ed, doru\u010den\u00ed p\u0159ibli\u017en\u011b za 19\u201325 dn\u00ed.\u00a0<\/strong><\/p>\r\n<\/div>","protected":false},"featured_media":17791,"comment_status":"open","ping_status":"closed","template":"","meta":[],"pwb-brand":[1275],"product_cat":[873],"product_tag":[249,823,944,22,24],"class_list":{"0":"post-17790","1":"product","2":"type-product","3":"status-publish","4":"has-post-thumbnail","6":"pwb-brand-bang","7":"product_cat-above-20k-puffs","8":"product_tag-bang","9":"product_tag-26-0ml","10":"product_tag-32000-puffs","11":"product_tag-disposable","12":"product_tag-wholesale","13":"wcpa_has_options","15":"first","16":"instock","17":"featured","18":"shipping-taxable","19":"purchasable","20":"product-type-variable"},"aioseo_notices":[],"brands":[{"id":1275,"name":"Bang","slug":"bang"}],"_links":{"self":[{"href":"https:\/\/www.vape4wholesale.com\/cs\/wp-json\/wp\/v2\/product\/17790","targetHints":{"allow":["GET"]}}],"collection":[{"href":"https:\/\/www.vape4wholesale.com\/cs\/wp-json\/wp\/v2\/product"}],"about":[{"href":"https:\/\/www.vape4wholesale.com\/cs\/wp-json\/wp\/v2\/types\/product"}],"replies":[{"embeddable":true,"href":"https:\/\/www.vape4wholesale.com\/cs\/wp-json\/wp\/v2\/comments?post=17790"}],"wp:featuredmedia":[{"embeddable":true,"href":"https:\/\/www.vape4wholesale.com\/cs\/wp-json\/wp\/v2\/media\/17791"}],"wp:attachment":[{"href":"https:\/\/www.vape4wholesale.com\/cs\/wp-json\/wp\/v2\/media?parent=17790"}],"wp:term":[{"taxonomy":"pwb-brand","embeddable":true,"href":"https:\/\/www.vape4wholesale.com\/cs\/wp-json\/wp\/v2\/pwb-brand?post=17790"},{"taxonomy":"product_cat","embeddable":true,"href":"https:\/\/www.vape4wholesale.com\/cs\/wp-json\/wp\/v2\/product_cat?post=17790"},{"taxonomy":"product_tag","embeddable":true,"href":"https:\/\/www.vape4wholesale.com\/cs\/wp-json\/wp\/v2\/product_tag?post=17790"}],"curies":[{"name":"wp","href":"https:\/\/api.w.org\/{rel}","templated":true}]}}