{"id":17176,"date":"2024-10-26T23:03:00","date_gmt":"2024-10-26T15:03:00","guid":{"rendered":"https:\/\/www.vape4wholesale.com\/?post_type=product&#038;p=17176"},"modified":"2026-01-27T14:33:54","modified_gmt":"2026-01-27T14:33:54","slug":"bang-box-30000-puffs-jednorazove-vape-velkoobchod","status":"publish","type":"product","link":"https:\/\/www.vape4wholesale.com\/cs\/produkt\/bang-box-30000-puffs-jednorazove-vape-velkoobchod","title":{"rendered":"Bang Box 30000 Puffs Jednor\u00e1zov\u00e9 Vape Velkoobchod"},"content":{"rendered":"<p>Bang Box 30000 Puffs je dob\u00edjec\u00ed jednor\u00e1zov\u00fd vape s kapacitou 35 ML e-liquidu, kter\u00fd nab\u00edz\u00ed a\u017e 30 000 \u0161luk\u016f a vylep\u0161enou chu\u0165 d\u00edky technologii dvou s\u00ed\u0165ov\u00fdch spir\u00e1lek a je k dost\u00e1n\u00ed v\u00fdhradn\u011b u V4W. Je vybaven 2 re\u017eimy, norm\u00e1ln\u00edm a re\u017eimem Boost, s re\u017eimem Boost budete m\u00edt obrovsk\u00fd z\u00e1\u017eitek z p\u00e1ry.<\/p>\n<p>Bang Box 30000 je navr\u017een pro pohodl\u00ed a je vybaven u\u017eivatelsky p\u0159\u00edv\u011btiv\u00fdm displejem oi a displejem \u00farovn\u011b baterie.D\u00edky tomu m\u016f\u017eete snadno sledovat vyu\u017eit\u00ed a dob\u00edjet baterie podle sv\u00e9ho pohodl\u00ed pomoc\u00ed modern\u00edho nab\u00edjec\u00edho portu typu C.<\/p>\n<p>Objednejte si hromadn\u011b n\u00e1\u0161 \u0161irok\u00fd v\u00fdb\u011br 12 p\u0159\u00edchut\u00ed Bang Box 30000 za nejlep\u0161\u00ed cenu a s rychl\u00fdm dod\u00e1n\u00edm.<\/p>\n<h2><strong>Bang Box 30000 Jednor\u00e1zov\u00e9 Vape Rychl\u00e9 informace:<\/strong><\/h2>\n<ul>\n<li>Puffy:30000 Puff\u016f<\/li>\n<li>Objem: 35 ml<\/li>\n<li>Baterie: 850 mAh<\/li>\n<li>Nikotin: 0% 2% 3% 5%<\/li>\n<li>12 dostupn\u00fdch p\u0159\u00edchut\u00ed<\/li>\n<li>Dvojit\u00e1 s\u00ed\u0165ov\u00e1 c\u00edvka<\/li>\n<li>2 re\u017eimy: Norm\u00e1ln\u00ed\/ Boost<\/li>\n<li>Chytr\u00e1 obrazovka: indik\u00e1tor e-juice\/nap\u00e1jen\u00ed<\/li>\n<\/ul>\n<h2><strong>Bang Box 30000 P\u0159\u00edchut\u011b k dispozici<\/strong><\/h2>\n<ol>\n<li>Jablko Peach<\/li>\n<li>Black Burst<\/li>\n<li>Bor\u016fvkov\u00fd led<\/li>\n<li>Bor\u016fvkov\u00e9 gran\u00e1tov\u00e9 jablko<\/li>\n<li>Bor\u016fvkov\u011b kysel\u00fd malinov\u00fd led<\/li>\n<li>Modr\u00fd v\u00fdbuch<\/li>\n<li>Double Grape<\/li>\n<li>D\u017eungle Juice<\/li>\n<li>Jahodov\u00e9 kiwi<\/li>\n<li>Melounov\u00fd led<\/li>\n<li>Jahodov\u00fd meloun<\/li>\n<li>Mu\u010denka<\/li>\n<\/ol>\n<h2><strong>Podrobnosti o balen\u00ed<\/strong><\/h2>\n<ul>\n<li>Jednol\u016f\u017ekov\u00fd s mal\u00fdm obalem<\/li>\n<li>10 ks ve st\u0159edn\u00edm balen\u00ed<\/li>\n<li>200 ks v kartonu<\/li>\n<\/ul>\n<figure id=\"attachment_17192\" aria-describedby=\"caption-attachment-17192\" style=\"width: 800px\" class=\"wp-caption alignnone\"><img loading=\"lazy\" decoding=\"async\" class=\"size-full wp-image-17192\" title=\"Bang Box 30000 Puffs jednor\u00e1zov\u00e9 Vape velkoobchod Watermelon Ice\" src=\"https:\/\/www.vape4wholesale.com\/wp-content\/uploads\/2024\/10\/Bang-Box-30000-Puffs-Disposable-Vape-Wholesale-Watermelon-Ice.jpg\" alt=\"Bang Box 30000 Puffs jednor\u00e1zov\u00e9 Vape velkoobchod Watermelon Ice\" width=\"800\" height=\"800\" srcset=\"https:\/\/www.vape4wholesale.com\/wp-content\/uploads\/2024\/10\/Bang-Box-30000-Puffs-Disposable-Vape-Wholesale-Watermelon-Ice.jpg 800w, https:\/\/www.vape4wholesale.com\/wp-content\/uploads\/2024\/10\/Bang-Box-30000-Puffs-Disposable-Vape-Wholesale-Watermelon-Ice-247x247.jpg 247w, https:\/\/www.vape4wholesale.com\/wp-content\/uploads\/2024\/10\/Bang-Box-30000-Puffs-Disposable-Vape-Wholesale-Watermelon-Ice-100x100.jpg 100w, https:\/\/www.vape4wholesale.com\/wp-content\/uploads\/2024\/10\/Bang-Box-30000-Puffs-Disposable-Vape-Wholesale-Watermelon-Ice-510x510.jpg 510w, https:\/\/www.vape4wholesale.com\/wp-content\/uploads\/2024\/10\/Bang-Box-30000-Puffs-Disposable-Vape-Wholesale-Watermelon-Ice-64x64.jpg 64w, https:\/\/www.vape4wholesale.com\/wp-content\/uploads\/2024\/10\/Bang-Box-30000-Puffs-Disposable-Vape-Wholesale-Watermelon-Ice-300x300.jpg 300w, https:\/\/www.vape4wholesale.com\/wp-content\/uploads\/2024\/10\/Bang-Box-30000-Puffs-Disposable-Vape-Wholesale-Watermelon-Ice-150x150.jpg 150w, https:\/\/www.vape4wholesale.com\/wp-content\/uploads\/2024\/10\/Bang-Box-30000-Puffs-Disposable-Vape-Wholesale-Watermelon-Ice-768x768.jpg 768w, https:\/\/www.vape4wholesale.com\/wp-content\/uploads\/2024\/10\/Bang-Box-30000-Puffs-Disposable-Vape-Wholesale-Watermelon-Ice-12x12.jpg 12w\" sizes=\"auto, (max-width: 800px) 100vw, 800px\" \/><figcaption id=\"caption-attachment-17192\" class=\"wp-caption-text\">Bang Box 30000 Puffs Jednor\u00e1zov\u00e9 Vape Velkoobchod<\/figcaption><\/figure>\n<h2>PRO\u010c MY?<\/h2>\r\n<ul>\r\n<li>Skute\u010dn\u00fd, d\u016fv\u011bryhodn\u00fd a profesion\u00e1ln\u00ed zdroj vape.<\/li>\r\n<li>100% Origin\u00e1ln\u00ed z\u00e1ruka: Odm\u00edt\u00e1me pad\u011blky.<\/li>\r\n<li>100% Z\u00e1ruka dod\u00e1n\u00ed: Pou\u017e\u00edv\u00e1me nejlep\u0161\u00ed zp\u016fsob dopravy, abychom zajistili, \u017ee objedn\u00e1vku 100% obdr\u017e\u00edte.<\/li>\r\n<li>Po odesl\u00e1n\u00ed v\u00e1m poskytneme sledovac\u00ed \u010d\u00edslo a p\u0159epravn\u00ed \u0161t\u00edtek a budeme pro v\u00e1s sledovat zbo\u017e\u00ed, dokud ho nepodep\u00ed\u0161ete.<\/li>\r\n<li>\u017d\u00e1dn\u00e9 celn\u00ed probl\u00e9my, \u017e\u00e1dn\u00e1 cla<\/li>\r\n<\/ul>","protected":false},"excerpt":{"rendered":"<div class=\"wsppc_div_block woocommerce_before_add_to_cart_form\">\r\n<p><strong><span style=\"color: #00a859;\">Clear customs<\/span> before delivery &amp; 100% Delivery Guarantee, Delivery in 19~25 days around.\u00a0<\/strong><\/p>\r\n<\/div>","protected":false},"featured_media":17184,"comment_status":"open","ping_status":"closed","template":"","meta":[],"pwb-brand":[1275],"product_cat":[873],"product_tag":[22,24,249,850,933],"class_list":{"0":"post-17176","1":"product","2":"type-product","3":"status-publish","4":"has-post-thumbnail","6":"pwb-brand-bang","7":"product_cat-above-20k-puffs","8":"product_tag-disposable","9":"product_tag-wholesale","10":"product_tag-bang","11":"product_tag-30000-puffs","12":"product_tag-35-0ml","13":"wcpa_has_options","15":"first","16":"instock","17":"shipping-taxable","18":"purchasable","19":"product-type-variable"},"aioseo_notices":[],"brands":[{"id":1275,"name":"Bang","slug":"bang"}],"_links":{"self":[{"href":"https:\/\/www.vape4wholesale.com\/cs\/wp-json\/wp\/v2\/product\/17176","targetHints":{"allow":["GET"]}}],"collection":[{"href":"https:\/\/www.vape4wholesale.com\/cs\/wp-json\/wp\/v2\/product"}],"about":[{"href":"https:\/\/www.vape4wholesale.com\/cs\/wp-json\/wp\/v2\/types\/product"}],"replies":[{"embeddable":true,"href":"https:\/\/www.vape4wholesale.com\/cs\/wp-json\/wp\/v2\/comments?post=17176"}],"wp:featuredmedia":[{"embeddable":true,"href":"https:\/\/www.vape4wholesale.com\/cs\/wp-json\/wp\/v2\/media\/17184"}],"wp:attachment":[{"href":"https:\/\/www.vape4wholesale.com\/cs\/wp-json\/wp\/v2\/media?parent=17176"}],"wp:term":[{"taxonomy":"pwb-brand","embeddable":true,"href":"https:\/\/www.vape4wholesale.com\/cs\/wp-json\/wp\/v2\/pwb-brand?post=17176"},{"taxonomy":"product_cat","embeddable":true,"href":"https:\/\/www.vape4wholesale.com\/cs\/wp-json\/wp\/v2\/product_cat?post=17176"},{"taxonomy":"product_tag","embeddable":true,"href":"https:\/\/www.vape4wholesale.com\/cs\/wp-json\/wp\/v2\/product_tag?post=17176"}],"curies":[{"name":"wp","href":"https:\/\/api.w.org\/{rel}","templated":true}]}}