{"id":17032,"date":"2024-10-18T22:01:00","date_gmt":"2024-10-18T14:01:00","guid":{"rendered":"https:\/\/www.vape4wholesale.com\/?post_type=product&#038;p=17032"},"modified":"2026-01-27T14:35:14","modified_gmt":"2026-01-27T14:35:14","slug":"fumot-tornado-30k-hudba-jednorazove-vape-velkoobchod","status":"publish","type":"product","link":"https:\/\/www.vape4wholesale.com\/cs\/produkt\/fumot-tornado-30k-hudba-jednorazove-vape-velkoobchod","title":{"rendered":"Fumot Tornado 30K Music Jednor\u00e1zov\u00fd velkoobchodn\u00ed prodej Vape"},"content":{"rendered":"<p>Fumot Tornado 30K Music je jednor\u00e1zov\u00e9 vape za\u0159\u00edzen\u00ed s kapacitou 30 000 \u0161luk\u016f poh\u00e1n\u011bn\u00e9 technologi\u00ed RandM. Tornado 30K Music pou\u017e\u00edv\u00e1 1,0\u03a9 Mesh spir\u00e1lku a vestav\u011bnou 600mAh dob\u00edjec\u00ed baterii. Na v\u00fdb\u011br m\u00e1te celkem 30 p\u0159\u00edchut\u00ed a 4 s\u00edly nikotinu.<\/p>\n<p>Nejzaj\u00edmav\u011bj\u0161\u00ed funkc\u00ed Tornado 30K Music je, \u017ee sv\u011btlo RGB m\u016f\u017ee blikat v rytmu hudby. P\u0159edstavte si, \u017ee ji pou\u017e\u00edv\u00e1te v baru, m\u016f\u017eete si dokonce zatan\u010dit na vlastn\u00ed vape.<\/p>\n<h2><strong>Fumot Torn\u00e1do 30K Hudba Podrobnosti:<\/strong><\/h2>\n<p>\u2611 0% 2% 3% 5% Nikotin<br \/>\n\u2611 Puffy: 30000<br \/>\n\u2611 30 dostupn\u00fdch p\u0159\u00edchut\u00ed<br \/>\n\u2611 600 mAh dob\u00edjec\u00ed baterie<br \/>\n\u2611 1,0\u03a9 Mesh Coil<br \/>\n\u2611 Typ C<br \/>\n\u2611 ka\u017ed\u00fd karton kg<br \/>\n\u2611 Sv\u011btla se m\u011bn\u00ed s hudbou<\/p>\n<h2><strong>Fumot Tornado 30K Hudba Voliteln\u00e9 p\u0159\u00edchut\u011b:<\/strong><\/h2>\n<p>1. Ban\u00e1nov\u00fd led<br \/>\n2. \u010cern\u00fd led<br \/>\n3. Blue Razz Ice<br \/>\n4. Bor\u016fvky na ledu<br \/>\n5. Bor\u016fvka malina<br \/>\n6. Bor\u016fvkovo-kysel\u00e1 malina<br \/>\n7. T\u0159e\u0161\u0148ov\u00fd led<br \/>\n8. Cherry Cola<br \/>\n9. Cola Ice<br \/>\n10. Cool Mint<br \/>\n11. Dvojit\u00e9 jablko<br \/>\n12. Dr. Blue<br \/>\n13. Hroznov\u00fd led<br \/>\n14. Ledov\u00fd pop<br \/>\n15. Kiwi Mu\u010denka Ovoce Guava<br \/>\n16. L\u00e1ska 66<br \/>\n17. Sv\u011b\u017e\u00ed led<br \/>\n18. Sm\u00ed\u0161en\u00e9 bobule<br \/>\n19. Broskvov\u00e9 bobule<br \/>\n20. Broskvov\u00fd led<br \/>\n21. Broskvov\u00fd mango ananas<br \/>\n22. Ananasov\u00fd led<br \/>\n23. R\u016f\u017eov\u00e1 limon\u00e1da<br \/>\n24. Ku\u017eelky<br \/>\n25. Jahodov\u00fd ban\u00e1n<br \/>\n26. Jahodov\u00fd hrozen<br \/>\n27. Jahodov\u00e1 zmrzlina<br \/>\n28. Jahodov\u00fd meloun<br \/>\n29. Trojit\u00e9 mango<br \/>\n30. Vimto<\/p>\n<p>&nbsp;<\/p>\n<h2>Podrobnosti o balen\u00ed<\/h2>\n<ul>\n<li>160 ks\/karton<\/li>\n<li>hmotnost 20,07 kg<\/li>\n<li>velikost kartonu: 412*332*325MM<\/li>\n<\/ul>\n<figure id=\"attachment_17096\" aria-describedby=\"caption-attachment-17096\" style=\"width: 800px\" class=\"wp-caption alignnone\"><img loading=\"lazy\" decoding=\"async\" class=\"wp-image-17096 size-full\" title=\"Fumot Tornado 30K Hudba na jedno pou\u017eit\u00ed (1)\" src=\"https:\/\/www.vape4wholesale.com\/wp-content\/uploads\/2024\/10\/Fumot-Tornado-30K-Music-Disposable-Vape-Wholesale-1.jpg\" alt=\"Fumot Tornado 30K Hudba na jedno pou\u017eit\u00ed (1)\" width=\"800\" height=\"800\" srcset=\"https:\/\/www.vape4wholesale.com\/wp-content\/uploads\/2024\/10\/Fumot-Tornado-30K-Music-Disposable-Vape-Wholesale-1.jpg 800w, https:\/\/www.vape4wholesale.com\/wp-content\/uploads\/2024\/10\/Fumot-Tornado-30K-Music-Disposable-Vape-Wholesale-1-247x247.jpg 247w, https:\/\/www.vape4wholesale.com\/wp-content\/uploads\/2024\/10\/Fumot-Tornado-30K-Music-Disposable-Vape-Wholesale-1-100x100.jpg 100w, https:\/\/www.vape4wholesale.com\/wp-content\/uploads\/2024\/10\/Fumot-Tornado-30K-Music-Disposable-Vape-Wholesale-1-510x510.jpg 510w\" sizes=\"auto, (max-width: 800px) 100vw, 800px\" \/><figcaption id=\"caption-attachment-17096\" class=\"wp-caption-text\">Fumot Tornado 30K Music Jednor\u00e1zov\u00fd velkoobchodn\u00ed prodej Vape<\/figcaption><\/figure>\n<p><img loading=\"lazy\" decoding=\"async\" class=\"alignnone size-full wp-image-17094\" title=\"Fumot Tornado 30K Music Jednor\u00e1zov\u00fd velkoobchodn\u00ed prodej (2)\" src=\"https:\/\/www.vape4wholesale.com\/wp-content\/uploads\/2024\/10\/Fumot-Tornado-30K-Music-Disposable-Vape-Wholesale-2.jpg\" alt=\"Fumot Tornado 30K Music Jednor\u00e1zov\u00fd velkoobchodn\u00ed prodej (2)\" width=\"800\" height=\"800\" srcset=\"https:\/\/www.vape4wholesale.com\/wp-content\/uploads\/2024\/10\/Fumot-Tornado-30K-Music-Disposable-Vape-Wholesale-2.jpg 800w, https:\/\/www.vape4wholesale.com\/wp-content\/uploads\/2024\/10\/Fumot-Tornado-30K-Music-Disposable-Vape-Wholesale-2-247x247.jpg 247w, https:\/\/www.vape4wholesale.com\/wp-content\/uploads\/2024\/10\/Fumot-Tornado-30K-Music-Disposable-Vape-Wholesale-2-100x100.jpg 100w, https:\/\/www.vape4wholesale.com\/wp-content\/uploads\/2024\/10\/Fumot-Tornado-30K-Music-Disposable-Vape-Wholesale-2-510x510.jpg 510w, https:\/\/www.vape4wholesale.com\/wp-content\/uploads\/2024\/10\/Fumot-Tornado-30K-Music-Disposable-Vape-Wholesale-2-64x64.jpg 64w, https:\/\/www.vape4wholesale.com\/wp-content\/uploads\/2024\/10\/Fumot-Tornado-30K-Music-Disposable-Vape-Wholesale-2-300x300.jpg 300w, https:\/\/www.vape4wholesale.com\/wp-content\/uploads\/2024\/10\/Fumot-Tornado-30K-Music-Disposable-Vape-Wholesale-2-150x150.jpg 150w, https:\/\/www.vape4wholesale.com\/wp-content\/uploads\/2024\/10\/Fumot-Tornado-30K-Music-Disposable-Vape-Wholesale-2-768x768.jpg 768w, https:\/\/www.vape4wholesale.com\/wp-content\/uploads\/2024\/10\/Fumot-Tornado-30K-Music-Disposable-Vape-Wholesale-2-12x12.jpg 12w\" sizes=\"auto, (max-width: 800px) 100vw, 800px\" \/> <img loading=\"lazy\" decoding=\"async\" class=\"alignnone size-full wp-image-17095\" title=\"Fumot Tornado 30K Hudba na jedno pou\u017eit\u00ed Velkoobchod (3)\" src=\"https:\/\/www.vape4wholesale.com\/wp-content\/uploads\/2024\/10\/Fumot-Tornado-30K-Music-Disposable-Vape-Wholesale-3.jpg\" alt=\"Fumot Tornado 30K Hudba na jedno pou\u017eit\u00ed Velkoobchod (3)\" width=\"800\" height=\"800\" srcset=\"https:\/\/www.vape4wholesale.com\/wp-content\/uploads\/2024\/10\/Fumot-Tornado-30K-Music-Disposable-Vape-Wholesale-3.jpg 800w, https:\/\/www.vape4wholesale.com\/wp-content\/uploads\/2024\/10\/Fumot-Tornado-30K-Music-Disposable-Vape-Wholesale-3-247x247.jpg 247w, https:\/\/www.vape4wholesale.com\/wp-content\/uploads\/2024\/10\/Fumot-Tornado-30K-Music-Disposable-Vape-Wholesale-3-100x100.jpg 100w, https:\/\/www.vape4wholesale.com\/wp-content\/uploads\/2024\/10\/Fumot-Tornado-30K-Music-Disposable-Vape-Wholesale-3-510x510.jpg 510w\" sizes=\"auto, (max-width: 800px) 100vw, 800px\" \/><\/p>\n<h2>PRO\u010c MY?<\/h2>\r\n<ul>\r\n<li>Skute\u010dn\u00fd, d\u016fv\u011bryhodn\u00fd a profesion\u00e1ln\u00ed zdroj vape.<\/li>\r\n<li>100% Origin\u00e1ln\u00ed z\u00e1ruka: Odm\u00edt\u00e1me pad\u011blky.<\/li>\r\n<li>100% Z\u00e1ruka dod\u00e1n\u00ed: Pou\u017e\u00edv\u00e1me nejlep\u0161\u00ed zp\u016fsob dopravy, abychom zajistili, \u017ee objedn\u00e1vku 100% obdr\u017e\u00edte.<\/li>\r\n<li>Po odesl\u00e1n\u00ed v\u00e1m poskytneme sledovac\u00ed \u010d\u00edslo a p\u0159epravn\u00ed \u0161t\u00edtek a budeme pro v\u00e1s sledovat zbo\u017e\u00ed, dokud ho nepodep\u00ed\u0161ete.<\/li>\r\n<li>\u017d\u00e1dn\u00e9 celn\u00ed probl\u00e9my, \u017e\u00e1dn\u00e1 cla<\/li>\r\n<\/ul>","protected":false},"excerpt":{"rendered":"<p><strong><span style=\"color: #d83131;\">POZN\u00c1MKA: Tento produkt se p\u0159estal prod\u00e1vat a ji\u017e nen\u00ed k dispozici. Podobn\u00fd produkt m\u016f\u017eete zakoupit pomoc\u00ed tla\u010d\u00edtka n\u00ed\u017ee<\/span><\/strong><\/p>\n<a href=\"\/cs\/produkt\/uwin-randm-tornado-beat-35k-jednorazove-vape\/\" class=\"button secondary is-secondary is-medium\" >\n\t\t<span>\u2192Objednat podobn\u00fd produkt<\/span>\n\t<\/a>","protected":false},"featured_media":17095,"comment_status":"open","ping_status":"closed","template":"","meta":[],"pwb-brand":[1269],"product_cat":[873],"product_tag":[22,24,592,692,850],"class_list":{"0":"post-17032","1":"product","2":"type-product","3":"status-publish","4":"has-post-thumbnail","6":"pwb-brand-fumot","7":"product_cat-above-20k-puffs","8":"product_tag-disposable","9":"product_tag-wholesale","10":"product_tag-fumot","11":"product_tag-25-0ml","12":"product_tag-30000-puffs","13":"wcpa_has_options","15":"first","16":"outofstock","17":"featured","18":"shipping-taxable","19":"purchasable","20":"product-type-variable"},"aioseo_notices":[],"brands":[{"id":1269,"name":"Fumot","slug":"fumot"}],"_links":{"self":[{"href":"https:\/\/www.vape4wholesale.com\/cs\/wp-json\/wp\/v2\/product\/17032","targetHints":{"allow":["GET"]}}],"collection":[{"href":"https:\/\/www.vape4wholesale.com\/cs\/wp-json\/wp\/v2\/product"}],"about":[{"href":"https:\/\/www.vape4wholesale.com\/cs\/wp-json\/wp\/v2\/types\/product"}],"replies":[{"embeddable":true,"href":"https:\/\/www.vape4wholesale.com\/cs\/wp-json\/wp\/v2\/comments?post=17032"}],"wp:featuredmedia":[{"embeddable":true,"href":"https:\/\/www.vape4wholesale.com\/cs\/wp-json\/wp\/v2\/media\/17095"}],"wp:attachment":[{"href":"https:\/\/www.vape4wholesale.com\/cs\/wp-json\/wp\/v2\/media?parent=17032"}],"wp:term":[{"taxonomy":"pwb-brand","embeddable":true,"href":"https:\/\/www.vape4wholesale.com\/cs\/wp-json\/wp\/v2\/pwb-brand?post=17032"},{"taxonomy":"product_cat","embeddable":true,"href":"https:\/\/www.vape4wholesale.com\/cs\/wp-json\/wp\/v2\/product_cat?post=17032"},{"taxonomy":"product_tag","embeddable":true,"href":"https:\/\/www.vape4wholesale.com\/cs\/wp-json\/wp\/v2\/product_tag?post=17032"}],"curies":[{"name":"wp","href":"https:\/\/api.w.org\/{rel}","templated":true}]}}