{"id":16776,"date":"2024-07-23T10:20:13","date_gmt":"2024-07-23T02:20:13","guid":{"rendered":"https:\/\/www.vape4wholesale.com\/?post_type=product&#038;p=16776"},"modified":"2026-01-27T14:46:39","modified_gmt":"2026-01-27T14:46:39","slug":"vapsolo-dg18000-jednorazovy-vape-velkoobchod","status":"publish","type":"product","link":"https:\/\/www.vape4wholesale.com\/cs\/product\/vapsolo-dg18000-disposable-vape-wholesale","title":{"rendered":"Vapsolo DG18000 Jednor\u00e1zov\u00fd velkoobchod s vapem"},"content":{"rendered":"<p>Vapsolo DG18000 je jednor\u00e1zov\u00e1 vape s digit\u00e1ln\u00ed obrazovkou, jej\u00ed\u017e t\u011blo je vyrobeno ze 2 podobn\u00fdch barev se\u0161it\u00fdch dohromady, obsahuje 28 ml eliquidu a dob\u00edjec\u00ed baterii s kapacitou 650 mAh, kter\u00e1 podporuje a\u017e 18000 Puffs.<\/p>\n<p>Vapsolo DG18000 m\u00e1 syst\u00e9m \u0159\u00edzen\u00ed pr\u016ftoku vzduchu a 2 re\u017eimy: inteligentn\u00ed re\u017eim a re\u017eim boost.<\/p>\n<p>Na displeji LCD se v re\u00e1ln\u00e9m \u010dase zobrazuje stav baterie a hladiny eiquidu.<\/p>\n<p>Objednejte si hromadn\u011b n\u00e1\u0161 \u0161irok\u00fd v\u00fdb\u011br 10 p\u0159\u00edchut\u00ed Vapsolo DG18000 za nejlep\u0161\u00ed cenu a s rychlou expedic\u00ed.<\/p>\n<h2>Vapsolo DG18000 Rychl\u00e9 informace<\/h2>\n<ul>\n<li>Nab\u00edjec\u00ed baterie 650 mAh<\/li>\n<li>28ml p\u0159edpln\u011bn\u00e9ho e-liquidu<\/li>\n<li>S\u00edla nikotinu 2%\/5%<\/li>\n<li>Dosah a\u017e 18000 obr\u00e1tek<\/li>\n<li>Design bez mo\u017enosti op\u011btovn\u00e9ho napln\u011bn\u00ed<\/li>\n<li>Dvojit\u00e1 s\u00ed\u0165ov\u00e1 c\u00edvka<\/li>\n<li>Nab\u00edjec\u00ed port typu C<\/li>\n<li>K dispozici je 10 p\u0159\u00edchut\u00ed<\/li>\n<\/ul>\n<h2><strong>Dostupn\u00e9 p\u0159\u00edchut\u011b:<\/strong><\/h2>\n<ul>\n<li>Broskev Mango Ananas<\/li>\n<li>Ovocn\u00e1 maracuja Kiwi Ice<\/li>\n<li>Bor\u016fvka T\u0159e\u0161e\u0148 Brusinka<\/li>\n<li>Melounov\u00fd led<\/li>\n<li>Jahodov\u00e9 kiwi<\/li>\n<li>Citronov\u00e1 limetka<\/li>\n<li>Jahodov\u00fd ban\u00e1n<\/li>\n<li>Red Bull<\/li>\n<li>Sm\u00ed\u0161en\u00e9 bobule<\/li>\n<li>Prime Strawberry Watermelon<\/li>\n<\/ul>\n<h2><strong>Podrobnosti o balen\u00ed:<\/strong><\/h2>\n<ul>\n<li>Jednol\u016f\u017ekov\u00fd s mal\u00fdm obalem<\/li>\n<li>10 ks ve st\u0159edn\u00edm balen\u00ed<\/li>\n<li>200 ks v kartonu \/19KG<\/li>\n<\/ul>\n<figure id=\"attachment_16777\" aria-describedby=\"caption-attachment-16777\" style=\"width: 600px\" class=\"wp-caption alignnone\"><img loading=\"lazy\" decoding=\"async\" class=\"size-full wp-image-16777\" title=\"Vapsolo DG18000 Jednor\u00e1zov\u00e9 Vape Velkoobchod bor\u016fvka t\u0159e\u0161e\u0148 cranberr\" src=\"https:\/\/www.vape4wholesale.com\/wp-content\/uploads\/2024\/09\/Vapsolo-DG18000-Disposable-Vape-Wholesale-blueberry-cherry-cranberr.png\" alt=\"Vapsolo DG18000 Jednor\u00e1zov\u00e9 Vape Velkoobchod bor\u016fvka t\u0159e\u0161e\u0148 cranberr\" width=\"600\" height=\"600\" srcset=\"https:\/\/www.vape4wholesale.com\/wp-content\/uploads\/2024\/09\/Vapsolo-DG18000-Disposable-Vape-Wholesale-blueberry-cherry-cranberr.png 600w, https:\/\/www.vape4wholesale.com\/wp-content\/uploads\/2024\/09\/Vapsolo-DG18000-Disposable-Vape-Wholesale-blueberry-cherry-cranberr-247x247.png 247w, https:\/\/www.vape4wholesale.com\/wp-content\/uploads\/2024\/09\/Vapsolo-DG18000-Disposable-Vape-Wholesale-blueberry-cherry-cranberr-100x100.png 100w, https:\/\/www.vape4wholesale.com\/wp-content\/uploads\/2024\/09\/Vapsolo-DG18000-Disposable-Vape-Wholesale-blueberry-cherry-cranberr-510x510.png 510w, https:\/\/www.vape4wholesale.com\/wp-content\/uploads\/2024\/09\/Vapsolo-DG18000-Disposable-Vape-Wholesale-blueberry-cherry-cranberr-64x64.png 64w, https:\/\/www.vape4wholesale.com\/wp-content\/uploads\/2024\/09\/Vapsolo-DG18000-Disposable-Vape-Wholesale-blueberry-cherry-cranberr-300x300.png 300w, https:\/\/www.vape4wholesale.com\/wp-content\/uploads\/2024\/09\/Vapsolo-DG18000-Disposable-Vape-Wholesale-blueberry-cherry-cranberr-150x150.png 150w, https:\/\/www.vape4wholesale.com\/wp-content\/uploads\/2024\/09\/Vapsolo-DG18000-Disposable-Vape-Wholesale-blueberry-cherry-cranberr-12x12.png 12w\" sizes=\"auto, (max-width: 600px) 100vw, 600px\" \/><figcaption id=\"caption-attachment-16777\" class=\"wp-caption-text\">Vapsolo DG18000 Jednor\u00e1zov\u00fd velkoobchod s vapem<\/figcaption><\/figure>\n<h2>PRO\u010c MY?<\/h2>\r\n<ul>\r\n<li>Skute\u010dn\u00fd, d\u016fv\u011bryhodn\u00fd a profesion\u00e1ln\u00ed zdroj vape.<\/li>\r\n<li>100% Origin\u00e1ln\u00ed z\u00e1ruka: Odm\u00edt\u00e1me pad\u011blky.<\/li>\r\n<li>100% Z\u00e1ruka dod\u00e1n\u00ed: Pou\u017e\u00edv\u00e1me nejlep\u0161\u00ed zp\u016fsob dopravy, abychom zajistili, \u017ee objedn\u00e1vku 100% obdr\u017e\u00edte.<\/li>\r\n<li>Po odesl\u00e1n\u00ed v\u00e1m poskytneme sledovac\u00ed \u010d\u00edslo a p\u0159epravn\u00ed \u0161t\u00edtek a budeme pro v\u00e1s sledovat zbo\u017e\u00ed, dokud ho nepodep\u00ed\u0161ete.<\/li>\r\n<li>\u017d\u00e1dn\u00e9 celn\u00ed probl\u00e9my, \u017e\u00e1dn\u00e1 cla<\/li>\r\n<\/ul>","protected":false},"excerpt":{"rendered":"<p><b><span style=\"color: #00a859;\">Free shipping<\/span>\u00a0from Europe warehouse, 7-15 working days delivery time.<\/b><\/p>\r\n<div class=\"wsppc_div_block woocommerce_before_add_to_cart_form\">\r\n<p><strong>Clear customs before delivery &amp; 100% Delivery Guarantee<\/strong><\/p>\r\n<\/div>","protected":false},"featured_media":16777,"comment_status":"open","ping_status":"closed","template":"","meta":[],"pwb-brand":[1271],"product_cat":[872],"product_tag":[22,24,719,793,899],"class_list":{"0":"post-16776","1":"product","2":"type-product","3":"status-publish","4":"has-post-thumbnail","6":"pwb-brand-vapsolo","7":"product_cat-15k-20k-puffs","8":"product_tag-disposable","9":"product_tag-wholesale","10":"product_tag-18000-puffs","11":"product_tag-28-0ml","12":"product_tag-vapsolo","13":"product_shipping_class-vapsolo-cn-eu","14":"wcpa_has_options","16":"first","17":"instock","18":"shipping-taxable","19":"purchasable","20":"product-type-variable"},"aioseo_notices":[],"brands":[{"id":1271,"name":"Vapsolo","slug":"vapsolo"}],"_links":{"self":[{"href":"https:\/\/www.vape4wholesale.com\/cs\/wp-json\/wp\/v2\/product\/16776","targetHints":{"allow":["GET"]}}],"collection":[{"href":"https:\/\/www.vape4wholesale.com\/cs\/wp-json\/wp\/v2\/product"}],"about":[{"href":"https:\/\/www.vape4wholesale.com\/cs\/wp-json\/wp\/v2\/types\/product"}],"replies":[{"embeddable":true,"href":"https:\/\/www.vape4wholesale.com\/cs\/wp-json\/wp\/v2\/comments?post=16776"}],"wp:featuredmedia":[{"embeddable":true,"href":"https:\/\/www.vape4wholesale.com\/cs\/wp-json\/wp\/v2\/media\/16777"}],"wp:attachment":[{"href":"https:\/\/www.vape4wholesale.com\/cs\/wp-json\/wp\/v2\/media?parent=16776"}],"wp:term":[{"taxonomy":"pwb-brand","embeddable":true,"href":"https:\/\/www.vape4wholesale.com\/cs\/wp-json\/wp\/v2\/pwb-brand?post=16776"},{"taxonomy":"product_cat","embeddable":true,"href":"https:\/\/www.vape4wholesale.com\/cs\/wp-json\/wp\/v2\/product_cat?post=16776"},{"taxonomy":"product_tag","embeddable":true,"href":"https:\/\/www.vape4wholesale.com\/cs\/wp-json\/wp\/v2\/product_tag?post=16776"}],"curies":[{"name":"wp","href":"https:\/\/api.w.org\/{rel}","templated":true}]}}