{"id":16445,"date":"2024-07-24T15:10:00","date_gmt":"2024-07-24T07:10:00","guid":{"rendered":"https:\/\/www.vape4wholesale.com\/?post_type=product&#038;p=16445"},"modified":"2026-04-15T13:44:18","modified_gmt":"2026-04-15T05:44:18","slug":"vapsolo-twins-20000-puffs-jednorazove-vape-velkoobchod","status":"publish","type":"product","link":"https:\/\/www.vape4wholesale.com\/cs\/produkt\/vapsolo-twins-20000-puffs-jednorazove-vape-velkoobchod","title":{"rendered":"Vapsolo Twins 20000 Puffs Jednor\u00e1zov\u00e9 Vape Velkoobchod"},"content":{"rendered":"<p>Na str\u00e1nk\u00e1ch <a href=\"\/cs\/product_brand\/vapsolo\/\" rel=\"sponsored\">VapSolo<\/a> Twins 20000 je pr\u00e9miov\u00e1 a \u0161pi\u010dkov\u00e1 jednor\u00e1zov\u00e1 vape, je dod\u00e1v\u00e1na s 25 ml eliquidu a s 0,6\u03a9 odporovou s\u00ed\u0165ovou c\u00edvkou a je postavena na 650mah dob\u00edjec\u00ed baterii, kter\u00e1 podporuje a\u017e 2000 Puffs.<\/p>\n<p>Je vybaven dvojit\u00fdmi p\u0159\u00edchut\u011bmi pro p\u0159ep\u00edna\u010d a inteligentn\u00ed obrazovkou pro zobrazen\u00ed stavu baterie a zbytku eliquidu.<\/p>\n<p>Objednejte si hromadn\u011b n\u00e1\u0161 \u0161irok\u00fd v\u00fdb\u011br 10 p\u0159\u00edchut\u00ed Vapsolo Twins za nejlep\u0161\u00ed cenu a s rychlou expedic\u00ed.<\/p>\n<p>Sledujte <a title=\"vapesolo twins video\" href=\"https:\/\/youtube.com\/shorts\/jYfwcxRsAnc?si=cJjFvkdWPRfrGENx\" target=\"_blank\" rel=\"noopener\">vapesolo twins video<\/a> a dozv\u00edte se v\u00edce o funkc\u00edch tohoto produktu.<\/p>\n<h2>Vapsolo Twins 20000 Puffs jednor\u00e1zov\u00e9 Vape Rychl\u00fd detail<\/h2>\n<ul>\n<li>Puff: A\u017e 20000 vdech\u016f<\/li>\n<li>Kapalina: 19 ml P\u0159edpln\u011bn\u00e1 n\u00e1pl\u0148 Dul Tant<\/li>\n<li>Nikotin: 0%\/2%\/3%\/5%<\/li>\n<li>Baterie: 650mAh dob\u00edjec\u00ed<\/li>\n<li>J\u00e1dro: S\u00ed\u0165ov\u00e1 c\u00edvka 1,0 \u03a9<\/li>\n<li>Dob\u00edjec\u00ed, nab\u00edjec\u00ed port typu C<\/li>\n<li>Chytr\u00e1 obrazovka<\/li>\n<li>Dvojit\u00e1 s\u00ed\u0165ov\u00e1 c\u00edvka<\/li>\n<li>\u0158\u00edzen\u00ed proud\u011bn\u00ed vzduchu<\/li>\n<li>2 v 1 Multi Flavour Choice<\/li>\n<li>Sada pod\u016f aktivovan\u00fdch kreslen\u00edm<\/li>\n<li>Snadn\u00e9 pou\u017eit\u00ed a MTL vapingov\u00e9 za\u0159\u00edzen\u00ed<\/li>\n<\/ul>\n<h2>Dostupn\u00e9 p\u0159\u00edchut\u011b<\/h2>\n<p>01# Lemon Lime &amp; Watermelon Ice<br \/>\n02# Grape Ice &amp; Strawberry Kiwi<br \/>\n03# Pineapple Coconut&amp; Strawberry Banana<br \/>\n04# Orange Mango Watermelon &amp; Red Bull<br \/>\n05# Blueberry Ice &amp; Fizzy Cherry<br \/>\n06# Watermelon Ice &amp; Mixed Berry<br \/>\n07# Strawberry Banana &amp; Fizzy Cherry<br \/>\n08# Strawberry Raspberry Cherry Ice &amp; Grape Ice<br \/>\n09# Blue Razz Lemonade &amp; Lemon Lime<br \/>\n10# Melounov\u00fd led a jahodov\u00e9 mango<br \/>\n11# Trojit\u00fd meloun a malinov\u00fd meloun<br \/>\n12# Black ice Dragon Fruit Strawberry &amp; Raspberry Watermelon<br \/>\n13# Pineapple Coconut &amp; Watermelon Ice<br \/>\n14# Strawberry Ice &amp; Mango Peach Watermelon<br \/>\n15# Strawberry Kiwi &amp; Strawberry Raspberry Cherry Ice<br \/>\n16# Triple Melon &amp; Pineapple Coconut<br \/>\n17# Cherry Cola&amp; Juicy Peach Ice<br \/>\n18# Strawberry Watermelon&amp; Gummy Bear<br \/>\n19# Blueberry Blackcurrant&amp; Grapefruit Refresher<br \/>\n20# Passion Fruit Mojito&amp; Triple Mint<\/p>\n<h2>Podrobnosti o balen\u00ed<\/h2>\n<ul>\n<li>Jednotliv\u00e1 hmotnost\uff1a108g\/ks<\/li>\n<li>200 ks\/ks; 10 ks\/krabice<\/li>\n<li>23,3 kg\/ctn<\/li>\n<li>Velikost kartonu: 44*43*26,5 cm<\/li>\n<\/ul>\n<figure id=\"attachment_16450\" aria-describedby=\"caption-attachment-16450\" style=\"width: 800px\" class=\"wp-caption alignnone\"><img loading=\"lazy\" decoding=\"async\" class=\"size-full wp-image-16450\" title=\"Vapsolo Twins 20000 Puffs jednor\u00e1zov\u00e9 Vape velkoobchod BLACK ICE DRAGONFRUIT STRAWBERRY\" src=\"https:\/\/www.vape4wholesale.com\/wp-content\/uploads\/2024\/07\/Vapsolo-Twins-20000-Puffs-Disposable-Vape-Wholesale-BLACK-ICE-DRAGONFRUIT-STRAWBERRY.jpg\" alt=\"Vapsolo Twins 20000 Puffs jednor\u00e1zov\u00e9 Vape velkoobchod BLACK ICE DRAGONFRUIT STRAWBERRY\" width=\"800\" height=\"800\" srcset=\"https:\/\/www.vape4wholesale.com\/wp-content\/uploads\/2024\/07\/Vapsolo-Twins-20000-Puffs-Disposable-Vape-Wholesale-BLACK-ICE-DRAGONFRUIT-STRAWBERRY.jpg 800w, https:\/\/www.vape4wholesale.com\/wp-content\/uploads\/2024\/07\/Vapsolo-Twins-20000-Puffs-Disposable-Vape-Wholesale-BLACK-ICE-DRAGONFRUIT-STRAWBERRY-247x247.jpg 247w, https:\/\/www.vape4wholesale.com\/wp-content\/uploads\/2024\/07\/Vapsolo-Twins-20000-Puffs-Disposable-Vape-Wholesale-BLACK-ICE-DRAGONFRUIT-STRAWBERRY-100x100.jpg 100w, https:\/\/www.vape4wholesale.com\/wp-content\/uploads\/2024\/07\/Vapsolo-Twins-20000-Puffs-Disposable-Vape-Wholesale-BLACK-ICE-DRAGONFRUIT-STRAWBERRY-510x510.jpg 510w, https:\/\/www.vape4wholesale.com\/wp-content\/uploads\/2024\/07\/Vapsolo-Twins-20000-Puffs-Disposable-Vape-Wholesale-BLACK-ICE-DRAGONFRUIT-STRAWBERRY-64x64.jpg 64w, https:\/\/www.vape4wholesale.com\/wp-content\/uploads\/2024\/07\/Vapsolo-Twins-20000-Puffs-Disposable-Vape-Wholesale-BLACK-ICE-DRAGONFRUIT-STRAWBERRY-300x300.jpg 300w, https:\/\/www.vape4wholesale.com\/wp-content\/uploads\/2024\/07\/Vapsolo-Twins-20000-Puffs-Disposable-Vape-Wholesale-BLACK-ICE-DRAGONFRUIT-STRAWBERRY-150x150.jpg 150w, https:\/\/www.vape4wholesale.com\/wp-content\/uploads\/2024\/07\/Vapsolo-Twins-20000-Puffs-Disposable-Vape-Wholesale-BLACK-ICE-DRAGONFRUIT-STRAWBERRY-768x768.jpg 768w, https:\/\/www.vape4wholesale.com\/wp-content\/uploads\/2024\/07\/Vapsolo-Twins-20000-Puffs-Disposable-Vape-Wholesale-BLACK-ICE-DRAGONFRUIT-STRAWBERRY-12x12.jpg 12w\" sizes=\"auto, (max-width: 800px) 100vw, 800px\" \/><figcaption id=\"caption-attachment-16450\" class=\"wp-caption-text\">Vapsolo Twins 20000 Puffs Jednor\u00e1zov\u00e9 Vape Velkoobchod<\/figcaption><\/figure>\n<h2>PRO\u010c MY?<\/h2>\r\n<ul>\r\n<li>Skute\u010dn\u00fd, d\u016fv\u011bryhodn\u00fd a profesion\u00e1ln\u00ed zdroj vape.<\/li>\r\n<li>100% Origin\u00e1ln\u00ed z\u00e1ruka: Odm\u00edt\u00e1me pad\u011blky.<\/li>\r\n<li>100% Z\u00e1ruka dod\u00e1n\u00ed: Pou\u017e\u00edv\u00e1me nejlep\u0161\u00ed zp\u016fsob dopravy, abychom zajistili, \u017ee objedn\u00e1vku 100% obdr\u017e\u00edte.<\/li>\r\n<li>Po odesl\u00e1n\u00ed v\u00e1m poskytneme sledovac\u00ed \u010d\u00edslo a p\u0159epravn\u00ed \u0161t\u00edtek a budeme pro v\u00e1s sledovat zbo\u017e\u00ed, dokud ho nepodep\u00ed\u0161ete.<\/li>\r\n<li>\u017d\u00e1dn\u00e9 celn\u00ed probl\u00e9my, \u017e\u00e1dn\u00e1 cla<\/li>\r\n<\/ul>","protected":false},"excerpt":{"rendered":"<p><b><span style=\"color: #00a859;\">Free shipping<\/span>\u00a0from Europe warehouse, 7-15 working days delivery time.<\/b><\/p>\r\n<div class=\"wsppc_div_block woocommerce_before_add_to_cart_form\">\r\n<p><strong>Clear customs before delivery &amp; 100% Delivery Guarantee<\/strong><\/p>\r\n<\/div>","protected":false},"featured_media":16447,"comment_status":"open","ping_status":"closed","template":"","meta":[],"pwb-brand":[1271],"product_cat":[938],"product_tag":[22,24,692,794,899],"class_list":{"0":"post-16445","1":"product","2":"type-product","3":"status-publish","4":"has-post-thumbnail","6":"pwb-brand-vapsolo","7":"product_cat-europe-warehouse","8":"product_tag-disposable","9":"product_tag-wholesale","10":"product_tag-25-0ml","11":"product_tag-20000-puffs","12":"product_tag-vapsolo","13":"product_shipping_class-eu-warehouse","14":"wcpa_has_options","16":"first","17":"instock","18":"shipping-taxable","19":"purchasable","20":"product-type-variable"},"aioseo_notices":[],"brands":[{"id":1271,"name":"Vapsolo","slug":"vapsolo"}],"_links":{"self":[{"href":"https:\/\/www.vape4wholesale.com\/cs\/wp-json\/wp\/v2\/product\/16445","targetHints":{"allow":["GET"]}}],"collection":[{"href":"https:\/\/www.vape4wholesale.com\/cs\/wp-json\/wp\/v2\/product"}],"about":[{"href":"https:\/\/www.vape4wholesale.com\/cs\/wp-json\/wp\/v2\/types\/product"}],"replies":[{"embeddable":true,"href":"https:\/\/www.vape4wholesale.com\/cs\/wp-json\/wp\/v2\/comments?post=16445"}],"wp:featuredmedia":[{"embeddable":true,"href":"https:\/\/www.vape4wholesale.com\/cs\/wp-json\/wp\/v2\/media\/16447"}],"wp:attachment":[{"href":"https:\/\/www.vape4wholesale.com\/cs\/wp-json\/wp\/v2\/media?parent=16445"}],"wp:term":[{"taxonomy":"pwb-brand","embeddable":true,"href":"https:\/\/www.vape4wholesale.com\/cs\/wp-json\/wp\/v2\/pwb-brand?post=16445"},{"taxonomy":"product_cat","embeddable":true,"href":"https:\/\/www.vape4wholesale.com\/cs\/wp-json\/wp\/v2\/product_cat?post=16445"},{"taxonomy":"product_tag","embeddable":true,"href":"https:\/\/www.vape4wholesale.com\/cs\/wp-json\/wp\/v2\/product_tag?post=16445"}],"curies":[{"name":"wp","href":"https:\/\/api.w.org\/{rel}","templated":true}]}}