{"id":16414,"date":"2024-07-23T14:13:00","date_gmt":"2024-07-23T06:13:00","guid":{"rendered":"https:\/\/www.vape4wholesale.com\/?post_type=product&#038;p=16414"},"modified":"2026-02-02T07:02:18","modified_gmt":"2026-02-02T07:02:18","slug":"vapsolo-viking-12000-puffs-jednorazovy-vape-velkoobchod","status":"publish","type":"product","link":"https:\/\/www.vape4wholesale.com\/cs\/produkt\/vapsolo-viking-12000-puffs-jednorazovy-vape-velkoobchod","title":{"rendered":"Vapsolo Viking 12000 Puffs Jednor\u00e1zov\u00e9 Vape Velkoobchod"},"content":{"rendered":"<p>Na str\u00e1nk\u00e1ch <a href=\"\/cs\/product_brand\/vapsolo\/\">VapSolo<\/a> Viking 12000 je unik\u00e1tn\u00ed jednor\u00e1zov\u00fd vape se s\u00ed\u0165ovou spir\u00e1lkou, p\u0159edpln\u011bn\u00fdm 22ml e-liquidem a dob\u00edjec\u00ed bateri\u00ed typu C o kapacit\u011b 650 mAh. D\u00edky \u010dty\u0159stup\u0148ov\u00e9mu \u0159\u00edzen\u00ed pr\u016ftoku vzduchu a LCD displeji m\u016f\u017eete sledovat zb\u00fdvaj\u00edc\u00ed kapacitu baterie a eliquidu.<\/p>\n<p>Objednejte si hromadn\u011b n\u00e1\u0161 \u0161irok\u00fd v\u00fdb\u011br 15 p\u0159\u00edchut\u00ed jednor\u00e1zov\u00e9 vapky Vapsolo Viking 12000 za nejlep\u0161\u00ed cenu a s rychlou expedic\u00ed.<\/p>\n<div>\n<h2>Vapsolo Viking 12000 Puffs jednor\u00e1zov\u00e9 Vape Rychl\u00fd detail<\/h2>\n<ul>\n<li>Puff: A\u017e 12000 vdech\u016f<\/li>\n<li>Kapalina: 22 ml P\u0159edpln\u011bn\u00e9<\/li>\n<li>Nikotin: 2%\/5%<\/li>\n<li>Baterie: 650mAh dob\u00edjec\u00ed<\/li>\n<li>J\u00e1dro: S\u00ed\u0165ov\u00e1 c\u00edvka 1,0 \u03a9<\/li>\n<li>P\u0159edpln\u011bn\u00e1 + s\u00ed\u0165ov\u00e1 c\u00edvka*2<\/li>\n<li>Dob\u00edjec\u00ed, nab\u00edjec\u00ed port typu C<\/li>\n<li>Regulace proud\u011bn\u00ed vzduchu: 4 \u00farovn\u011b<\/li>\n<li>Zobrazen\u00ed nap\u00e1jen\u00ed a e-juice<\/li>\n<\/ul>\n<\/div>\n<div>\n<div class=\"wmkc-template-12\">\n<h2 class=\"wmkc-white\">Dostupn\u00e9 p\u0159\u00edchut\u011b<\/h2>\n<\/div>\n<ol>\n<li>Bor\u016fvka malina<\/li>\n<li>Bor\u016fvky<\/li>\n<li>Fizzy Cherry<\/li>\n<li>Melounov\u00fd led<\/li>\n<li>Jahodov\u00e9 kiwi<\/li>\n<li>Jahodov\u00fd meloun<\/li>\n<li>Letn\u00ed sen<\/li>\n<li>Bor\u016fvka T\u0159e\u0161e\u0148 Brusinka<\/li>\n<li>Lemon Lime<\/li>\n<li>Gumov\u00fd medv\u00eddek<\/li>\n<li>Jahodov\u00fd ban\u00e1n<\/li>\n<li>\u010cerstv\u00e1 m\u00e1ta<\/li>\n<li>Jahodov\u00e1 malinov\u00e1 zmrzlina<\/li>\n<li>Citronov\u00e1 broskev<\/li>\n<li>Led z \u010derven\u00e9ho jablka<\/li>\n<\/ol>\n<\/div>\n<h2>Podrobnosti o balen\u00ed:<\/h2>\n<ul>\n<li>200 ks\/ks; 10 ks\/krabice<\/li>\n<li>Hmotnost\uff1a85g\/ks<\/li>\n<li>18,6 kg\/ctn<\/li>\n<li>Velikost kartonu: 44*43*26,5 cm<\/li>\n<\/ul>\n<figure id=\"attachment_16422\" aria-describedby=\"caption-attachment-16422\" style=\"width: 800px\" class=\"wp-caption alignnone\"><img loading=\"lazy\" decoding=\"async\" class=\"size-full wp-image-16422\" title=\"Vapsolo Viking 12000 Puffs jednor\u00e1zov\u00e9 Vape velkoobchod Lemon Peach\" src=\"https:\/\/www.vape4wholesale.com\/wp-content\/uploads\/2024\/07\/Vapsolo-Viking-12000-Puffs-Disposable-Vape-Wholesale-Lemon-Peach.jpg\" alt=\"Vapsolo Viking 12000 Puffs jednor\u00e1zov\u00e9 Vape velkoobchod Lemon Peach\" width=\"800\" height=\"800\" srcset=\"https:\/\/www.vape4wholesale.com\/wp-content\/uploads\/2024\/07\/Vapsolo-Viking-12000-Puffs-Disposable-Vape-Wholesale-Lemon-Peach.jpg 800w, https:\/\/www.vape4wholesale.com\/wp-content\/uploads\/2024\/07\/Vapsolo-Viking-12000-Puffs-Disposable-Vape-Wholesale-Lemon-Peach-247x247.jpg 247w, https:\/\/www.vape4wholesale.com\/wp-content\/uploads\/2024\/07\/Vapsolo-Viking-12000-Puffs-Disposable-Vape-Wholesale-Lemon-Peach-100x100.jpg 100w, https:\/\/www.vape4wholesale.com\/wp-content\/uploads\/2024\/07\/Vapsolo-Viking-12000-Puffs-Disposable-Vape-Wholesale-Lemon-Peach-510x510.jpg 510w, https:\/\/www.vape4wholesale.com\/wp-content\/uploads\/2024\/07\/Vapsolo-Viking-12000-Puffs-Disposable-Vape-Wholesale-Lemon-Peach-64x64.jpg 64w, https:\/\/www.vape4wholesale.com\/wp-content\/uploads\/2024\/07\/Vapsolo-Viking-12000-Puffs-Disposable-Vape-Wholesale-Lemon-Peach-300x300.jpg 300w, https:\/\/www.vape4wholesale.com\/wp-content\/uploads\/2024\/07\/Vapsolo-Viking-12000-Puffs-Disposable-Vape-Wholesale-Lemon-Peach-150x150.jpg 150w, https:\/\/www.vape4wholesale.com\/wp-content\/uploads\/2024\/07\/Vapsolo-Viking-12000-Puffs-Disposable-Vape-Wholesale-Lemon-Peach-768x768.jpg 768w, https:\/\/www.vape4wholesale.com\/wp-content\/uploads\/2024\/07\/Vapsolo-Viking-12000-Puffs-Disposable-Vape-Wholesale-Lemon-Peach-12x12.jpg 12w\" sizes=\"auto, (max-width: 800px) 100vw, 800px\" \/><figcaption id=\"caption-attachment-16422\" class=\"wp-caption-text\">Vapsolo Viking 12000 Puffs Jednor\u00e1zov\u00e9 Vape Velkoobchod<\/figcaption><\/figure>\n<h2>PRO\u010c MY?<\/h2>\r\n<ul>\r\n<li>Skute\u010dn\u00fd, d\u016fv\u011bryhodn\u00fd a profesion\u00e1ln\u00ed zdroj vape.<\/li>\r\n<li>100% Origin\u00e1ln\u00ed z\u00e1ruka: Odm\u00edt\u00e1me pad\u011blky.<\/li>\r\n<li>100% Z\u00e1ruka dod\u00e1n\u00ed: Pou\u017e\u00edv\u00e1me nejlep\u0161\u00ed zp\u016fsob dopravy, abychom zajistili, \u017ee objedn\u00e1vku 100% obdr\u017e\u00edte.<\/li>\r\n<li>Po odesl\u00e1n\u00ed v\u00e1m poskytneme sledovac\u00ed \u010d\u00edslo a p\u0159epravn\u00ed \u0161t\u00edtek a budeme pro v\u00e1s sledovat zbo\u017e\u00ed, dokud ho nepodep\u00ed\u0161ete.<\/li>\r\n<li>\u017d\u00e1dn\u00e9 celn\u00ed probl\u00e9my, \u017e\u00e1dn\u00e1 cla<\/li>\r\n<\/ul>","protected":false},"excerpt":{"rendered":"<p><b><span style=\"color: #00a859;\">Free shipping<\/span>\u00a0from Europe warehouse, 7-15 working days delivery time.<\/b><\/p>\r\n<div class=\"wsppc_div_block woocommerce_before_add_to_cart_form\">\r\n<p><strong>Clear customs before delivery &amp; 100% Delivery Guarantee<\/strong><\/p>\r\n<\/div>","protected":false},"featured_media":16419,"comment_status":"open","ping_status":"closed","template":"","meta":[],"pwb-brand":[1271],"product_cat":[871],"product_tag":[22,24,556,877,899],"class_list":{"0":"post-16414","1":"product","2":"type-product","3":"status-publish","4":"has-post-thumbnail","6":"pwb-brand-vapsolo","7":"product_cat-10-15k-puffs","8":"product_tag-disposable","9":"product_tag-wholesale","10":"product_tag-12000-puffs","11":"product_tag-22-0ml","12":"product_tag-vapsolo","13":"product_shipping_class-vapsolo-cn-eu","14":"wcpa_has_options","16":"first","17":"outofstock","18":"shipping-taxable","19":"purchasable","20":"product-type-variable"},"aioseo_notices":[],"brands":[{"id":1271,"name":"Vapsolo","slug":"vapsolo"}],"_links":{"self":[{"href":"https:\/\/www.vape4wholesale.com\/cs\/wp-json\/wp\/v2\/product\/16414","targetHints":{"allow":["GET"]}}],"collection":[{"href":"https:\/\/www.vape4wholesale.com\/cs\/wp-json\/wp\/v2\/product"}],"about":[{"href":"https:\/\/www.vape4wholesale.com\/cs\/wp-json\/wp\/v2\/types\/product"}],"replies":[{"embeddable":true,"href":"https:\/\/www.vape4wholesale.com\/cs\/wp-json\/wp\/v2\/comments?post=16414"}],"wp:featuredmedia":[{"embeddable":true,"href":"https:\/\/www.vape4wholesale.com\/cs\/wp-json\/wp\/v2\/media\/16419"}],"wp:attachment":[{"href":"https:\/\/www.vape4wholesale.com\/cs\/wp-json\/wp\/v2\/media?parent=16414"}],"wp:term":[{"taxonomy":"pwb-brand","embeddable":true,"href":"https:\/\/www.vape4wholesale.com\/cs\/wp-json\/wp\/v2\/pwb-brand?post=16414"},{"taxonomy":"product_cat","embeddable":true,"href":"https:\/\/www.vape4wholesale.com\/cs\/wp-json\/wp\/v2\/product_cat?post=16414"},{"taxonomy":"product_tag","embeddable":true,"href":"https:\/\/www.vape4wholesale.com\/cs\/wp-json\/wp\/v2\/product_tag?post=16414"}],"curies":[{"name":"wp","href":"https:\/\/api.w.org\/{rel}","templated":true}]}}