{"id":16379,"date":"2024-07-24T11:33:00","date_gmt":"2024-07-24T03:33:00","guid":{"rendered":"https:\/\/www.vape4wholesale.com\/?post_type=product&#038;p=16379"},"modified":"2026-03-30T08:19:54","modified_gmt":"2026-03-30T00:19:54","slug":"vapsolo-super-15000-puffs-jednorazovy-vape-velkoobchod","status":"publish","type":"product","link":"https:\/\/www.vape4wholesale.com\/cs\/product\/vapsolo-super-15000-puffs-disposable-vape-wholesale","title":{"rendered":"Vapsolo Super 15000 Puffs Jednor\u00e1zov\u00e9 Vape Velkoobchod"},"content":{"rendered":"<p>Na str\u00e1nk\u00e1ch <a href=\"\/cs\/product_brand\/vapsolo\/\">Vapsolo<\/a> Super 15000 Puffs je pr\u00e9miov\u00fd dob\u00edjec\u00ed jednor\u00e1zov\u00fd vape nab\u00edzej\u00edc\u00ed a\u017e 15 000 potah\u016f s nikotinem 2% nebo 5%, s bateri\u00ed 650 mAh, kapacitou 25 ml e-liquidu a \u0159adou bohat\u00fdch p\u0159\u00edchut\u00ed, ide\u00e1ln\u00ed pro velkoobchodn\u00edky a maloobchodn\u00edky, kte\u0159\u00ed hledaj\u00ed vysoce kvalitn\u00ed vapingov\u00e9 produkty.<\/p>\n<p>Objednejte si hromadn\u011b n\u00e1\u0161 \u0161irok\u00fd v\u00fdb\u011br 15 p\u0159\u00edchut\u00ed Vapsolo Super 15000 puffs vape za nejlep\u0161\u00ed cenu a s rychlou expedic\u00ed.<\/p>\n<h2><strong>Vapsolo Super 15000 Puffs jednor\u00e1zov\u00e9 Vape Rychl\u00fd detail<\/strong><\/h2>\n<ul>\n<li>Puffy: 15000 Puff\u016f<\/li>\n<li>4 \u00farovn\u011b proud\u011bn\u00ed vzduchu<\/li>\n<li>Kapacita e-liquidu: 25 ML<\/li>\n<li>Kapacita baterie: 650MAH<\/li>\n<li>S\u00ed\u0165ov\u00e1 c\u00edvka<\/li>\n<li>Odpor c\u00edvky: 1,0\u03a9<\/li>\n<li>port typu C, dob\u00edjec\u00ed<\/li>\n<\/ul>\n<h2><strong>Dostupn\u00e9 p\u0159\u00edchut\u011b<\/strong><\/h2>\n<ol>\n<li>Blue Razz<\/li>\n<li>Bor\u016fvkov\u00fd led<\/li>\n<li>Dvojit\u00e9 jablko<\/li>\n<li>Melounov\u00fd led<\/li>\n<li>Jahodov\u00e9 kiwi<\/li>\n<li>Sm\u00ed\u0161en\u00e9 bobule<\/li>\n<li>Red Bull<\/li>\n<li>Bor\u016fvka T\u0159e\u0161e\u0148 Brusinka<\/li>\n<li>Lemon Lime<\/li>\n<li>Ku\u017eelky<\/li>\n<li>Letn\u00ed sen<\/li>\n<li>Jahodov\u00fd ban\u00e1n<\/li>\n<li>Malinov\u00fd meloun<\/li>\n<li>Bor\u016fvkov\u00e1 t\u0159e\u0161\u0148ov\u00e1 cola<\/li>\n<li>Black Ice Dragonfruit Strawberry<\/li>\n<li>Jahodov\u00e1 vanilkov\u00e1 cola<\/li>\n<li>R\u016f\u017eov\u00e1 limon\u00e1da<\/li>\n<li>Jahodov\u00e1 zmrzlina<\/li>\n<li>Broskev Mango Ananas<\/li>\n<li>Bor\u016fvkov\u00fd led s \u010dern\u00fdm ryb\u00edzem<\/li>\n<\/ol>\n<h2><strong>Balic\u00ed seznam<\/strong><\/h2>\n<p>200ks\/ctn; 21,9kg\/ctn<br \/>\nVelikost kartonu: 44*43*26,5 cm<\/p>\n<figure id=\"attachment_16389\" aria-describedby=\"caption-attachment-16389\" style=\"width: 800px\" class=\"wp-caption alignnone\"><img loading=\"lazy\" decoding=\"async\" class=\"size-full wp-image-16389\" title=\"Vapsolo Super 15000 Puffs Jednor\u00e1zov\u00e9 Vape Velkoobchod Red Bull\" src=\"https:\/\/www.vape4wholesale.com\/wp-content\/uploads\/2024\/07\/Vapsolo-Super-15000-Puffs-Disposable-Vape-Wholesale-Red-Bull.jpg\" alt=\"Vapsolo Super 15000 Puffs Jednor\u00e1zov\u00e9 Vape Velkoobchod Red Bull\" width=\"800\" height=\"800\" srcset=\"https:\/\/www.vape4wholesale.com\/wp-content\/uploads\/2024\/07\/Vapsolo-Super-15000-Puffs-Disposable-Vape-Wholesale-Red-Bull.jpg 800w, https:\/\/www.vape4wholesale.com\/wp-content\/uploads\/2024\/07\/Vapsolo-Super-15000-Puffs-Disposable-Vape-Wholesale-Red-Bull-247x247.jpg 247w, https:\/\/www.vape4wholesale.com\/wp-content\/uploads\/2024\/07\/Vapsolo-Super-15000-Puffs-Disposable-Vape-Wholesale-Red-Bull-100x100.jpg 100w, https:\/\/www.vape4wholesale.com\/wp-content\/uploads\/2024\/07\/Vapsolo-Super-15000-Puffs-Disposable-Vape-Wholesale-Red-Bull-510x510.jpg 510w, https:\/\/www.vape4wholesale.com\/wp-content\/uploads\/2024\/07\/Vapsolo-Super-15000-Puffs-Disposable-Vape-Wholesale-Red-Bull-64x64.jpg 64w, https:\/\/www.vape4wholesale.com\/wp-content\/uploads\/2024\/07\/Vapsolo-Super-15000-Puffs-Disposable-Vape-Wholesale-Red-Bull-300x300.jpg 300w, https:\/\/www.vape4wholesale.com\/wp-content\/uploads\/2024\/07\/Vapsolo-Super-15000-Puffs-Disposable-Vape-Wholesale-Red-Bull-150x150.jpg 150w, https:\/\/www.vape4wholesale.com\/wp-content\/uploads\/2024\/07\/Vapsolo-Super-15000-Puffs-Disposable-Vape-Wholesale-Red-Bull-768x768.jpg 768w, https:\/\/www.vape4wholesale.com\/wp-content\/uploads\/2024\/07\/Vapsolo-Super-15000-Puffs-Disposable-Vape-Wholesale-Red-Bull-12x12.jpg 12w\" sizes=\"auto, (max-width: 800px) 100vw, 800px\" \/><figcaption id=\"caption-attachment-16389\" class=\"wp-caption-text\">Vapsolo Super 15000 Puffs Jednor\u00e1zov\u00e9 Vape Velkoobchod<\/figcaption><\/figure>\n<h2>PRO\u010c MY?<\/h2>\r\n<ul>\r\n<li>Skute\u010dn\u00fd, d\u016fv\u011bryhodn\u00fd a profesion\u00e1ln\u00ed zdroj vape.<\/li>\r\n<li>100% Origin\u00e1ln\u00ed z\u00e1ruka: Odm\u00edt\u00e1me pad\u011blky.<\/li>\r\n<li>100% Z\u00e1ruka dod\u00e1n\u00ed: Pou\u017e\u00edv\u00e1me nejlep\u0161\u00ed zp\u016fsob dopravy, abychom zajistili, \u017ee objedn\u00e1vku 100% obdr\u017e\u00edte.<\/li>\r\n<li>Po odesl\u00e1n\u00ed v\u00e1m poskytneme sledovac\u00ed \u010d\u00edslo a p\u0159epravn\u00ed \u0161t\u00edtek a budeme pro v\u00e1s sledovat zbo\u017e\u00ed, dokud ho nepodep\u00ed\u0161ete.<\/li>\r\n<li>\u017d\u00e1dn\u00e9 celn\u00ed probl\u00e9my, \u017e\u00e1dn\u00e1 cla<\/li>\r\n<\/ul>","protected":false},"excerpt":{"rendered":"<p><b><span style=\"color: #00a859;\">Doprava zdarma<\/span>\u00a0z evropsk\u00e9ho skladu, dodac\u00ed lh\u016fta 7-15 pracovn\u00edch dn\u016f.<\/b><\/p>\r\n<div class=\"wsppc_div_block woocommerce_before_add_to_cart_form\">\r\n<p><strong>Vymaz\u00e1n\u00ed cel p\u0159ed dod\u00e1n\u00edm &amp; 100% Z\u00e1ruka dod\u00e1n\u00ed<\/strong><\/p>\r\n<\/div>","protected":false},"featured_media":16388,"comment_status":"open","ping_status":"closed","template":"","meta":[],"pwb-brand":[1271],"product_cat":[938],"product_tag":[22,24,684,692,899],"class_list":{"0":"post-16379","1":"product","2":"type-product","3":"status-publish","4":"has-post-thumbnail","6":"pwb-brand-vapsolo","7":"product_cat-europe-warehouse","8":"product_tag-disposable","9":"product_tag-wholesale","10":"product_tag-15000-puffs","11":"product_tag-25-0ml","12":"product_tag-vapsolo","13":"product_shipping_class-eu-warehouse","14":"wcpa_has_options","16":"first","17":"instock","18":"shipping-taxable","19":"purchasable","20":"product-type-variable"},"aioseo_notices":[],"brands":[{"id":1271,"name":"Vapsolo","slug":"vapsolo"}],"_links":{"self":[{"href":"https:\/\/www.vape4wholesale.com\/cs\/wp-json\/wp\/v2\/product\/16379","targetHints":{"allow":["GET"]}}],"collection":[{"href":"https:\/\/www.vape4wholesale.com\/cs\/wp-json\/wp\/v2\/product"}],"about":[{"href":"https:\/\/www.vape4wholesale.com\/cs\/wp-json\/wp\/v2\/types\/product"}],"replies":[{"embeddable":true,"href":"https:\/\/www.vape4wholesale.com\/cs\/wp-json\/wp\/v2\/comments?post=16379"}],"wp:featuredmedia":[{"embeddable":true,"href":"https:\/\/www.vape4wholesale.com\/cs\/wp-json\/wp\/v2\/media\/16388"}],"wp:attachment":[{"href":"https:\/\/www.vape4wholesale.com\/cs\/wp-json\/wp\/v2\/media?parent=16379"}],"wp:term":[{"taxonomy":"pwb-brand","embeddable":true,"href":"https:\/\/www.vape4wholesale.com\/cs\/wp-json\/wp\/v2\/pwb-brand?post=16379"},{"taxonomy":"product_cat","embeddable":true,"href":"https:\/\/www.vape4wholesale.com\/cs\/wp-json\/wp\/v2\/product_cat?post=16379"},{"taxonomy":"product_tag","embeddable":true,"href":"https:\/\/www.vape4wholesale.com\/cs\/wp-json\/wp\/v2\/product_tag?post=16379"}],"curies":[{"name":"wp","href":"https:\/\/api.w.org\/{rel}","templated":true}]}}