{"id":16152,"date":"2024-07-03T09:36:00","date_gmt":"2024-07-03T01:36:00","guid":{"rendered":"https:\/\/www.vape4wholesale.com\/?post_type=product&#038;p=16152"},"modified":"2026-01-26T13:40:43","modified_gmt":"2026-01-26T13:40:43","slug":"fihp-shisha-vodni-dymka-15000-pro-jednorazovy-vape-velkoobchod","status":"publish","type":"product","link":"https:\/\/www.vape4wholesale.com\/cs\/product\/fihp-shisha-hookah-15000-pro-disposable-vape-wholesale","title":{"rendered":"FIHP Shisha Hookah 15000 Pro jednor\u00e1zov\u00e9 Vape Velkoobchod"},"content":{"rendered":"<p>FIHP Shisha Hookah 15000 je p\u011bkn\u011b navr\u017een\u00e1 jednor\u00e1zov\u00e1 vape Shisha Hookah, kter\u00e1 je dod\u00e1v\u00e1na s led obrazovkou desgin. stav\u011bt s 650mah dob\u00edjec\u00ed bateri\u00ed a 20ml eliquidu, kter\u00fd podporuje max. 15000 puffs.<\/p>\n<p>Objednejte si hromadn\u011b na\u0161ich 10 p\u0159\u00edchut\u00ed vodn\u00ed d\u00fdmky FIHP Shisha 15000 Pro za nejlep\u0161\u00ed cenu a s rychl\u00fdm dod\u00e1n\u00edm.<\/p>\n<h2><strong>FIHP Shisha Hookah 15000 Pro Vlastnosti<\/strong><\/h2>\n<p>Po\u010det \u0161luk\u016f: 15000 \u0161luk\u016f, co\u017e zaru\u010duje dlouhou \u017eivotnost.<br \/>\nJ\u00e1dro: Pro optim\u00e1ln\u00ed pod\u00e1n\u00ed chuti je vybaven s\u00ed\u0165ovou c\u00edvkou 0,6ohm.<br \/>\nE-liquid: Obsahuje 22 ml pr\u00e9miov\u00e9ho e-liquidu, kter\u00fd je vyroben pro bohatou a konzistentn\u00ed chu\u0165.<br \/>\nNikotin: N\u00edzk\u00fd obsah nikotinu 6 mg, vhodn\u00fd pro plynul\u00fd vaping.<br \/>\nBaterie: V\u00fdkonn\u00e1 650mAh baterie pro del\u0161\u00ed pou\u017e\u00edv\u00e1n\u00ed.<br \/>\nDob\u00edjec\u00ed: Port typu C pro rychl\u00e9 a pohodln\u00e9 dob\u00edjen\u00ed.<br \/>\nZobrazen\u00ed: LED displej pro snadn\u00e9 sledov\u00e1n\u00ed \u017eivotnosti baterie a jej\u00edho pou\u017e\u00edv\u00e1n\u00ed.<\/p>\n<h2><strong>Seznam p\u0159\u00edchut\u00ed<\/strong><\/h2>\n<p>Melounov\u00fd led<br \/>\nBlack Dragon Ice<br \/>\nBor\u016fvka malina<br \/>\nJahodov\u00e9 kiwi<br \/>\nSm\u00ed\u0161en\u00e9 bobule<br \/>\nJahodov\u00fd meloun<br \/>\nPina Colada<br \/>\nBroskvov\u00fd mango ananas<br \/>\nKiwi Mu\u010denka Ovoce Guava<br \/>\nJahoda malina t\u0159e\u0161e\u0148<\/p>\n<figure id=\"attachment_16168\" aria-describedby=\"caption-attachment-16168\" style=\"width: 800px\" class=\"wp-caption alignnone\"><img loading=\"lazy\" decoding=\"async\" class=\"wp-image-16168 size-full\" title=\"FIHP Shisha Hookah 15000 Pro jednor\u00e1zov\u00e9 Vape velkoobchod (6)\" src=\"https:\/\/www.vape4wholesale.com\/wp-content\/uploads\/2024\/07\/FIHP-Shisha-Hookah-15000-Pro-Disposable-Vape-Wholesale-6.webp\" alt=\"FIHP Shisha Hookah 15000 Pro jednor\u00e1zov\u00e9 Vape velkoobchod (6)\" width=\"800\" height=\"800\" srcset=\"https:\/\/www.vape4wholesale.com\/wp-content\/uploads\/2024\/07\/FIHP-Shisha-Hookah-15000-Pro-Disposable-Vape-Wholesale-6.webp 800w, https:\/\/www.vape4wholesale.com\/wp-content\/uploads\/2024\/07\/FIHP-Shisha-Hookah-15000-Pro-Disposable-Vape-Wholesale-6-247x247.webp 247w, https:\/\/www.vape4wholesale.com\/wp-content\/uploads\/2024\/07\/FIHP-Shisha-Hookah-15000-Pro-Disposable-Vape-Wholesale-6-100x100.webp 100w, https:\/\/www.vape4wholesale.com\/wp-content\/uploads\/2024\/07\/FIHP-Shisha-Hookah-15000-Pro-Disposable-Vape-Wholesale-6-510x510.webp 510w, https:\/\/www.vape4wholesale.com\/wp-content\/uploads\/2024\/07\/FIHP-Shisha-Hookah-15000-Pro-Disposable-Vape-Wholesale-6-64x64.webp 64w, https:\/\/www.vape4wholesale.com\/wp-content\/uploads\/2024\/07\/FIHP-Shisha-Hookah-15000-Pro-Disposable-Vape-Wholesale-6-300x300.webp 300w, https:\/\/www.vape4wholesale.com\/wp-content\/uploads\/2024\/07\/FIHP-Shisha-Hookah-15000-Pro-Disposable-Vape-Wholesale-6-150x150.webp 150w, https:\/\/www.vape4wholesale.com\/wp-content\/uploads\/2024\/07\/FIHP-Shisha-Hookah-15000-Pro-Disposable-Vape-Wholesale-6-768x768.webp 768w\" sizes=\"auto, (max-width: 800px) 100vw, 800px\" \/><figcaption id=\"caption-attachment-16168\" class=\"wp-caption-text\">FIHP Shisha Hookah 15000 Pro jednor\u00e1zov\u00e9 Vape Velkoobchod<\/figcaption><\/figure>\n<p><img loading=\"lazy\" decoding=\"async\" class=\"alignnone size-full wp-image-16175\" title=\"FIHP Shisha Hookah 15000 Pro jednor\u00e1zov\u00e9 Vape velkoobchod (13)\" src=\"https:\/\/www.vape4wholesale.com\/wp-content\/uploads\/2024\/07\/FIHP-Shisha-Hookah-15000-Pro-Disposable-Vape-Wholesale-13.webp\" alt=\"FIHP Shisha Hookah 15000 Pro jednor\u00e1zov\u00e9 Vape velkoobchod (13)\" width=\"800\" height=\"800\" srcset=\"https:\/\/www.vape4wholesale.com\/wp-content\/uploads\/2024\/07\/FIHP-Shisha-Hookah-15000-Pro-Disposable-Vape-Wholesale-13.webp 800w, https:\/\/www.vape4wholesale.com\/wp-content\/uploads\/2024\/07\/FIHP-Shisha-Hookah-15000-Pro-Disposable-Vape-Wholesale-13-247x247.webp 247w, https:\/\/www.vape4wholesale.com\/wp-content\/uploads\/2024\/07\/FIHP-Shisha-Hookah-15000-Pro-Disposable-Vape-Wholesale-13-100x100.webp 100w, https:\/\/www.vape4wholesale.com\/wp-content\/uploads\/2024\/07\/FIHP-Shisha-Hookah-15000-Pro-Disposable-Vape-Wholesale-13-510x510.webp 510w, https:\/\/www.vape4wholesale.com\/wp-content\/uploads\/2024\/07\/FIHP-Shisha-Hookah-15000-Pro-Disposable-Vape-Wholesale-13-64x64.webp 64w, https:\/\/www.vape4wholesale.com\/wp-content\/uploads\/2024\/07\/FIHP-Shisha-Hookah-15000-Pro-Disposable-Vape-Wholesale-13-300x300.webp 300w, https:\/\/www.vape4wholesale.com\/wp-content\/uploads\/2024\/07\/FIHP-Shisha-Hookah-15000-Pro-Disposable-Vape-Wholesale-13-150x150.webp 150w, https:\/\/www.vape4wholesale.com\/wp-content\/uploads\/2024\/07\/FIHP-Shisha-Hookah-15000-Pro-Disposable-Vape-Wholesale-13-768x768.webp 768w\" sizes=\"auto, (max-width: 800px) 100vw, 800px\" \/> <img loading=\"lazy\" decoding=\"async\" class=\"alignnone size-full wp-image-16163\" title=\"FIHP Shisha Hookah 15000 Pro jednor\u00e1zov\u00fd velkoobchod (1)\" src=\"https:\/\/www.vape4wholesale.com\/wp-content\/uploads\/2024\/07\/FIHP-Shisha-Hookah-15000-Pro-Disposable-Vape-Wholesale-1.webp\" alt=\"FIHP Shisha Hookah 15000 Pro jednor\u00e1zov\u00fd velkoobchod (1)\" width=\"800\" height=\"800\" srcset=\"https:\/\/www.vape4wholesale.com\/wp-content\/uploads\/2024\/07\/FIHP-Shisha-Hookah-15000-Pro-Disposable-Vape-Wholesale-1.webp 800w, https:\/\/www.vape4wholesale.com\/wp-content\/uploads\/2024\/07\/FIHP-Shisha-Hookah-15000-Pro-Disposable-Vape-Wholesale-1-247x247.webp 247w, https:\/\/www.vape4wholesale.com\/wp-content\/uploads\/2024\/07\/FIHP-Shisha-Hookah-15000-Pro-Disposable-Vape-Wholesale-1-100x100.webp 100w, https:\/\/www.vape4wholesale.com\/wp-content\/uploads\/2024\/07\/FIHP-Shisha-Hookah-15000-Pro-Disposable-Vape-Wholesale-1-510x510.webp 510w, https:\/\/www.vape4wholesale.com\/wp-content\/uploads\/2024\/07\/FIHP-Shisha-Hookah-15000-Pro-Disposable-Vape-Wholesale-1-64x64.webp 64w, https:\/\/www.vape4wholesale.com\/wp-content\/uploads\/2024\/07\/FIHP-Shisha-Hookah-15000-Pro-Disposable-Vape-Wholesale-1-300x300.webp 300w, https:\/\/www.vape4wholesale.com\/wp-content\/uploads\/2024\/07\/FIHP-Shisha-Hookah-15000-Pro-Disposable-Vape-Wholesale-1-150x150.webp 150w, https:\/\/www.vape4wholesale.com\/wp-content\/uploads\/2024\/07\/FIHP-Shisha-Hookah-15000-Pro-Disposable-Vape-Wholesale-1-768x768.webp 768w\" sizes=\"auto, (max-width: 800px) 100vw, 800px\" \/><\/p>\n<h2>PRO\u010c MY?<\/h2>\r\n<ul>\r\n<li>Skute\u010dn\u00fd, d\u016fv\u011bryhodn\u00fd a profesion\u00e1ln\u00ed zdroj vape.<\/li>\r\n<li>100% Origin\u00e1ln\u00ed z\u00e1ruka: Odm\u00edt\u00e1me pad\u011blky.<\/li>\r\n<li>100% Z\u00e1ruka dod\u00e1n\u00ed: Pou\u017e\u00edv\u00e1me nejlep\u0161\u00ed zp\u016fsob dopravy, abychom zajistili, \u017ee objedn\u00e1vku 100% obdr\u017e\u00edte.<\/li>\r\n<li>Po odesl\u00e1n\u00ed v\u00e1m poskytneme sledovac\u00ed \u010d\u00edslo a p\u0159epravn\u00ed \u0161t\u00edtek a budeme pro v\u00e1s sledovat zbo\u017e\u00ed, dokud ho nepodep\u00ed\u0161ete.<\/li>\r\n<li>\u017d\u00e1dn\u00e9 celn\u00ed probl\u00e9my, \u017e\u00e1dn\u00e1 cla<\/li>\r\n<\/ul>","protected":false},"excerpt":{"rendered":"<div class=\"wsppc_div_block woocommerce_before_add_to_cart_form\">\r\n<p><strong><span style=\"color: #00a859;\">Vy\u010distit celnici<\/span> p\u0159ed dod\u00e1n\u00edm &amp; 100% Z\u00e1ruka doru\u010den\u00ed, doru\u010den\u00ed p\u0159ibli\u017en\u011b za 19\u201325 dn\u00ed.\u00a0<\/strong><\/p>\r\n<\/div>","protected":false},"featured_media":16166,"comment_status":"open","ping_status":"closed","template":"","meta":[],"pwb-brand":[1279],"product_cat":[871],"product_tag":[877,878,22,24,684],"class_list":{"0":"post-16152","1":"product","2":"type-product","3":"status-publish","4":"has-post-thumbnail","6":"pwb-brand-fihp","7":"product_cat-10-15k-puffs","8":"product_tag-22-0ml","9":"product_tag-fihp","10":"product_tag-disposable","11":"product_tag-wholesale","12":"product_tag-15000-puffs","14":"first","15":"instock","16":"shipping-taxable","17":"purchasable","18":"product-type-variable"},"aioseo_notices":[],"brands":[{"id":1279,"name":"FIHP","slug":"fihp"}],"_links":{"self":[{"href":"https:\/\/www.vape4wholesale.com\/cs\/wp-json\/wp\/v2\/product\/16152","targetHints":{"allow":["GET"]}}],"collection":[{"href":"https:\/\/www.vape4wholesale.com\/cs\/wp-json\/wp\/v2\/product"}],"about":[{"href":"https:\/\/www.vape4wholesale.com\/cs\/wp-json\/wp\/v2\/types\/product"}],"replies":[{"embeddable":true,"href":"https:\/\/www.vape4wholesale.com\/cs\/wp-json\/wp\/v2\/comments?post=16152"}],"wp:featuredmedia":[{"embeddable":true,"href":"https:\/\/www.vape4wholesale.com\/cs\/wp-json\/wp\/v2\/media\/16166"}],"wp:attachment":[{"href":"https:\/\/www.vape4wholesale.com\/cs\/wp-json\/wp\/v2\/media?parent=16152"}],"wp:term":[{"taxonomy":"pwb-brand","embeddable":true,"href":"https:\/\/www.vape4wholesale.com\/cs\/wp-json\/wp\/v2\/pwb-brand?post=16152"},{"taxonomy":"product_cat","embeddable":true,"href":"https:\/\/www.vape4wholesale.com\/cs\/wp-json\/wp\/v2\/product_cat?post=16152"},{"taxonomy":"product_tag","embeddable":true,"href":"https:\/\/www.vape4wholesale.com\/cs\/wp-json\/wp\/v2\/product_tag?post=16152"}],"curies":[{"name":"wp","href":"https:\/\/api.w.org\/{rel}","templated":true}]}}