{"id":16121,"date":"2024-07-02T15:07:00","date_gmt":"2024-07-02T07:07:00","guid":{"rendered":"https:\/\/www.vape4wholesale.com\/?post_type=product&#038;p=16121"},"modified":"2026-01-27T14:55:36","modified_gmt":"2026-01-27T14:55:36","slug":"fihp-monster-shisha-12000-puffs-jednorazove-vape-velkoobchod","status":"publish","type":"product","link":"https:\/\/www.vape4wholesale.com\/cs\/product\/fihp-monster-shisha-12000-puffs-disposable-vape-wholesale","title":{"rendered":"FIHP Monster Shisha 12000 Puffs Jednor\u00e1zov\u00fd velkoobchod Vape"},"content":{"rendered":"<p>FIHP Monster je p\u011bkn\u011b navr\u017een\u00fd jednor\u00e1zov\u00fd vape Shisha Hookah, kter\u00fd je dod\u00e1v\u00e1n s barevn\u00fdm exteri\u00e9rem zabalen\u00fdm v k\u016f\u017ei a s led obrazovkou. stav\u011bt s 650mah dob\u00edjec\u00ed bateri\u00ed a 20ml eliquidu, kter\u00fd podporuje max. 12000 puffs.<\/p>\n<p>Objednejte si hromadn\u011b na\u0161ich 10 p\u0159\u00edchut\u00ed FIHP Monster za nejlep\u0161\u00ed cenu a s rychl\u00fdm dod\u00e1n\u00edm.<\/p>\n<h2><strong>FIHP Monster Shisha 12000 Puffs Vlastnosti produktu<\/strong><\/h2>\n<ul>\n<li><strong>Puffy<\/strong>: Vychutnejte si a\u017e 12 000 \u0161luk\u016f na jedno za\u0159\u00edzen\u00ed, co\u017e zaru\u010duje dlouhodobou spokojenost.<\/li>\n<li><strong>J\u00e1dro<\/strong>: Je vybaven nejmodern\u011bj\u0161\u00ed mesh spir\u00e1lkou s odporem 0,6ohm pro plynulou a konzistentn\u00ed produkci p\u00e1ry.<\/li>\n<li><strong>E-liquid<\/strong>: Obsahuje velkorys\u00fdch 22 ml e-liquidu na jedno za\u0159\u00edzen\u00ed a je vytvo\u0159en pro bohatou chu\u0165 a dlouhodob\u00fd po\u017eitek.<\/li>\n<li><strong>Nikotin<\/strong>: N\u00edzk\u00fd obsah nikotinu 6 mg, ide\u00e1ln\u00ed pro ty, kte\u0159\u00ed hledaj\u00ed m\u00edrn\u011bj\u0161\u00ed vapingov\u00fd z\u00e1\u017eitek.<\/li>\n<li><strong>Baterie<\/strong>: Nap\u00e1jen\u00ed zaji\u0161\u0165uje robustn\u00ed 650mAh baterie, kter\u00e1 je z\u00e1rukou spolehlivosti a del\u0161\u00edho pou\u017e\u00edv\u00e1n\u00ed.<\/li>\n<li><strong>Dob\u00edjec\u00ed<\/strong>: Je vybaven funkc\u00ed rychl\u00e9ho nab\u00edjen\u00ed typu C pro pohodln\u00e9 a rychl\u00e9 dob\u00edjen\u00ed.<\/li>\n<li><strong>LED displej<\/strong>: Obsahuje intuitivn\u00ed LED displej pro p\u0159ehledn\u00e9 zobrazen\u00ed \u017eivotnosti baterie a statistik pou\u017e\u00edv\u00e1n\u00ed.<\/li>\n<\/ul>\n<h2><strong>Seznam p\u0159\u00edchut\u00ed<\/strong><\/h2>\n<ol>\n<li><strong>Melounov\u00fd led<\/strong>: K\u0159upav\u00fd meloun s osv\u011b\u017euj\u00edc\u00edm ledov\u00fdm z\u00e1v\u011brem, ide\u00e1ln\u00ed pro hork\u00e9 dny.<\/li>\n<li><strong>Hroznov\u00fd led<\/strong>: \u0160\u0165avnat\u00e9 hrozny v kombinaci s chladiv\u00fdm mentolov\u00fdm n\u00e1dechem, n\u00e1dhern\u00fd celodenn\u00ed vape.<\/li>\n<li><strong>Bor\u016fvka malina<\/strong>: Harmonick\u00e1 sm\u011bs sladk\u00fdch bor\u016fvek a trpk\u00fdch malin, ovocn\u00e1 exploze.<\/li>\n<li><strong>Jahodov\u00e9 kiwi<\/strong>: Zral\u00e9 jahody v kombinaci s pikantn\u00edm kiwi, klasick\u00e1 kombinace.<\/li>\n<li><strong>Sm\u00ed\u0161en\u00e9 bobule<\/strong>: R\u016fzn\u00e9 bobule pln\u00e9 p\u0159\u00edrodn\u00ed sladkosti, sen milovn\u00edk\u016f bobul\u00ed.<\/li>\n<li><strong>Jahodov\u00fd meloun<\/strong>: Sladk\u00e9 jahody sm\u00edchan\u00e9 se \u0161\u0165avnat\u00fdm melounem, obl\u00edben\u00fd letn\u00ed pokrm.<\/li>\n<li><strong>Melounov\u00e1 \u017ev\u00fdka\u010dka<\/strong>: \u0160\u0165avnat\u00fd meloun s nostalgickou p\u0159\u00edchut\u00ed \u017ev\u00fdka\u010dky, hrav\u00e1 pochoutka.<\/li>\n<li><strong>Broskvov\u00fd mango ananas<\/strong>: Tropick\u00fd r\u00e1j se zral\u00fdm mangem, \u0161\u0165avnat\u00fdmi broskvemi a pikantn\u00edm ananasem.<\/li>\n<li><strong>Kiwi Mu\u010denka Ovoce Guava<\/strong>: Exotick\u00e1 sm\u011bs kiwi, mu\u010denky a guavy pro tropick\u00fd \u00fanik.<\/li>\n<li><strong>Jahoda malina t\u0159e\u0161e\u0148<\/strong>: Z\u00e1\u0159iv\u00e1 sm\u011bs jahod, malin a t\u0159e\u0161n\u00ed, pln\u00e1 ovocn\u00fdch dobrot.<\/li>\n<\/ol>\n<figure id=\"attachment_16133\" aria-describedby=\"caption-attachment-16133\" style=\"width: 800px\" class=\"wp-caption alignnone\"><img loading=\"lazy\" decoding=\"async\" class=\"wp-image-16133 size-full\" title=\"FIHP Monster Shisha 12000 Puffs Jednor\u00e1zov\u00e9 Vape Velkoobchod (12)\" src=\"https:\/\/www.vape4wholesale.com\/wp-content\/uploads\/2024\/07\/FIHP-Monster-Shisha-12000-Puffs-Disposable-Vape-Wholesale-12.webp\" alt=\"FIHP Monster Shisha 12000 Puffs Jednor\u00e1zov\u00e9 Vape Velkoobchod (12)\" width=\"800\" height=\"800\" srcset=\"https:\/\/www.vape4wholesale.com\/wp-content\/uploads\/2024\/07\/FIHP-Monster-Shisha-12000-Puffs-Disposable-Vape-Wholesale-12.webp 800w, https:\/\/www.vape4wholesale.com\/wp-content\/uploads\/2024\/07\/FIHP-Monster-Shisha-12000-Puffs-Disposable-Vape-Wholesale-12-247x247.webp 247w, https:\/\/www.vape4wholesale.com\/wp-content\/uploads\/2024\/07\/FIHP-Monster-Shisha-12000-Puffs-Disposable-Vape-Wholesale-12-100x100.webp 100w, https:\/\/www.vape4wholesale.com\/wp-content\/uploads\/2024\/07\/FIHP-Monster-Shisha-12000-Puffs-Disposable-Vape-Wholesale-12-510x510.webp 510w, https:\/\/www.vape4wholesale.com\/wp-content\/uploads\/2024\/07\/FIHP-Monster-Shisha-12000-Puffs-Disposable-Vape-Wholesale-12-64x64.webp 64w, https:\/\/www.vape4wholesale.com\/wp-content\/uploads\/2024\/07\/FIHP-Monster-Shisha-12000-Puffs-Disposable-Vape-Wholesale-12-300x300.webp 300w, https:\/\/www.vape4wholesale.com\/wp-content\/uploads\/2024\/07\/FIHP-Monster-Shisha-12000-Puffs-Disposable-Vape-Wholesale-12-150x150.webp 150w, https:\/\/www.vape4wholesale.com\/wp-content\/uploads\/2024\/07\/FIHP-Monster-Shisha-12000-Puffs-Disposable-Vape-Wholesale-12-768x768.webp 768w\" sizes=\"auto, (max-width: 800px) 100vw, 800px\" \/><figcaption id=\"caption-attachment-16133\" class=\"wp-caption-text\">FIHP Monster Shisha 12000 Puffs Jednor\u00e1zov\u00fd velkoobchod Vape<\/figcaption><\/figure>\n<p><img loading=\"lazy\" decoding=\"async\" class=\"alignnone size-full wp-image-16135\" title=\"FIHP Monster Shisha 12000 Puffs Jednor\u00e1zov\u00fd velkoobchod Vape\" src=\"https:\/\/www.vape4wholesale.com\/wp-content\/uploads\/2024\/07\/FIHP-Monster-Shisha-12000-Puffs-Disposable-Vape-Wholesale.webp\" alt=\"FIHP Monster Shisha 12000 Puffs Jednor\u00e1zov\u00fd velkoobchod Vape\" width=\"800\" height=\"800\" srcset=\"https:\/\/www.vape4wholesale.com\/wp-content\/uploads\/2024\/07\/FIHP-Monster-Shisha-12000-Puffs-Disposable-Vape-Wholesale.webp 800w, https:\/\/www.vape4wholesale.com\/wp-content\/uploads\/2024\/07\/FIHP-Monster-Shisha-12000-Puffs-Disposable-Vape-Wholesale-247x247.webp 247w, https:\/\/www.vape4wholesale.com\/wp-content\/uploads\/2024\/07\/FIHP-Monster-Shisha-12000-Puffs-Disposable-Vape-Wholesale-100x100.webp 100w, https:\/\/www.vape4wholesale.com\/wp-content\/uploads\/2024\/07\/FIHP-Monster-Shisha-12000-Puffs-Disposable-Vape-Wholesale-510x510.webp 510w, https:\/\/www.vape4wholesale.com\/wp-content\/uploads\/2024\/07\/FIHP-Monster-Shisha-12000-Puffs-Disposable-Vape-Wholesale-64x64.webp 64w, https:\/\/www.vape4wholesale.com\/wp-content\/uploads\/2024\/07\/FIHP-Monster-Shisha-12000-Puffs-Disposable-Vape-Wholesale-300x300.webp 300w, https:\/\/www.vape4wholesale.com\/wp-content\/uploads\/2024\/07\/FIHP-Monster-Shisha-12000-Puffs-Disposable-Vape-Wholesale-150x150.webp 150w, https:\/\/www.vape4wholesale.com\/wp-content\/uploads\/2024\/07\/FIHP-Monster-Shisha-12000-Puffs-Disposable-Vape-Wholesale-768x768.webp 768w\" sizes=\"auto, (max-width: 800px) 100vw, 800px\" \/> <img loading=\"lazy\" decoding=\"async\" class=\"alignnone size-full wp-image-16134\" title=\"FIHP Monster Shisha 12000 Puffs Jednor\u00e1zov\u00fd velkoobchodn\u00ed prodej (13)\" src=\"https:\/\/www.vape4wholesale.com\/wp-content\/uploads\/2024\/07\/FIHP-Monster-Shisha-12000-Puffs-Disposable-Vape-Wholesale-13.webp\" alt=\"FIHP Monster Shisha 12000 Puffs Jednor\u00e1zov\u00fd velkoobchodn\u00ed prodej (13)\" width=\"800\" height=\"800\" srcset=\"https:\/\/www.vape4wholesale.com\/wp-content\/uploads\/2024\/07\/FIHP-Monster-Shisha-12000-Puffs-Disposable-Vape-Wholesale-13.webp 800w, https:\/\/www.vape4wholesale.com\/wp-content\/uploads\/2024\/07\/FIHP-Monster-Shisha-12000-Puffs-Disposable-Vape-Wholesale-13-247x247.webp 247w, https:\/\/www.vape4wholesale.com\/wp-content\/uploads\/2024\/07\/FIHP-Monster-Shisha-12000-Puffs-Disposable-Vape-Wholesale-13-100x100.webp 100w, https:\/\/www.vape4wholesale.com\/wp-content\/uploads\/2024\/07\/FIHP-Monster-Shisha-12000-Puffs-Disposable-Vape-Wholesale-13-510x510.webp 510w, https:\/\/www.vape4wholesale.com\/wp-content\/uploads\/2024\/07\/FIHP-Monster-Shisha-12000-Puffs-Disposable-Vape-Wholesale-13-64x64.webp 64w, https:\/\/www.vape4wholesale.com\/wp-content\/uploads\/2024\/07\/FIHP-Monster-Shisha-12000-Puffs-Disposable-Vape-Wholesale-13-300x300.webp 300w, https:\/\/www.vape4wholesale.com\/wp-content\/uploads\/2024\/07\/FIHP-Monster-Shisha-12000-Puffs-Disposable-Vape-Wholesale-13-150x150.webp 150w, https:\/\/www.vape4wholesale.com\/wp-content\/uploads\/2024\/07\/FIHP-Monster-Shisha-12000-Puffs-Disposable-Vape-Wholesale-13-768x768.webp 768w\" sizes=\"auto, (max-width: 800px) 100vw, 800px\" \/><\/p>\n<h2>PRO\u010c MY?<\/h2>\r\n<ul>\r\n<li>Skute\u010dn\u00fd, d\u016fv\u011bryhodn\u00fd a profesion\u00e1ln\u00ed zdroj vape.<\/li>\r\n<li>100% Origin\u00e1ln\u00ed z\u00e1ruka: Odm\u00edt\u00e1me pad\u011blky.<\/li>\r\n<li>100% Z\u00e1ruka dod\u00e1n\u00ed: Pou\u017e\u00edv\u00e1me nejlep\u0161\u00ed zp\u016fsob dopravy, abychom zajistili, \u017ee objedn\u00e1vku 100% obdr\u017e\u00edte.<\/li>\r\n<li>Po odesl\u00e1n\u00ed v\u00e1m poskytneme sledovac\u00ed \u010d\u00edslo a p\u0159epravn\u00ed \u0161t\u00edtek a budeme pro v\u00e1s sledovat zbo\u017e\u00ed, dokud ho nepodep\u00ed\u0161ete.<\/li>\r\n<li>\u017d\u00e1dn\u00e9 celn\u00ed probl\u00e9my, \u017e\u00e1dn\u00e1 cla<\/li>\r\n<\/ul>","protected":false},"excerpt":{"rendered":"<div class=\"wsppc_div_block woocommerce_before_add_to_cart_form\">\r\n<p><strong><span style=\"color: #00a859;\">Vy\u010distit celnici<\/span> p\u0159ed dod\u00e1n\u00edm &amp; 100% Z\u00e1ruka doru\u010den\u00ed, doru\u010den\u00ed p\u0159ibli\u017en\u011b za 19\u201325 dn\u00ed.\u00a0<\/strong><\/p>\r\n<\/div>","protected":false},"featured_media":16124,"comment_status":"open","ping_status":"closed","template":"","meta":[],"pwb-brand":[1279],"product_cat":[871],"product_tag":[22,24,556,877,878],"class_list":{"0":"post-16121","1":"product","2":"type-product","3":"status-publish","4":"has-post-thumbnail","6":"pwb-brand-fihp","7":"product_cat-10-15k-puffs","8":"product_tag-disposable","9":"product_tag-wholesale","10":"product_tag-12000-puffs","11":"product_tag-22-0ml","12":"product_tag-fihp","14":"first","15":"instock","16":"shipping-taxable","17":"purchasable","18":"product-type-variable"},"aioseo_notices":[],"brands":[{"id":1279,"name":"FIHP","slug":"fihp"}],"_links":{"self":[{"href":"https:\/\/www.vape4wholesale.com\/cs\/wp-json\/wp\/v2\/product\/16121","targetHints":{"allow":["GET"]}}],"collection":[{"href":"https:\/\/www.vape4wholesale.com\/cs\/wp-json\/wp\/v2\/product"}],"about":[{"href":"https:\/\/www.vape4wholesale.com\/cs\/wp-json\/wp\/v2\/types\/product"}],"replies":[{"embeddable":true,"href":"https:\/\/www.vape4wholesale.com\/cs\/wp-json\/wp\/v2\/comments?post=16121"}],"wp:featuredmedia":[{"embeddable":true,"href":"https:\/\/www.vape4wholesale.com\/cs\/wp-json\/wp\/v2\/media\/16124"}],"wp:attachment":[{"href":"https:\/\/www.vape4wholesale.com\/cs\/wp-json\/wp\/v2\/media?parent=16121"}],"wp:term":[{"taxonomy":"pwb-brand","embeddable":true,"href":"https:\/\/www.vape4wholesale.com\/cs\/wp-json\/wp\/v2\/pwb-brand?post=16121"},{"taxonomy":"product_cat","embeddable":true,"href":"https:\/\/www.vape4wholesale.com\/cs\/wp-json\/wp\/v2\/product_cat?post=16121"},{"taxonomy":"product_tag","embeddable":true,"href":"https:\/\/www.vape4wholesale.com\/cs\/wp-json\/wp\/v2\/product_tag?post=16121"}],"curies":[{"name":"wp","href":"https:\/\/api.w.org\/{rel}","templated":true}]}}