{"id":16094,"date":"2024-07-01T18:17:00","date_gmt":"2024-07-01T10:17:00","guid":{"rendered":"https:\/\/www.vape4wholesale.com\/?post_type=product&#038;p=16094"},"modified":"2026-01-27T14:58:52","modified_gmt":"2026-01-27T14:58:52","slug":"breze-stiik-king-max-pro-18000-puffs-dtl-jednorazovy-vape-velkoobchod","status":"publish","type":"product","link":"https:\/\/www.vape4wholesale.com\/cs\/product\/breze-stiik-king-max-pro-18000-puffs-dtl-disposable-vape-wholesale","title":{"rendered":"Breze Stiik King Max Pro 18000 Puffs DTL Jednor\u00e1zov\u00fd velkoobchod s vapem"},"content":{"rendered":"<p>Breze Stiik King Max Pro je DTL\/RDL p\u0159ep\u00ednateln\u00fd jednor\u00e1zov\u00fd vape, je vybaven LED obrazovkou pro zobrazen\u00ed baterie a \u00farovn\u011b E-liquidu. je postaven s 24ml eliquidu a 600mah dob\u00edjec\u00ed bateri\u00ed, kter\u00e1 podporuje a\u017e 18000 puffs.<\/p>\n<h2><strong>Breze Stiik King Max Pro 18000 Puffs DTL Jednor\u00e1zov\u00e9 vape Kl\u00ed\u010dov\u00e9 vlastnosti<\/strong><\/h2>\n<ul>\n<li>18000 Puffs: Vychutnejte si dlouhotrvaj\u00edc\u00ed vaping s \u00factyhodn\u00fdm po\u010dtem potah\u016f.<\/li>\n<li>Baterie s kapacitou 600 mAh: Spolehliv\u00e9 nap\u00e1jen\u00ed, kter\u00e9 zajist\u00ed va\u0161i spokojenost po cel\u00fd den.<\/li>\n<li>Kapacita 24 ml e-liquidu: Velkorys\u00e9 mno\u017estv\u00ed e-liquidu pro nep\u0159etr\u017eit\u00fd po\u017eitek.<\/li>\n<li>34x120 mm Rozm\u011bry: Kompaktn\u00ed a p\u0159enosn\u00e9, ide\u00e1ln\u00ed pro pou\u017eit\u00ed na cest\u00e1ch.<\/li>\n<li>LED displej: Indik\u00e1tory stavu baterie a kapaliny v re\u00e1ln\u00e9m \u010dase: Z\u016fsta\u0148te informov\u00e1ni.<\/li>\n<li>Luxusn\u00ed ko\u017een\u00e1 rukoje\u0165: Pru\u017en\u00fd ko\u017een\u00fd povrch zaji\u0161\u0165uje pohodln\u00e9 a stylov\u00e9 dr\u017een\u00ed.<\/li>\n<li>Sub-Ohm Mesh Coil: Za\u017eijte nej\u010dist\u0161\u00ed chut\u011b s na\u0161\u00ed subohmovou s\u00ed\u0165ovou c\u00edvkou, kter\u00e1 je ide\u00e1ln\u00ed pro vaping DTL (Direct-to-Lung).<\/li>\n<li>Nastaviteln\u00e9 proud\u011bn\u00ed vzduchu: P\u0159izp\u016fsobte si sv\u00e9 pot\u00e1hnut\u00ed d\u00edky \u0161irok\u00e9mu syst\u00e9mu nastaviteln\u00e9ho proud\u011bn\u00ed vzduchu.<\/li>\n<li>Nikotin: 0%, 1%, 2%<\/li>\n<\/ul>\n<h2><strong>Seznam p\u0159\u00edchut\u00ed<\/strong><\/h2>\n<ol>\n<li>Modr\u00e1 limon\u00e1da Raz<\/li>\n<li>Cukrov\u00e1 vata<\/li>\n<li>Jablko Peach<\/li>\n<li>Melounov\u00fd led<\/li>\n<li>M\u00e1tov\u00fd led<\/li>\n<li>Jahodov\u00e1 zmrzlina<\/li>\n<li>Bor\u016fvka malina<\/li>\n<li>Broskvov\u00e9 mango<\/li>\n<li>Hroznov\u00e1 limon\u00e1da<\/li>\n<li>Jahodov\u00e9 kiwi<\/li>\n<\/ol>\n<p>&nbsp;<\/p>\n<h2><strong>Podrobnosti o balen\u00ed<\/strong><\/h2>\n<p>1 ks\/balen\u00ed<br data-filtered=\"filtered\" \/>10 balen\u00ed\/krabice<br data-filtered=\"filtered\" \/>150 ks\/karton 18 kg<\/p>\n<figure id=\"attachment_16113\" aria-describedby=\"caption-attachment-16113\" style=\"width: 800px\" class=\"wp-caption alignnone\"><img loading=\"lazy\" decoding=\"async\" class=\"wp-image-16113 size-full\" title=\"Breze Stiik King Max Pro 18000 Puffs DTL Jednor\u00e1zov\u00e9 Vape Velkoobchod PEACH MANGO\" src=\"https:\/\/www.vape4wholesale.com\/wp-content\/uploads\/2024\/07\/Breze-Stiik-King-Max-Pro-18000-Puffs-DTL-Disposable-Vape-Wholesale-PEACH-MANGO.jpg\" alt=\"Breze Stiik King Max Pro 18000 Puffs DTL Jednor\u00e1zov\u00e9 Vape Velkoobchod PEACH MANGO\" width=\"800\" height=\"800\" srcset=\"https:\/\/www.vape4wholesale.com\/wp-content\/uploads\/2024\/07\/Breze-Stiik-King-Max-Pro-18000-Puffs-DTL-Disposable-Vape-Wholesale-PEACH-MANGO.jpg 800w, https:\/\/www.vape4wholesale.com\/wp-content\/uploads\/2024\/07\/Breze-Stiik-King-Max-Pro-18000-Puffs-DTL-Disposable-Vape-Wholesale-PEACH-MANGO-247x247.jpg 247w, https:\/\/www.vape4wholesale.com\/wp-content\/uploads\/2024\/07\/Breze-Stiik-King-Max-Pro-18000-Puffs-DTL-Disposable-Vape-Wholesale-PEACH-MANGO-100x100.jpg 100w, https:\/\/www.vape4wholesale.com\/wp-content\/uploads\/2024\/07\/Breze-Stiik-King-Max-Pro-18000-Puffs-DTL-Disposable-Vape-Wholesale-PEACH-MANGO-510x510.jpg 510w, https:\/\/www.vape4wholesale.com\/wp-content\/uploads\/2024\/07\/Breze-Stiik-King-Max-Pro-18000-Puffs-DTL-Disposable-Vape-Wholesale-PEACH-MANGO-64x64.jpg 64w, https:\/\/www.vape4wholesale.com\/wp-content\/uploads\/2024\/07\/Breze-Stiik-King-Max-Pro-18000-Puffs-DTL-Disposable-Vape-Wholesale-PEACH-MANGO-300x300.jpg 300w, https:\/\/www.vape4wholesale.com\/wp-content\/uploads\/2024\/07\/Breze-Stiik-King-Max-Pro-18000-Puffs-DTL-Disposable-Vape-Wholesale-PEACH-MANGO-150x150.jpg 150w, https:\/\/www.vape4wholesale.com\/wp-content\/uploads\/2024\/07\/Breze-Stiik-King-Max-Pro-18000-Puffs-DTL-Disposable-Vape-Wholesale-PEACH-MANGO-768x768.jpg 768w\" sizes=\"auto, (max-width: 800px) 100vw, 800px\" \/><figcaption id=\"caption-attachment-16113\" class=\"wp-caption-text\">Breze Stiik King Max Pro 18000 Puffs DTL Jednor\u00e1zov\u00fd velkoobchod s vapem<\/figcaption><\/figure>\n<p><img loading=\"lazy\" decoding=\"async\" class=\"alignnone size-full wp-image-16106\" title=\"Breze Stiik King Max Pro 18000 Puffs DTL Jednor\u00e1zov\u00fd velkoobchod s vapem\" src=\"https:\/\/www.vape4wholesale.com\/wp-content\/uploads\/2024\/07\/Breze-Stiik-King-Max-Pro-18000-Puffs-DTL-Disposable-Vape-Wholesale.jpg\" alt=\"Breze Stiik King Max Pro 18000 Puffs DTL Jednor\u00e1zov\u00fd velkoobchod s vapem\" width=\"800\" height=\"800\" srcset=\"https:\/\/www.vape4wholesale.com\/wp-content\/uploads\/2024\/07\/Breze-Stiik-King-Max-Pro-18000-Puffs-DTL-Disposable-Vape-Wholesale.jpg 800w, https:\/\/www.vape4wholesale.com\/wp-content\/uploads\/2024\/07\/Breze-Stiik-King-Max-Pro-18000-Puffs-DTL-Disposable-Vape-Wholesale-247x247.jpg 247w, https:\/\/www.vape4wholesale.com\/wp-content\/uploads\/2024\/07\/Breze-Stiik-King-Max-Pro-18000-Puffs-DTL-Disposable-Vape-Wholesale-100x100.jpg 100w, https:\/\/www.vape4wholesale.com\/wp-content\/uploads\/2024\/07\/Breze-Stiik-King-Max-Pro-18000-Puffs-DTL-Disposable-Vape-Wholesale-510x510.jpg 510w, https:\/\/www.vape4wholesale.com\/wp-content\/uploads\/2024\/07\/Breze-Stiik-King-Max-Pro-18000-Puffs-DTL-Disposable-Vape-Wholesale-64x64.jpg 64w, https:\/\/www.vape4wholesale.com\/wp-content\/uploads\/2024\/07\/Breze-Stiik-King-Max-Pro-18000-Puffs-DTL-Disposable-Vape-Wholesale-300x300.jpg 300w, https:\/\/www.vape4wholesale.com\/wp-content\/uploads\/2024\/07\/Breze-Stiik-King-Max-Pro-18000-Puffs-DTL-Disposable-Vape-Wholesale-150x150.jpg 150w, https:\/\/www.vape4wholesale.com\/wp-content\/uploads\/2024\/07\/Breze-Stiik-King-Max-Pro-18000-Puffs-DTL-Disposable-Vape-Wholesale-768x768.jpg 768w\" sizes=\"auto, (max-width: 800px) 100vw, 800px\" \/> <img loading=\"lazy\" decoding=\"async\" class=\"alignnone size-full wp-image-16105\" title=\"Breze Stiik King Max Pro 18000 Puffs DTL Jednor\u00e1zov\u00e9 velkoobchodn\u00ed balen\u00ed Vape\" src=\"https:\/\/www.vape4wholesale.com\/wp-content\/uploads\/2024\/07\/Breze-Stiik-King-Max-Pro-18000-Puffs-DTL-Disposable-Vape-Wholesale-Packing.jpg\" alt=\"Breze Stiik King Max Pro 18000 Puffs DTL Jednor\u00e1zov\u00e9 velkoobchodn\u00ed balen\u00ed Vape\" width=\"800\" height=\"800\" srcset=\"https:\/\/www.vape4wholesale.com\/wp-content\/uploads\/2024\/07\/Breze-Stiik-King-Max-Pro-18000-Puffs-DTL-Disposable-Vape-Wholesale-Packing.jpg 800w, https:\/\/www.vape4wholesale.com\/wp-content\/uploads\/2024\/07\/Breze-Stiik-King-Max-Pro-18000-Puffs-DTL-Disposable-Vape-Wholesale-Packing-247x247.jpg 247w, https:\/\/www.vape4wholesale.com\/wp-content\/uploads\/2024\/07\/Breze-Stiik-King-Max-Pro-18000-Puffs-DTL-Disposable-Vape-Wholesale-Packing-100x100.jpg 100w, https:\/\/www.vape4wholesale.com\/wp-content\/uploads\/2024\/07\/Breze-Stiik-King-Max-Pro-18000-Puffs-DTL-Disposable-Vape-Wholesale-Packing-510x510.jpg 510w, https:\/\/www.vape4wholesale.com\/wp-content\/uploads\/2024\/07\/Breze-Stiik-King-Max-Pro-18000-Puffs-DTL-Disposable-Vape-Wholesale-Packing-64x64.jpg 64w, https:\/\/www.vape4wholesale.com\/wp-content\/uploads\/2024\/07\/Breze-Stiik-King-Max-Pro-18000-Puffs-DTL-Disposable-Vape-Wholesale-Packing-300x300.jpg 300w, https:\/\/www.vape4wholesale.com\/wp-content\/uploads\/2024\/07\/Breze-Stiik-King-Max-Pro-18000-Puffs-DTL-Disposable-Vape-Wholesale-Packing-150x150.jpg 150w, https:\/\/www.vape4wholesale.com\/wp-content\/uploads\/2024\/07\/Breze-Stiik-King-Max-Pro-18000-Puffs-DTL-Disposable-Vape-Wholesale-Packing-768x768.jpg 768w\" sizes=\"auto, (max-width: 800px) 100vw, 800px\" \/><\/p>\n<h2>PRO\u010c MY?<\/h2>\r\n<ul>\r\n<li>Skute\u010dn\u00fd, d\u016fv\u011bryhodn\u00fd a profesion\u00e1ln\u00ed zdroj vape.<\/li>\r\n<li>100% Origin\u00e1ln\u00ed z\u00e1ruka: Odm\u00edt\u00e1me pad\u011blky.<\/li>\r\n<li>100% Z\u00e1ruka dod\u00e1n\u00ed: Pou\u017e\u00edv\u00e1me nejlep\u0161\u00ed zp\u016fsob dopravy, abychom zajistili, \u017ee objedn\u00e1vku 100% obdr\u017e\u00edte.<\/li>\r\n<li>Po odesl\u00e1n\u00ed v\u00e1m poskytneme sledovac\u00ed \u010d\u00edslo a p\u0159epravn\u00ed \u0161t\u00edtek a budeme pro v\u00e1s sledovat zbo\u017e\u00ed, dokud ho nepodep\u00ed\u0161ete.<\/li>\r\n<li>\u017d\u00e1dn\u00e9 celn\u00ed probl\u00e9my, \u017e\u00e1dn\u00e1 cla<\/li>\r\n<\/ul>","protected":false},"excerpt":{"rendered":"<div class=\"wsppc_div_block woocommerce_before_add_to_cart_form\">\r\n<p><strong><span style=\"color: #00a859;\">Vy\u010distit celnici<\/span> p\u0159ed dod\u00e1n\u00edm &amp; 100% Z\u00e1ruka doru\u010den\u00ed, doru\u010den\u00ed p\u0159ibli\u017en\u011b za 19\u201325 dn\u00ed.\u00a0<\/strong><\/p>\r\n<\/div>","protected":false},"featured_media":16113,"comment_status":"open","ping_status":"closed","template":"","meta":[],"pwb-brand":[1289],"product_cat":[872],"product_tag":[22,24,719,867,868],"class_list":{"0":"post-16094","1":"product","2":"type-product","3":"status-publish","4":"has-post-thumbnail","6":"pwb-brand-others","7":"product_cat-15k-20k-puffs","8":"product_tag-disposable","9":"product_tag-wholesale","10":"product_tag-18000-puffs","11":"product_tag-24-0ml","12":"product_tag-breze-stiik","13":"wcpa_has_options","15":"first","16":"instock","17":"shipping-taxable","18":"purchasable","19":"product-type-variable"},"aioseo_notices":[],"brands":[{"id":1289,"name":"Ostatn\u00ed","slug":"ostatni"}],"_links":{"self":[{"href":"https:\/\/www.vape4wholesale.com\/cs\/wp-json\/wp\/v2\/product\/16094","targetHints":{"allow":["GET"]}}],"collection":[{"href":"https:\/\/www.vape4wholesale.com\/cs\/wp-json\/wp\/v2\/product"}],"about":[{"href":"https:\/\/www.vape4wholesale.com\/cs\/wp-json\/wp\/v2\/types\/product"}],"replies":[{"embeddable":true,"href":"https:\/\/www.vape4wholesale.com\/cs\/wp-json\/wp\/v2\/comments?post=16094"}],"wp:featuredmedia":[{"embeddable":true,"href":"https:\/\/www.vape4wholesale.com\/cs\/wp-json\/wp\/v2\/media\/16113"}],"wp:attachment":[{"href":"https:\/\/www.vape4wholesale.com\/cs\/wp-json\/wp\/v2\/media?parent=16094"}],"wp:term":[{"taxonomy":"pwb-brand","embeddable":true,"href":"https:\/\/www.vape4wholesale.com\/cs\/wp-json\/wp\/v2\/pwb-brand?post=16094"},{"taxonomy":"product_cat","embeddable":true,"href":"https:\/\/www.vape4wholesale.com\/cs\/wp-json\/wp\/v2\/product_cat?post=16094"},{"taxonomy":"product_tag","embeddable":true,"href":"https:\/\/www.vape4wholesale.com\/cs\/wp-json\/wp\/v2\/product_tag?post=16094"}],"curies":[{"name":"wp","href":"https:\/\/api.w.org\/{rel}","templated":true}]}}