{"id":1604,"date":"2021-12-15T12:57:31","date_gmt":"2021-12-15T04:57:31","guid":{"rendered":"https:\/\/www.vape4wholesale.com\/?post_type=product&#038;p=1604"},"modified":"2026-01-26T13:43:50","modified_gmt":"2026-01-26T13:43:50","slug":"lavie-bar-2-bez-nikotinu-jednorazove-vape-800-puffs-velkoobchod","status":"publish","type":"product","link":"https:\/\/www.vape4wholesale.com\/cs\/product\/lavie-bar-2-nicotine-free-disposable-vape-800-puffs-wholesale","title":{"rendered":"Lavie Bar 2% \/ Jednor\u00e1zov\u00e9 vape bez nikotinu (800 Puffs) Velkoobchod"},"content":{"rendered":"<p>Na str\u00e1nk\u00e1ch <a href=\"https:\/\/www.vape4wholesale.com\/cs\/product_brand\/lavie\/\">Lavie<\/a> Bar 2% \/ Beznikotinov\u00e1 verze spl\u0148uje po\u017eadavky v\u011bt\u0161iny zem\u00ed EU, stejn\u011b jako t\u011bch, kte\u0159\u00ed pot\u0159ebuj\u00ed vapes s leh\u010d\u00ed chut\u00ed, je dod\u00e1v\u00e1n s 450mah bateri\u00ed, kter\u00e1 vydr\u017e\u00ed 800 \u0161luk\u016f, e-liquid je 3,2 ml s nikotinovou silou 2% nebo 0%.<\/p>\n<p><strong>CHUT\u011a:<\/strong><\/p>\n<p>Koktejl, Cool mint, Cola, Bor\u016fvky, Mix berry, Hroznov\u00fd led,<br \/>\nMelounov\u00e9 kakao, broskvov\u00fd led, r\u016f\u017eov\u00e1 limon\u00e1da, melounovo-jahodov\u00e1.<\/p>\n<p><strong>Balen\u00ed:<\/strong><\/p>\n<p>ka\u017ed\u00fd s mal\u00fdm balen\u00edm, 10 ks ve st\u0159edn\u00ed krabici.<br \/>\n300 kus\u016f\/z\u00e1kladn\u00ed karton, 11,5 kg<\/p>\n<p><img loading=\"lazy\" decoding=\"async\" class=\"alignnone size-full wp-image-13436\" title=\"Lavie Bar 2 Jednor\u00e1zov\u00e9 Vape 800 Puffs Velkoobchod Detail 2\" src=\"https:\/\/www.vape4wholesale.com\/wp-content\/uploads\/2021\/12\/Lavie-Bar-2-Disposable-Vape-800-Puffs-Wholesale_Detail_2.jpg\" alt=\"Lavie Bar 2 Jednor\u00e1zov\u00e9 Vape 800 Puffs Velkoobchod Detail 2\" width=\"800\" height=\"1076\" srcset=\"https:\/\/www.vape4wholesale.com\/wp-content\/uploads\/2021\/12\/Lavie-Bar-2-Disposable-Vape-800-Puffs-Wholesale_Detail_2.jpg 800w, https:\/\/www.vape4wholesale.com\/wp-content\/uploads\/2021\/12\/Lavie-Bar-2-Disposable-Vape-800-Puffs-Wholesale_Detail_2-510x686.jpg 510w, https:\/\/www.vape4wholesale.com\/wp-content\/uploads\/2021\/12\/Lavie-Bar-2-Disposable-Vape-800-Puffs-Wholesale_Detail_2-64x86.jpg 64w, https:\/\/www.vape4wholesale.com\/wp-content\/uploads\/2021\/12\/Lavie-Bar-2-Disposable-Vape-800-Puffs-Wholesale_Detail_2-223x300.jpg 223w, https:\/\/www.vape4wholesale.com\/wp-content\/uploads\/2021\/12\/Lavie-Bar-2-Disposable-Vape-800-Puffs-Wholesale_Detail_2-761x1024.jpg 761w, https:\/\/www.vape4wholesale.com\/wp-content\/uploads\/2021\/12\/Lavie-Bar-2-Disposable-Vape-800-Puffs-Wholesale_Detail_2-768x1033.jpg 768w\" sizes=\"auto, (max-width: 800px) 100vw, 800px\" \/> \u00a0 \u00a0\u00a0<img loading=\"lazy\" decoding=\"async\" class=\"alignnone size-full wp-image-13450\" title=\"Lavie Bar 2 Jednor\u00e1zov\u00e9 Vape 800 Puffs Velkoobchod\" src=\"https:\/\/www.vape4wholesale.com\/wp-content\/uploads\/2021\/12\/Lavie-Bar-2-Disposable-Vape-800-Puffs-Wholesale.jpg\" alt=\"Lavie Bar 2 Jednor\u00e1zov\u00e9 Vape 800 Puffs Velkoobchod\" width=\"1000\" height=\"1000\" srcset=\"https:\/\/www.vape4wholesale.com\/wp-content\/uploads\/2021\/12\/Lavie-Bar-2-Disposable-Vape-800-Puffs-Wholesale.jpg 1000w, https:\/\/www.vape4wholesale.com\/wp-content\/uploads\/2021\/12\/Lavie-Bar-2-Disposable-Vape-800-Puffs-Wholesale-247x247.jpg 247w, https:\/\/www.vape4wholesale.com\/wp-content\/uploads\/2021\/12\/Lavie-Bar-2-Disposable-Vape-800-Puffs-Wholesale-100x100.jpg 100w, https:\/\/www.vape4wholesale.com\/wp-content\/uploads\/2021\/12\/Lavie-Bar-2-Disposable-Vape-800-Puffs-Wholesale-510x510.jpg 510w, https:\/\/www.vape4wholesale.com\/wp-content\/uploads\/2021\/12\/Lavie-Bar-2-Disposable-Vape-800-Puffs-Wholesale-64x64.jpg 64w, https:\/\/www.vape4wholesale.com\/wp-content\/uploads\/2021\/12\/Lavie-Bar-2-Disposable-Vape-800-Puffs-Wholesale-300x300.jpg 300w, https:\/\/www.vape4wholesale.com\/wp-content\/uploads\/2021\/12\/Lavie-Bar-2-Disposable-Vape-800-Puffs-Wholesale-150x150.jpg 150w, https:\/\/www.vape4wholesale.com\/wp-content\/uploads\/2021\/12\/Lavie-Bar-2-Disposable-Vape-800-Puffs-Wholesale-768x768.jpg 768w\" sizes=\"auto, (max-width: 1000px) 100vw, 1000px\" \/> \u00a0<img loading=\"lazy\" decoding=\"async\" class=\"alignnone size-full wp-image-13452\" title=\"Lavie Bar 2 Jednor\u00e1zov\u00e9 Vape 800 Puffs Velkoobchod Detail 1\" src=\"https:\/\/www.vape4wholesale.com\/wp-content\/uploads\/2021\/12\/Lavie-Bar-2-Disposable-Vape-800-Puffs-Wholesale_Detail_1.jpg\" alt=\"Lavie Bar 2 Jednor\u00e1zov\u00e9 Vape 800 Puffs Velkoobchod Detail 1\" width=\"800\" height=\"643\" srcset=\"https:\/\/www.vape4wholesale.com\/wp-content\/uploads\/2021\/12\/Lavie-Bar-2-Disposable-Vape-800-Puffs-Wholesale_Detail_1.jpg 800w, https:\/\/www.vape4wholesale.com\/wp-content\/uploads\/2021\/12\/Lavie-Bar-2-Disposable-Vape-800-Puffs-Wholesale_Detail_1-510x410.jpg 510w, https:\/\/www.vape4wholesale.com\/wp-content\/uploads\/2021\/12\/Lavie-Bar-2-Disposable-Vape-800-Puffs-Wholesale_Detail_1-64x51.jpg 64w, https:\/\/www.vape4wholesale.com\/wp-content\/uploads\/2021\/12\/Lavie-Bar-2-Disposable-Vape-800-Puffs-Wholesale_Detail_1-300x241.jpg 300w, https:\/\/www.vape4wholesale.com\/wp-content\/uploads\/2021\/12\/Lavie-Bar-2-Disposable-Vape-800-Puffs-Wholesale_Detail_1-768x617.jpg 768w\" sizes=\"auto, (max-width: 800px) 100vw, 800px\" \/><\/p>\n<h2>PRO\u010c MY?<\/h2>\r\n<ul>\r\n<li>Skute\u010dn\u00fd, d\u016fv\u011bryhodn\u00fd a profesion\u00e1ln\u00ed zdroj vape.<\/li>\r\n<li>100% Origin\u00e1ln\u00ed z\u00e1ruka: Odm\u00edt\u00e1me pad\u011blky.<\/li>\r\n<li>100% Z\u00e1ruka dod\u00e1n\u00ed: Pou\u017e\u00edv\u00e1me nejlep\u0161\u00ed zp\u016fsob dopravy, abychom zajistili, \u017ee objedn\u00e1vku 100% obdr\u017e\u00edte.<\/li>\r\n<li>Po odesl\u00e1n\u00ed v\u00e1m poskytneme sledovac\u00ed \u010d\u00edslo a p\u0159epravn\u00ed \u0161t\u00edtek a budeme pro v\u00e1s sledovat zbo\u017e\u00ed, dokud ho nepodep\u00ed\u0161ete.<\/li>\r\n<li>\u017d\u00e1dn\u00e9 celn\u00ed probl\u00e9my, \u017e\u00e1dn\u00e1 cla<\/li>\r\n<\/ul>","protected":false},"excerpt":{"rendered":"<div class=\"wsppc_div_block woocommerce_before_add_to_cart_form\">\r\n<p><strong><span style=\"color: #00a859;\">Clear customs<\/span> before delivery &amp; 100% Delivery Guarantee, Delivery in 19~25 days around.\u00a0<\/strong><\/p>\r\n<\/div>","protected":false},"featured_media":13439,"comment_status":"open","ping_status":"closed","template":"","meta":[],"pwb-brand":[1277],"product_cat":[48],"product_tag":[22,24,37,87,90],"class_list":{"0":"post-1604","1":"product","2":"type-product","3":"status-publish","4":"has-post-thumbnail","6":"pwb-brand-lavie","7":"product_cat-below-2000-puffs","8":"product_tag-disposable","9":"product_tag-wholesale","10":"product_tag-lavie","11":"product_tag-3-2ml","12":"product_tag-800-puffs","13":"wcpa_has_options","15":"first","16":"instock","17":"shipping-taxable","18":"purchasable","19":"product-type-variable"},"aioseo_notices":[],"brands":[{"id":1277,"name":"Lavie","slug":"lavie"}],"_links":{"self":[{"href":"https:\/\/www.vape4wholesale.com\/cs\/wp-json\/wp\/v2\/product\/1604","targetHints":{"allow":["GET"]}}],"collection":[{"href":"https:\/\/www.vape4wholesale.com\/cs\/wp-json\/wp\/v2\/product"}],"about":[{"href":"https:\/\/www.vape4wholesale.com\/cs\/wp-json\/wp\/v2\/types\/product"}],"replies":[{"embeddable":true,"href":"https:\/\/www.vape4wholesale.com\/cs\/wp-json\/wp\/v2\/comments?post=1604"}],"wp:featuredmedia":[{"embeddable":true,"href":"https:\/\/www.vape4wholesale.com\/cs\/wp-json\/wp\/v2\/media\/13439"}],"wp:attachment":[{"href":"https:\/\/www.vape4wholesale.com\/cs\/wp-json\/wp\/v2\/media?parent=1604"}],"wp:term":[{"taxonomy":"pwb-brand","embeddable":true,"href":"https:\/\/www.vape4wholesale.com\/cs\/wp-json\/wp\/v2\/pwb-brand?post=1604"},{"taxonomy":"product_cat","embeddable":true,"href":"https:\/\/www.vape4wholesale.com\/cs\/wp-json\/wp\/v2\/product_cat?post=1604"},{"taxonomy":"product_tag","embeddable":true,"href":"https:\/\/www.vape4wholesale.com\/cs\/wp-json\/wp\/v2\/product_tag?post=1604"}],"curies":[{"name":"wp","href":"https:\/\/api.w.org\/{rel}","templated":true}]}}