{"id":15979,"date":"2024-06-15T00:53:00","date_gmt":"2024-06-14T16:53:00","guid":{"rendered":"https:\/\/www.vape4wholesale.com\/?post_type=product&#038;p=15979"},"modified":"2026-01-26T13:40:53","modified_gmt":"2026-01-26T13:40:53","slug":"bang-30000-puffs-jednorazovy-vape-velkoobchod","status":"publish","type":"product","link":"https:\/\/www.vape4wholesale.com\/cs\/product\/bang-30000-puffs-disposable-vape-wholesale","title":{"rendered":"Bang 30000 Puffs Jednor\u00e1zov\u00fd velkoobchod Vape"},"content":{"rendered":"<p>Bang 30000 Puffs je vybaven dvojitou chut\u00ed, kter\u00e1 m\u00e1 za c\u00edl v\u00fdjime\u010dn\u00fd z\u00e1\u017eitek z vapingu, je vybaven 1,0ohm mesh spir\u00e1lkou a obsahuje 36 ml e-liquidu.<\/p>\n<p>K dispozici jsou s\u00edly nikotinu 0%, 2%, 3% a 5%, kter\u00e9 vyhovuj\u00ed r\u016fzn\u00fdm preferenc\u00edm a pot\u0159eb\u00e1m. Dob\u00edjec\u00ed baterie o kapacit\u011b 550 mAh s podporou nab\u00edjen\u00ed typu C zaji\u0161\u0165uje rychl\u00e9 a efektivn\u00ed dob\u00edjen\u00ed vapu, kter\u00fd je tak v\u017edy p\u0159ipraven k pou\u017eit\u00ed.<\/p>\n<p>TheBang 30000 Puffs je ur\u010den pro za\u010d\u00e1te\u010dn\u00edky i zku\u0161en\u00e9 vapery a kombinuje vysokou kapacitu, snadn\u00e9 pou\u017e\u00edv\u00e1n\u00ed a pokro\u010dilou technologii. Jeho v\u00fdjime\u010dn\u00e9 pod\u00e1n\u00ed chuti a u\u017eivatelsky p\u0159\u00edv\u011btiv\u00fd design z n\u011bj \u010din\u00ed prvot\u0159\u00eddn\u00ed volbu na trhu vapingu. z\u00edskejte nejlep\u0161\u00ed velkoobchodn\u00ed cenu a rychl\u00e9 dod\u00e1n\u00ed od Vape4Wholesale<\/p>\n<h2><strong>Bang 30000 Puffs Vlastnosti<\/strong><\/h2>\n<ul>\n<li>Puffy: 30000puff\u016f<\/li>\n<li>J\u00e1dro: C\u00edvka Mesh 1,0ohm<\/li>\n<li>E-liquid: 36ml<\/li>\n<li>Nikotin: 0%\/ 2%\/ 3%\/ 5%<\/li>\n<li>Baterie: 550 mAh<\/li>\n<li>Dob\u00edjec\u00ed: Typ C<\/li>\n<li>Digit\u00e1ln\u00ed displej LCD<\/li>\n<li>Dvojit\u00e1 chu\u0165<\/li>\n<li>Bang 30000 Puffs<\/li>\n<\/ul>\n<h2><strong>Seznam p\u0159\u00edchut\u00ed<\/strong><\/h2>\n<ul>\n<li>Melounov\u00fd led a bor\u016fvkov\u00e1 m\u00e1ta<\/li>\n<li>Melounov\u00fd led &amp; jahody a mango<\/li>\n<li>Jahoda Meloun a kiwi Mu\u010denka Guava<\/li>\n<li>Jahodov\u00e1 a melounov\u00e1 a hroznov\u00e1 zmrzlina<\/li>\n<li>Bor\u016fvkov\u00fd led a led z \u010dern\u00e9ho draka<\/li>\n<li>Bor\u016fvkov\u00fd led &amp; jahoda a ban\u00e1n<\/li>\n<li>Red Bull a bor\u016fvkov\u00fd meloun<\/li>\n<li>Red Bull &amp; Watermelon Bubble Candy<\/li>\n<li>Bor\u016fvka malina a broskev mango meloun<\/li>\n<li>Bor\u016fvky, maliny a sm\u00ed\u0161en\u00e9 pl\u00eds\u0148ov\u00e9 ovoce<\/li>\n<li>Jahodov\u00fd kiwi a broskvov\u00fd led<\/li>\n<li>Jahoda Kiwi a kysel\u00e9 jablko Malina<\/li>\n<\/ul>\n<figure id=\"attachment_15980\" aria-describedby=\"caption-attachment-15980\" style=\"width: 800px\" class=\"wp-caption alignnone\"><img loading=\"lazy\" decoding=\"async\" class=\"size-full wp-image-15980\" title=\"Bnag 30000 Puffs Jednor\u00e1zov\u00fd velkoobchodn\u00ed prodej (1)\" src=\"https:\/\/www.vape4wholesale.com\/wp-content\/uploads\/2024\/06\/Bnag-30000-Puffs-Disposable-Vape-Wholesale-1.png\" alt=\"Bnag 30000 Puffs Jednor\u00e1zov\u00fd velkoobchodn\u00ed prodej (1)\" width=\"800\" height=\"800\" srcset=\"https:\/\/www.vape4wholesale.com\/wp-content\/uploads\/2024\/06\/Bnag-30000-Puffs-Disposable-Vape-Wholesale-1.png 800w, https:\/\/www.vape4wholesale.com\/wp-content\/uploads\/2024\/06\/Bnag-30000-Puffs-Disposable-Vape-Wholesale-1-247x247.png 247w, https:\/\/www.vape4wholesale.com\/wp-content\/uploads\/2024\/06\/Bnag-30000-Puffs-Disposable-Vape-Wholesale-1-100x100.png 100w, https:\/\/www.vape4wholesale.com\/wp-content\/uploads\/2024\/06\/Bnag-30000-Puffs-Disposable-Vape-Wholesale-1-510x510.png 510w\" sizes=\"auto, (max-width: 800px) 100vw, 800px\" \/><figcaption id=\"caption-attachment-15980\" class=\"wp-caption-text\">Bnag 30000 Puffs Jednor\u00e1zov\u00e9 Vape Velkoobchod<\/figcaption><\/figure>\n<figure id=\"attachment_15981\" aria-describedby=\"caption-attachment-15981\" style=\"width: 800px\" class=\"wp-caption alignnone\"><img loading=\"lazy\" decoding=\"async\" class=\"size-full wp-image-15981\" title=\"Bnag 30000 Puffs Jednor\u00e1zov\u00fd velkoobchodn\u00ed prodej (1)\" src=\"https:\/\/www.vape4wholesale.com\/wp-content\/uploads\/2024\/06\/Bnag-30000-Puffs-Disposable-Vape-Wholesale-1.jpg\" alt=\"Bnag 30000 Puffs Jednor\u00e1zov\u00fd velkoobchodn\u00ed prodej (1)\" width=\"800\" height=\"1000\" srcset=\"https:\/\/www.vape4wholesale.com\/wp-content\/uploads\/2024\/06\/Bnag-30000-Puffs-Disposable-Vape-Wholesale-1.jpg 800w, https:\/\/www.vape4wholesale.com\/wp-content\/uploads\/2024\/06\/Bnag-30000-Puffs-Disposable-Vape-Wholesale-1-510x638.jpg 510w, https:\/\/www.vape4wholesale.com\/wp-content\/uploads\/2024\/06\/Bnag-30000-Puffs-Disposable-Vape-Wholesale-1-64x80.jpg 64w, https:\/\/www.vape4wholesale.com\/wp-content\/uploads\/2024\/06\/Bnag-30000-Puffs-Disposable-Vape-Wholesale-1-240x300.jpg 240w, https:\/\/www.vape4wholesale.com\/wp-content\/uploads\/2024\/06\/Bnag-30000-Puffs-Disposable-Vape-Wholesale-1-768x960.jpg 768w\" sizes=\"auto, (max-width: 800px) 100vw, 800px\" \/><figcaption id=\"caption-attachment-15981\" class=\"wp-caption-text\">Bnag 30000 Puffs Jednor\u00e1zov\u00fd velkoobchod Vape - v\u0161echny p\u0159\u00edchut\u011b<\/figcaption><\/figure>\n<h2>PRO\u010c MY?<\/h2>\r\n<ul>\r\n<li>Skute\u010dn\u00fd, d\u016fv\u011bryhodn\u00fd a profesion\u00e1ln\u00ed zdroj vape.<\/li>\r\n<li>100% Origin\u00e1ln\u00ed z\u00e1ruka: Odm\u00edt\u00e1me pad\u011blky.<\/li>\r\n<li>100% Z\u00e1ruka dod\u00e1n\u00ed: Pou\u017e\u00edv\u00e1me nejlep\u0161\u00ed zp\u016fsob dopravy, abychom zajistili, \u017ee objedn\u00e1vku 100% obdr\u017e\u00edte.<\/li>\r\n<li>Po odesl\u00e1n\u00ed v\u00e1m poskytneme sledovac\u00ed \u010d\u00edslo a p\u0159epravn\u00ed \u0161t\u00edtek a budeme pro v\u00e1s sledovat zbo\u017e\u00ed, dokud ho nepodep\u00ed\u0161ete.<\/li>\r\n<li>\u017d\u00e1dn\u00e9 celn\u00ed probl\u00e9my, \u017e\u00e1dn\u00e1 cla<\/li>\r\n<\/ul>","protected":false},"excerpt":{"rendered":"<div class=\"wsppc_div_block woocommerce_before_add_to_cart_form\">\r\n<p><strong><span style=\"color: #00a859;\">Vy\u010distit celnici<\/span> p\u0159ed dod\u00e1n\u00edm &amp; 100% Z\u00e1ruka doru\u010den\u00ed, doru\u010den\u00ed p\u0159ibli\u017en\u011b za 19\u201325 dn\u00ed.\u00a0<\/strong><\/p>\r\n<\/div>\n<p><a href=\"https:\/\/www.vape4wholesale.com\/cs\/produkt\/bang-king-coloor-30000-puffs-jednorazovy-vape-velkoobchod\/\"><span style=\"color: #ff6600\"><strong>Jedn\u00e1 se o star\u0161\u00ed verzi produktu, jej\u00ed\u017e v\u00fdroba byla ukon\u010dena. Klikn\u011bte pros\u00edm pro objedn\u00e1n\u00ed nejnov\u011bj\u0161\u00ed verze<\/strong><\/span><\/a><\/p>","protected":false},"featured_media":15980,"comment_status":"open","ping_status":"closed","template":"","meta":[],"pwb-brand":[1275],"product_cat":[873],"product_tag":[22,24,249,849,850],"class_list":{"0":"post-15979","1":"product","2":"type-product","3":"status-publish","4":"has-post-thumbnail","6":"pwb-brand-bang","7":"product_cat-above-20k-puffs","8":"product_tag-disposable","9":"product_tag-wholesale","10":"product_tag-bang","11":"product_tag-36-0ml","12":"product_tag-30000-puffs","13":"wcpa_has_options","15":"first","16":"outofstock","17":"shipping-taxable","18":"purchasable","19":"product-type-variable"},"aioseo_notices":[],"brands":[{"id":1275,"name":"Bang","slug":"bang"}],"_links":{"self":[{"href":"https:\/\/www.vape4wholesale.com\/cs\/wp-json\/wp\/v2\/product\/15979","targetHints":{"allow":["GET"]}}],"collection":[{"href":"https:\/\/www.vape4wholesale.com\/cs\/wp-json\/wp\/v2\/product"}],"about":[{"href":"https:\/\/www.vape4wholesale.com\/cs\/wp-json\/wp\/v2\/types\/product"}],"replies":[{"embeddable":true,"href":"https:\/\/www.vape4wholesale.com\/cs\/wp-json\/wp\/v2\/comments?post=15979"}],"wp:featuredmedia":[{"embeddable":true,"href":"https:\/\/www.vape4wholesale.com\/cs\/wp-json\/wp\/v2\/media\/15980"}],"wp:attachment":[{"href":"https:\/\/www.vape4wholesale.com\/cs\/wp-json\/wp\/v2\/media?parent=15979"}],"wp:term":[{"taxonomy":"pwb-brand","embeddable":true,"href":"https:\/\/www.vape4wholesale.com\/cs\/wp-json\/wp\/v2\/pwb-brand?post=15979"},{"taxonomy":"product_cat","embeddable":true,"href":"https:\/\/www.vape4wholesale.com\/cs\/wp-json\/wp\/v2\/product_cat?post=15979"},{"taxonomy":"product_tag","embeddable":true,"href":"https:\/\/www.vape4wholesale.com\/cs\/wp-json\/wp\/v2\/product_tag?post=15979"}],"curies":[{"name":"wp","href":"https:\/\/api.w.org\/{rel}","templated":true}]}}