{"id":15929,"date":"2025-07-14T23:55:00","date_gmt":"2025-07-14T23:55:00","guid":{"rendered":"https:\/\/www.vape4wholesale.com\/?post_type=product&#038;p=15929"},"modified":"2026-03-15T22:36:40","modified_gmt":"2026-03-15T14:36:40","slug":"randm-tornado-15000-jednorazovy-vape-velkoobchod","status":"publish","type":"product","link":"https:\/\/www.vape4wholesale.com\/cs\/product\/randm-tornado-15000-disposable-vape-wholesale","title":{"rendered":"Randm Tornado 15000 Jednor\u00e1zov\u00fd velkoobchod s vapem"},"content":{"rendered":"<p>RandM Tornado 15000 je dob\u00edjec\u00ed jednor\u00e1zov\u00e9 vape za\u0159\u00edzen\u00ed s bateri\u00ed a ukazatelem hladiny ejuice. Obsahuje 25 ml e-d\u017eus\u016f s nikotinovou sol\u00ed 0\/2\/3\/5% a umo\u017e\u0148uje vapovat a\u017e 15000 potah\u016f. Na v\u00fdb\u011br m\u00e1te 41 p\u0159\u00edchut\u00ed. Dob\u00edjec\u00ed port ve spodn\u00ed \u010d\u00e1sti za\u0159\u00edzen\u00ed v\u00e1m zaru\u010d\u00ed, \u017ee v tanku v\u017edy dopijete posledn\u00ed kapku e-\u0161\u0165\u00e1vy.<\/p>\n<h2 class=\"p\">Jednor\u00e1zov\u00e9 za\u0159\u00edzen\u00ed RandM Tornado 15000 Vlastnosti:<\/h2>\n<p class=\"p\">0\/2\/3\/5% Nikotinov\u00e1 s\u016fl.<br data-filtered=\"filtered\" \/>25ML e-liquidu.<br data-filtered=\"filtered\" \/>S\u00ed\u0165ov\u00e1 c\u00edvka<br data-filtered=\"filtered\" \/>Nab\u00edjen\u00ed baterie<br data-filtered=\"filtered\" \/>Integrovan\u00e1 baterie 850 mAh.<br data-filtered=\"filtered\" \/>K dispozici je 41 p\u0159\u00edchut\u00ed.<br data-filtered=\"filtered\" \/>10 ks ve v\u00fdstavn\u00ed krabici.<br data-filtered=\"filtered\" \/>160 ks v kartonu.<\/p>\n<h2 class=\"p\">Dostupn\u00e9 p\u0159\u00edchut\u011b:<\/h2>\n<p class=\"p\">01# Blue Razz Lemonade<br \/>\n02# Peach Ice<br \/>\n03# Kysel\u00e9 jablko<br \/>\n04# Vodn\u00ed meloun Ice<br \/>\n05# Bor\u016fvka na ledu<br \/>\n06# Bor\u016fvka malina<br \/>\n07# Ananasov\u00fd led<br \/>\n08# T\u0159e\u0161e\u0148<br \/>\n09# Jahodov\u00fd led<br \/>\n10# Vimto<br \/>\n11# Hroznov\u00fd led<br \/>\n12# Cola Ice<br \/>\n13# Jahoda meloun<br \/>\n14# R\u016f\u017eov\u00e1 limon\u00e1da<br \/>\n15# Sm\u00ed\u0161en\u00e9 bobule<br \/>\n16# Broskev mango<br \/>\n17# Dra\u010d\u00ed ovoce<br \/>\n18# Jahoda Hroznov\u00e9 v\u00edno<br \/>\n19# Pan Modr\u00fd<br \/>\n20# Lush Ice<br \/>\n21# Ice Pop<br \/>\n22# Jahodov\u00e9 kiwi<br \/>\n23# kiwi mu\u010denka ovoce guava<br \/>\n24# Trojit\u00e9 bobule<br \/>\n25# Ban\u00e1nov\u00fd led<br \/>\n26# Broskvovo-bor\u016fvkov\u00e9 bonbony<br \/>\n27# Jablko broskev hru\u0161ka<br \/>\n28# Jahodov\u00e1 limon\u00e1da<br \/>\n29# Blue Razz Cherry<br \/>\n30# Blueberry Bubblegum<br \/>\n31# Bor\u016fvka t\u0159e\u0161e\u0148 brusinka<br \/>\n32# Bor\u016fvka gran\u00e1tov\u00e9 jablko<br \/>\n33# Bluesour Raspberry<br \/>\n34# Cherry Cola<br \/>\n35# Gumov\u00fd medv\u00eddek<br \/>\n36# Citron a limetka<br \/>\n37# Mango On Ice<br \/>\n38# Red Energy Ice<br \/>\n39# Jahoda Ban\u00e1n<br \/>\n40# Jahoda Red Bull<br \/>\n41# Jahodov\u00e1 melounov\u00e1 limon\u00e1da<br \/>\n42# Ice Tea Lemon Ice<br \/>\n43# Ledov\u00fd \u010daj Peach Ice<br \/>\n44# Fizzy Cherry<br \/>\n45# Ku\u017eelky<br \/>\n46# Cool Mint<br \/>\n47# Pina Colada<br \/>\n48# Huckleberry<br \/>\n49# Bor\u016fvkov\u00fd broskvov\u00fd led<br \/>\n50# Hroznov\u00fd citron<br \/>\n51# Fanta<br \/>\n52# Sv\u011b\u017e\u00ed mentolov\u00e9 Mojito<br \/>\n53# Aloe citronov\u00e9 plody<br \/>\n54# Zelen\u00e9 jablko Citrusov\u00fd mentol<br \/>\n55# Zelen\u00fd hroznov\u00fd meloun<br \/>\n56# Kaktus kiwi<br \/>\n57# Cola Lemon<br \/>\n58# Cactus Ice<br \/>\n59# Modr\u00fd gumov\u00fd medv\u00eddek Razz<\/p>\n<figure id=\"attachment_15975\" aria-describedby=\"caption-attachment-15975\" style=\"width: 640px\" class=\"wp-caption alignnone\"><img loading=\"lazy\" decoding=\"async\" class=\"size-full wp-image-15975\" title=\"Randm Tornado 15000 Jednor\u00e1zov\u00fd velkoobchod s vape (6)\" src=\"https:\/\/www.vape4wholesale.com\/wp-content\/uploads\/2024\/06\/Randm-Tornado-15000-Disposable-Vape-Wholesale-6.webp\" alt=\"Randm Tornado 15000 Jednor\u00e1zov\u00fd velkoobchod s vape (6)\" width=\"640\" height=\"640\" srcset=\"https:\/\/www.vape4wholesale.com\/wp-content\/uploads\/2024\/06\/Randm-Tornado-15000-Disposable-Vape-Wholesale-6.webp 640w, https:\/\/www.vape4wholesale.com\/wp-content\/uploads\/2024\/06\/Randm-Tornado-15000-Disposable-Vape-Wholesale-6-247x247.webp 247w, https:\/\/www.vape4wholesale.com\/wp-content\/uploads\/2024\/06\/Randm-Tornado-15000-Disposable-Vape-Wholesale-6-100x100.webp 100w, https:\/\/www.vape4wholesale.com\/wp-content\/uploads\/2024\/06\/Randm-Tornado-15000-Disposable-Vape-Wholesale-6-510x510.webp 510w\" sizes=\"auto, (max-width: 640px) 100vw, 640px\" \/><figcaption id=\"caption-attachment-15975\" class=\"wp-caption-text\">Randm Tornado 15000 Jednor\u00e1zov\u00fd velkoobchod s vapem<\/figcaption><\/figure>\n<h2>PRO\u010c MY?<\/h2>\r\n<ul>\r\n<li>Skute\u010dn\u00fd, d\u016fv\u011bryhodn\u00fd a profesion\u00e1ln\u00ed zdroj vape.<\/li>\r\n<li>100% Origin\u00e1ln\u00ed z\u00e1ruka: Odm\u00edt\u00e1me pad\u011blky.<\/li>\r\n<li>100% Z\u00e1ruka dod\u00e1n\u00ed: Pou\u017e\u00edv\u00e1me nejlep\u0161\u00ed zp\u016fsob dopravy, abychom zajistili, \u017ee objedn\u00e1vku 100% obdr\u017e\u00edte.<\/li>\r\n<li>Po odesl\u00e1n\u00ed v\u00e1m poskytneme sledovac\u00ed \u010d\u00edslo a p\u0159epravn\u00ed \u0161t\u00edtek a budeme pro v\u00e1s sledovat zbo\u017e\u00ed, dokud ho nepodep\u00ed\u0161ete.<\/li>\r\n<li>\u017d\u00e1dn\u00e9 celn\u00ed probl\u00e9my, \u017e\u00e1dn\u00e1 cla<\/li>\r\n<\/ul>\n<p>&nbsp;<\/p>","protected":false},"excerpt":{"rendered":"<div class=\"wsppc_div_block woocommerce_before_add_to_cart_form\">\r\n<p><strong><span style=\"color: #00a859;\">Clear customs<\/span> before delivery &amp; 100% Delivery Guarantee, Delivery in 19~25 days around.\u00a0<\/strong><\/p>\r\n<\/div>","protected":false},"featured_media":15975,"comment_status":"open","ping_status":"closed","template":"","meta":[],"pwb-brand":[1269],"product_cat":[872],"product_tag":[22,24,180,684,692],"class_list":{"0":"post-15929","1":"product","2":"type-product","3":"status-publish","4":"has-post-thumbnail","6":"pwb-brand-fumot","7":"product_cat-15k-20k-puffs","8":"product_tag-disposable","9":"product_tag-wholesale","10":"product_tag-randm-tornado","11":"product_tag-15000-puffs","12":"product_tag-25-0ml","13":"wcpa_has_options","15":"first","16":"instock","17":"featured","18":"shipping-taxable","19":"purchasable","20":"product-type-variable"},"aioseo_notices":[],"brands":[{"id":1269,"name":"Fumot","slug":"fumot"}],"_links":{"self":[{"href":"https:\/\/www.vape4wholesale.com\/cs\/wp-json\/wp\/v2\/product\/15929","targetHints":{"allow":["GET"]}}],"collection":[{"href":"https:\/\/www.vape4wholesale.com\/cs\/wp-json\/wp\/v2\/product"}],"about":[{"href":"https:\/\/www.vape4wholesale.com\/cs\/wp-json\/wp\/v2\/types\/product"}],"replies":[{"embeddable":true,"href":"https:\/\/www.vape4wholesale.com\/cs\/wp-json\/wp\/v2\/comments?post=15929"}],"wp:featuredmedia":[{"embeddable":true,"href":"https:\/\/www.vape4wholesale.com\/cs\/wp-json\/wp\/v2\/media\/15975"}],"wp:attachment":[{"href":"https:\/\/www.vape4wholesale.com\/cs\/wp-json\/wp\/v2\/media?parent=15929"}],"wp:term":[{"taxonomy":"pwb-brand","embeddable":true,"href":"https:\/\/www.vape4wholesale.com\/cs\/wp-json\/wp\/v2\/pwb-brand?post=15929"},{"taxonomy":"product_cat","embeddable":true,"href":"https:\/\/www.vape4wholesale.com\/cs\/wp-json\/wp\/v2\/product_cat?post=15929"},{"taxonomy":"product_tag","embeddable":true,"href":"https:\/\/www.vape4wholesale.com\/cs\/wp-json\/wp\/v2\/product_tag?post=15929"}],"curies":[{"name":"wp","href":"https:\/\/api.w.org\/{rel}","templated":true}]}}