{"id":15878,"date":"2025-10-29T16:52:00","date_gmt":"2025-10-29T08:52:00","guid":{"rendered":"https:\/\/www.vape4wholesale.com\/?post_type=product&#038;p=15878"},"modified":"2026-03-30T11:12:14","modified_gmt":"2026-03-30T03:12:14","slug":"elf-bar-raya-d3-25000-puffs-jednorazove-vape-velkoobchod","status":"publish","type":"product","link":"https:\/\/www.vape4wholesale.com\/cs\/produkt\/elf-bar-raya-d3-25000-puffs-jednorazove-vape-velkoobchod","title":{"rendered":"Elf Bar Raya D3 25000 Puffs Jednor\u00e1zov\u00e9 Vape Velkoobchod"},"content":{"rendered":"<p>Jednor\u00e1zov\u00fd vape Elf Bar Raya D3 p\u0159in\u00e1\u0161\u00ed jedine\u010dn\u00fd z\u00e1\u017eitek z vapingu d\u00edky sv\u00e9 pr\u016flomov\u00e9 kapacit\u011b 25 000 \u0161luk\u016f a integrovan\u00e9mu syst\u00e9mu regulace vzduchu a tlaku. Toto dob\u00edjec\u00ed za\u0159\u00edzen\u00ed se m\u016f\u017ee pochlubit velkou bo\u010dn\u00ed obrazovkou s digit\u00e1ln\u00ed trubic\u00ed a podmaniv\u00fdm monochromatick\u00fdm modr\u00fdm vn\u011bj\u0161\u00edm kruhov\u00fdm sv\u011btlem, \u010d\u00edm\u017e nastavuje nov\u00fd standard pro jednor\u00e1zov\u00e9 vapery.<\/p>\n<p>M\u00e1 3 re\u017eimy: M\u016f\u017eete tak z\u00edskat v\u00edce \u0161luk\u016f nebo siln\u011bj\u0161\u00ed mraky, jak si p\u0159ejete, bez n\u00e1mahy p\u0159ep\u00ednat mezi 3 re\u017eimy.<\/p>\n<h2><strong>Elf Bar Raya D3 Informace o produktu:<\/strong><\/h2>\n<ul>\n<li>Obrovsk\u00e1 kapacita \u0161\u0165\u00e1vy pro vape: Dod\u00e1v\u00e1 se s velkou kapacitou 23 ml e-liquidu.<\/li>\n<li>Syst\u00e9m trojit\u00e9 s\u00ed\u0165ov\u00e9 c\u00edvky: Zaji\u0161\u0165uje vynikaj\u00edc\u00ed chu\u0165 a produkci p\u00e1ry.<\/li>\n<li>Variabiln\u00ed nastaven\u00ed nad\u00fdch\u00e1n\u00ed: T\u0159i rychlostn\u00ed stupn\u011b pro nastaven\u00ed po\u010dtu puf\u016f - 25K, 20K a 15K.<\/li>\n<li>Vysokokapacitn\u00ed baterie: Je vybavena bateri\u00ed s kapacitou 850 mAh a nab\u00edjen\u00edm typu C.<\/li>\n<li>Sofistikovan\u00e1 bo\u010dn\u00ed obrazovka: Velk\u00fd digit\u00e1ln\u00ed displej pro snadn\u00e9 sledov\u00e1n\u00ed.<\/li>\n<li>P\u0159izp\u016fsoben\u00ed proud\u011bn\u00ed vzduchu a tlaku: Integrovan\u00fd syst\u00e9m umo\u017e\u0148uje p\u0159izp\u016fsoben\u00ed vapingu na m\u00edru.<\/li>\n<li>Stylov\u00fd design: Je vybaven vn\u011bj\u0161\u00edm krou\u017ekem s jednobarevn\u00fdm modr\u00fdm sv\u011btlem.<\/li>\n<li>Rozs\u00e1hl\u00fd v\u00fdb\u011br p\u0159\u00edchut\u00ed: Vyberte si z 15 vynikaj\u00edc\u00edch p\u0159\u00edchut\u00ed.<\/li>\n<\/ul>\n<h2><strong>P\u0159\u00edchut\u011b:<\/strong><\/h2>\n<p>VMT<br \/>\nDvojit\u00e9 mango<br \/>\nBroskvov\u00fd led<br \/>\nMango Peach<br \/>\nMango broskev meloun<br \/>\nKiwi Mu\u010denka Ovoce Guava<br \/>\nHroznov\u00fd led<br \/>\nPeach Berry<br \/>\nMelounov\u00e1 \u017ev\u00fdka\u010dka<br \/>\nBor\u016fvkov\u00fd led<br \/>\nDvojit\u00e9 jablko<br \/>\nTab\u00e1k<br \/>\nMango<br \/>\nBor\u016fvka malina<br \/>\nMelounov\u00fd led<br \/>\nAlpsk\u00e1 m\u00e1ta<br \/>\nK\u00e1va Arabica<br \/>\nVodn\u00ed meloun Lemon<br \/>\nJahodov\u00fd hrozen<br \/>\nKiwi ananasov\u00fd led<br \/>\nHroznov\u00e1 t\u0159e\u0161e\u0148<\/p>\n<h2><strong>Podrobnosti o balen\u00ed<\/strong><\/h2>\n<p>1 ks\/balen\u00ed<br data-filtered=\"filtered\" \/>10 balen\u00ed\/krabice<br data-filtered=\"filtered\" \/>200 ks\/karton<\/p>\n<p><strong>Rozm\u011bry:<\/strong><br \/>\n65*35*27 cm<br \/>\n21 kg\/karton<\/p>\n<p><img loading=\"lazy\" decoding=\"async\" class=\"alignnone size-full wp-image-26772\" title=\"Elf bar RAYA D3\" src=\"https:\/\/www.vape4wholesale.com\/wp-content\/uploads\/2025\/10\/Elf-bar-RAYA-D3.webp\" alt=\"Elf bar RAYA D3\" width=\"800\" height=\"800\" srcset=\"https:\/\/www.vape4wholesale.com\/wp-content\/uploads\/2025\/10\/Elf-bar-RAYA-D3.webp 800w, https:\/\/www.vape4wholesale.com\/wp-content\/uploads\/2025\/10\/Elf-bar-RAYA-D3-247x247.webp 247w, https:\/\/www.vape4wholesale.com\/wp-content\/uploads\/2025\/10\/Elf-bar-RAYA-D3-100x100.webp 100w, https:\/\/www.vape4wholesale.com\/wp-content\/uploads\/2025\/10\/Elf-bar-RAYA-D3-510x510.webp 510w, https:\/\/www.vape4wholesale.com\/wp-content\/uploads\/2025\/10\/Elf-bar-RAYA-D3-300x300.webp 300w, https:\/\/www.vape4wholesale.com\/wp-content\/uploads\/2025\/10\/Elf-bar-RAYA-D3-150x150.webp 150w, https:\/\/www.vape4wholesale.com\/wp-content\/uploads\/2025\/10\/Elf-bar-RAYA-D3-768x768.webp 768w, https:\/\/www.vape4wholesale.com\/wp-content\/uploads\/2025\/10\/Elf-bar-RAYA-D3-12x12.webp 12w\" sizes=\"auto, (max-width: 800px) 100vw, 800px\" \/><\/p>\n<h2>PRO\u010c MY?<\/h2>\r\n<ul>\r\n<li>Skute\u010dn\u00fd, d\u016fv\u011bryhodn\u00fd a profesion\u00e1ln\u00ed zdroj vape.<\/li>\r\n<li>100% Origin\u00e1ln\u00ed z\u00e1ruka: Odm\u00edt\u00e1me pad\u011blky.<\/li>\r\n<li>100% Z\u00e1ruka dod\u00e1n\u00ed: Pou\u017e\u00edv\u00e1me nejlep\u0161\u00ed zp\u016fsob dopravy, abychom zajistili, \u017ee objedn\u00e1vku 100% obdr\u017e\u00edte.<\/li>\r\n<li>Po odesl\u00e1n\u00ed v\u00e1m poskytneme sledovac\u00ed \u010d\u00edslo a p\u0159epravn\u00ed \u0161t\u00edtek a budeme pro v\u00e1s sledovat zbo\u017e\u00ed, dokud ho nepodep\u00ed\u0161ete.<\/li>\r\n<li>\u017d\u00e1dn\u00e9 celn\u00ed probl\u00e9my, \u017e\u00e1dn\u00e1 cla<\/li>\r\n<\/ul>","protected":false},"excerpt":{"rendered":"<p><b><span style=\"color: #00a859;\">Free shipping<\/span>\u00a0from Europe warehouse, 7-15 working days delivery time.<\/b><\/p>\r\n<div class=\"wsppc_div_block woocommerce_before_add_to_cart_form\">\r\n<p><strong>Clear customs before delivery &amp; 100% Delivery Guarantee<\/strong><\/p>\r\n<\/div>","protected":false},"featured_media":26772,"comment_status":"open","ping_status":"closed","template":"","meta":[],"pwb-brand":[1278],"product_cat":[938],"product_tag":[557,780,828,22,24,60],"class_list":{"0":"post-15878","1":"product","2":"type-product","3":"status-publish","4":"has-post-thumbnail","6":"pwb-brand-elf-bar","7":"product_cat-europe-warehouse","8":"product_tag-23-0ml","9":"product_tag-23000-puffs","10":"product_tag-raya-d3","11":"product_tag-disposable","12":"product_tag-wholesale","13":"product_tag-elf-bar","14":"product_shipping_class-eu-warehouse","16":"first","17":"instock","18":"featured","19":"shipping-taxable","20":"purchasable","21":"product-type-variable"},"aioseo_notices":[],"brands":[{"id":1278,"name":"Elf\u00ed bar","slug":"elfi-bar"}],"_links":{"self":[{"href":"https:\/\/www.vape4wholesale.com\/cs\/wp-json\/wp\/v2\/product\/15878","targetHints":{"allow":["GET"]}}],"collection":[{"href":"https:\/\/www.vape4wholesale.com\/cs\/wp-json\/wp\/v2\/product"}],"about":[{"href":"https:\/\/www.vape4wholesale.com\/cs\/wp-json\/wp\/v2\/types\/product"}],"replies":[{"embeddable":true,"href":"https:\/\/www.vape4wholesale.com\/cs\/wp-json\/wp\/v2\/comments?post=15878"}],"wp:featuredmedia":[{"embeddable":true,"href":"https:\/\/www.vape4wholesale.com\/cs\/wp-json\/wp\/v2\/media\/26772"}],"wp:attachment":[{"href":"https:\/\/www.vape4wholesale.com\/cs\/wp-json\/wp\/v2\/media?parent=15878"}],"wp:term":[{"taxonomy":"pwb-brand","embeddable":true,"href":"https:\/\/www.vape4wholesale.com\/cs\/wp-json\/wp\/v2\/pwb-brand?post=15878"},{"taxonomy":"product_cat","embeddable":true,"href":"https:\/\/www.vape4wholesale.com\/cs\/wp-json\/wp\/v2\/product_cat?post=15878"},{"taxonomy":"product_tag","embeddable":true,"href":"https:\/\/www.vape4wholesale.com\/cs\/wp-json\/wp\/v2\/product_tag?post=15878"}],"curies":[{"name":"wp","href":"https:\/\/api.w.org\/{rel}","templated":true}]}}