{"id":15844,"date":"2024-05-28T11:37:00","date_gmt":"2024-05-28T03:37:00","guid":{"rendered":"https:\/\/www.vape4wholesale.com\/?post_type=product&#038;p=15844"},"modified":"2026-01-26T13:40:56","modified_gmt":"2026-01-26T13:40:56","slug":"vapme-monster-16000-puffs-jednorazove-vape-velkoobchod","status":"publish","type":"product","link":"https:\/\/www.vape4wholesale.com\/cs\/product\/vapme-monster-16000-puffs-disposable-vape-wholesale","title":{"rendered":"Vapme Monster 16000 Puffs Jednor\u00e1zov\u00e9 Vape Velkoobchod"},"content":{"rendered":"<p>na <strong>Vapme Monster 16000<\/strong> je jednor\u00e1zov\u00fd vape s LED displejem, kter\u00fd je dod\u00e1v\u00e1n s 26 ml ejuice, dob\u00edjec\u00ed bateri\u00ed 850 mAh a dvojitou s\u00ed\u0165ovou spir\u00e1lkou s odporem 1,0 ohm. podporuje a\u017e 16 000 potah\u016f, co\u017e zaji\u0161\u0165uje dlouhotrvaj\u00edc\u00ed spokojenost p\u0159i ka\u017ed\u00e9m pou\u017eit\u00ed.<\/p>\n<p>Objednejte si hromadn\u011b na\u0161ich 12 sekc\u00ed p\u0159\u00edchut\u00ed Vapme Monster 16000 za nejlep\u0161\u00ed cenu a s rychlou expedic\u00ed.<\/p>\n<h2><strong>VAPME Monster 16000 Puffs Nejd\u016fle\u017eit\u011bj\u0161\u00ed informace:<\/strong><\/h2>\n<ul>\n<li><strong>Roz\u0161\u00ed\u0159en\u00e1 kapacita nad\u00fdch\u00e1n\u00ed<\/strong>: Vychutnejte si a\u017e 16 000 potah\u016f, co\u017e je ide\u00e1ln\u00ed pro dlouhotrvaj\u00edc\u00ed pou\u017e\u00edv\u00e1n\u00ed.<\/li>\n<li><strong>Velkorys\u00e1 kapacita e-liquidu<\/strong>: P\u0159edpln\u011bn\u00e1 cartridge s 26 ml e-liquidu.<\/li>\n<li><strong>V\u00edce druh\u016f nikotinu<\/strong>: K dispozici jsou varianty nikotinu 0\/2%\/3% a 5%, kter\u00e9 vyhovuj\u00ed va\u0161im preferenc\u00edm.<\/li>\n<li><strong>V\u00fdkonn\u00e1 baterie<\/strong>: Je vybaven bateri\u00ed s kapacitou 850 mAh a v\u00fdkonem 7 W pro konzistentn\u00ed v\u00fdkon.<\/li>\n<li><strong>Nastaviteln\u00e9 proud\u011bn\u00ed vzduchu<\/strong>: P\u0159izp\u016fsobte si sv\u016fj vapingov\u00fd z\u00e1\u017eitek d\u00edky 1.0 Mesh Coil a nastaviteln\u00e9mu airflow.<\/li>\n<li><strong>Pohodln\u00e9 dob\u00edjen\u00ed<\/strong>: Dob\u00edjec\u00ed proveden\u00ed typu C pro snadn\u00e9 a efektivn\u00ed dob\u00edjen\u00ed.<\/li>\n<li><strong>Rozmanitost chut\u00ed<\/strong>: K dispozici je 12 skv\u011bl\u00fdch p\u0159\u00edchut\u00ed, kter\u00e9 uspokoj\u00ed ka\u017ed\u00fd jaz\u00fd\u010dek.<\/li>\n<\/ul>\n<h2><strong>Seznam p\u0159\u00edchut\u00ed:<\/strong><\/h2>\n<ol>\n<li>Limon\u00e1da Blue Razz<\/li>\n<li>Broskvov\u00fd led<\/li>\n<li>Melounov\u00fd led<\/li>\n<li>Bor\u016fvka malina<\/li>\n<li>T\u0159e\u0161\u0148ov\u00fd led<\/li>\n<li>Jahodov\u00e1 zmrzlina<\/li>\n<li>Jahodov\u00fd meloun<\/li>\n<li>Sm\u00ed\u0161en\u00e9 bobule<\/li>\n<li>Jahodov\u00e9 kiwi<\/li>\n<li>Kiwi Mu\u010denka Ovoce Guava<\/li>\n<li>Jahodov\u00fd Red Bull<\/li>\n<li>Broskev Mango Ananas<\/li>\n<\/ol>\n<h2><strong>Podrobnosti o balen\u00ed<\/strong><\/h2>\n<ul>\n<li>1\/mal\u00e1 krabi\u010dka<\/li>\n<li>10\/ Zobrazovac\u00ed box<\/li>\n<li>200\/ hlavn\u00ed karton, 20 kg<\/li>\n<\/ul>\n<figure id=\"attachment_15849\" aria-describedby=\"caption-attachment-15849\" style=\"width: 800px\" class=\"wp-caption alignnone\"><img loading=\"lazy\" decoding=\"async\" class=\"wp-image-15849 size-full\" title=\"Vapme Monster 16000 Puffs Jednor\u00e1zov\u00fd velkoobchodn\u00ed prodej (3)\" src=\"https:\/\/www.vape4wholesale.com\/wp-content\/uploads\/2024\/05\/Vapme-Monster-16000-Puffs-Disposable-Vape-Wholesale-3.webp\" alt=\"Vapme Monster 16000 Puffs Jednor\u00e1zov\u00fd velkoobchodn\u00ed prodej (3)\" width=\"800\" height=\"800\" srcset=\"https:\/\/www.vape4wholesale.com\/wp-content\/uploads\/2024\/05\/Vapme-Monster-16000-Puffs-Disposable-Vape-Wholesale-3.webp 800w, https:\/\/www.vape4wholesale.com\/wp-content\/uploads\/2024\/05\/Vapme-Monster-16000-Puffs-Disposable-Vape-Wholesale-3-247x247.webp 247w, https:\/\/www.vape4wholesale.com\/wp-content\/uploads\/2024\/05\/Vapme-Monster-16000-Puffs-Disposable-Vape-Wholesale-3-100x100.webp 100w, https:\/\/www.vape4wholesale.com\/wp-content\/uploads\/2024\/05\/Vapme-Monster-16000-Puffs-Disposable-Vape-Wholesale-3-510x510.webp 510w, https:\/\/www.vape4wholesale.com\/wp-content\/uploads\/2024\/05\/Vapme-Monster-16000-Puffs-Disposable-Vape-Wholesale-3-64x64.webp 64w, https:\/\/www.vape4wholesale.com\/wp-content\/uploads\/2024\/05\/Vapme-Monster-16000-Puffs-Disposable-Vape-Wholesale-3-300x300.webp 300w, https:\/\/www.vape4wholesale.com\/wp-content\/uploads\/2024\/05\/Vapme-Monster-16000-Puffs-Disposable-Vape-Wholesale-3-150x150.webp 150w, https:\/\/www.vape4wholesale.com\/wp-content\/uploads\/2024\/05\/Vapme-Monster-16000-Puffs-Disposable-Vape-Wholesale-3-768x768.webp 768w\" sizes=\"auto, (max-width: 800px) 100vw, 800px\" \/><figcaption id=\"caption-attachment-15849\" class=\"wp-caption-text\">Vapme Monster 16000 Puffs Jednor\u00e1zov\u00e9 Vape Velkoobchod<\/figcaption><\/figure>\n<figure id=\"attachment_15850\" aria-describedby=\"caption-attachment-15850\" style=\"width: 800px\" class=\"wp-caption alignnone\"><img loading=\"lazy\" decoding=\"async\" class=\"wp-image-15850 size-full\" title=\"Vapme Monster 16000 Puffs Jednor\u00e1zov\u00fd velkoobchodn\u00ed prodej (4)\" src=\"https:\/\/www.vape4wholesale.com\/wp-content\/uploads\/2024\/05\/Vapme-Monster-16000-Puffs-Disposable-Vape-Wholesale-4.webp\" alt=\"Vapme Monster 16000 Puffs Jednor\u00e1zov\u00fd velkoobchodn\u00ed prodej (4)\" width=\"800\" height=\"800\" srcset=\"https:\/\/www.vape4wholesale.com\/wp-content\/uploads\/2024\/05\/Vapme-Monster-16000-Puffs-Disposable-Vape-Wholesale-4.webp 800w, https:\/\/www.vape4wholesale.com\/wp-content\/uploads\/2024\/05\/Vapme-Monster-16000-Puffs-Disposable-Vape-Wholesale-4-247x247.webp 247w, https:\/\/www.vape4wholesale.com\/wp-content\/uploads\/2024\/05\/Vapme-Monster-16000-Puffs-Disposable-Vape-Wholesale-4-100x100.webp 100w, https:\/\/www.vape4wholesale.com\/wp-content\/uploads\/2024\/05\/Vapme-Monster-16000-Puffs-Disposable-Vape-Wholesale-4-510x510.webp 510w, https:\/\/www.vape4wholesale.com\/wp-content\/uploads\/2024\/05\/Vapme-Monster-16000-Puffs-Disposable-Vape-Wholesale-4-64x64.webp 64w, https:\/\/www.vape4wholesale.com\/wp-content\/uploads\/2024\/05\/Vapme-Monster-16000-Puffs-Disposable-Vape-Wholesale-4-300x300.webp 300w, https:\/\/www.vape4wholesale.com\/wp-content\/uploads\/2024\/05\/Vapme-Monster-16000-Puffs-Disposable-Vape-Wholesale-4-150x150.webp 150w, https:\/\/www.vape4wholesale.com\/wp-content\/uploads\/2024\/05\/Vapme-Monster-16000-Puffs-Disposable-Vape-Wholesale-4-768x768.webp 768w\" sizes=\"auto, (max-width: 800px) 100vw, 800px\" \/><figcaption id=\"caption-attachment-15850\" class=\"wp-caption-text\">Balen\u00ed Vapme Monster 16000 Puffs Jednor\u00e1zov\u00fd velkoobchod Vape<\/figcaption><\/figure>\n<h2>PRO\u010c MY?<\/h2>\r\n<ul>\r\n<li>Skute\u010dn\u00fd, d\u016fv\u011bryhodn\u00fd a profesion\u00e1ln\u00ed zdroj vape.<\/li>\r\n<li>100% Origin\u00e1ln\u00ed z\u00e1ruka: Odm\u00edt\u00e1me pad\u011blky.<\/li>\r\n<li>100% Z\u00e1ruka dod\u00e1n\u00ed: Pou\u017e\u00edv\u00e1me nejlep\u0161\u00ed zp\u016fsob dopravy, abychom zajistili, \u017ee objedn\u00e1vku 100% obdr\u017e\u00edte.<\/li>\r\n<li>Po odesl\u00e1n\u00ed v\u00e1m poskytneme sledovac\u00ed \u010d\u00edslo a p\u0159epravn\u00ed \u0161t\u00edtek a budeme pro v\u00e1s sledovat zbo\u017e\u00ed, dokud ho nepodep\u00ed\u0161ete.<\/li>\r\n<li>\u017d\u00e1dn\u00e9 celn\u00ed probl\u00e9my, \u017e\u00e1dn\u00e1 cla<\/li>\r\n<\/ul>","protected":false},"excerpt":{"rendered":"<div class=\"wsppc_div_block woocommerce_before_add_to_cart_form\">\r\n<p><strong><span style=\"color: #00a859;\">Vy\u010distit celnici<\/span> p\u0159ed dod\u00e1n\u00edm &amp; 100% Z\u00e1ruka doru\u010den\u00ed, doru\u010den\u00ed p\u0159ibli\u017en\u011b za 19\u201325 dn\u00ed.\u00a0<\/strong><\/p>\r\n<\/div>","protected":false},"featured_media":15849,"comment_status":"open","ping_status":"closed","template":"","meta":[],"pwb-brand":[1290],"product_cat":[872],"product_tag":[22,24,696,822,823],"class_list":{"0":"post-15844","1":"product","2":"type-product","3":"status-publish","4":"has-post-thumbnail","6":"pwb-brand-vapme","7":"product_cat-15k-20k-puffs","8":"product_tag-disposable","9":"product_tag-wholesale","10":"product_tag-vapme","11":"product_tag-16000-puffs","12":"product_tag-26-0ml","13":"wcpa_has_options","15":"first","16":"outofstock","17":"shipping-taxable","18":"purchasable","19":"product-type-variable"},"aioseo_notices":[],"brands":[{"id":1290,"name":"Vapme","slug":"vapme"}],"_links":{"self":[{"href":"https:\/\/www.vape4wholesale.com\/cs\/wp-json\/wp\/v2\/product\/15844","targetHints":{"allow":["GET"]}}],"collection":[{"href":"https:\/\/www.vape4wholesale.com\/cs\/wp-json\/wp\/v2\/product"}],"about":[{"href":"https:\/\/www.vape4wholesale.com\/cs\/wp-json\/wp\/v2\/types\/product"}],"replies":[{"embeddable":true,"href":"https:\/\/www.vape4wholesale.com\/cs\/wp-json\/wp\/v2\/comments?post=15844"}],"wp:featuredmedia":[{"embeddable":true,"href":"https:\/\/www.vape4wholesale.com\/cs\/wp-json\/wp\/v2\/media\/15849"}],"wp:attachment":[{"href":"https:\/\/www.vape4wholesale.com\/cs\/wp-json\/wp\/v2\/media?parent=15844"}],"wp:term":[{"taxonomy":"pwb-brand","embeddable":true,"href":"https:\/\/www.vape4wholesale.com\/cs\/wp-json\/wp\/v2\/pwb-brand?post=15844"},{"taxonomy":"product_cat","embeddable":true,"href":"https:\/\/www.vape4wholesale.com\/cs\/wp-json\/wp\/v2\/product_cat?post=15844"},{"taxonomy":"product_tag","embeddable":true,"href":"https:\/\/www.vape4wholesale.com\/cs\/wp-json\/wp\/v2\/product_tag?post=15844"}],"curies":[{"name":"wp","href":"https:\/\/api.w.org\/{rel}","templated":true}]}}