{"id":15808,"date":"2024-05-20T09:50:16","date_gmt":"2024-05-20T01:50:16","guid":{"rendered":"https:\/\/www.vape4wholesale.com\/?post_type=product&#038;p=15808"},"modified":"2026-01-26T13:40:58","modified_gmt":"2026-01-26T13:40:58","slug":"rabbeats-rc10000-touch-jednorazovy-vape-velkoobchod","status":"publish","type":"product","link":"https:\/\/www.vape4wholesale.com\/cs\/product\/rabbeats-rc10000-touch-disposable-vape-wholesale","title":{"rendered":"RabBeats RC10000 Touch Jednor\u00e1zov\u00fd velkoobchod s vapem"},"content":{"rendered":"<p>Na str\u00e1nk\u00e1ch <b>RabBeats RC10000 Touch Vape na jedno pou\u017eit\u00ed<\/b>\u00a0je prvn\u00ed jednor\u00e1zov\u00fd vape vybaven\u00fd dotykov\u00fdm displejem, kter\u00fd poskytuje chutn\u00e9 potahy s 14 ml lahodn\u00e9 e-d\u017eusov\u00e9 \u0161\u0165\u00e1vy, robustn\u00ed bateri\u00ed a pokro\u010dilou technologi\u00ed mesh spir\u00e1lek. RabBeats RC10000 Touch je inovativn\u00ed produkt v oblasti jednor\u00e1zov\u00fdch vap\u016f. Nab\u00edz\u00ed pohlcuj\u00edc\u00ed z\u00e1\u017eitek z vapov\u00e1n\u00ed bez tla\u010d\u00edtek. Re\u017eimy m\u016f\u017eete nastavovat dotykem nam\u00edsto stisknut\u00ed. S u\u017eivatelsky p\u0159\u00edv\u011btiv\u00fdm rozhran\u00edm p\u0159ich\u00e1z\u00ed ta nejlep\u0161\u00ed chu\u0165. D\u00edky pokro\u010dil\u00e9 mesh spir\u00e1lce je ka\u017ed\u00e9 \u0161luknut\u00ed hladk\u00e9 a chutn\u00e9. RabBeats RC10000 Touch je budoucnost\u00ed jednor\u00e1zov\u00fdch vap\u016f.<\/p>\n<h2 class=\"second-title\"><strong>RabBeats RC10000 Touch Jednor\u00e1zov\u00e9 vape Vlastnosti<\/strong><\/h2>\n<ul>\n<li>Dob\u00edjec\u00ed baterie 620 mAh<\/li>\n<li>P\u0159edpln\u011bn\u00fd 14ml E-Liquid<\/li>\n<li>P\u0159ibli\u017en\u011b 14000 vdech\u016f (lehk\u00fd re\u017eim)\/12000 vdech\u016f (hladk\u00fd re\u017eim)\/10000 vdech\u016f (siln\u00fd re\u017eim)<\/li>\n<li>Prvn\u00ed jednor\u00e1zov\u00e1 vape s dotykovou obrazovkou<\/li>\n<li>3 nastaviteln\u00e9 re\u017eimy: Sv\u011btlo: Jemn\u00e9 p\u0159\u00edchut\u011b a jemn\u00e9 z\u00e1sahy do hrdla<\/li>\n<li>Hladk\u00e9: M\u00edrn\u00e9 a jemn\u00e9 chut\u011b a m\u00edrn\u00e9 z\u00e1sahy do krku<\/li>\n<li>Siln\u00e9: intenzivn\u00ed chut\u011b a siln\u00e9, uspokojiv\u00e9 hity<\/li>\n<li>Nastaviteln\u00e9 proud\u011bn\u00ed vzduchu<\/li>\n<li>Nab\u00edjec\u00ed port USB typu C (kabel nen\u00ed sou\u010d\u00e1st\u00ed balen\u00ed)<\/li>\n<li>Pokro\u010dil\u00e1 technologie Mesh Coil<\/li>\n<li>Kreslen\u00ed aktivovan\u00e9<\/li>\n<li>MTL Vaping<\/li>\n<\/ul>\n<h2><strong>Seznam p\u0159\u00edchut\u00ed<\/strong><\/h2>\n<ol>\n<li>Blue Razz Ice<\/li>\n<li>Bor\u016fvkov\u00fd meloun<\/li>\n<li>T\u0159e\u0161\u0148ov\u00fd citron<\/li>\n<li>Citrusov\u00e9 hrozny<\/li>\n<li>Kokosov\u00fd ban\u00e1n<\/li>\n<li>Dragon Strawnana<\/li>\n<li>Georgia Peach<\/li>\n<li>LA Mint<\/li>\n<li>Mount Splash<\/li>\n<li>OMG (Orange Mango Grape)<\/li>\n<li>Rub\u00ednov\u00e1 malina<\/li>\n<li>Melounov\u00e1 \u017ev\u00fdka\u010dka<\/li>\n<\/ol>\n<figure id=\"attachment_15834\" aria-describedby=\"caption-attachment-15834\" style=\"width: 800px\" class=\"wp-caption aligncenter\"><img loading=\"lazy\" decoding=\"async\" class=\"wp-image-15834 size-full\" title=\"RabBeats RC10000 Touch Jednor\u00e1zov\u00e9 Vape Velkoobchod bor\u016fvka meloun\" src=\"https:\/\/www.vape4wholesale.com\/wp-content\/uploads\/2024\/05\/RabBeats-RC10000-Touch-Disposable-Vape-Wholesale-blueberry-watermelon.jpg\" alt=\"RabBeats RC10000 Touch Jednor\u00e1zov\u00e9 Vape Velkoobchod bor\u016fvka meloun\" width=\"800\" height=\"800\" srcset=\"https:\/\/www.vape4wholesale.com\/wp-content\/uploads\/2024\/05\/RabBeats-RC10000-Touch-Disposable-Vape-Wholesale-blueberry-watermelon.jpg 800w, https:\/\/www.vape4wholesale.com\/wp-content\/uploads\/2024\/05\/RabBeats-RC10000-Touch-Disposable-Vape-Wholesale-blueberry-watermelon-247x247.jpg 247w, https:\/\/www.vape4wholesale.com\/wp-content\/uploads\/2024\/05\/RabBeats-RC10000-Touch-Disposable-Vape-Wholesale-blueberry-watermelon-100x100.jpg 100w, https:\/\/www.vape4wholesale.com\/wp-content\/uploads\/2024\/05\/RabBeats-RC10000-Touch-Disposable-Vape-Wholesale-blueberry-watermelon-510x510.jpg 510w, https:\/\/www.vape4wholesale.com\/wp-content\/uploads\/2024\/05\/RabBeats-RC10000-Touch-Disposable-Vape-Wholesale-blueberry-watermelon-64x64.jpg 64w, https:\/\/www.vape4wholesale.com\/wp-content\/uploads\/2024\/05\/RabBeats-RC10000-Touch-Disposable-Vape-Wholesale-blueberry-watermelon-300x300.jpg 300w, https:\/\/www.vape4wholesale.com\/wp-content\/uploads\/2024\/05\/RabBeats-RC10000-Touch-Disposable-Vape-Wholesale-blueberry-watermelon-150x150.jpg 150w, https:\/\/www.vape4wholesale.com\/wp-content\/uploads\/2024\/05\/RabBeats-RC10000-Touch-Disposable-Vape-Wholesale-blueberry-watermelon-768x768.jpg 768w\" sizes=\"auto, (max-width: 800px) 100vw, 800px\" \/><figcaption id=\"caption-attachment-15834\" class=\"wp-caption-text\">RabBeats RC10000 Touch Jednor\u00e1zov\u00fd velkoobchod s vapem<\/figcaption><\/figure>\n<p><img loading=\"lazy\" decoding=\"async\" class=\"size-full wp-image-15832 aligncenter\" title=\"RabBeats RC10000 Touch Jednor\u00e1zov\u00fd velkoobchod s vapem\" src=\"https:\/\/www.vape4wholesale.com\/wp-content\/uploads\/2024\/05\/RabBeats-RC10000-Touch-Disposable-Vape-Wholesale.jpg\" alt=\"RabBeats RC10000 Touch Jednor\u00e1zov\u00fd velkoobchod s vapem\" width=\"1000\" height=\"1343\" srcset=\"https:\/\/www.vape4wholesale.com\/wp-content\/uploads\/2024\/05\/RabBeats-RC10000-Touch-Disposable-Vape-Wholesale.jpg 1000w, https:\/\/www.vape4wholesale.com\/wp-content\/uploads\/2024\/05\/RabBeats-RC10000-Touch-Disposable-Vape-Wholesale-510x685.jpg 510w, https:\/\/www.vape4wholesale.com\/wp-content\/uploads\/2024\/05\/RabBeats-RC10000-Touch-Disposable-Vape-Wholesale-64x86.jpg 64w, https:\/\/www.vape4wholesale.com\/wp-content\/uploads\/2024\/05\/RabBeats-RC10000-Touch-Disposable-Vape-Wholesale-223x300.jpg 223w, https:\/\/www.vape4wholesale.com\/wp-content\/uploads\/2024\/05\/RabBeats-RC10000-Touch-Disposable-Vape-Wholesale-762x1024.jpg 762w, https:\/\/www.vape4wholesale.com\/wp-content\/uploads\/2024\/05\/RabBeats-RC10000-Touch-Disposable-Vape-Wholesale-768x1031.jpg 768w\" sizes=\"auto, (max-width: 1000px) 100vw, 1000px\" \/> <img loading=\"lazy\" decoding=\"async\" class=\"size-full wp-image-15833 aligncenter\" title=\"RabBeats RC10000 Touch Jednor\u00e1zov\u00fd velkoobchodn\u00ed vape 2\" src=\"https:\/\/www.vape4wholesale.com\/wp-content\/uploads\/2024\/05\/RabBeats-RC10000-Touch-Disposable-Vape-Wholesale_2.jpg\" alt=\"RabBeats RC10000 Touch Jednor\u00e1zov\u00fd velkoobchodn\u00ed vape 2\" width=\"1000\" height=\"1117\" srcset=\"https:\/\/www.vape4wholesale.com\/wp-content\/uploads\/2024\/05\/RabBeats-RC10000-Touch-Disposable-Vape-Wholesale_2.jpg 1000w, https:\/\/www.vape4wholesale.com\/wp-content\/uploads\/2024\/05\/RabBeats-RC10000-Touch-Disposable-Vape-Wholesale_2-510x570.jpg 510w, https:\/\/www.vape4wholesale.com\/wp-content\/uploads\/2024\/05\/RabBeats-RC10000-Touch-Disposable-Vape-Wholesale_2-64x71.jpg 64w, https:\/\/www.vape4wholesale.com\/wp-content\/uploads\/2024\/05\/RabBeats-RC10000-Touch-Disposable-Vape-Wholesale_2-269x300.jpg 269w, https:\/\/www.vape4wholesale.com\/wp-content\/uploads\/2024\/05\/RabBeats-RC10000-Touch-Disposable-Vape-Wholesale_2-917x1024.jpg 917w, https:\/\/www.vape4wholesale.com\/wp-content\/uploads\/2024\/05\/RabBeats-RC10000-Touch-Disposable-Vape-Wholesale_2-768x858.jpg 768w\" sizes=\"auto, (max-width: 1000px) 100vw, 1000px\" \/><\/p>\n<h2>PRO\u010c MY?<\/h2>\r\n<ul>\r\n<li>Skute\u010dn\u00fd, d\u016fv\u011bryhodn\u00fd a profesion\u00e1ln\u00ed zdroj vape.<\/li>\r\n<li>100% Origin\u00e1ln\u00ed z\u00e1ruka: Odm\u00edt\u00e1me pad\u011blky.<\/li>\r\n<li>100% Z\u00e1ruka dod\u00e1n\u00ed: Pou\u017e\u00edv\u00e1me nejlep\u0161\u00ed zp\u016fsob dopravy, abychom zajistili, \u017ee objedn\u00e1vku 100% obdr\u017e\u00edte.<\/li>\r\n<li>Po odesl\u00e1n\u00ed v\u00e1m poskytneme sledovac\u00ed \u010d\u00edslo a p\u0159epravn\u00ed \u0161t\u00edtek a budeme pro v\u00e1s sledovat zbo\u017e\u00ed, dokud ho nepodep\u00ed\u0161ete.<\/li>\r\n<li>\u017d\u00e1dn\u00e9 celn\u00ed probl\u00e9my, \u017e\u00e1dn\u00e1 cla<\/li>\r\n<\/ul>","protected":false},"excerpt":{"rendered":"<div class=\"wsppc_div_block woocommerce_before_add_to_cart_form\">\r\n<p><strong><span style=\"color: #00a859;\">Vy\u010distit celnici<\/span> p\u0159ed dod\u00e1n\u00edm &amp; 100% Z\u00e1ruka doru\u010den\u00ed, doru\u010den\u00ed p\u0159ibli\u017en\u011b za 19\u201325 dn\u00ed.\u00a0<\/strong><\/p>\r\n<\/div>\n<p><strong>Vzhledem k \u010dast\u00fdm zm\u011bn\u00e1m skladov\u00fdch z\u00e1sob produktu, minim\u00e1ln\u00edho objednac\u00edho mno\u017estv\u00ed a ceny n\u00e1s pros\u00edm kontaktujte p\u0159ed zad\u00e1n\u00edm objedn\u00e1vky.<\/strong><\/p>","protected":false},"featured_media":15829,"comment_status":"open","ping_status":"closed","template":"","meta":[],"pwb-brand":[1289],"product_cat":[871],"product_tag":[22,24,60,177,324,808],"class_list":{"0":"post-15808","1":"product","2":"type-product","3":"status-publish","4":"has-post-thumbnail","6":"pwb-brand-others","7":"product_cat-10-15k-puffs","8":"product_tag-disposable","9":"product_tag-wholesale","10":"product_tag-elf-bar","11":"product_tag-14-0ml","12":"product_tag-10000-puffs","13":"product_tag-rabbeats","15":"first","16":"instock","17":"shipping-taxable","18":"purchasable","19":"product-type-variable"},"aioseo_notices":[],"brands":[{"id":1289,"name":"Ostatn\u00ed","slug":"ostatni"}],"_links":{"self":[{"href":"https:\/\/www.vape4wholesale.com\/cs\/wp-json\/wp\/v2\/product\/15808","targetHints":{"allow":["GET"]}}],"collection":[{"href":"https:\/\/www.vape4wholesale.com\/cs\/wp-json\/wp\/v2\/product"}],"about":[{"href":"https:\/\/www.vape4wholesale.com\/cs\/wp-json\/wp\/v2\/types\/product"}],"replies":[{"embeddable":true,"href":"https:\/\/www.vape4wholesale.com\/cs\/wp-json\/wp\/v2\/comments?post=15808"}],"wp:featuredmedia":[{"embeddable":true,"href":"https:\/\/www.vape4wholesale.com\/cs\/wp-json\/wp\/v2\/media\/15829"}],"wp:attachment":[{"href":"https:\/\/www.vape4wholesale.com\/cs\/wp-json\/wp\/v2\/media?parent=15808"}],"wp:term":[{"taxonomy":"pwb-brand","embeddable":true,"href":"https:\/\/www.vape4wholesale.com\/cs\/wp-json\/wp\/v2\/pwb-brand?post=15808"},{"taxonomy":"product_cat","embeddable":true,"href":"https:\/\/www.vape4wholesale.com\/cs\/wp-json\/wp\/v2\/product_cat?post=15808"},{"taxonomy":"product_tag","embeddable":true,"href":"https:\/\/www.vape4wholesale.com\/cs\/wp-json\/wp\/v2\/product_tag?post=15808"}],"curies":[{"name":"wp","href":"https:\/\/api.w.org\/{rel}","templated":true}]}}